{"id":8766,"date":"2025-05-07T07:44:43","date_gmt":"2025-05-07T06:44:43","guid":{"rendered":"https:\/\/viarelli.com\/?post_type=product&#038;p=8766"},"modified":"2025-05-07T07:54:29","modified_gmt":"2025-05-07T06:54:29","slug":"moped-klass-1-viarelli-forza-mattsvart","status":"publish","type":"product","link":"https:\/\/viarelli.com\/sv\/produkt\/moped-klass-1-viarelli-forza-mattsvart\/","title":{"rendered":"Moped Klass 1 Viarelli Forza"},"content":{"rendered":"<h2>Viarelli Forza \u2013 V\u00e5r kraftfulla sportmoped<\/h2>\n<p>Viarelli Forza \u00e4r den ultimata sportmopeden f\u00f6r dig som v\u00e4rdes\u00e4tter looken och k\u00e4nslan. Inspirerad av italiensk design och byggd med den senaste teknologin, \u00e4r Forza h\u00e4r f\u00f6r att utstr\u00e5la sj\u00e4lvf\u00f6rtroende ute p\u00e5 v\u00e4garna. Dess mattsvarta kaross i kombination med race-r\u00f6da detaljer ger en aggressiv och modern look, medan de skarpa linjerna h\u00e4mtade fr\u00e5n italienska superbilar full\u00e4ndar den sportiga estetiken. Oavsett om du pendlar till skolan, cruisar genom stan eller tar en tur med v\u00e4nner, levererar Forza en k\u00f6rupplevelse som b\u00e5de k\u00e4nns och ser exklusiv ut.<\/p>\n<h3>Kraft och prestanda i alla l\u00e4gen<\/h3>\n<p>Forza \u00e4r utrustad med en modern GY6-motor med EFI-insprutning, vilket ger en smidig och p\u00e5litlig kraft\u00f6verf\u00f6ring fr\u00e5n sin 49cc-motor. Du f\u00e5r direkt respons vid gasp\u00e5drag, perfekt f\u00f6r snabba starter vid r\u00f6dljusen och smidig acceleration genom trafiken. Med de ventilerade waveform-skivbromsarna b\u00e5de fram och bak f\u00e5r du maximal bromsverkan i alla situationer, oavsett om du k\u00f6r i stadstrafik eller tar kurvorna med precision. Det robusta avgasr\u00f6ret ger ifr\u00e5n sig ett behagligt och sportigt ljud, vilket g\u00f6r att Forza inte bara ser snabb ut \u2013 den l\u00e5ter som det ocks\u00e5.<\/p>\n<h3>Sportig k\u00e4nsla och ren k\u00f6rgl\u00e4dje<\/h3>\n<p>Den sportiga k\u00e4nslan f\u00f6rst\u00e4rks av de stora 12-tumshjulen med l\u00e4ttvikts-aluminiumf\u00e4lgar och halvslick-d\u00e4cken som erbjuder ett optimalt grepp, s\u00e4rskilt p\u00e5 varma sommardagar. Tillsammans med den dubbla hydrauliska fj\u00e4dringen bak och st\u00f6td\u00e4mparna i framgaffeln f\u00e5r du en mjuk och stabil \u00e5ktur, \u00e4ven p\u00e5 oj\u00e4mna v\u00e4gar. Sadeln \u00e4r gener\u00f6st tilltagen och bekv\u00e4m \u00e4ven f\u00f6r l\u00e4ngre turer, och f\u00f6r dig som ofta k\u00f6r med passagerare finns rej\u00e4la handtag och diskreta fotst\u00f6d som s\u00e4kerst\u00e4ller en trygg och bekv\u00e4m f\u00e4rd. D\u00e4rmed blir sommardagarna n\u00e5got att verkligen l\u00e4ngta till.<\/p>\n<h3>Teknik och funktionalitet i toppklass<\/h3>\n<p>Forza handlar inte bara om prestanda och design \u2013 den \u00e4r ocks\u00e5 byggd f\u00f6r v\u00e5ra behov. Under sadeln finns ett rymligt f\u00f6rvaringsutrymme, perfekt f\u00f6r att f\u00f6rvara en mindre v\u00e4ska eller andra n\u00f6dv\u00e4ndigheter. Med ett enkelt vrid p\u00e5 nyckeln f\u00e5r du snabb \u00e5tkomst till dina saker. Hybrid-displayen kombinerar en analog hastighetsm\u00e4tare med en digital sk\u00e4rm som ger en tydlig \u00f6verblick \u00f6ver mopedens funktioner under f\u00e4rd. Forza \u00e4r designad f\u00f6r att sticka ut p\u00e5 ett sofistikerat s\u00e4tt \u2013 en moped som ser exklusiv ut, utan att vara skrikig. Oavsett om du \u00e4r kille eller tjej, \u00e4r detta den perfekta mopeden f\u00f6r dig som vill ha en sportig, modern och v\u00e4lutrustad \u00e5ktur.<\/p>\n<p>F\u00f6r att ytterligare f\u00f6rb\u00e4ttra din k\u00f6rupplevelse och s\u00e4kerhet rekommenderar vi att du kompletterar din Forza med noga utvalda mopedtillbeh\u00f6r. En h\u00f6gkvalitativ hj\u00e4lm, ett p\u00e5litligt l\u00e5s \u00e4r grundl\u00e4ggande. Viarelli erbjuder ocks\u00e5 praktiska till\u00e4gg som toppbox f\u00f6r extra f\u00f6rvaring och skydds\u00f6verdrag som f\u00f6rvarar din Forza s\u00e4kert n\u00e4r du inte ska anv\u00e4nda den.<\/p>\n","protected":false},"excerpt":{"rendered":"<p>Viarelli Forza \u2013 V\u00e5r kraftfulla sportmoped Viarelli Forza \u00e4r den ultimata sportmopeden f\u00f6r dig som v\u00e4rdes\u00e4tter looken och k\u00e4nslan. Inspirerad av italiensk design och byggd med den senaste teknologin, \u00e4r Forza h\u00e4r f\u00f6r att utstr\u00e5la sj\u00e4lvf\u00f6rtroende ute p\u00e5 v\u00e4garna. Dess mattsvarta kaross i kombination med race-r\u00f6da detaljer ger en aggressiv och modern look, medan de [&#8230;]\n","protected":false},"featured_media":8770,"template":"","meta":{"_acf_changed":false},"product_brand":[],"product_cat":[72,111],"product_tag":[],"class_list":{"0":"post-8766","1":"product","2":"type-product","3":"status-publish","4":"has-post-thumbnail","6":"product_cat-moped","7":"product_cat-moped-klass-1","9":"first","10":"instock","11":"taxable","12":"shipping-taxable","13":"product-type-simple"},"acf":[],"yoast_head":"<!-- This site is optimized with the Yoast SEO plugin v27.4 - https:\/\/yoast.com\/product\/yoast-seo-wordpress\/ -->\n<title>Moped Klass 1 Viarelli Forza - Viarelli<\/title>\n<meta name=\"robots\" content=\"index, follow, max-snippet:-1, max-image-preview:large, max-video-preview:-1\" \/>\n<link rel=\"canonical\" href=\"https:\/\/viarelli.com\/sv\/produkt\/moped-klass-1-viarelli-forza-mattsvart\/\" \/>\n<meta property=\"og:locale\" content=\"sv_SE\" \/>\n<meta property=\"og:type\" content=\"article\" \/>\n<meta property=\"og:title\" content=\"Moped Klass 1 Viarelli Forza - Viarelli\" \/>\n<meta property=\"og:description\" content=\"Viarelli Forza \u2013 V\u00e5r kraftfulla sportmoped Viarelli Forza \u00e4r den ultimata sportmopeden f\u00f6r dig som v\u00e4rdes\u00e4tter looken och k\u00e4nslan. Inspirerad av italiensk design och byggd med den senaste teknologin, \u00e4r Forza h\u00e4r f\u00f6r att utstr\u00e5la sj\u00e4lvf\u00f6rtroende ute p\u00e5 v\u00e4garna. Dess mattsvarta kaross i kombination med race-r\u00f6da detaljer ger en aggressiv och modern look, medan de [...]\" \/>\n<meta property=\"og:url\" content=\"https:\/\/viarelli.com\/sv\/produkt\/moped-klass-1-viarelli-forza-mattsvart\/\" \/>\n<meta property=\"og:site_name\" content=\"Viarelli\" \/>\n<meta property=\"article:modified_time\" content=\"2025-05-07T06:54:29+00:00\" \/>\n<meta property=\"og:image\" content=\"https:\/\/viarelli.com\/wp-content\/uploads\/2025\/05\/Viarelli-Forza-1.png\" \/>\n\t<meta property=\"og:image:width\" content=\"1020\" \/>\n\t<meta property=\"og:image:height\" content=\"918\" \/>\n\t<meta property=\"og:image:type\" content=\"image\/png\" \/>\n<meta name=\"twitter:card\" content=\"summary_large_image\" \/>\n<meta name=\"twitter:label1\" content=\"Ber\u00e4knad l\u00e4stid\" \/>\n\t<meta name=\"twitter:data1\" content=\"3 minuter\" \/>\n<script type=\"application\/ld+json\" class=\"yoast-schema-graph\">{\"@context\":\"https:\\\/\\\/schema.org\",\"@graph\":[{\"@type\":\"WebPage\",\"@id\":\"https:\\\/\\\/viarelli.com\\\/sv\\\/produkt\\\/moped-klass-1-viarelli-forza-mattsvart\\\/\",\"url\":\"https:\\\/\\\/viarelli.com\\\/sv\\\/produkt\\\/moped-klass-1-viarelli-forza-mattsvart\\\/\",\"name\":\"Moped Klass 1 Viarelli Forza - Viarelli\",\"isPartOf\":{\"@id\":\"https:\\\/\\\/viarelli.com\\\/#website\"},\"primaryImageOfPage\":{\"@id\":\"https:\\\/\\\/viarelli.com\\\/sv\\\/produkt\\\/moped-klass-1-viarelli-forza-mattsvart\\\/#primaryimage\"},\"image\":{\"@id\":\"https:\\\/\\\/viarelli.com\\\/sv\\\/produkt\\\/moped-klass-1-viarelli-forza-mattsvart\\\/#primaryimage\"},\"thumbnailUrl\":\"https:\\\/\\\/viarelli.com\\\/wp-content\\\/uploads\\\/2025\\\/05\\\/Viarelli-Forza-1.png\",\"datePublished\":\"2025-05-07T06:44:43+00:00\",\"dateModified\":\"2025-05-07T06:54:29+00:00\",\"breadcrumb\":{\"@id\":\"https:\\\/\\\/viarelli.com\\\/sv\\\/produkt\\\/moped-klass-1-viarelli-forza-mattsvart\\\/#breadcrumb\"},\"inLanguage\":\"sv-SE\",\"potentialAction\":[{\"@type\":\"ReadAction\",\"target\":[\"https:\\\/\\\/viarelli.com\\\/sv\\\/produkt\\\/moped-klass-1-viarelli-forza-mattsvart\\\/\"]}]},{\"@type\":\"ImageObject\",\"inLanguage\":\"sv-SE\",\"@id\":\"https:\\\/\\\/viarelli.com\\\/sv\\\/produkt\\\/moped-klass-1-viarelli-forza-mattsvart\\\/#primaryimage\",\"url\":\"https:\\\/\\\/viarelli.com\\\/wp-content\\\/uploads\\\/2025\\\/05\\\/Viarelli-Forza-1.png\",\"contentUrl\":\"https:\\\/\\\/viarelli.com\\\/wp-content\\\/uploads\\\/2025\\\/05\\\/Viarelli-Forza-1.png\",\"width\":1920,\"height\":1728,\"caption\":\"Viarelli Forza Klass 1 moped mattsvart - 1\"},{\"@type\":\"BreadcrumbList\",\"@id\":\"https:\\\/\\\/viarelli.com\\\/sv\\\/produkt\\\/moped-klass-1-viarelli-forza-mattsvart\\\/#breadcrumb\",\"itemListElement\":[{\"@type\":\"ListItem\",\"position\":1,\"name\":\"Start\",\"item\":\"https:\\\/\\\/viarelli.com\\\/sv\\\/\"},{\"@type\":\"ListItem\",\"position\":2,\"name\":\"Products\",\"item\":\"https:\\\/\\\/viarelli.com\\\/sv\\\/shop\\\/\"},{\"@type\":\"ListItem\",\"position\":3,\"name\":\"Moped Klass 1 Viarelli Forza\"}]},{\"@type\":\"WebSite\",\"@id\":\"https:\\\/\\\/viarelli.com\\\/#website\",\"url\":\"https:\\\/\\\/viarelli.com\\\/\",\"name\":\"Viarelli\",\"description\":\"\",\"potentialAction\":[{\"@type\":\"SearchAction\",\"target\":{\"@type\":\"EntryPoint\",\"urlTemplate\":\"https:\\\/\\\/viarelli.com\\\/?s={search_term_string}\"},\"query-input\":{\"@type\":\"PropertyValueSpecification\",\"valueRequired\":true,\"valueName\":\"search_term_string\"}}],\"inLanguage\":\"sv-SE\"}]}<\/script>\n<!-- \/ Yoast SEO plugin. -->","yoast_head_json":{"title":"Moped Klass 1 Viarelli Forza - Viarelli","robots":{"index":"index","follow":"follow","max-snippet":"max-snippet:-1","max-image-preview":"max-image-preview:large","max-video-preview":"max-video-preview:-1"},"canonical":"https:\/\/viarelli.com\/sv\/produkt\/moped-klass-1-viarelli-forza-mattsvart\/","og_locale":"sv_SE","og_type":"article","og_title":"Moped Klass 1 Viarelli Forza - Viarelli","og_description":"Viarelli Forza \u2013 V\u00e5r kraftfulla sportmoped Viarelli Forza \u00e4r den ultimata sportmopeden f\u00f6r dig som v\u00e4rdes\u00e4tter looken och k\u00e4nslan. Inspirerad av italiensk design och byggd med den senaste teknologin, \u00e4r Forza h\u00e4r f\u00f6r att utstr\u00e5la sj\u00e4lvf\u00f6rtroende ute p\u00e5 v\u00e4garna. Dess mattsvarta kaross i kombination med race-r\u00f6da detaljer ger en aggressiv och modern look, medan de [...]","og_url":"https:\/\/viarelli.com\/sv\/produkt\/moped-klass-1-viarelli-forza-mattsvart\/","og_site_name":"Viarelli","article_modified_time":"2025-05-07T06:54:29+00:00","og_image":[{"url":"https:\/\/viarelli.com\/wp-content\/uploads\/2025\/05\/Viarelli-Forza-1.png","width":1020,"height":918,"type":"image\/png"}],"twitter_card":"summary_large_image","twitter_misc":{"Ber\u00e4knad l\u00e4stid":"3 minuter"},"schema":{"@context":"https:\/\/schema.org","@graph":[{"@type":"WebPage","@id":"https:\/\/viarelli.com\/sv\/produkt\/moped-klass-1-viarelli-forza-mattsvart\/","url":"https:\/\/viarelli.com\/sv\/produkt\/moped-klass-1-viarelli-forza-mattsvart\/","name":"Moped Klass 1 Viarelli Forza - Viarelli","isPartOf":{"@id":"https:\/\/viarelli.com\/#website"},"primaryImageOfPage":{"@id":"https:\/\/viarelli.com\/sv\/produkt\/moped-klass-1-viarelli-forza-mattsvart\/#primaryimage"},"image":{"@id":"https:\/\/viarelli.com\/sv\/produkt\/moped-klass-1-viarelli-forza-mattsvart\/#primaryimage"},"thumbnailUrl":"https:\/\/viarelli.com\/wp-content\/uploads\/2025\/05\/Viarelli-Forza-1.png","datePublished":"2025-05-07T06:44:43+00:00","dateModified":"2025-05-07T06:54:29+00:00","breadcrumb":{"@id":"https:\/\/viarelli.com\/sv\/produkt\/moped-klass-1-viarelli-forza-mattsvart\/#breadcrumb"},"inLanguage":"sv-SE","potentialAction":[{"@type":"ReadAction","target":["https:\/\/viarelli.com\/sv\/produkt\/moped-klass-1-viarelli-forza-mattsvart\/"]}]},{"@type":"ImageObject","inLanguage":"sv-SE","@id":"https:\/\/viarelli.com\/sv\/produkt\/moped-klass-1-viarelli-forza-mattsvart\/#primaryimage","url":"https:\/\/viarelli.com\/wp-content\/uploads\/2025\/05\/Viarelli-Forza-1.png","contentUrl":"https:\/\/viarelli.com\/wp-content\/uploads\/2025\/05\/Viarelli-Forza-1.png","width":1920,"height":1728,"caption":"Viarelli Forza Klass 1 moped mattsvart - 1"},{"@type":"BreadcrumbList","@id":"https:\/\/viarelli.com\/sv\/produkt\/moped-klass-1-viarelli-forza-mattsvart\/#breadcrumb","itemListElement":[{"@type":"ListItem","position":1,"name":"Start","item":"https:\/\/viarelli.com\/sv\/"},{"@type":"ListItem","position":2,"name":"Products","item":"https:\/\/viarelli.com\/sv\/shop\/"},{"@type":"ListItem","position":3,"name":"Moped Klass 1 Viarelli Forza"}]},{"@type":"WebSite","@id":"https:\/\/viarelli.com\/#website","url":"https:\/\/viarelli.com\/","name":"Viarelli","description":"","potentialAction":[{"@type":"SearchAction","target":{"@type":"EntryPoint","urlTemplate":"https:\/\/viarelli.com\/?s={search_term_string}"},"query-input":{"@type":"PropertyValueSpecification","valueRequired":true,"valueName":"search_term_string"}}],"inLanguage":"sv-SE"}]}},"_links":{"self":[{"href":"https:\/\/viarelli.com\/sv\/wp-json\/wp\/v2\/product\/8766","targetHints":{"allow":["GET"]}}],"collection":[{"href":"https:\/\/viarelli.com\/sv\/wp-json\/wp\/v2\/product"}],"about":[{"href":"https:\/\/viarelli.com\/sv\/wp-json\/wp\/v2\/types\/product"}],"wp:featuredmedia":[{"embeddable":true,"href":"https:\/\/viarelli.com\/sv\/wp-json\/wp\/v2\/media\/8770"}],"wp:attachment":[{"href":"https:\/\/viarelli.com\/sv\/wp-json\/wp\/v2\/media?parent=8766"}],"wp:term":[{"taxonomy":"product_brand","embeddable":true,"href":"https:\/\/viarelli.com\/sv\/wp-json\/wp\/v2\/product_brand?post=8766"},{"taxonomy":"product_cat","embeddable":true,"href":"https:\/\/viarelli.com\/sv\/wp-json\/wp\/v2\/product_cat?post=8766"},{"taxonomy":"product_tag","embeddable":true,"href":"https:\/\/viarelli.com\/sv\/wp-json\/wp\/v2\/product_tag?post=8766"}],"curies":[{"name":"wp","href":"https:\/\/api.w.org\/{rel}","templated":true}]}}