{"id":8625,"date":"2024-09-30T10:38:18","date_gmt":"2024-09-30T09:38:18","guid":{"rendered":"https:\/\/viarelli.com\/?post_type=product&#038;p=8625"},"modified":"2024-09-30T10:50:33","modified_gmt":"2024-09-30T09:50:33","slug":"atv-viarelli-agrezza-125cc-v2","status":"publish","type":"product","link":"https:\/\/viarelli.com\/sv\/produkt\/atv-viarelli-agrezza-125cc-v2\/","title":{"rendered":"ATV Viarelli Agrezza 125cc V2"},"content":{"rendered":"<h2>K\u00e4nn Kraften i Varje Terr\u00e4ng: Viarelli Agrezza 125cc<\/h2>\n<p>Den luftkylda 4-taktsmotorn i Agrezza 125cc \u00e4r hj\u00e4rtat i denna kraftfulla ATV. Med n\u00e4ra 9 h\u00e4stkrafter fr\u00e5n en motor tillverkad av Apollo, en ledare i branschen f\u00f6r sin h\u00e5llbarhet och effektivitet, \u00e4r Agrezza 125 designad f\u00f6r att ge en sp\u00e4nnande acceleration och m\u00e4ktigt grepp i alla situationer. Avgasr\u00f6ret \u00e4r diskret integrerat under sadeln och ger ett rappt men kontrollerat avgasljud. V\u00e4rmesk\u00f6lden f\u00f6rhindrar att du br\u00e4nner dig p\u00e5 avgasr\u00f6ret. Med endast ett enkelt knapptryck \u00e4r du iv\u00e4g!<\/p>\n<h3>S\u00f6ml\u00f6s Man\u00f6vrering<\/h3>\n<p>Agrezza 125 stoltserar med en semi-automatisk v\u00e4xell\u00e5da, fri fr\u00e5n besv\u00e4ret med en koppling, och erbjuder en fram\u00e5t- och en backv\u00e4xel f\u00f6r ultimat flexibilitet. Kontrollera din v\u00e4xling med foten f\u00f6r en intuitiv k\u00f6rupplevelse som h\u00e5ller dig i fullst\u00e4ndig kontroll.<\/p>\n<h3>Designad f\u00f6r Optimal Prestanda<\/h3>\n<p>Med 8&#8243; hjul som ger precision och stabilitet, \u00e4r Agrezza 125 l\u00e4ttsv\u00e4ngd utan att offra p\u00e5 prestanda. Den robusta d\u00e4ckdesignen s\u00e4kerst\u00e4ller att du h\u00e5ller greppet \u00e4ven i de mest utmanande terr\u00e4ngerna, och bromssystemet, med trumbroms bak och dubbla skivbromsar fram, levererar p\u00e5litlig stoppkraft.<\/p>\n<h3>Anpassad f\u00f6r Terr\u00e4ngen<\/h3>\n<p>En justerbar gasassisterad hydraulisk fj\u00e4dring fram och bak garanterar en smidig \u00e5ktur oavsett underlag. Ramen, byggd av h\u00f6gkvalitativt CrMo-st\u00e5l, bidrar till Agrezzas vridstyrka och h\u00e5llbarhet, vilket s\u00e4kerst\u00e4ller att den klarar tuffa terr\u00e4nger. Med dubbla framlyktor och en LED-baklykta ser Agrezza till att du alltid syns tydligt, och den ergonomiska sadeln, tillverkad av slitstarkt material och st\u00f6td\u00e4mpande skum, erbjuder komfort \u00e4ven under l\u00e5nga \u00e4ventyr.<\/p>\n<h3>\u00d6vrigt<\/h3>\n<p>Gl\u00f6m inte att k\u00f6pa till olja! ATV:n levereras med en transportolja som ska bytas efter en kortare ink\u00f6rning. L\u00e5t motorn g\u00e5 p\u00e5 tomg\u00e5ng s\u00e5 att oljan f\u00e5r jobba runt i motorn. L\u00e5t sedan motorn bli kall och byt oljan till ny. Vi rekommenderar 4-taktsolja delsyntet 10W\/40 (artikelnummer 10-000031). Det \u00e4r viktigt att oljan \u00e4r avsedd f\u00f6r v\u00e5tkoppling (MC-olja) om ni k\u00f6per oljan p\u00e5 annat st\u00e4lle.<\/p>\n<p>Det \u00e5tg\u00e5r strax under 1 liter vid oljebyte, och exakt oljem\u00e4ngd framg\u00e5r i den medf\u00f6ljande manualen.<\/p>\n","protected":false},"excerpt":{"rendered":"<p>K\u00e4nn Kraften i Varje Terr\u00e4ng: Viarelli Agrezza 125cc Den luftkylda 4-taktsmotorn i Agrezza 125cc \u00e4r hj\u00e4rtat i denna kraftfulla ATV. Med n\u00e4ra 9 h\u00e4stkrafter fr\u00e5n en motor tillverkad av Apollo, en ledare i branschen f\u00f6r sin h\u00e5llbarhet och effektivitet, \u00e4r Agrezza 125 designad f\u00f6r att ge en sp\u00e4nnande acceleration och m\u00e4ktigt grepp i alla situationer. [&#8230;]\n","protected":false},"featured_media":8649,"template":"","meta":{"_acf_changed":false},"product_brand":[],"product_cat":[74],"product_tag":[],"class_list":{"0":"post-8625","1":"product","2":"type-product","3":"status-publish","4":"has-post-thumbnail","6":"product_cat-off-road","8":"first","9":"instock","10":"taxable","11":"shipping-taxable","12":"product-type-simple"},"acf":[],"yoast_head":"<!-- This site is optimized with the Yoast SEO plugin v27.4 - https:\/\/yoast.com\/product\/yoast-seo-wordpress\/ -->\n<title>ATV Viarelli Agrezza 125cc V2 - Viarelli<\/title>\n<meta name=\"description\" content=\"Upplev kraften fr\u00e5n nya Viarelli Agrezza 125cc V2 - Modernare och kraftfullare \u00e4r n\u00e5gonsin. Perfekt ATV f\u00f6r den \u00e4ventyrslystne.\" \/>\n<meta name=\"robots\" content=\"index, follow, max-snippet:-1, max-image-preview:large, max-video-preview:-1\" \/>\n<link rel=\"canonical\" href=\"https:\/\/viarelli.com\/sv\/produkt\/atv-viarelli-agrezza-125cc-v2\/\" \/>\n<meta property=\"og:locale\" content=\"sv_SE\" \/>\n<meta property=\"og:type\" content=\"article\" \/>\n<meta property=\"og:title\" content=\"ATV Viarelli Agrezza 125cc V2 - Viarelli\" \/>\n<meta property=\"og:description\" content=\"Upplev kraften fr\u00e5n nya Viarelli Agrezza 125cc V2 - Modernare och kraftfullare \u00e4r n\u00e5gonsin. Perfekt ATV f\u00f6r den \u00e4ventyrslystne.\" \/>\n<meta property=\"og:url\" content=\"https:\/\/viarelli.com\/sv\/produkt\/atv-viarelli-agrezza-125cc-v2\/\" \/>\n<meta property=\"og:site_name\" content=\"Viarelli\" \/>\n<meta property=\"article:modified_time\" content=\"2024-09-30T09:50:33+00:00\" \/>\n<meta property=\"og:image\" content=\"https:\/\/viarelli.com\/wp-content\/uploads\/2024\/09\/Agrezza-125cc-V2.png\" \/>\n\t<meta property=\"og:image:width\" content=\"1020\" \/>\n\t<meta property=\"og:image:height\" content=\"893\" \/>\n\t<meta property=\"og:image:type\" content=\"image\/png\" \/>\n<meta name=\"twitter:card\" content=\"summary_large_image\" \/>\n<meta name=\"twitter:label1\" content=\"Ber\u00e4knad l\u00e4stid\" \/>\n\t<meta name=\"twitter:data1\" content=\"2 minuter\" \/>\n<script type=\"application\/ld+json\" class=\"yoast-schema-graph\">{\"@context\":\"https:\\\/\\\/schema.org\",\"@graph\":[{\"@type\":\"WebPage\",\"@id\":\"https:\\\/\\\/viarelli.com\\\/sv\\\/produkt\\\/atv-viarelli-agrezza-125cc-v2\\\/\",\"url\":\"https:\\\/\\\/viarelli.com\\\/sv\\\/produkt\\\/atv-viarelli-agrezza-125cc-v2\\\/\",\"name\":\"ATV Viarelli Agrezza 125cc V2 - Viarelli\",\"isPartOf\":{\"@id\":\"https:\\\/\\\/viarelli.com\\\/#website\"},\"primaryImageOfPage\":{\"@id\":\"https:\\\/\\\/viarelli.com\\\/sv\\\/produkt\\\/atv-viarelli-agrezza-125cc-v2\\\/#primaryimage\"},\"image\":{\"@id\":\"https:\\\/\\\/viarelli.com\\\/sv\\\/produkt\\\/atv-viarelli-agrezza-125cc-v2\\\/#primaryimage\"},\"thumbnailUrl\":\"https:\\\/\\\/viarelli.com\\\/wp-content\\\/uploads\\\/2024\\\/09\\\/Agrezza-125cc-V2.png\",\"datePublished\":\"2024-09-30T09:38:18+00:00\",\"dateModified\":\"2024-09-30T09:50:33+00:00\",\"description\":\"Upplev kraften fr\u00e5n nya Viarelli Agrezza 125cc V2 - Modernare och kraftfullare \u00e4r n\u00e5gonsin. Perfekt ATV f\u00f6r den \u00e4ventyrslystne.\",\"breadcrumb\":{\"@id\":\"https:\\\/\\\/viarelli.com\\\/sv\\\/produkt\\\/atv-viarelli-agrezza-125cc-v2\\\/#breadcrumb\"},\"inLanguage\":\"sv-SE\",\"potentialAction\":[{\"@type\":\"ReadAction\",\"target\":[\"https:\\\/\\\/viarelli.com\\\/sv\\\/produkt\\\/atv-viarelli-agrezza-125cc-v2\\\/\"]}]},{\"@type\":\"ImageObject\",\"inLanguage\":\"sv-SE\",\"@id\":\"https:\\\/\\\/viarelli.com\\\/sv\\\/produkt\\\/atv-viarelli-agrezza-125cc-v2\\\/#primaryimage\",\"url\":\"https:\\\/\\\/viarelli.com\\\/wp-content\\\/uploads\\\/2024\\\/09\\\/Agrezza-125cc-V2.png\",\"contentUrl\":\"https:\\\/\\\/viarelli.com\\\/wp-content\\\/uploads\\\/2024\\\/09\\\/Agrezza-125cc-V2.png\",\"width\":1920,\"height\":1680},{\"@type\":\"BreadcrumbList\",\"@id\":\"https:\\\/\\\/viarelli.com\\\/sv\\\/produkt\\\/atv-viarelli-agrezza-125cc-v2\\\/#breadcrumb\",\"itemListElement\":[{\"@type\":\"ListItem\",\"position\":1,\"name\":\"Start\",\"item\":\"https:\\\/\\\/viarelli.com\\\/sv\\\/\"},{\"@type\":\"ListItem\",\"position\":2,\"name\":\"Products\",\"item\":\"https:\\\/\\\/viarelli.com\\\/sv\\\/shop\\\/\"},{\"@type\":\"ListItem\",\"position\":3,\"name\":\"ATV Viarelli Agrezza 125cc V2\"}]},{\"@type\":\"WebSite\",\"@id\":\"https:\\\/\\\/viarelli.com\\\/#website\",\"url\":\"https:\\\/\\\/viarelli.com\\\/\",\"name\":\"Viarelli\",\"description\":\"\",\"potentialAction\":[{\"@type\":\"SearchAction\",\"target\":{\"@type\":\"EntryPoint\",\"urlTemplate\":\"https:\\\/\\\/viarelli.com\\\/?s={search_term_string}\"},\"query-input\":{\"@type\":\"PropertyValueSpecification\",\"valueRequired\":true,\"valueName\":\"search_term_string\"}}],\"inLanguage\":\"sv-SE\"}]}<\/script>\n<!-- \/ Yoast SEO plugin. -->","yoast_head_json":{"title":"ATV Viarelli Agrezza 125cc V2 - Viarelli","description":"Upplev kraften fr\u00e5n nya Viarelli Agrezza 125cc V2 - Modernare och kraftfullare \u00e4r n\u00e5gonsin. Perfekt ATV f\u00f6r den \u00e4ventyrslystne.","robots":{"index":"index","follow":"follow","max-snippet":"max-snippet:-1","max-image-preview":"max-image-preview:large","max-video-preview":"max-video-preview:-1"},"canonical":"https:\/\/viarelli.com\/sv\/produkt\/atv-viarelli-agrezza-125cc-v2\/","og_locale":"sv_SE","og_type":"article","og_title":"ATV Viarelli Agrezza 125cc V2 - Viarelli","og_description":"Upplev kraften fr\u00e5n nya Viarelli Agrezza 125cc V2 - Modernare och kraftfullare \u00e4r n\u00e5gonsin. Perfekt ATV f\u00f6r den \u00e4ventyrslystne.","og_url":"https:\/\/viarelli.com\/sv\/produkt\/atv-viarelli-agrezza-125cc-v2\/","og_site_name":"Viarelli","article_modified_time":"2024-09-30T09:50:33+00:00","og_image":[{"url":"https:\/\/viarelli.com\/wp-content\/uploads\/2024\/09\/Agrezza-125cc-V2.png","width":1020,"height":893,"type":"image\/png"}],"twitter_card":"summary_large_image","twitter_misc":{"Ber\u00e4knad l\u00e4stid":"2 minuter"},"schema":{"@context":"https:\/\/schema.org","@graph":[{"@type":"WebPage","@id":"https:\/\/viarelli.com\/sv\/produkt\/atv-viarelli-agrezza-125cc-v2\/","url":"https:\/\/viarelli.com\/sv\/produkt\/atv-viarelli-agrezza-125cc-v2\/","name":"ATV Viarelli Agrezza 125cc V2 - Viarelli","isPartOf":{"@id":"https:\/\/viarelli.com\/#website"},"primaryImageOfPage":{"@id":"https:\/\/viarelli.com\/sv\/produkt\/atv-viarelli-agrezza-125cc-v2\/#primaryimage"},"image":{"@id":"https:\/\/viarelli.com\/sv\/produkt\/atv-viarelli-agrezza-125cc-v2\/#primaryimage"},"thumbnailUrl":"https:\/\/viarelli.com\/wp-content\/uploads\/2024\/09\/Agrezza-125cc-V2.png","datePublished":"2024-09-30T09:38:18+00:00","dateModified":"2024-09-30T09:50:33+00:00","description":"Upplev kraften fr\u00e5n nya Viarelli Agrezza 125cc V2 - Modernare och kraftfullare \u00e4r n\u00e5gonsin. Perfekt ATV f\u00f6r den \u00e4ventyrslystne.","breadcrumb":{"@id":"https:\/\/viarelli.com\/sv\/produkt\/atv-viarelli-agrezza-125cc-v2\/#breadcrumb"},"inLanguage":"sv-SE","potentialAction":[{"@type":"ReadAction","target":["https:\/\/viarelli.com\/sv\/produkt\/atv-viarelli-agrezza-125cc-v2\/"]}]},{"@type":"ImageObject","inLanguage":"sv-SE","@id":"https:\/\/viarelli.com\/sv\/produkt\/atv-viarelli-agrezza-125cc-v2\/#primaryimage","url":"https:\/\/viarelli.com\/wp-content\/uploads\/2024\/09\/Agrezza-125cc-V2.png","contentUrl":"https:\/\/viarelli.com\/wp-content\/uploads\/2024\/09\/Agrezza-125cc-V2.png","width":1920,"height":1680},{"@type":"BreadcrumbList","@id":"https:\/\/viarelli.com\/sv\/produkt\/atv-viarelli-agrezza-125cc-v2\/#breadcrumb","itemListElement":[{"@type":"ListItem","position":1,"name":"Start","item":"https:\/\/viarelli.com\/sv\/"},{"@type":"ListItem","position":2,"name":"Products","item":"https:\/\/viarelli.com\/sv\/shop\/"},{"@type":"ListItem","position":3,"name":"ATV Viarelli Agrezza 125cc V2"}]},{"@type":"WebSite","@id":"https:\/\/viarelli.com\/#website","url":"https:\/\/viarelli.com\/","name":"Viarelli","description":"","potentialAction":[{"@type":"SearchAction","target":{"@type":"EntryPoint","urlTemplate":"https:\/\/viarelli.com\/?s={search_term_string}"},"query-input":{"@type":"PropertyValueSpecification","valueRequired":true,"valueName":"search_term_string"}}],"inLanguage":"sv-SE"}]}},"_links":{"self":[{"href":"https:\/\/viarelli.com\/sv\/wp-json\/wp\/v2\/product\/8625","targetHints":{"allow":["GET"]}}],"collection":[{"href":"https:\/\/viarelli.com\/sv\/wp-json\/wp\/v2\/product"}],"about":[{"href":"https:\/\/viarelli.com\/sv\/wp-json\/wp\/v2\/types\/product"}],"wp:featuredmedia":[{"embeddable":true,"href":"https:\/\/viarelli.com\/sv\/wp-json\/wp\/v2\/media\/8649"}],"wp:attachment":[{"href":"https:\/\/viarelli.com\/sv\/wp-json\/wp\/v2\/media?parent=8625"}],"wp:term":[{"taxonomy":"product_brand","embeddable":true,"href":"https:\/\/viarelli.com\/sv\/wp-json\/wp\/v2\/product_brand?post=8625"},{"taxonomy":"product_cat","embeddable":true,"href":"https:\/\/viarelli.com\/sv\/wp-json\/wp\/v2\/product_cat?post=8625"},{"taxonomy":"product_tag","embeddable":true,"href":"https:\/\/viarelli.com\/sv\/wp-json\/wp\/v2\/product_tag?post=8625"}],"curies":[{"name":"wp","href":"https:\/\/api.w.org\/{rel}","templated":true}]}}