{"id":8595,"date":"2024-09-30T10:27:53","date_gmt":"2024-09-30T09:27:53","guid":{"rendered":"https:\/\/viarelli.com\/?post_type=product&#038;p=8595"},"modified":"2025-04-17T10:37:56","modified_gmt":"2025-04-17T09:37:56","slug":"atv-viarelli-agrezza-110cc-v2","status":"publish","type":"product","link":"https:\/\/viarelli.com\/sv\/produkt\/atv-viarelli-agrezza-110cc-v2\/","title":{"rendered":"ATV Viarelli Agrezza 110cc V2"},"content":{"rendered":"<h2>Viarelli Agrezza 110cc: Mycket kraft i kompakt format<\/h2>\n<p>Med en 110cc luftkyld 4-taktsmotor levererar Agrezza 110cc en perfekt kombination av kraft och hanterbarhet. Denna ATV \u00e4r skr\u00e4ddarsydd f\u00f6r unga \u00e4ventyrare som l\u00e4ngtar efter sp\u00e4nning, med n\u00e4ra 7 h\u00e4stkrafter som snabbt svarar p\u00e5 gasen. Utrustad med det senaste d\u00f6dmansgreppet f\u00f6r extra s\u00e4kerhet.<\/p>\n<h3>Smidig Start och K\u00f6rgl\u00e4dje<\/h3>\n<p>Den elektriska starten v\u00e4cker omedelbart den kraftfulla motorn till liv. Tack vare den smidiga automatl\u00e5dan med back, kan \u00e4ven yngre f\u00f6rare njuta av en enkel och bekymmersfri k\u00f6rning. Agrezza 110cc st\u00e5r stadigt p\u00e5 7-tums hjul utrustade med grova m\u00f6nster f\u00f6r maximalt grepp. Skivbromsar fram och bak s\u00e4kerst\u00e4ller p\u00e5litlig stoppkraft, \u00e4ven under kr\u00e4vande f\u00f6rh\u00e5llanden.<\/p>\n<h3>Uppbyggd f\u00f6r Komfort och Kontroll<\/h3>\n<p>Denna ATV kombinerar en tuff yttre design med en bekv\u00e4m k\u00f6rupplevelse. Luftassisterad hydraulisk d\u00e4mpning fram och hydraulisk d\u00e4mpning bak absorberar oj\u00e4mnheter, medan en sportigt designad sadel och taggade st\u00e5lfotpinnar erbjuder stabilitet och komfort.<\/p>\n<h3>S\u00e4kerhet och Synlighet i Fokus<\/h3>\n<p>Utrustad med dubbel framlysbelysning och LED-bakbelysning, garanterar Agrezza 110cc att unga f\u00f6rare syns v\u00e4l i alla l\u00e4gen. Tillsammans med den skyddande v\u00e4rmesk\u00f6lden och den robusta ramen \u00e4r denna ATV designad f\u00f6r s\u00e4ker och p\u00e5litlig f\u00e4rd. Handskydden \u00e4r nya p\u00e5 Agrezza 110cc och en uppskattad uppgradering vad g\u00e4ller b\u00e5de s\u00e4kerhet och design.<\/p>\n<p>Viarelli Agrezza 110cc \u00e4r den ultimata ATV:n f\u00f6r barn och ungdomar som vill uppleva \u00e4ventyr p\u00e5 fyra hjul. Den erbjuder en perfekt blandning av prestanda, s\u00e4kerhet och k\u00f6rgl\u00e4dje, och \u00e4r redo att bli en trogen f\u00f6ljeslagare p\u00e5 alla uppt\u00e4cktsresor.<\/p>\n<h3>\u00d6vrigt<\/h3>\n<p>Gl\u00f6m inte att k\u00f6pa till olja! ATV:n levereras med en transportolja som ska bytas efter en kortare ink\u00f6rning. L\u00e5t motorn g\u00e5 p\u00e5 tomg\u00e5ng s\u00e5 att oljan f\u00e5r jobba runt i motorn. L\u00e5t sedan motorn bli kall och byt oljan till ny. Vi rekommenderar 4-taktsolja delsyntet 10W\/40 (artikelnummer 10-000031). Det \u00e4r viktigt att oljan \u00e4r avsedd f\u00f6r v\u00e5tkoppling (MC-olja) om ni k\u00f6per oljan p\u00e5 annat st\u00e4lle.<\/p>\n<p>Det \u00e5tg\u00e5r strax under 1 liter vid oljebyte, och exakt oljem\u00e4ngd framg\u00e5r i den medf\u00f6ljande manualen.<\/p>\n","protected":false},"excerpt":{"rendered":"<p>Viarelli Agrezza 110cc: Mycket kraft i kompakt format Med en 110cc luftkyld 4-taktsmotor levererar Agrezza 110cc en perfekt kombination av kraft och hanterbarhet. Denna ATV \u00e4r skr\u00e4ddarsydd f\u00f6r unga \u00e4ventyrare som l\u00e4ngtar efter sp\u00e4nning, med n\u00e4ra 7 h\u00e4stkrafter som snabbt svarar p\u00e5 gasen. Utrustad med det senaste d\u00f6dmansgreppet f\u00f6r extra s\u00e4kerhet. Smidig Start och K\u00f6rgl\u00e4dje [&#8230;]\n","protected":false},"featured_media":8623,"template":"","meta":{"_acf_changed":false},"product_brand":[],"product_cat":[74],"product_tag":[],"class_list":{"0":"post-8595","1":"product","2":"type-product","3":"status-publish","4":"has-post-thumbnail","6":"product_cat-off-road","8":"first","9":"instock","10":"taxable","11":"shipping-taxable","12":"product-type-simple"},"acf":[],"yoast_head":"<!-- This site is optimized with the Yoast SEO plugin v27.4 - https:\/\/yoast.com\/product\/yoast-seo-wordpress\/ -->\n<title>ATV Viarelli Agrezza 110cc V2 - Viarelli<\/title>\n<meta name=\"description\" content=\"Uppt\u00e4ck Viarelli Agrezza 110cc - kvick, l\u00e4ttk\u00f6rd och kraftfull. Perfekt ATV f\u00f6r hela familjen. S\u00e4tt dig ordentligt innan du drar iv\u00e4g!\" \/>\n<meta name=\"robots\" content=\"index, follow, max-snippet:-1, max-image-preview:large, max-video-preview:-1\" \/>\n<link rel=\"canonical\" href=\"https:\/\/viarelli.com\/sv\/produkt\/atv-viarelli-agrezza-110cc-v2\/\" \/>\n<meta property=\"og:locale\" content=\"sv_SE\" \/>\n<meta property=\"og:type\" content=\"article\" \/>\n<meta property=\"og:title\" content=\"ATV Viarelli Agrezza 110cc V2 - Viarelli\" \/>\n<meta property=\"og:description\" content=\"Uppt\u00e4ck Viarelli Agrezza 110cc - kvick, l\u00e4ttk\u00f6rd och kraftfull. Perfekt ATV f\u00f6r hela familjen. S\u00e4tt dig ordentligt innan du drar iv\u00e4g!\" \/>\n<meta property=\"og:url\" content=\"https:\/\/viarelli.com\/sv\/produkt\/atv-viarelli-agrezza-110cc-v2\/\" \/>\n<meta property=\"og:site_name\" content=\"Viarelli\" \/>\n<meta property=\"article:modified_time\" content=\"2025-04-17T09:37:56+00:00\" \/>\n<meta property=\"og:image\" content=\"https:\/\/viarelli.com\/wp-content\/uploads\/2024\/09\/Agrezza-110cc-V2.png\" \/>\n\t<meta property=\"og:image:width\" content=\"1020\" \/>\n\t<meta property=\"og:image:height\" content=\"893\" \/>\n\t<meta property=\"og:image:type\" content=\"image\/png\" \/>\n<meta name=\"twitter:card\" content=\"summary_large_image\" \/>\n<meta name=\"twitter:label1\" content=\"Ber\u00e4knad l\u00e4stid\" \/>\n\t<meta name=\"twitter:data1\" content=\"2 minuter\" \/>\n<script type=\"application\/ld+json\" class=\"yoast-schema-graph\">{\"@context\":\"https:\\\/\\\/schema.org\",\"@graph\":[{\"@type\":\"WebPage\",\"@id\":\"https:\\\/\\\/viarelli.com\\\/sv\\\/produkt\\\/atv-viarelli-agrezza-110cc-v2\\\/\",\"url\":\"https:\\\/\\\/viarelli.com\\\/sv\\\/produkt\\\/atv-viarelli-agrezza-110cc-v2\\\/\",\"name\":\"ATV Viarelli Agrezza 110cc V2 - Viarelli\",\"isPartOf\":{\"@id\":\"https:\\\/\\\/viarelli.com\\\/#website\"},\"primaryImageOfPage\":{\"@id\":\"https:\\\/\\\/viarelli.com\\\/sv\\\/produkt\\\/atv-viarelli-agrezza-110cc-v2\\\/#primaryimage\"},\"image\":{\"@id\":\"https:\\\/\\\/viarelli.com\\\/sv\\\/produkt\\\/atv-viarelli-agrezza-110cc-v2\\\/#primaryimage\"},\"thumbnailUrl\":\"https:\\\/\\\/viarelli.com\\\/wp-content\\\/uploads\\\/2024\\\/09\\\/Agrezza-110cc-V2.png\",\"datePublished\":\"2024-09-30T09:27:53+00:00\",\"dateModified\":\"2025-04-17T09:37:56+00:00\",\"description\":\"Uppt\u00e4ck Viarelli Agrezza 110cc - kvick, l\u00e4ttk\u00f6rd och kraftfull. Perfekt ATV f\u00f6r hela familjen. S\u00e4tt dig ordentligt innan du drar iv\u00e4g!\",\"breadcrumb\":{\"@id\":\"https:\\\/\\\/viarelli.com\\\/sv\\\/produkt\\\/atv-viarelli-agrezza-110cc-v2\\\/#breadcrumb\"},\"inLanguage\":\"sv-SE\",\"potentialAction\":[{\"@type\":\"ReadAction\",\"target\":[\"https:\\\/\\\/viarelli.com\\\/sv\\\/produkt\\\/atv-viarelli-agrezza-110cc-v2\\\/\"]}]},{\"@type\":\"ImageObject\",\"inLanguage\":\"sv-SE\",\"@id\":\"https:\\\/\\\/viarelli.com\\\/sv\\\/produkt\\\/atv-viarelli-agrezza-110cc-v2\\\/#primaryimage\",\"url\":\"https:\\\/\\\/viarelli.com\\\/wp-content\\\/uploads\\\/2024\\\/09\\\/Agrezza-110cc-V2.png\",\"contentUrl\":\"https:\\\/\\\/viarelli.com\\\/wp-content\\\/uploads\\\/2024\\\/09\\\/Agrezza-110cc-V2.png\",\"width\":1920,\"height\":1680},{\"@type\":\"BreadcrumbList\",\"@id\":\"https:\\\/\\\/viarelli.com\\\/sv\\\/produkt\\\/atv-viarelli-agrezza-110cc-v2\\\/#breadcrumb\",\"itemListElement\":[{\"@type\":\"ListItem\",\"position\":1,\"name\":\"Start\",\"item\":\"https:\\\/\\\/viarelli.com\\\/sv\\\/\"},{\"@type\":\"ListItem\",\"position\":2,\"name\":\"Products\",\"item\":\"https:\\\/\\\/viarelli.com\\\/sv\\\/shop\\\/\"},{\"@type\":\"ListItem\",\"position\":3,\"name\":\"ATV Viarelli Agrezza 110cc V2\"}]},{\"@type\":\"WebSite\",\"@id\":\"https:\\\/\\\/viarelli.com\\\/#website\",\"url\":\"https:\\\/\\\/viarelli.com\\\/\",\"name\":\"Viarelli\",\"description\":\"\",\"potentialAction\":[{\"@type\":\"SearchAction\",\"target\":{\"@type\":\"EntryPoint\",\"urlTemplate\":\"https:\\\/\\\/viarelli.com\\\/?s={search_term_string}\"},\"query-input\":{\"@type\":\"PropertyValueSpecification\",\"valueRequired\":true,\"valueName\":\"search_term_string\"}}],\"inLanguage\":\"sv-SE\"}]}<\/script>\n<!-- \/ Yoast SEO plugin. -->","yoast_head_json":{"title":"ATV Viarelli Agrezza 110cc V2 - Viarelli","description":"Uppt\u00e4ck Viarelli Agrezza 110cc - kvick, l\u00e4ttk\u00f6rd och kraftfull. Perfekt ATV f\u00f6r hela familjen. S\u00e4tt dig ordentligt innan du drar iv\u00e4g!","robots":{"index":"index","follow":"follow","max-snippet":"max-snippet:-1","max-image-preview":"max-image-preview:large","max-video-preview":"max-video-preview:-1"},"canonical":"https:\/\/viarelli.com\/sv\/produkt\/atv-viarelli-agrezza-110cc-v2\/","og_locale":"sv_SE","og_type":"article","og_title":"ATV Viarelli Agrezza 110cc V2 - Viarelli","og_description":"Uppt\u00e4ck Viarelli Agrezza 110cc - kvick, l\u00e4ttk\u00f6rd och kraftfull. Perfekt ATV f\u00f6r hela familjen. S\u00e4tt dig ordentligt innan du drar iv\u00e4g!","og_url":"https:\/\/viarelli.com\/sv\/produkt\/atv-viarelli-agrezza-110cc-v2\/","og_site_name":"Viarelli","article_modified_time":"2025-04-17T09:37:56+00:00","og_image":[{"url":"https:\/\/viarelli.com\/wp-content\/uploads\/2024\/09\/Agrezza-110cc-V2.png","width":1020,"height":893,"type":"image\/png"}],"twitter_card":"summary_large_image","twitter_misc":{"Ber\u00e4knad l\u00e4stid":"2 minuter"},"schema":{"@context":"https:\/\/schema.org","@graph":[{"@type":"WebPage","@id":"https:\/\/viarelli.com\/sv\/produkt\/atv-viarelli-agrezza-110cc-v2\/","url":"https:\/\/viarelli.com\/sv\/produkt\/atv-viarelli-agrezza-110cc-v2\/","name":"ATV Viarelli Agrezza 110cc V2 - Viarelli","isPartOf":{"@id":"https:\/\/viarelli.com\/#website"},"primaryImageOfPage":{"@id":"https:\/\/viarelli.com\/sv\/produkt\/atv-viarelli-agrezza-110cc-v2\/#primaryimage"},"image":{"@id":"https:\/\/viarelli.com\/sv\/produkt\/atv-viarelli-agrezza-110cc-v2\/#primaryimage"},"thumbnailUrl":"https:\/\/viarelli.com\/wp-content\/uploads\/2024\/09\/Agrezza-110cc-V2.png","datePublished":"2024-09-30T09:27:53+00:00","dateModified":"2025-04-17T09:37:56+00:00","description":"Uppt\u00e4ck Viarelli Agrezza 110cc - kvick, l\u00e4ttk\u00f6rd och kraftfull. Perfekt ATV f\u00f6r hela familjen. S\u00e4tt dig ordentligt innan du drar iv\u00e4g!","breadcrumb":{"@id":"https:\/\/viarelli.com\/sv\/produkt\/atv-viarelli-agrezza-110cc-v2\/#breadcrumb"},"inLanguage":"sv-SE","potentialAction":[{"@type":"ReadAction","target":["https:\/\/viarelli.com\/sv\/produkt\/atv-viarelli-agrezza-110cc-v2\/"]}]},{"@type":"ImageObject","inLanguage":"sv-SE","@id":"https:\/\/viarelli.com\/sv\/produkt\/atv-viarelli-agrezza-110cc-v2\/#primaryimage","url":"https:\/\/viarelli.com\/wp-content\/uploads\/2024\/09\/Agrezza-110cc-V2.png","contentUrl":"https:\/\/viarelli.com\/wp-content\/uploads\/2024\/09\/Agrezza-110cc-V2.png","width":1920,"height":1680},{"@type":"BreadcrumbList","@id":"https:\/\/viarelli.com\/sv\/produkt\/atv-viarelli-agrezza-110cc-v2\/#breadcrumb","itemListElement":[{"@type":"ListItem","position":1,"name":"Start","item":"https:\/\/viarelli.com\/sv\/"},{"@type":"ListItem","position":2,"name":"Products","item":"https:\/\/viarelli.com\/sv\/shop\/"},{"@type":"ListItem","position":3,"name":"ATV Viarelli Agrezza 110cc V2"}]},{"@type":"WebSite","@id":"https:\/\/viarelli.com\/#website","url":"https:\/\/viarelli.com\/","name":"Viarelli","description":"","potentialAction":[{"@type":"SearchAction","target":{"@type":"EntryPoint","urlTemplate":"https:\/\/viarelli.com\/?s={search_term_string}"},"query-input":{"@type":"PropertyValueSpecification","valueRequired":true,"valueName":"search_term_string"}}],"inLanguage":"sv-SE"}]}},"_links":{"self":[{"href":"https:\/\/viarelli.com\/sv\/wp-json\/wp\/v2\/product\/8595","targetHints":{"allow":["GET"]}}],"collection":[{"href":"https:\/\/viarelli.com\/sv\/wp-json\/wp\/v2\/product"}],"about":[{"href":"https:\/\/viarelli.com\/sv\/wp-json\/wp\/v2\/types\/product"}],"wp:featuredmedia":[{"embeddable":true,"href":"https:\/\/viarelli.com\/sv\/wp-json\/wp\/v2\/media\/8623"}],"wp:attachment":[{"href":"https:\/\/viarelli.com\/sv\/wp-json\/wp\/v2\/media?parent=8595"}],"wp:term":[{"taxonomy":"product_brand","embeddable":true,"href":"https:\/\/viarelli.com\/sv\/wp-json\/wp\/v2\/product_brand?post=8595"},{"taxonomy":"product_cat","embeddable":true,"href":"https:\/\/viarelli.com\/sv\/wp-json\/wp\/v2\/product_cat?post=8595"},{"taxonomy":"product_tag","embeddable":true,"href":"https:\/\/viarelli.com\/sv\/wp-json\/wp\/v2\/product_tag?post=8595"}],"curies":[{"name":"wp","href":"https:\/\/api.w.org\/{rel}","templated":true}]}}