{"id":8563,"date":"2024-09-30T10:14:44","date_gmt":"2024-09-30T09:14:44","guid":{"rendered":"https:\/\/viarelli.com\/?post_type=product&#038;p=8563"},"modified":"2024-09-30T10:20:20","modified_gmt":"2024-09-30T09:20:20","slug":"mc-scooter-viarelli-matador-125cc","status":"publish","type":"product","link":"https:\/\/viarelli.com\/sv\/produkt\/mc-scooter-viarelli-matador-125cc\/","title":{"rendered":"MC-Scooter Viarelli Matador 125cc"},"content":{"rendered":"<h2>Viarelli Matador<\/h2>\n<p>Med den senaste designen och modernaste tekniken \u00e4r v\u00e5r Viarelli Matador, motorcykeln f\u00f6r dig som inte n\u00f6jer dig med annat \u00e4n det b\u00e4sta. F\u00f6rst\u00e4rkt fj\u00e4dring, senaste LED-tekniken, extra kraftiga bromsar, l\u00e4ttmetallf\u00e4lgar och en mycket drifts\u00e4ker motor med EFI (Electric Fuel Injection) insprutning \u00e4r bara n\u00e5gra av detaljer som g\u00f6r att Matador blivit en av Sveriges mest s\u00e5lda l\u00e4tt mc. Matador \u00e4r \u00e4mnad f\u00f6r dig som s\u00f6ker prestanda och funktion utan att g\u00f6ra avkall p\u00e5 designen. Viarelli Matador har en max hastighet p\u00e5 85 km\/h.<\/p>\n<h3>Motor<\/h3>\n<p>Matador \u00e4r utrustad med en drifts\u00e4ker 4-taktsmotor av GY-6 typ utrustad med EFI (Electric Fuel Injection) insprutning. En v\u00e4lbepr\u00f6vad motortyp som nu uppgraderats i enlighet med de nya Euro-kraven som ger Matador en l\u00e4gre br\u00e4nslef\u00f6rbrukning och mindre p\u00e5verkan p\u00e5 milj\u00f6n trots att den levererar hela 6.2 kW vid 7500 varv och 8.2 Nm redan vid l\u00e5ga 5000 varv. EFI-motorn drivs av vanlig ren bensin och levererar kraft och effekt i ett brett vridregister, s\u00e4rskilt uppskattat av de som k\u00f6r under kr\u00e4vande stadsf\u00f6rh\u00e5llanden d\u00e4r motorns prestanda beh\u00f6vs f\u00f6r en s\u00e4ker och trygg f\u00e4rd.<\/p>\n<h3>F\u00f6rbrukning<\/h3>\n<p>Matador drar ca. 0,25 L bensin per mil och med en tank p\u00e5 4.5 L n\u00e5r du d\u00e4rmed n\u00e4rmare 18 mil per tankning under rimliga f\u00f6rh\u00e5llanden.<\/p>\n<h3>Transmission<\/h3>\n<p>Matador \u00e4r utrustad med en CVT (Automat) v\u00e4xell\u00e5da som g\u00f6r k\u00f6rningen enkel. M\u00e5nga f\u00f6rare uppskattar denna typ av v\u00e4xell\u00e5da d\u00e5 den levererar \u00f6verl\u00e4gsen kraft utan st\u00f6rre f\u00f6rluster, utan behov av manuell v\u00e4xling. De smidiga k\u00f6regenskaperna som erh\u00e5lls beror b\u00e5de p\u00e5 det h\u00f6ga vridmomentet och den optimerade v\u00e4xell\u00e5dan, vilket fr\u00e4mst uppskattas vid kr\u00e4vande k\u00f6rning i stadsf\u00f6rh\u00e5llanden.<\/p>\n<h3>Hjul<\/h3>\n<p>Med sina 3-ekrade 12\u201d f\u00e4lgar i l\u00e4ttviktsaluminium och sportiga l\u00e5gprofild\u00e4ck f\u00e5r Matador ett optimalt v\u00e4ggrepp \u00e4ven under utmanande och anstr\u00e4ngande k\u00f6rning.<\/p>\n<h3>Bromsar<\/h3>\n<p>Med hydrauliska dubbelverkande skivbromsar och dubbelkolvsok fram, \u00f6verdimensionerad och ventilerad wave-skiva har du optimal bromseffekt oavsett r\u00e5dande k\u00f6rf\u00f6rh\u00e5llanden.<\/p>\n<h3>Fj\u00e4dring<\/h3>\n<p>Till skillnad fr\u00e5n m\u00e5nga andra enklare scootrar p\u00e5 marknaden har Matador dubbla st\u00f6td\u00e4mpare bak, vilket inte bara ger en oslagbar fj\u00e4dringskomfort utan g\u00f6r \u00e4ven hela mopeden mycket stabil och vridfast i konstruktionen. Matador \u00e4r utrustad med en p\u00e5kostad dubbelsidig och dubbelverkande hydraulisk d\u00e4mparkonstruktion framtill som ger en mycket god fj\u00e4dringskomfort.<\/p>\n<h3>Ram<\/h3>\n<p>Matador v\u00e4ger l\u00e5ga 117 kg och kombinerat med konstruktionen och effekten k\u00e4nns den kraftfull nog att klara de lite tuffare utmaningarna utan att avmattas. Ramen \u00e4r tillverkad i vridstyvt kvalitetsst\u00e5l som ger en \u00f6verl\u00e4gsen stabilitet vid h\u00f6gre farter och under h\u00e5rdare belastning.<\/p>\n<h3>Instrument<\/h3>\n<p>Instrumenteringen \u00e4r stilfullt designad och l\u00e4ttl\u00e4st med hastighetsm\u00e4tare, br\u00e4nslem\u00e4tare samt indikeringslampor f\u00f6r blinkers och hel- och halvljus.<\/p>\n<h3>F\u00f6rvaring<\/h3>\n<p>Matador har ett rymligt f\u00f6rvaringsfack under sadeln, stort nog att rymma det allra n\u00f6dv\u00e4ndigaste. Utrymmet \u00f6ppnas\/l\u00e5ses enkelt och smidigt med samma nyckel som du startar med. Toppbox finns ocks\u00e5 som tillbeh\u00f6r om \u00e4nnu mer lastutrymme \u00f6nskas.<\/p>\n<h3>Komfort<\/h3>\n<p>Matador \u00e4r stor nog att klara \u00e4ven passagerare, som sitter bekv\u00e4mt och har bra fotst\u00f6d med hj\u00e4lp av de snyggt inf\u00e4llbara fotpinnarna. Den sektionsindelade sadeln ger en sportigare men \u00e4nd\u00e5 komfortabel sittst\u00e4llning. Sadelns Condura\u2122-liknande yttermaterial \u00e4r vattenavst\u00f6tande och t\u00e5ligt nog att klara m\u00e5nga \u00e5rs sol och v\u00e4ta.<\/p>\n<h3>Belysning<\/h3>\n<p>Kraftigt tilltagen belysning med dubbla halogenlampor i str\u00e5lkastaren framtill garanterar en god synlighet i trafiken. Utrustad med LED-teknik i b\u00e5de positionsljus, blinkers och bakljus, vilket garanterar god synlighet \u00e4ven under m\u00f6rker.<\/p>\n","protected":false},"excerpt":{"rendered":"<p>Viarelli Matador Med den senaste designen och modernaste tekniken \u00e4r v\u00e5r Viarelli Matador, motorcykeln f\u00f6r dig som inte n\u00f6jer dig med annat \u00e4n det b\u00e4sta. F\u00f6rst\u00e4rkt fj\u00e4dring, senaste LED-tekniken, extra kraftiga bromsar, l\u00e4ttmetallf\u00e4lgar och en mycket drifts\u00e4ker motor med EFI (Electric Fuel Injection) insprutning \u00e4r bara n\u00e5gra av detaljer som g\u00f6r att Matador blivit en [&#8230;]\n","protected":false},"featured_media":8593,"template":"","meta":{"_acf_changed":false},"product_brand":[],"product_cat":[75],"product_tag":[],"class_list":{"0":"post-8563","1":"product","2":"type-product","3":"status-publish","4":"has-post-thumbnail","6":"product_cat-mc","8":"first","9":"instock","10":"taxable","11":"shipping-taxable","12":"product-type-simple"},"acf":[],"yoast_head":"<!-- This site is optimized with the Yoast SEO plugin v27.4 - https:\/\/yoast.com\/product\/yoast-seo-wordpress\/ -->\n<title>MC-Scooter Viarelli Matador 125cc - Viarelli<\/title>\n<meta name=\"robots\" content=\"index, follow, max-snippet:-1, max-image-preview:large, max-video-preview:-1\" \/>\n<link rel=\"canonical\" href=\"https:\/\/viarelli.com\/sv\/produkt\/mc-scooter-viarelli-matador-125cc\/\" \/>\n<meta property=\"og:locale\" content=\"sv_SE\" \/>\n<meta property=\"og:type\" content=\"article\" \/>\n<meta property=\"og:title\" content=\"MC-Scooter Viarelli Matador 125cc - Viarelli\" \/>\n<meta property=\"og:description\" content=\"Viarelli Matador Med den senaste designen och modernaste tekniken \u00e4r v\u00e5r Viarelli Matador, motorcykeln f\u00f6r dig som inte n\u00f6jer dig med annat \u00e4n det b\u00e4sta. F\u00f6rst\u00e4rkt fj\u00e4dring, senaste LED-tekniken, extra kraftiga bromsar, l\u00e4ttmetallf\u00e4lgar och en mycket drifts\u00e4ker motor med EFI (Electric Fuel Injection) insprutning \u00e4r bara n\u00e5gra av detaljer som g\u00f6r att Matador blivit en [...]\" \/>\n<meta property=\"og:url\" content=\"https:\/\/viarelli.com\/sv\/produkt\/mc-scooter-viarelli-matador-125cc\/\" \/>\n<meta property=\"og:site_name\" content=\"Viarelli\" \/>\n<meta property=\"article:modified_time\" content=\"2024-09-30T09:20:20+00:00\" \/>\n<meta property=\"og:image\" content=\"https:\/\/viarelli.com\/wp-content\/uploads\/2024\/09\/Matador-svart-4.png\" \/>\n\t<meta property=\"og:image:width\" content=\"1020\" \/>\n\t<meta property=\"og:image:height\" content=\"893\" \/>\n\t<meta property=\"og:image:type\" content=\"image\/png\" \/>\n<meta name=\"twitter:card\" content=\"summary_large_image\" \/>\n<meta name=\"twitter:label1\" content=\"Ber\u00e4knad l\u00e4stid\" \/>\n\t<meta name=\"twitter:data1\" content=\"3 minuter\" \/>\n<script type=\"application\/ld+json\" class=\"yoast-schema-graph\">{\"@context\":\"https:\\\/\\\/schema.org\",\"@graph\":[{\"@type\":\"WebPage\",\"@id\":\"https:\\\/\\\/viarelli.com\\\/sv\\\/produkt\\\/mc-scooter-viarelli-matador-125cc\\\/\",\"url\":\"https:\\\/\\\/viarelli.com\\\/sv\\\/produkt\\\/mc-scooter-viarelli-matador-125cc\\\/\",\"name\":\"MC-Scooter Viarelli Matador 125cc - Viarelli\",\"isPartOf\":{\"@id\":\"https:\\\/\\\/viarelli.com\\\/#website\"},\"primaryImageOfPage\":{\"@id\":\"https:\\\/\\\/viarelli.com\\\/sv\\\/produkt\\\/mc-scooter-viarelli-matador-125cc\\\/#primaryimage\"},\"image\":{\"@id\":\"https:\\\/\\\/viarelli.com\\\/sv\\\/produkt\\\/mc-scooter-viarelli-matador-125cc\\\/#primaryimage\"},\"thumbnailUrl\":\"https:\\\/\\\/viarelli.com\\\/wp-content\\\/uploads\\\/2024\\\/09\\\/Matador-svart-4.png\",\"datePublished\":\"2024-09-30T09:14:44+00:00\",\"dateModified\":\"2024-09-30T09:20:20+00:00\",\"breadcrumb\":{\"@id\":\"https:\\\/\\\/viarelli.com\\\/sv\\\/produkt\\\/mc-scooter-viarelli-matador-125cc\\\/#breadcrumb\"},\"inLanguage\":\"sv-SE\",\"potentialAction\":[{\"@type\":\"ReadAction\",\"target\":[\"https:\\\/\\\/viarelli.com\\\/sv\\\/produkt\\\/mc-scooter-viarelli-matador-125cc\\\/\"]}]},{\"@type\":\"ImageObject\",\"inLanguage\":\"sv-SE\",\"@id\":\"https:\\\/\\\/viarelli.com\\\/sv\\\/produkt\\\/mc-scooter-viarelli-matador-125cc\\\/#primaryimage\",\"url\":\"https:\\\/\\\/viarelli.com\\\/wp-content\\\/uploads\\\/2024\\\/09\\\/Matador-svart-4.png\",\"contentUrl\":\"https:\\\/\\\/viarelli.com\\\/wp-content\\\/uploads\\\/2024\\\/09\\\/Matador-svart-4.png\",\"width\":1920,\"height\":1680},{\"@type\":\"BreadcrumbList\",\"@id\":\"https:\\\/\\\/viarelli.com\\\/sv\\\/produkt\\\/mc-scooter-viarelli-matador-125cc\\\/#breadcrumb\",\"itemListElement\":[{\"@type\":\"ListItem\",\"position\":1,\"name\":\"Start\",\"item\":\"https:\\\/\\\/viarelli.com\\\/sv\\\/\"},{\"@type\":\"ListItem\",\"position\":2,\"name\":\"Products\",\"item\":\"https:\\\/\\\/viarelli.com\\\/sv\\\/shop\\\/\"},{\"@type\":\"ListItem\",\"position\":3,\"name\":\"MC-Scooter Viarelli Matador 125cc\"}]},{\"@type\":\"WebSite\",\"@id\":\"https:\\\/\\\/viarelli.com\\\/#website\",\"url\":\"https:\\\/\\\/viarelli.com\\\/\",\"name\":\"Viarelli\",\"description\":\"\",\"potentialAction\":[{\"@type\":\"SearchAction\",\"target\":{\"@type\":\"EntryPoint\",\"urlTemplate\":\"https:\\\/\\\/viarelli.com\\\/?s={search_term_string}\"},\"query-input\":{\"@type\":\"PropertyValueSpecification\",\"valueRequired\":true,\"valueName\":\"search_term_string\"}}],\"inLanguage\":\"sv-SE\"}]}<\/script>\n<!-- \/ Yoast SEO plugin. -->","yoast_head_json":{"title":"MC-Scooter Viarelli Matador 125cc - Viarelli","robots":{"index":"index","follow":"follow","max-snippet":"max-snippet:-1","max-image-preview":"max-image-preview:large","max-video-preview":"max-video-preview:-1"},"canonical":"https:\/\/viarelli.com\/sv\/produkt\/mc-scooter-viarelli-matador-125cc\/","og_locale":"sv_SE","og_type":"article","og_title":"MC-Scooter Viarelli Matador 125cc - Viarelli","og_description":"Viarelli Matador Med den senaste designen och modernaste tekniken \u00e4r v\u00e5r Viarelli Matador, motorcykeln f\u00f6r dig som inte n\u00f6jer dig med annat \u00e4n det b\u00e4sta. F\u00f6rst\u00e4rkt fj\u00e4dring, senaste LED-tekniken, extra kraftiga bromsar, l\u00e4ttmetallf\u00e4lgar och en mycket drifts\u00e4ker motor med EFI (Electric Fuel Injection) insprutning \u00e4r bara n\u00e5gra av detaljer som g\u00f6r att Matador blivit en [...]","og_url":"https:\/\/viarelli.com\/sv\/produkt\/mc-scooter-viarelli-matador-125cc\/","og_site_name":"Viarelli","article_modified_time":"2024-09-30T09:20:20+00:00","og_image":[{"url":"https:\/\/viarelli.com\/wp-content\/uploads\/2024\/09\/Matador-svart-4.png","width":1020,"height":893,"type":"image\/png"}],"twitter_card":"summary_large_image","twitter_misc":{"Ber\u00e4knad l\u00e4stid":"3 minuter"},"schema":{"@context":"https:\/\/schema.org","@graph":[{"@type":"WebPage","@id":"https:\/\/viarelli.com\/sv\/produkt\/mc-scooter-viarelli-matador-125cc\/","url":"https:\/\/viarelli.com\/sv\/produkt\/mc-scooter-viarelli-matador-125cc\/","name":"MC-Scooter Viarelli Matador 125cc - Viarelli","isPartOf":{"@id":"https:\/\/viarelli.com\/#website"},"primaryImageOfPage":{"@id":"https:\/\/viarelli.com\/sv\/produkt\/mc-scooter-viarelli-matador-125cc\/#primaryimage"},"image":{"@id":"https:\/\/viarelli.com\/sv\/produkt\/mc-scooter-viarelli-matador-125cc\/#primaryimage"},"thumbnailUrl":"https:\/\/viarelli.com\/wp-content\/uploads\/2024\/09\/Matador-svart-4.png","datePublished":"2024-09-30T09:14:44+00:00","dateModified":"2024-09-30T09:20:20+00:00","breadcrumb":{"@id":"https:\/\/viarelli.com\/sv\/produkt\/mc-scooter-viarelli-matador-125cc\/#breadcrumb"},"inLanguage":"sv-SE","potentialAction":[{"@type":"ReadAction","target":["https:\/\/viarelli.com\/sv\/produkt\/mc-scooter-viarelli-matador-125cc\/"]}]},{"@type":"ImageObject","inLanguage":"sv-SE","@id":"https:\/\/viarelli.com\/sv\/produkt\/mc-scooter-viarelli-matador-125cc\/#primaryimage","url":"https:\/\/viarelli.com\/wp-content\/uploads\/2024\/09\/Matador-svart-4.png","contentUrl":"https:\/\/viarelli.com\/wp-content\/uploads\/2024\/09\/Matador-svart-4.png","width":1920,"height":1680},{"@type":"BreadcrumbList","@id":"https:\/\/viarelli.com\/sv\/produkt\/mc-scooter-viarelli-matador-125cc\/#breadcrumb","itemListElement":[{"@type":"ListItem","position":1,"name":"Start","item":"https:\/\/viarelli.com\/sv\/"},{"@type":"ListItem","position":2,"name":"Products","item":"https:\/\/viarelli.com\/sv\/shop\/"},{"@type":"ListItem","position":3,"name":"MC-Scooter Viarelli Matador 125cc"}]},{"@type":"WebSite","@id":"https:\/\/viarelli.com\/#website","url":"https:\/\/viarelli.com\/","name":"Viarelli","description":"","potentialAction":[{"@type":"SearchAction","target":{"@type":"EntryPoint","urlTemplate":"https:\/\/viarelli.com\/?s={search_term_string}"},"query-input":{"@type":"PropertyValueSpecification","valueRequired":true,"valueName":"search_term_string"}}],"inLanguage":"sv-SE"}]}},"_links":{"self":[{"href":"https:\/\/viarelli.com\/sv\/wp-json\/wp\/v2\/product\/8563","targetHints":{"allow":["GET"]}}],"collection":[{"href":"https:\/\/viarelli.com\/sv\/wp-json\/wp\/v2\/product"}],"about":[{"href":"https:\/\/viarelli.com\/sv\/wp-json\/wp\/v2\/types\/product"}],"wp:featuredmedia":[{"embeddable":true,"href":"https:\/\/viarelli.com\/sv\/wp-json\/wp\/v2\/media\/8593"}],"wp:attachment":[{"href":"https:\/\/viarelli.com\/sv\/wp-json\/wp\/v2\/media?parent=8563"}],"wp:term":[{"taxonomy":"product_brand","embeddable":true,"href":"https:\/\/viarelli.com\/sv\/wp-json\/wp\/v2\/product_brand?post=8563"},{"taxonomy":"product_cat","embeddable":true,"href":"https:\/\/viarelli.com\/sv\/wp-json\/wp\/v2\/product_cat?post=8563"},{"taxonomy":"product_tag","embeddable":true,"href":"https:\/\/viarelli.com\/sv\/wp-json\/wp\/v2\/product_tag?post=8563"}],"curies":[{"name":"wp","href":"https:\/\/api.w.org\/{rel}","templated":true}]}}