{"id":6827,"date":"2023-02-16T11:55:13","date_gmt":"2023-02-16T10:55:13","guid":{"rendered":"https:\/\/viarelli.com\/?post_type=product&#038;p=6827"},"modified":"2024-03-18T11:19:58","modified_gmt":"2024-03-18T10:19:58","slug":"atran-velo-pakethallare-mini-inkl-krok-klamma","status":"publish","type":"product","link":"https:\/\/viarelli.com\/sv\/produkt\/atran-velo-pakethallare-mini-inkl-krok-klamma\/","title":{"rendered":"Atran Velo Paketh\u00e5llare mini inkl krok &#038; kl\u00e4mma"},"content":{"rendered":"<p>Stilren och funktionell 14mm mini-paketh\u00e5llare f\u00f6r frontplacering. Paketh\u00e5llaren passar de flesta standard-cyklar och \u00e4r gjord i aluminium.<\/p>\n<p>Paketh\u00e5llaren har inbyggd\u00a0<a href=\"https:\/\/atranvelo.com\/avs\/\">AVS<\/a>\u00a0vilket g\u00f6r det m\u00f6jligt att f\u00e4sta, matcha och mixa bland alla v\u00e4skor &amp; l\u00e5dor. N\u00e4stan alla tillbeh\u00f6r fr\u00e5n Atran Velo \u00e4r kompatibla med b\u00e5de fram &amp; bak-paketh\u00e5llare.<\/p>\n<p>&nbsp;<\/p>\n","protected":false},"excerpt":{"rendered":"<table border=\"0\" cellspacing=\"3\" cellpadding=\"3\">\n<tbody>\n<tr>\n<td>AVS:<\/td>\n<td>Ja<\/td>\n<\/tr>\n<tr bgcolor=\"#dfdfdf\">\n<td>Justerbar:<\/td>\n<td>Nej<\/td>\n<\/tr>\n<tr>\n<td>Vikt:<\/td>\n<td>650g<\/td>\n<\/tr>\n<tr bgcolor=\"#dfdfdf\">\n<td>Lastkapacitet:<\/td>\n<td>10 kg<\/td>\n<\/tr>\n<tr>\n<td>Dimensioner:<\/td>\n<td>W18 x L30 cm<\/td>\n<\/tr>\n<tr bgcolor=\"#dfdfdf\">\n<td>Detaljer:<\/td>\n<td>Spring Clamp<\/td>\n<\/tr>\n<\/tbody>\n<\/table>\n","protected":false},"featured_media":6828,"template":"","meta":{"_acf_changed":false},"product_brand":[],"product_cat":[134,113],"product_tag":[],"class_list":{"0":"post-6827","1":"product","2":"type-product","3":"status-publish","4":"has-post-thumbnail","6":"product_cat-elcykeltillbehor","7":"product_cat-tillbehor","9":"first","10":"instock","11":"taxable","12":"shipping-taxable","13":"product-type-simple"},"acf":[],"yoast_head":"<!-- This site is optimized with the Yoast SEO plugin v27.4 - https:\/\/yoast.com\/product\/yoast-seo-wordpress\/ -->\n<title>Atran Velo Paketh\u00e5llare mini inkl krok &amp; kl\u00e4mma - Viarelli<\/title>\n<meta name=\"robots\" content=\"index, follow, max-snippet:-1, max-image-preview:large, max-video-preview:-1\" \/>\n<link rel=\"canonical\" href=\"https:\/\/viarelli.com\/sv\/produkt\/atran-velo-pakethallare-mini-inkl-krok-klamma\/\" \/>\n<meta property=\"og:locale\" content=\"sv_SE\" \/>\n<meta property=\"og:type\" content=\"article\" \/>\n<meta property=\"og:title\" content=\"Atran Velo Paketh\u00e5llare mini inkl krok &amp; kl\u00e4mma - Viarelli\" \/>\n<meta property=\"og:description\" content=\"AVS: Ja   Justerbar: Nej   Vikt: 650g   Lastkapacitet: 10 kg   Dimensioner: W18 x L30 cm   Detaljer: Spring Clamp\" \/>\n<meta property=\"og:url\" content=\"https:\/\/viarelli.com\/sv\/produkt\/atran-velo-pakethallare-mini-inkl-krok-klamma\/\" \/>\n<meta property=\"og:site_name\" content=\"Viarelli\" \/>\n<meta property=\"article:modified_time\" content=\"2024-03-18T10:19:58+00:00\" \/>\n<meta property=\"og:image\" content=\"https:\/\/viarelli.com\/wp-content\/uploads\/2023\/02\/cargo_mini_avs_vector.png\" \/>\n\t<meta property=\"og:image:width\" content=\"632\" \/>\n\t<meta property=\"og:image:height\" content=\"474\" \/>\n\t<meta property=\"og:image:type\" content=\"image\/png\" \/>\n<meta name=\"twitter:card\" content=\"summary_large_image\" \/>\n<script type=\"application\/ld+json\" class=\"yoast-schema-graph\">{\"@context\":\"https:\\\/\\\/schema.org\",\"@graph\":[{\"@type\":\"WebPage\",\"@id\":\"https:\\\/\\\/viarelli.com\\\/sv\\\/produkt\\\/atran-velo-pakethallare-mini-inkl-krok-klamma\\\/\",\"url\":\"https:\\\/\\\/viarelli.com\\\/sv\\\/produkt\\\/atran-velo-pakethallare-mini-inkl-krok-klamma\\\/\",\"name\":\"Atran Velo Paketh\u00e5llare mini inkl krok & kl\u00e4mma - Viarelli\",\"isPartOf\":{\"@id\":\"https:\\\/\\\/viarelli.com\\\/#website\"},\"primaryImageOfPage\":{\"@id\":\"https:\\\/\\\/viarelli.com\\\/sv\\\/produkt\\\/atran-velo-pakethallare-mini-inkl-krok-klamma\\\/#primaryimage\"},\"image\":{\"@id\":\"https:\\\/\\\/viarelli.com\\\/sv\\\/produkt\\\/atran-velo-pakethallare-mini-inkl-krok-klamma\\\/#primaryimage\"},\"thumbnailUrl\":\"https:\\\/\\\/viarelli.com\\\/wp-content\\\/uploads\\\/2023\\\/02\\\/cargo_mini_avs_vector.png\",\"datePublished\":\"2023-02-16T10:55:13+00:00\",\"dateModified\":\"2024-03-18T10:19:58+00:00\",\"breadcrumb\":{\"@id\":\"https:\\\/\\\/viarelli.com\\\/sv\\\/produkt\\\/atran-velo-pakethallare-mini-inkl-krok-klamma\\\/#breadcrumb\"},\"inLanguage\":\"sv-SE\",\"potentialAction\":[{\"@type\":\"ReadAction\",\"target\":[\"https:\\\/\\\/viarelli.com\\\/sv\\\/produkt\\\/atran-velo-pakethallare-mini-inkl-krok-klamma\\\/\"]}]},{\"@type\":\"ImageObject\",\"inLanguage\":\"sv-SE\",\"@id\":\"https:\\\/\\\/viarelli.com\\\/sv\\\/produkt\\\/atran-velo-pakethallare-mini-inkl-krok-klamma\\\/#primaryimage\",\"url\":\"https:\\\/\\\/viarelli.com\\\/wp-content\\\/uploads\\\/2023\\\/02\\\/cargo_mini_avs_vector.png\",\"contentUrl\":\"https:\\\/\\\/viarelli.com\\\/wp-content\\\/uploads\\\/2023\\\/02\\\/cargo_mini_avs_vector.png\",\"width\":632,\"height\":474},{\"@type\":\"BreadcrumbList\",\"@id\":\"https:\\\/\\\/viarelli.com\\\/sv\\\/produkt\\\/atran-velo-pakethallare-mini-inkl-krok-klamma\\\/#breadcrumb\",\"itemListElement\":[{\"@type\":\"ListItem\",\"position\":1,\"name\":\"Start\",\"item\":\"https:\\\/\\\/viarelli.com\\\/sv\\\/\"},{\"@type\":\"ListItem\",\"position\":2,\"name\":\"Products\",\"item\":\"https:\\\/\\\/viarelli.com\\\/sv\\\/shop\\\/\"},{\"@type\":\"ListItem\",\"position\":3,\"name\":\"Atran Velo Paketh\u00e5llare mini inkl krok &#038; kl\u00e4mma\"}]},{\"@type\":\"WebSite\",\"@id\":\"https:\\\/\\\/viarelli.com\\\/#website\",\"url\":\"https:\\\/\\\/viarelli.com\\\/\",\"name\":\"Viarelli\",\"description\":\"\",\"potentialAction\":[{\"@type\":\"SearchAction\",\"target\":{\"@type\":\"EntryPoint\",\"urlTemplate\":\"https:\\\/\\\/viarelli.com\\\/?s={search_term_string}\"},\"query-input\":{\"@type\":\"PropertyValueSpecification\",\"valueRequired\":true,\"valueName\":\"search_term_string\"}}],\"inLanguage\":\"sv-SE\"}]}<\/script>\n<!-- \/ Yoast SEO plugin. -->","yoast_head_json":{"title":"Atran Velo Paketh\u00e5llare mini inkl krok & kl\u00e4mma - Viarelli","robots":{"index":"index","follow":"follow","max-snippet":"max-snippet:-1","max-image-preview":"max-image-preview:large","max-video-preview":"max-video-preview:-1"},"canonical":"https:\/\/viarelli.com\/sv\/produkt\/atran-velo-pakethallare-mini-inkl-krok-klamma\/","og_locale":"sv_SE","og_type":"article","og_title":"Atran Velo Paketh\u00e5llare mini inkl krok & kl\u00e4mma - Viarelli","og_description":"AVS: Ja   Justerbar: Nej   Vikt: 650g   Lastkapacitet: 10 kg   Dimensioner: W18 x L30 cm   Detaljer: Spring Clamp","og_url":"https:\/\/viarelli.com\/sv\/produkt\/atran-velo-pakethallare-mini-inkl-krok-klamma\/","og_site_name":"Viarelli","article_modified_time":"2024-03-18T10:19:58+00:00","og_image":[{"width":632,"height":474,"url":"https:\/\/viarelli.com\/wp-content\/uploads\/2023\/02\/cargo_mini_avs_vector.png","type":"image\/png"}],"twitter_card":"summary_large_image","schema":{"@context":"https:\/\/schema.org","@graph":[{"@type":"WebPage","@id":"https:\/\/viarelli.com\/sv\/produkt\/atran-velo-pakethallare-mini-inkl-krok-klamma\/","url":"https:\/\/viarelli.com\/sv\/produkt\/atran-velo-pakethallare-mini-inkl-krok-klamma\/","name":"Atran Velo Paketh\u00e5llare mini inkl krok & kl\u00e4mma - Viarelli","isPartOf":{"@id":"https:\/\/viarelli.com\/#website"},"primaryImageOfPage":{"@id":"https:\/\/viarelli.com\/sv\/produkt\/atran-velo-pakethallare-mini-inkl-krok-klamma\/#primaryimage"},"image":{"@id":"https:\/\/viarelli.com\/sv\/produkt\/atran-velo-pakethallare-mini-inkl-krok-klamma\/#primaryimage"},"thumbnailUrl":"https:\/\/viarelli.com\/wp-content\/uploads\/2023\/02\/cargo_mini_avs_vector.png","datePublished":"2023-02-16T10:55:13+00:00","dateModified":"2024-03-18T10:19:58+00:00","breadcrumb":{"@id":"https:\/\/viarelli.com\/sv\/produkt\/atran-velo-pakethallare-mini-inkl-krok-klamma\/#breadcrumb"},"inLanguage":"sv-SE","potentialAction":[{"@type":"ReadAction","target":["https:\/\/viarelli.com\/sv\/produkt\/atran-velo-pakethallare-mini-inkl-krok-klamma\/"]}]},{"@type":"ImageObject","inLanguage":"sv-SE","@id":"https:\/\/viarelli.com\/sv\/produkt\/atran-velo-pakethallare-mini-inkl-krok-klamma\/#primaryimage","url":"https:\/\/viarelli.com\/wp-content\/uploads\/2023\/02\/cargo_mini_avs_vector.png","contentUrl":"https:\/\/viarelli.com\/wp-content\/uploads\/2023\/02\/cargo_mini_avs_vector.png","width":632,"height":474},{"@type":"BreadcrumbList","@id":"https:\/\/viarelli.com\/sv\/produkt\/atran-velo-pakethallare-mini-inkl-krok-klamma\/#breadcrumb","itemListElement":[{"@type":"ListItem","position":1,"name":"Start","item":"https:\/\/viarelli.com\/sv\/"},{"@type":"ListItem","position":2,"name":"Products","item":"https:\/\/viarelli.com\/sv\/shop\/"},{"@type":"ListItem","position":3,"name":"Atran Velo Paketh\u00e5llare mini inkl krok &#038; kl\u00e4mma"}]},{"@type":"WebSite","@id":"https:\/\/viarelli.com\/#website","url":"https:\/\/viarelli.com\/","name":"Viarelli","description":"","potentialAction":[{"@type":"SearchAction","target":{"@type":"EntryPoint","urlTemplate":"https:\/\/viarelli.com\/?s={search_term_string}"},"query-input":{"@type":"PropertyValueSpecification","valueRequired":true,"valueName":"search_term_string"}}],"inLanguage":"sv-SE"}]}},"_links":{"self":[{"href":"https:\/\/viarelli.com\/sv\/wp-json\/wp\/v2\/product\/6827","targetHints":{"allow":["GET"]}}],"collection":[{"href":"https:\/\/viarelli.com\/sv\/wp-json\/wp\/v2\/product"}],"about":[{"href":"https:\/\/viarelli.com\/sv\/wp-json\/wp\/v2\/types\/product"}],"wp:featuredmedia":[{"embeddable":true,"href":"https:\/\/viarelli.com\/sv\/wp-json\/wp\/v2\/media\/6828"}],"wp:attachment":[{"href":"https:\/\/viarelli.com\/sv\/wp-json\/wp\/v2\/media?parent=6827"}],"wp:term":[{"taxonomy":"product_brand","embeddable":true,"href":"https:\/\/viarelli.com\/sv\/wp-json\/wp\/v2\/product_brand?post=6827"},{"taxonomy":"product_cat","embeddable":true,"href":"https:\/\/viarelli.com\/sv\/wp-json\/wp\/v2\/product_cat?post=6827"},{"taxonomy":"product_tag","embeddable":true,"href":"https:\/\/viarelli.com\/sv\/wp-json\/wp\/v2\/product_tag?post=6827"}],"curies":[{"name":"wp","href":"https:\/\/api.w.org\/{rel}","templated":true}]}}