{"id":6798,"date":"2023-02-16T11:40:59","date_gmt":"2023-02-16T10:40:59","guid":{"rendered":"https:\/\/viarelli.com\/?post_type=product&#038;p=6798"},"modified":"2024-03-18T13:29:01","modified_gmt":"2024-03-18T12:29:01","slug":"led-ljusramp-36w-12-led","status":"publish","type":"product","link":"https:\/\/viarelli.com\/sv\/produkt\/led-ljusramp-36w-12-led\/","title":{"rendered":"LED-ljusramp 36w 12-LED"},"content":{"rendered":"","protected":false},"excerpt":{"rendered":"<div class=\"list-attributes-title\">\n<p><strong>Snabbfakta<\/strong><\/p>\n<\/div>\n<div class=\"value\">\n<div class=\"wysiwyg-bulletpoint-list\">\n<p>f\u00e4ste till ljusrampen ing\u00e5r<\/p>\n<h2>Ljusramp<\/h2>\n<p>Ibland \u00e4r det extra viktigt att f\u00e5 bra ljus, det kan vara alltifr\u00e5n under jakten n\u00e4r skymningen har smugit sig p\u00e5 eller vid vinterns sn\u00f6r\u00f6jning tidigt p\u00e5 morgonen.<\/p>\n<p>Vi tog det i beaktning och har tagit fram denna ljusramp, med 12st LED-lampor p\u00e5 36W lyser denna ljusramp upp dina nattliga f\u00e4rder utan problem.<\/p>\n<p>Ljusrampen levereras v\u00e4l beskyddad i l\u00e5da tillsammans med anslutningskablage och f\u00e4ste.<\/p>\n<h3>Kvalit\u00e9<\/h3>\n<p>Med ett stabilt h\u00f6lje i snyggt svartlackerad metall kan du vara s\u00e4ker p\u00e5 att dina lampor \u00e4r v\u00e4l skyddade mot yttre p\u00e5frestningar s\u00e5som v\u00e4der och vind.<\/p>\n<\/div>\n<\/div>\n","protected":false},"featured_media":6799,"template":"","meta":{"_acf_changed":false},"product_brand":[],"product_cat":[133,113],"product_tag":[],"class_list":{"0":"post-6798","1":"product","2":"type-product","3":"status-publish","4":"has-post-thumbnail","6":"product_cat-offroadtillbehor","7":"product_cat-tillbehor","9":"first","10":"instock","11":"taxable","12":"shipping-taxable","13":"product-type-simple"},"acf":[],"yoast_head":"<!-- This site is optimized with the Yoast SEO plugin v27.3 - https:\/\/yoast.com\/product\/yoast-seo-wordpress\/ -->\n<title>LED-ljusramp 36w 12-LED - Viarelli<\/title>\n<meta name=\"robots\" content=\"index, follow, max-snippet:-1, max-image-preview:large, max-video-preview:-1\" \/>\n<link rel=\"canonical\" href=\"https:\/\/viarelli.com\/sv\/produkt\/led-ljusramp-36w-12-led\/\" \/>\n<meta property=\"og:locale\" content=\"sv_SE\" \/>\n<meta property=\"og:type\" content=\"article\" \/>\n<meta property=\"og:title\" content=\"LED-ljusramp 36w 12-LED - Viarelli\" \/>\n<meta property=\"og:description\" content=\"Snabbfakta      f\u00e4ste till ljusrampen ing\u00e5r Ljusramp Ibland \u00e4r det extra viktigt att f\u00e5 bra ljus, det kan vara alltifr\u00e5n under jakten n\u00e4r skymningen har smugit sig p\u00e5 eller vid vinterns sn\u00f6r\u00f6jning tidigt p\u00e5 morgonen.  Vi tog det i beaktning och har tagit fram denna ljusramp, med 12st LED-lampor p\u00e5 36W lyser denna ljusramp upp dina nattliga f\u00e4rder utan problem.  Ljusrampen levereras v\u00e4l beskyddad i l\u00e5da tillsammans med anslutningskablage och f\u00e4ste. Kvalit\u00e9 Med ett stabilt h\u00f6lje i snyggt svartlackerad metall kan du vara s\u00e4ker p\u00e5 att dina lampor \u00e4r v\u00e4l skyddade mot yttre p\u00e5frestningar s\u00e5som v\u00e4der och vind.\" \/>\n<meta property=\"og:url\" content=\"https:\/\/viarelli.com\/sv\/produkt\/led-ljusramp-36w-12-led\/\" \/>\n<meta property=\"og:site_name\" content=\"Viarelli\" \/>\n<meta property=\"article:modified_time\" content=\"2024-03-18T12:29:01+00:00\" \/>\n<meta property=\"og:image\" content=\"https:\/\/viarelli.com\/wp-content\/uploads\/2023\/02\/06-0000100_01_1.jpg\" \/>\n\t<meta property=\"og:image:width\" content=\"632\" \/>\n\t<meta property=\"og:image:height\" content=\"309\" \/>\n\t<meta property=\"og:image:type\" content=\"image\/jpeg\" \/>\n<meta name=\"twitter:card\" content=\"summary_large_image\" \/>\n<script type=\"application\/ld+json\" class=\"yoast-schema-graph\">{\"@context\":\"https:\\\/\\\/schema.org\",\"@graph\":[{\"@type\":\"WebPage\",\"@id\":\"https:\\\/\\\/viarelli.com\\\/sv\\\/produkt\\\/led-ljusramp-36w-12-led\\\/\",\"url\":\"https:\\\/\\\/viarelli.com\\\/sv\\\/produkt\\\/led-ljusramp-36w-12-led\\\/\",\"name\":\"LED-ljusramp 36w 12-LED - Viarelli\",\"isPartOf\":{\"@id\":\"https:\\\/\\\/viarelli.com\\\/#website\"},\"primaryImageOfPage\":{\"@id\":\"https:\\\/\\\/viarelli.com\\\/sv\\\/produkt\\\/led-ljusramp-36w-12-led\\\/#primaryimage\"},\"image\":{\"@id\":\"https:\\\/\\\/viarelli.com\\\/sv\\\/produkt\\\/led-ljusramp-36w-12-led\\\/#primaryimage\"},\"thumbnailUrl\":\"https:\\\/\\\/viarelli.com\\\/wp-content\\\/uploads\\\/2023\\\/02\\\/06-0000100_01_1.jpg\",\"datePublished\":\"2023-02-16T10:40:59+00:00\",\"dateModified\":\"2024-03-18T12:29:01+00:00\",\"breadcrumb\":{\"@id\":\"https:\\\/\\\/viarelli.com\\\/sv\\\/produkt\\\/led-ljusramp-36w-12-led\\\/#breadcrumb\"},\"inLanguage\":\"sv-SE\",\"potentialAction\":[{\"@type\":\"ReadAction\",\"target\":[\"https:\\\/\\\/viarelli.com\\\/sv\\\/produkt\\\/led-ljusramp-36w-12-led\\\/\"]}]},{\"@type\":\"ImageObject\",\"inLanguage\":\"sv-SE\",\"@id\":\"https:\\\/\\\/viarelli.com\\\/sv\\\/produkt\\\/led-ljusramp-36w-12-led\\\/#primaryimage\",\"url\":\"https:\\\/\\\/viarelli.com\\\/wp-content\\\/uploads\\\/2023\\\/02\\\/06-0000100_01_1.jpg\",\"contentUrl\":\"https:\\\/\\\/viarelli.com\\\/wp-content\\\/uploads\\\/2023\\\/02\\\/06-0000100_01_1.jpg\",\"width\":632,\"height\":309},{\"@type\":\"BreadcrumbList\",\"@id\":\"https:\\\/\\\/viarelli.com\\\/sv\\\/produkt\\\/led-ljusramp-36w-12-led\\\/#breadcrumb\",\"itemListElement\":[{\"@type\":\"ListItem\",\"position\":1,\"name\":\"Start\",\"item\":\"https:\\\/\\\/viarelli.com\\\/sv\\\/\"},{\"@type\":\"ListItem\",\"position\":2,\"name\":\"Products\",\"item\":\"https:\\\/\\\/viarelli.com\\\/sv\\\/shop\\\/\"},{\"@type\":\"ListItem\",\"position\":3,\"name\":\"LED-ljusramp 36w 12-LED\"}]},{\"@type\":\"WebSite\",\"@id\":\"https:\\\/\\\/viarelli.com\\\/#website\",\"url\":\"https:\\\/\\\/viarelli.com\\\/\",\"name\":\"Viarelli\",\"description\":\"\",\"potentialAction\":[{\"@type\":\"SearchAction\",\"target\":{\"@type\":\"EntryPoint\",\"urlTemplate\":\"https:\\\/\\\/viarelli.com\\\/?s={search_term_string}\"},\"query-input\":{\"@type\":\"PropertyValueSpecification\",\"valueRequired\":true,\"valueName\":\"search_term_string\"}}],\"inLanguage\":\"sv-SE\"}]}<\/script>\n<!-- \/ Yoast SEO plugin. -->","yoast_head_json":{"title":"LED-ljusramp 36w 12-LED - Viarelli","robots":{"index":"index","follow":"follow","max-snippet":"max-snippet:-1","max-image-preview":"max-image-preview:large","max-video-preview":"max-video-preview:-1"},"canonical":"https:\/\/viarelli.com\/sv\/produkt\/led-ljusramp-36w-12-led\/","og_locale":"sv_SE","og_type":"article","og_title":"LED-ljusramp 36w 12-LED - Viarelli","og_description":"Snabbfakta      f\u00e4ste till ljusrampen ing\u00e5r Ljusramp Ibland \u00e4r det extra viktigt att f\u00e5 bra ljus, det kan vara alltifr\u00e5n under jakten n\u00e4r skymningen har smugit sig p\u00e5 eller vid vinterns sn\u00f6r\u00f6jning tidigt p\u00e5 morgonen.  Vi tog det i beaktning och har tagit fram denna ljusramp, med 12st LED-lampor p\u00e5 36W lyser denna ljusramp upp dina nattliga f\u00e4rder utan problem.  Ljusrampen levereras v\u00e4l beskyddad i l\u00e5da tillsammans med anslutningskablage och f\u00e4ste. Kvalit\u00e9 Med ett stabilt h\u00f6lje i snyggt svartlackerad metall kan du vara s\u00e4ker p\u00e5 att dina lampor \u00e4r v\u00e4l skyddade mot yttre p\u00e5frestningar s\u00e5som v\u00e4der och vind.","og_url":"https:\/\/viarelli.com\/sv\/produkt\/led-ljusramp-36w-12-led\/","og_site_name":"Viarelli","article_modified_time":"2024-03-18T12:29:01+00:00","og_image":[{"width":632,"height":309,"url":"https:\/\/viarelli.com\/wp-content\/uploads\/2023\/02\/06-0000100_01_1.jpg","type":"image\/jpeg"}],"twitter_card":"summary_large_image","schema":{"@context":"https:\/\/schema.org","@graph":[{"@type":"WebPage","@id":"https:\/\/viarelli.com\/sv\/produkt\/led-ljusramp-36w-12-led\/","url":"https:\/\/viarelli.com\/sv\/produkt\/led-ljusramp-36w-12-led\/","name":"LED-ljusramp 36w 12-LED - Viarelli","isPartOf":{"@id":"https:\/\/viarelli.com\/#website"},"primaryImageOfPage":{"@id":"https:\/\/viarelli.com\/sv\/produkt\/led-ljusramp-36w-12-led\/#primaryimage"},"image":{"@id":"https:\/\/viarelli.com\/sv\/produkt\/led-ljusramp-36w-12-led\/#primaryimage"},"thumbnailUrl":"https:\/\/viarelli.com\/wp-content\/uploads\/2023\/02\/06-0000100_01_1.jpg","datePublished":"2023-02-16T10:40:59+00:00","dateModified":"2024-03-18T12:29:01+00:00","breadcrumb":{"@id":"https:\/\/viarelli.com\/sv\/produkt\/led-ljusramp-36w-12-led\/#breadcrumb"},"inLanguage":"sv-SE","potentialAction":[{"@type":"ReadAction","target":["https:\/\/viarelli.com\/sv\/produkt\/led-ljusramp-36w-12-led\/"]}]},{"@type":"ImageObject","inLanguage":"sv-SE","@id":"https:\/\/viarelli.com\/sv\/produkt\/led-ljusramp-36w-12-led\/#primaryimage","url":"https:\/\/viarelli.com\/wp-content\/uploads\/2023\/02\/06-0000100_01_1.jpg","contentUrl":"https:\/\/viarelli.com\/wp-content\/uploads\/2023\/02\/06-0000100_01_1.jpg","width":632,"height":309},{"@type":"BreadcrumbList","@id":"https:\/\/viarelli.com\/sv\/produkt\/led-ljusramp-36w-12-led\/#breadcrumb","itemListElement":[{"@type":"ListItem","position":1,"name":"Start","item":"https:\/\/viarelli.com\/sv\/"},{"@type":"ListItem","position":2,"name":"Products","item":"https:\/\/viarelli.com\/sv\/shop\/"},{"@type":"ListItem","position":3,"name":"LED-ljusramp 36w 12-LED"}]},{"@type":"WebSite","@id":"https:\/\/viarelli.com\/#website","url":"https:\/\/viarelli.com\/","name":"Viarelli","description":"","potentialAction":[{"@type":"SearchAction","target":{"@type":"EntryPoint","urlTemplate":"https:\/\/viarelli.com\/?s={search_term_string}"},"query-input":{"@type":"PropertyValueSpecification","valueRequired":true,"valueName":"search_term_string"}}],"inLanguage":"sv-SE"}]}},"_links":{"self":[{"href":"https:\/\/viarelli.com\/sv\/wp-json\/wp\/v2\/product\/6798","targetHints":{"allow":["GET"]}}],"collection":[{"href":"https:\/\/viarelli.com\/sv\/wp-json\/wp\/v2\/product"}],"about":[{"href":"https:\/\/viarelli.com\/sv\/wp-json\/wp\/v2\/types\/product"}],"wp:featuredmedia":[{"embeddable":true,"href":"https:\/\/viarelli.com\/sv\/wp-json\/wp\/v2\/media\/6799"}],"wp:attachment":[{"href":"https:\/\/viarelli.com\/sv\/wp-json\/wp\/v2\/media?parent=6798"}],"wp:term":[{"taxonomy":"product_brand","embeddable":true,"href":"https:\/\/viarelli.com\/sv\/wp-json\/wp\/v2\/product_brand?post=6798"},{"taxonomy":"product_cat","embeddable":true,"href":"https:\/\/viarelli.com\/sv\/wp-json\/wp\/v2\/product_cat?post=6798"},{"taxonomy":"product_tag","embeddable":true,"href":"https:\/\/viarelli.com\/sv\/wp-json\/wp\/v2\/product_tag?post=6798"}],"curies":[{"name":"wp","href":"https:\/\/api.w.org\/{rel}","templated":true}]}}