{"id":6783,"date":"2023-02-16T11:36:23","date_gmt":"2023-02-16T10:36:23","guid":{"rendered":"https:\/\/viarelli.com\/?post_type=product&#038;p=6783"},"modified":"2024-03-18T13:29:02","modified_gmt":"2024-03-18T12:29:02","slug":"universal-snoplog-till-atv-105cm","status":"publish","type":"product","link":"https:\/\/viarelli.com\/sv\/produkt\/universal-snoplog-till-atv-105cm\/","title":{"rendered":"Universal Sn\u00f6plog till ATV 105cm"},"content":{"rendered":"","protected":false},"excerpt":{"rendered":"<div class=\"list-attributes-title\">\n<p><strong>Snabbfakta<\/strong><\/p>\n<\/div>\n<div class=\"value\">\n<div class=\"wysiwyg-bulletpoint-list\">\n<p>Universalt plogblad med smidigt montage p\u00e5 f\u00e4stplatta till n\u00e4stan alla ATV:er. Enkelt att montera &amp; avmontera.<br \/>\nGl\u00f6m inte k\u00f6pa till\u00a0<strong><a href=\"https:\/\/motorsweden.se\/tillbehor-vinsch-hunter\" target=\"_blank\" rel=\"noopener\">vinsch<\/a><\/strong><\/p>\n<h3>Montering<\/h3>\n<p>Plogbladet monteras l\u00e4tt p\u00e5 din ATV med medf\u00f6ljande skruvar och bultar. Monteringsbeskrivningen som medf\u00f6ljer paketet g\u00e5r igenom steg f\u00f6r steg s\u00e5 att du kan vara s\u00e4ker p\u00e5 att du gjort r\u00e4tt.<\/p>\n<h3>Kvalit\u00e9<\/h3>\n<p>Plogbladet \u00e4r konstruerat i t\u00e5ligt st\u00e5l och behandlat med rostskyddsf\u00e4rg f\u00f6r extra l\u00e5ng livstid.<\/p>\n<\/div>\n<\/div>\n","protected":false},"featured_media":6784,"template":"","meta":{"_acf_changed":false},"product_brand":[],"product_cat":[133,113],"product_tag":[],"class_list":{"0":"post-6783","1":"product","2":"type-product","3":"status-publish","4":"has-post-thumbnail","6":"product_cat-offroadtillbehor","7":"product_cat-tillbehor","9":"first","10":"instock","11":"taxable","12":"shipping-taxable","13":"product-type-simple"},"acf":[],"yoast_head":"<!-- This site is optimized with the Yoast SEO plugin v27.5 - https:\/\/yoast.com\/product\/yoast-seo-wordpress\/ -->\n<title>Universal Sn\u00f6plog till ATV 105cm - Viarelli<\/title>\n<meta name=\"robots\" content=\"index, follow, max-snippet:-1, max-image-preview:large, max-video-preview:-1\" \/>\n<link rel=\"canonical\" href=\"https:\/\/viarelli.com\/sv\/produkt\/universal-snoplog-till-atv-105cm\/\" \/>\n<meta property=\"og:locale\" content=\"sv_SE\" \/>\n<meta property=\"og:type\" content=\"article\" \/>\n<meta property=\"og:title\" content=\"Universal Sn\u00f6plog till ATV 105cm - Viarelli\" \/>\n<meta property=\"og:description\" content=\"Snabbfakta      Universalt plogblad med smidigt montage p\u00e5 f\u00e4stplatta till n\u00e4stan alla ATV:er. Enkelt att montera &amp; avmontera. Gl\u00f6m inte k\u00f6pa till\u00a0vinsch Montering Plogbladet monteras l\u00e4tt p\u00e5 din ATV med medf\u00f6ljande skruvar och bultar. Monteringsbeskrivningen som medf\u00f6ljer paketet g\u00e5r igenom steg f\u00f6r steg s\u00e5 att du kan vara s\u00e4ker p\u00e5 att du gjort r\u00e4tt. Kvalit\u00e9 Plogbladet \u00e4r konstruerat i t\u00e5ligt st\u00e5l och behandlat med rostskyddsf\u00e4rg f\u00f6r extra l\u00e5ng livstid.\" \/>\n<meta property=\"og:url\" content=\"https:\/\/viarelli.com\/sv\/produkt\/universal-snoplog-till-atv-105cm\/\" \/>\n<meta property=\"og:site_name\" content=\"Viarelli\" \/>\n<meta property=\"article:modified_time\" content=\"2024-03-18T12:29:02+00:00\" \/>\n<meta property=\"og:image\" content=\"https:\/\/viarelli.com\/wp-content\/uploads\/2023\/02\/hunter_plog_2.jpg\" \/>\n\t<meta property=\"og:image:width\" content=\"632\" \/>\n\t<meta property=\"og:image:height\" content=\"488\" \/>\n\t<meta property=\"og:image:type\" content=\"image\/jpeg\" \/>\n<meta name=\"twitter:card\" content=\"summary_large_image\" \/>\n<script type=\"application\/ld+json\" class=\"yoast-schema-graph\">{\"@context\":\"https:\\\/\\\/schema.org\",\"@graph\":[{\"@type\":\"WebPage\",\"@id\":\"https:\\\/\\\/viarelli.com\\\/sv\\\/produkt\\\/universal-snoplog-till-atv-105cm\\\/\",\"url\":\"https:\\\/\\\/viarelli.com\\\/sv\\\/produkt\\\/universal-snoplog-till-atv-105cm\\\/\",\"name\":\"Universal Sn\u00f6plog till ATV 105cm - Viarelli\",\"isPartOf\":{\"@id\":\"https:\\\/\\\/viarelli.com\\\/#website\"},\"primaryImageOfPage\":{\"@id\":\"https:\\\/\\\/viarelli.com\\\/sv\\\/produkt\\\/universal-snoplog-till-atv-105cm\\\/#primaryimage\"},\"image\":{\"@id\":\"https:\\\/\\\/viarelli.com\\\/sv\\\/produkt\\\/universal-snoplog-till-atv-105cm\\\/#primaryimage\"},\"thumbnailUrl\":\"https:\\\/\\\/viarelli.com\\\/wp-content\\\/uploads\\\/2023\\\/02\\\/hunter_plog_2.jpg\",\"datePublished\":\"2023-02-16T10:36:23+00:00\",\"dateModified\":\"2024-03-18T12:29:02+00:00\",\"breadcrumb\":{\"@id\":\"https:\\\/\\\/viarelli.com\\\/sv\\\/produkt\\\/universal-snoplog-till-atv-105cm\\\/#breadcrumb\"},\"inLanguage\":\"sv-SE\",\"potentialAction\":[{\"@type\":\"ReadAction\",\"target\":[\"https:\\\/\\\/viarelli.com\\\/sv\\\/produkt\\\/universal-snoplog-till-atv-105cm\\\/\"]}]},{\"@type\":\"ImageObject\",\"inLanguage\":\"sv-SE\",\"@id\":\"https:\\\/\\\/viarelli.com\\\/sv\\\/produkt\\\/universal-snoplog-till-atv-105cm\\\/#primaryimage\",\"url\":\"https:\\\/\\\/viarelli.com\\\/wp-content\\\/uploads\\\/2023\\\/02\\\/hunter_plog_2.jpg\",\"contentUrl\":\"https:\\\/\\\/viarelli.com\\\/wp-content\\\/uploads\\\/2023\\\/02\\\/hunter_plog_2.jpg\",\"width\":632,\"height\":488},{\"@type\":\"BreadcrumbList\",\"@id\":\"https:\\\/\\\/viarelli.com\\\/sv\\\/produkt\\\/universal-snoplog-till-atv-105cm\\\/#breadcrumb\",\"itemListElement\":[{\"@type\":\"ListItem\",\"position\":1,\"name\":\"Start\",\"item\":\"https:\\\/\\\/viarelli.com\\\/sv\\\/\"},{\"@type\":\"ListItem\",\"position\":2,\"name\":\"Products\",\"item\":\"https:\\\/\\\/viarelli.com\\\/sv\\\/shop\\\/\"},{\"@type\":\"ListItem\",\"position\":3,\"name\":\"Universal Sn\u00f6plog till ATV 105cm\"}]},{\"@type\":\"WebSite\",\"@id\":\"https:\\\/\\\/viarelli.com\\\/#website\",\"url\":\"https:\\\/\\\/viarelli.com\\\/\",\"name\":\"Viarelli\",\"description\":\"\",\"potentialAction\":[{\"@type\":\"SearchAction\",\"target\":{\"@type\":\"EntryPoint\",\"urlTemplate\":\"https:\\\/\\\/viarelli.com\\\/?s={search_term_string}\"},\"query-input\":{\"@type\":\"PropertyValueSpecification\",\"valueRequired\":true,\"valueName\":\"search_term_string\"}}],\"inLanguage\":\"sv-SE\"}]}<\/script>\n<!-- \/ Yoast SEO plugin. -->","yoast_head_json":{"title":"Universal Sn\u00f6plog till ATV 105cm - Viarelli","robots":{"index":"index","follow":"follow","max-snippet":"max-snippet:-1","max-image-preview":"max-image-preview:large","max-video-preview":"max-video-preview:-1"},"canonical":"https:\/\/viarelli.com\/sv\/produkt\/universal-snoplog-till-atv-105cm\/","og_locale":"sv_SE","og_type":"article","og_title":"Universal Sn\u00f6plog till ATV 105cm - Viarelli","og_description":"Snabbfakta      Universalt plogblad med smidigt montage p\u00e5 f\u00e4stplatta till n\u00e4stan alla ATV:er. Enkelt att montera &amp; avmontera. Gl\u00f6m inte k\u00f6pa till\u00a0vinsch Montering Plogbladet monteras l\u00e4tt p\u00e5 din ATV med medf\u00f6ljande skruvar och bultar. Monteringsbeskrivningen som medf\u00f6ljer paketet g\u00e5r igenom steg f\u00f6r steg s\u00e5 att du kan vara s\u00e4ker p\u00e5 att du gjort r\u00e4tt. Kvalit\u00e9 Plogbladet \u00e4r konstruerat i t\u00e5ligt st\u00e5l och behandlat med rostskyddsf\u00e4rg f\u00f6r extra l\u00e5ng livstid.","og_url":"https:\/\/viarelli.com\/sv\/produkt\/universal-snoplog-till-atv-105cm\/","og_site_name":"Viarelli","article_modified_time":"2024-03-18T12:29:02+00:00","og_image":[{"width":632,"height":488,"url":"https:\/\/viarelli.com\/wp-content\/uploads\/2023\/02\/hunter_plog_2.jpg","type":"image\/jpeg"}],"twitter_card":"summary_large_image","schema":{"@context":"https:\/\/schema.org","@graph":[{"@type":"WebPage","@id":"https:\/\/viarelli.com\/sv\/produkt\/universal-snoplog-till-atv-105cm\/","url":"https:\/\/viarelli.com\/sv\/produkt\/universal-snoplog-till-atv-105cm\/","name":"Universal Sn\u00f6plog till ATV 105cm - Viarelli","isPartOf":{"@id":"https:\/\/viarelli.com\/#website"},"primaryImageOfPage":{"@id":"https:\/\/viarelli.com\/sv\/produkt\/universal-snoplog-till-atv-105cm\/#primaryimage"},"image":{"@id":"https:\/\/viarelli.com\/sv\/produkt\/universal-snoplog-till-atv-105cm\/#primaryimage"},"thumbnailUrl":"https:\/\/viarelli.com\/wp-content\/uploads\/2023\/02\/hunter_plog_2.jpg","datePublished":"2023-02-16T10:36:23+00:00","dateModified":"2024-03-18T12:29:02+00:00","breadcrumb":{"@id":"https:\/\/viarelli.com\/sv\/produkt\/universal-snoplog-till-atv-105cm\/#breadcrumb"},"inLanguage":"sv-SE","potentialAction":[{"@type":"ReadAction","target":["https:\/\/viarelli.com\/sv\/produkt\/universal-snoplog-till-atv-105cm\/"]}]},{"@type":"ImageObject","inLanguage":"sv-SE","@id":"https:\/\/viarelli.com\/sv\/produkt\/universal-snoplog-till-atv-105cm\/#primaryimage","url":"https:\/\/viarelli.com\/wp-content\/uploads\/2023\/02\/hunter_plog_2.jpg","contentUrl":"https:\/\/viarelli.com\/wp-content\/uploads\/2023\/02\/hunter_plog_2.jpg","width":632,"height":488},{"@type":"BreadcrumbList","@id":"https:\/\/viarelli.com\/sv\/produkt\/universal-snoplog-till-atv-105cm\/#breadcrumb","itemListElement":[{"@type":"ListItem","position":1,"name":"Start","item":"https:\/\/viarelli.com\/sv\/"},{"@type":"ListItem","position":2,"name":"Products","item":"https:\/\/viarelli.com\/sv\/shop\/"},{"@type":"ListItem","position":3,"name":"Universal Sn\u00f6plog till ATV 105cm"}]},{"@type":"WebSite","@id":"https:\/\/viarelli.com\/#website","url":"https:\/\/viarelli.com\/","name":"Viarelli","description":"","potentialAction":[{"@type":"SearchAction","target":{"@type":"EntryPoint","urlTemplate":"https:\/\/viarelli.com\/?s={search_term_string}"},"query-input":{"@type":"PropertyValueSpecification","valueRequired":true,"valueName":"search_term_string"}}],"inLanguage":"sv-SE"}]}},"_links":{"self":[{"href":"https:\/\/viarelli.com\/sv\/wp-json\/wp\/v2\/product\/6783","targetHints":{"allow":["GET"]}}],"collection":[{"href":"https:\/\/viarelli.com\/sv\/wp-json\/wp\/v2\/product"}],"about":[{"href":"https:\/\/viarelli.com\/sv\/wp-json\/wp\/v2\/types\/product"}],"wp:featuredmedia":[{"embeddable":true,"href":"https:\/\/viarelli.com\/sv\/wp-json\/wp\/v2\/media\/6784"}],"wp:attachment":[{"href":"https:\/\/viarelli.com\/sv\/wp-json\/wp\/v2\/media?parent=6783"}],"wp:term":[{"taxonomy":"product_brand","embeddable":true,"href":"https:\/\/viarelli.com\/sv\/wp-json\/wp\/v2\/product_brand?post=6783"},{"taxonomy":"product_cat","embeddable":true,"href":"https:\/\/viarelli.com\/sv\/wp-json\/wp\/v2\/product_cat?post=6783"},{"taxonomy":"product_tag","embeddable":true,"href":"https:\/\/viarelli.com\/sv\/wp-json\/wp\/v2\/product_tag?post=6783"}],"curies":[{"name":"wp","href":"https:\/\/api.w.org\/{rel}","templated":true}]}}