{"id":6780,"date":"2023-02-16T11:31:22","date_gmt":"2023-02-16T10:31:22","guid":{"rendered":"https:\/\/viarelli.com\/?post_type=product&#038;p=6780"},"modified":"2024-03-18T13:29:02","modified_gmt":"2024-03-18T12:29:02","slug":"harv","status":"publish","type":"product","link":"https:\/\/viarelli.com\/sv\/produkt\/harv\/","title":{"rendered":"Harv"},"content":{"rendered":"","protected":false},"excerpt":{"rendered":"<h2>Harv<\/h2>\n<p>Tr\u00f6tt p\u00e5 att kratta singlet p\u00e5 uppfarten? Med denna harv till din VIARELLI HUNTER s\u00e5 k\u00f6r du l\u00e4tt \u00f6ver g\u00e5rdsplanen och har tid \u00f6ver till roligare saker.<\/p>\n<h3>Montering<\/h3>\n<p>Harven best\u00e5r av tv\u00e5 delar n\u00e4r du f\u00e5r den i ditt paket. Koppla ihop dessa och f\u00e4st den i din maskins dragkrok s\u00e5 \u00e4r du redo att l\u00e5ta din g\u00e5rdsplan se ut som n\u00e5got som h\u00f6r hemma p\u00e5 en herrg\u00e5rd.<\/p>\n<h3>Vikt<\/h3>\n<p>Harven v\u00e4ger ca 7kg<\/p>\n<h3>Kvalit\u00e9<\/h3>\n<p>De 13st \u201dpiggarna\u201d \u00e4r v\u00e4l svetsade i konstruktionen och n\u00e5r med sin l\u00e4ngd enkelt ner i singlet. Den \u00e4r 136cm bred och &#8221;piggarna&#8221; \u00e4r 6cm l\u00e5nga.<\/p>\n","protected":false},"featured_media":6781,"template":"","meta":{"_acf_changed":false},"product_brand":[],"product_cat":[133,113],"product_tag":[],"class_list":{"0":"post-6780","1":"product","2":"type-product","3":"status-publish","4":"has-post-thumbnail","6":"product_cat-offroadtillbehor","7":"product_cat-tillbehor","9":"first","10":"instock","11":"taxable","12":"shipping-taxable","13":"product-type-simple"},"acf":[],"yoast_head":"<!-- This site is optimized with the Yoast SEO plugin v27.5 - https:\/\/yoast.com\/product\/yoast-seo-wordpress\/ -->\n<title>Harv - Viarelli<\/title>\n<meta name=\"robots\" content=\"index, follow, max-snippet:-1, max-image-preview:large, max-video-preview:-1\" \/>\n<link rel=\"canonical\" href=\"https:\/\/viarelli.com\/sv\/produkt\/harv\/\" \/>\n<meta property=\"og:locale\" content=\"sv_SE\" \/>\n<meta property=\"og:type\" content=\"article\" \/>\n<meta property=\"og:title\" content=\"Harv - Viarelli\" \/>\n<meta property=\"og:description\" content=\"Harv Tr\u00f6tt p\u00e5 att kratta singlet p\u00e5 uppfarten? Med denna harv till din VIARELLI HUNTER s\u00e5 k\u00f6r du l\u00e4tt \u00f6ver g\u00e5rdsplanen och har tid \u00f6ver till roligare saker. Montering Harven best\u00e5r av tv\u00e5 delar n\u00e4r du f\u00e5r den i ditt paket. Koppla ihop dessa och f\u00e4st den i din maskins dragkrok s\u00e5 \u00e4r du redo att l\u00e5ta din g\u00e5rdsplan se ut som n\u00e5got som h\u00f6r hemma p\u00e5 en herrg\u00e5rd. Vikt Harven v\u00e4ger ca 7kg Kvalit\u00e9 De 13st \u201dpiggarna\u201d \u00e4r v\u00e4l svetsade i konstruktionen och n\u00e5r med sin l\u00e4ngd enkelt ner i singlet. Den \u00e4r 136cm bred och &quot;piggarna&quot; \u00e4r 6cm l\u00e5nga.\" \/>\n<meta property=\"og:url\" content=\"https:\/\/viarelli.com\/sv\/produkt\/harv\/\" \/>\n<meta property=\"og:site_name\" content=\"Viarelli\" \/>\n<meta property=\"article:modified_time\" content=\"2024-03-18T12:29:02+00:00\" \/>\n<meta property=\"og:image\" content=\"https:\/\/viarelli.com\/wp-content\/uploads\/2023\/02\/06-0003278.jpg\" \/>\n\t<meta property=\"og:image:width\" content=\"632\" \/>\n\t<meta property=\"og:image:height\" content=\"420\" \/>\n\t<meta property=\"og:image:type\" content=\"image\/jpeg\" \/>\n<meta name=\"twitter:card\" content=\"summary_large_image\" \/>\n<script type=\"application\/ld+json\" class=\"yoast-schema-graph\">{\"@context\":\"https:\\\/\\\/schema.org\",\"@graph\":[{\"@type\":\"WebPage\",\"@id\":\"https:\\\/\\\/viarelli.com\\\/sv\\\/produkt\\\/harv\\\/\",\"url\":\"https:\\\/\\\/viarelli.com\\\/sv\\\/produkt\\\/harv\\\/\",\"name\":\"Harv - Viarelli\",\"isPartOf\":{\"@id\":\"https:\\\/\\\/viarelli.com\\\/#website\"},\"primaryImageOfPage\":{\"@id\":\"https:\\\/\\\/viarelli.com\\\/sv\\\/produkt\\\/harv\\\/#primaryimage\"},\"image\":{\"@id\":\"https:\\\/\\\/viarelli.com\\\/sv\\\/produkt\\\/harv\\\/#primaryimage\"},\"thumbnailUrl\":\"https:\\\/\\\/viarelli.com\\\/wp-content\\\/uploads\\\/2023\\\/02\\\/06-0003278.jpg\",\"datePublished\":\"2023-02-16T10:31:22+00:00\",\"dateModified\":\"2024-03-18T12:29:02+00:00\",\"breadcrumb\":{\"@id\":\"https:\\\/\\\/viarelli.com\\\/sv\\\/produkt\\\/harv\\\/#breadcrumb\"},\"inLanguage\":\"sv-SE\",\"potentialAction\":[{\"@type\":\"ReadAction\",\"target\":[\"https:\\\/\\\/viarelli.com\\\/sv\\\/produkt\\\/harv\\\/\"]}]},{\"@type\":\"ImageObject\",\"inLanguage\":\"sv-SE\",\"@id\":\"https:\\\/\\\/viarelli.com\\\/sv\\\/produkt\\\/harv\\\/#primaryimage\",\"url\":\"https:\\\/\\\/viarelli.com\\\/wp-content\\\/uploads\\\/2023\\\/02\\\/06-0003278.jpg\",\"contentUrl\":\"https:\\\/\\\/viarelli.com\\\/wp-content\\\/uploads\\\/2023\\\/02\\\/06-0003278.jpg\",\"width\":632,\"height\":420},{\"@type\":\"BreadcrumbList\",\"@id\":\"https:\\\/\\\/viarelli.com\\\/sv\\\/produkt\\\/harv\\\/#breadcrumb\",\"itemListElement\":[{\"@type\":\"ListItem\",\"position\":1,\"name\":\"Start\",\"item\":\"https:\\\/\\\/viarelli.com\\\/sv\\\/\"},{\"@type\":\"ListItem\",\"position\":2,\"name\":\"Products\",\"item\":\"https:\\\/\\\/viarelli.com\\\/sv\\\/shop\\\/\"},{\"@type\":\"ListItem\",\"position\":3,\"name\":\"Harv\"}]},{\"@type\":\"WebSite\",\"@id\":\"https:\\\/\\\/viarelli.com\\\/#website\",\"url\":\"https:\\\/\\\/viarelli.com\\\/\",\"name\":\"Viarelli\",\"description\":\"\",\"potentialAction\":[{\"@type\":\"SearchAction\",\"target\":{\"@type\":\"EntryPoint\",\"urlTemplate\":\"https:\\\/\\\/viarelli.com\\\/?s={search_term_string}\"},\"query-input\":{\"@type\":\"PropertyValueSpecification\",\"valueRequired\":true,\"valueName\":\"search_term_string\"}}],\"inLanguage\":\"sv-SE\"}]}<\/script>\n<!-- \/ Yoast SEO plugin. -->","yoast_head_json":{"title":"Harv - Viarelli","robots":{"index":"index","follow":"follow","max-snippet":"max-snippet:-1","max-image-preview":"max-image-preview:large","max-video-preview":"max-video-preview:-1"},"canonical":"https:\/\/viarelli.com\/sv\/produkt\/harv\/","og_locale":"sv_SE","og_type":"article","og_title":"Harv - Viarelli","og_description":"Harv Tr\u00f6tt p\u00e5 att kratta singlet p\u00e5 uppfarten? Med denna harv till din VIARELLI HUNTER s\u00e5 k\u00f6r du l\u00e4tt \u00f6ver g\u00e5rdsplanen och har tid \u00f6ver till roligare saker. Montering Harven best\u00e5r av tv\u00e5 delar n\u00e4r du f\u00e5r den i ditt paket. Koppla ihop dessa och f\u00e4st den i din maskins dragkrok s\u00e5 \u00e4r du redo att l\u00e5ta din g\u00e5rdsplan se ut som n\u00e5got som h\u00f6r hemma p\u00e5 en herrg\u00e5rd. Vikt Harven v\u00e4ger ca 7kg Kvalit\u00e9 De 13st \u201dpiggarna\u201d \u00e4r v\u00e4l svetsade i konstruktionen och n\u00e5r med sin l\u00e4ngd enkelt ner i singlet. Den \u00e4r 136cm bred och \"piggarna\" \u00e4r 6cm l\u00e5nga.","og_url":"https:\/\/viarelli.com\/sv\/produkt\/harv\/","og_site_name":"Viarelli","article_modified_time":"2024-03-18T12:29:02+00:00","og_image":[{"width":632,"height":420,"url":"https:\/\/viarelli.com\/wp-content\/uploads\/2023\/02\/06-0003278.jpg","type":"image\/jpeg"}],"twitter_card":"summary_large_image","schema":{"@context":"https:\/\/schema.org","@graph":[{"@type":"WebPage","@id":"https:\/\/viarelli.com\/sv\/produkt\/harv\/","url":"https:\/\/viarelli.com\/sv\/produkt\/harv\/","name":"Harv - Viarelli","isPartOf":{"@id":"https:\/\/viarelli.com\/#website"},"primaryImageOfPage":{"@id":"https:\/\/viarelli.com\/sv\/produkt\/harv\/#primaryimage"},"image":{"@id":"https:\/\/viarelli.com\/sv\/produkt\/harv\/#primaryimage"},"thumbnailUrl":"https:\/\/viarelli.com\/wp-content\/uploads\/2023\/02\/06-0003278.jpg","datePublished":"2023-02-16T10:31:22+00:00","dateModified":"2024-03-18T12:29:02+00:00","breadcrumb":{"@id":"https:\/\/viarelli.com\/sv\/produkt\/harv\/#breadcrumb"},"inLanguage":"sv-SE","potentialAction":[{"@type":"ReadAction","target":["https:\/\/viarelli.com\/sv\/produkt\/harv\/"]}]},{"@type":"ImageObject","inLanguage":"sv-SE","@id":"https:\/\/viarelli.com\/sv\/produkt\/harv\/#primaryimage","url":"https:\/\/viarelli.com\/wp-content\/uploads\/2023\/02\/06-0003278.jpg","contentUrl":"https:\/\/viarelli.com\/wp-content\/uploads\/2023\/02\/06-0003278.jpg","width":632,"height":420},{"@type":"BreadcrumbList","@id":"https:\/\/viarelli.com\/sv\/produkt\/harv\/#breadcrumb","itemListElement":[{"@type":"ListItem","position":1,"name":"Start","item":"https:\/\/viarelli.com\/sv\/"},{"@type":"ListItem","position":2,"name":"Products","item":"https:\/\/viarelli.com\/sv\/shop\/"},{"@type":"ListItem","position":3,"name":"Harv"}]},{"@type":"WebSite","@id":"https:\/\/viarelli.com\/#website","url":"https:\/\/viarelli.com\/","name":"Viarelli","description":"","potentialAction":[{"@type":"SearchAction","target":{"@type":"EntryPoint","urlTemplate":"https:\/\/viarelli.com\/?s={search_term_string}"},"query-input":{"@type":"PropertyValueSpecification","valueRequired":true,"valueName":"search_term_string"}}],"inLanguage":"sv-SE"}]}},"_links":{"self":[{"href":"https:\/\/viarelli.com\/sv\/wp-json\/wp\/v2\/product\/6780","targetHints":{"allow":["GET"]}}],"collection":[{"href":"https:\/\/viarelli.com\/sv\/wp-json\/wp\/v2\/product"}],"about":[{"href":"https:\/\/viarelli.com\/sv\/wp-json\/wp\/v2\/types\/product"}],"wp:featuredmedia":[{"embeddable":true,"href":"https:\/\/viarelli.com\/sv\/wp-json\/wp\/v2\/media\/6781"}],"wp:attachment":[{"href":"https:\/\/viarelli.com\/sv\/wp-json\/wp\/v2\/media?parent=6780"}],"wp:term":[{"taxonomy":"product_brand","embeddable":true,"href":"https:\/\/viarelli.com\/sv\/wp-json\/wp\/v2\/product_brand?post=6780"},{"taxonomy":"product_cat","embeddable":true,"href":"https:\/\/viarelli.com\/sv\/wp-json\/wp\/v2\/product_cat?post=6780"},{"taxonomy":"product_tag","embeddable":true,"href":"https:\/\/viarelli.com\/sv\/wp-json\/wp\/v2\/product_tag?post=6780"}],"curies":[{"name":"wp","href":"https:\/\/api.w.org\/{rel}","templated":true}]}}