{"id":6733,"date":"2023-02-16T11:04:44","date_gmt":"2023-02-16T10:04:44","guid":{"rendered":"https:\/\/viarelli.com\/?post_type=product&#038;p=6733"},"modified":"2024-03-18T13:31:25","modified_gmt":"2024-03-18T12:31:25","slug":"toppbox-34l-svart-komplett-med-monteringssats-lpi","status":"publish","type":"product","link":"https:\/\/viarelli.com\/sv\/produkt\/toppbox-34l-svart-komplett-med-monteringssats-lpi\/","title":{"rendered":"Toppbox 34L Svart Komplett Med Monteringssats (LPI)"},"content":{"rendered":"","protected":false},"excerpt":{"rendered":"<p>Toppbox LPI av h\u00f6g kvalitet komplett med monteringslatta o tillbeh\u00f6r med 2 nycklar.<br \/>\nBoxen rymmer utan problem 1st hj\u00e4lm oavsett m\u00e4rke eller design.<br \/>\nM\u00e5tt:<br \/>\na=300\/b=407\/c=400 mm.<br \/>\nMaxlast: 3 kg. Volym: ca 34 liter<\/p>\n<p>Boxen st\u00e4ngs enkelt med sitt snabbl\u00e5s typ GIVI, och g\u00e5r sj\u00e4lvklart att plocka av och ta med sig om s\u00e5 \u00f6nskas. *Paketh\u00e5llare m\u00e5ste vid behov k\u00f6pas till separat f\u00f6r att kunna montera toppboxen. Toppboxen \u00e4r universal och passar b\u00e5de st\u00f6rre o mindre scooters, och \u00e4ven ATV.<\/p>\n<p>LPI \u00e4r kvalitetsprodukter fr\u00e5n Taiwan<\/p>\n","protected":false},"featured_media":6734,"template":"","meta":{"_acf_changed":false},"product_brand":[],"product_cat":[132,113],"product_tag":[],"class_list":{"0":"post-6733","1":"product","2":"type-product","3":"status-publish","4":"has-post-thumbnail","6":"product_cat-mopedtillbehor","7":"product_cat-tillbehor","9":"first","10":"instock","11":"taxable","12":"shipping-taxable","13":"product-type-simple"},"acf":[],"yoast_head":"<!-- This site is optimized with the Yoast SEO plugin v27.5 - https:\/\/yoast.com\/product\/yoast-seo-wordpress\/ -->\n<title>Toppbox 34L Svart Komplett Med Monteringssats (LPI) - Viarelli<\/title>\n<meta name=\"robots\" content=\"index, follow, max-snippet:-1, max-image-preview:large, max-video-preview:-1\" \/>\n<link rel=\"canonical\" href=\"https:\/\/viarelli.com\/sv\/produkt\/toppbox-34l-svart-komplett-med-monteringssats-lpi\/\" \/>\n<meta property=\"og:locale\" content=\"sv_SE\" \/>\n<meta property=\"og:type\" content=\"article\" \/>\n<meta property=\"og:title\" content=\"Toppbox 34L Svart Komplett Med Monteringssats (LPI) - Viarelli\" \/>\n<meta property=\"og:description\" content=\"Toppbox LPI av h\u00f6g kvalitet komplett med monteringslatta o tillbeh\u00f6r med 2 nycklar. Boxen rymmer utan problem 1st hj\u00e4lm oavsett m\u00e4rke eller design. M\u00e5tt: a=300\/b=407\/c=400 mm. Maxlast: 3 kg. Volym: ca 34 liter  Boxen st\u00e4ngs enkelt med sitt snabbl\u00e5s typ GIVI, och g\u00e5r sj\u00e4lvklart att plocka av och ta med sig om s\u00e5 \u00f6nskas. *Paketh\u00e5llare m\u00e5ste vid behov k\u00f6pas till separat f\u00f6r att kunna montera toppboxen. Toppboxen \u00e4r universal och passar b\u00e5de st\u00f6rre o mindre scooters, och \u00e4ven ATV.  LPI \u00e4r kvalitetsprodukter fr\u00e5n Taiwan\" \/>\n<meta property=\"og:url\" content=\"https:\/\/viarelli.com\/sv\/produkt\/toppbox-34l-svart-komplett-med-monteringssats-lpi\/\" \/>\n<meta property=\"og:site_name\" content=\"Viarelli\" \/>\n<meta property=\"article:modified_time\" content=\"2024-03-18T12:31:25+00:00\" \/>\n<meta property=\"og:image\" content=\"https:\/\/viarelli.com\/wp-content\/uploads\/2023\/02\/00-1010170_10.jpg\" \/>\n\t<meta property=\"og:image:width\" content=\"632\" \/>\n\t<meta property=\"og:image:height\" content=\"536\" \/>\n\t<meta property=\"og:image:type\" content=\"image\/jpeg\" \/>\n<meta name=\"twitter:card\" content=\"summary_large_image\" \/>\n<script type=\"application\/ld+json\" class=\"yoast-schema-graph\">{\"@context\":\"https:\\\/\\\/schema.org\",\"@graph\":[{\"@type\":\"WebPage\",\"@id\":\"https:\\\/\\\/viarelli.com\\\/sv\\\/produkt\\\/toppbox-34l-svart-komplett-med-monteringssats-lpi\\\/\",\"url\":\"https:\\\/\\\/viarelli.com\\\/sv\\\/produkt\\\/toppbox-34l-svart-komplett-med-monteringssats-lpi\\\/\",\"name\":\"Toppbox 34L Svart Komplett Med Monteringssats (LPI) - Viarelli\",\"isPartOf\":{\"@id\":\"https:\\\/\\\/viarelli.com\\\/#website\"},\"primaryImageOfPage\":{\"@id\":\"https:\\\/\\\/viarelli.com\\\/sv\\\/produkt\\\/toppbox-34l-svart-komplett-med-monteringssats-lpi\\\/#primaryimage\"},\"image\":{\"@id\":\"https:\\\/\\\/viarelli.com\\\/sv\\\/produkt\\\/toppbox-34l-svart-komplett-med-monteringssats-lpi\\\/#primaryimage\"},\"thumbnailUrl\":\"https:\\\/\\\/viarelli.com\\\/wp-content\\\/uploads\\\/2023\\\/02\\\/00-1010170_10.jpg\",\"datePublished\":\"2023-02-16T10:04:44+00:00\",\"dateModified\":\"2024-03-18T12:31:25+00:00\",\"breadcrumb\":{\"@id\":\"https:\\\/\\\/viarelli.com\\\/sv\\\/produkt\\\/toppbox-34l-svart-komplett-med-monteringssats-lpi\\\/#breadcrumb\"},\"inLanguage\":\"sv-SE\",\"potentialAction\":[{\"@type\":\"ReadAction\",\"target\":[\"https:\\\/\\\/viarelli.com\\\/sv\\\/produkt\\\/toppbox-34l-svart-komplett-med-monteringssats-lpi\\\/\"]}]},{\"@type\":\"ImageObject\",\"inLanguage\":\"sv-SE\",\"@id\":\"https:\\\/\\\/viarelli.com\\\/sv\\\/produkt\\\/toppbox-34l-svart-komplett-med-monteringssats-lpi\\\/#primaryimage\",\"url\":\"https:\\\/\\\/viarelli.com\\\/wp-content\\\/uploads\\\/2023\\\/02\\\/00-1010170_10.jpg\",\"contentUrl\":\"https:\\\/\\\/viarelli.com\\\/wp-content\\\/uploads\\\/2023\\\/02\\\/00-1010170_10.jpg\",\"width\":632,\"height\":536},{\"@type\":\"BreadcrumbList\",\"@id\":\"https:\\\/\\\/viarelli.com\\\/sv\\\/produkt\\\/toppbox-34l-svart-komplett-med-monteringssats-lpi\\\/#breadcrumb\",\"itemListElement\":[{\"@type\":\"ListItem\",\"position\":1,\"name\":\"Start\",\"item\":\"https:\\\/\\\/viarelli.com\\\/sv\\\/\"},{\"@type\":\"ListItem\",\"position\":2,\"name\":\"Products\",\"item\":\"https:\\\/\\\/viarelli.com\\\/sv\\\/shop\\\/\"},{\"@type\":\"ListItem\",\"position\":3,\"name\":\"Toppbox 34L Svart Komplett Med Monteringssats (LPI)\"}]},{\"@type\":\"WebSite\",\"@id\":\"https:\\\/\\\/viarelli.com\\\/#website\",\"url\":\"https:\\\/\\\/viarelli.com\\\/\",\"name\":\"Viarelli\",\"description\":\"\",\"potentialAction\":[{\"@type\":\"SearchAction\",\"target\":{\"@type\":\"EntryPoint\",\"urlTemplate\":\"https:\\\/\\\/viarelli.com\\\/?s={search_term_string}\"},\"query-input\":{\"@type\":\"PropertyValueSpecification\",\"valueRequired\":true,\"valueName\":\"search_term_string\"}}],\"inLanguage\":\"sv-SE\"}]}<\/script>\n<!-- \/ Yoast SEO plugin. -->","yoast_head_json":{"title":"Toppbox 34L Svart Komplett Med Monteringssats (LPI) - Viarelli","robots":{"index":"index","follow":"follow","max-snippet":"max-snippet:-1","max-image-preview":"max-image-preview:large","max-video-preview":"max-video-preview:-1"},"canonical":"https:\/\/viarelli.com\/sv\/produkt\/toppbox-34l-svart-komplett-med-monteringssats-lpi\/","og_locale":"sv_SE","og_type":"article","og_title":"Toppbox 34L Svart Komplett Med Monteringssats (LPI) - Viarelli","og_description":"Toppbox LPI av h\u00f6g kvalitet komplett med monteringslatta o tillbeh\u00f6r med 2 nycklar. Boxen rymmer utan problem 1st hj\u00e4lm oavsett m\u00e4rke eller design. M\u00e5tt: a=300\/b=407\/c=400 mm. Maxlast: 3 kg. Volym: ca 34 liter  Boxen st\u00e4ngs enkelt med sitt snabbl\u00e5s typ GIVI, och g\u00e5r sj\u00e4lvklart att plocka av och ta med sig om s\u00e5 \u00f6nskas. *Paketh\u00e5llare m\u00e5ste vid behov k\u00f6pas till separat f\u00f6r att kunna montera toppboxen. Toppboxen \u00e4r universal och passar b\u00e5de st\u00f6rre o mindre scooters, och \u00e4ven ATV.  LPI \u00e4r kvalitetsprodukter fr\u00e5n Taiwan","og_url":"https:\/\/viarelli.com\/sv\/produkt\/toppbox-34l-svart-komplett-med-monteringssats-lpi\/","og_site_name":"Viarelli","article_modified_time":"2024-03-18T12:31:25+00:00","og_image":[{"width":632,"height":536,"url":"https:\/\/viarelli.com\/wp-content\/uploads\/2023\/02\/00-1010170_10.jpg","type":"image\/jpeg"}],"twitter_card":"summary_large_image","schema":{"@context":"https:\/\/schema.org","@graph":[{"@type":"WebPage","@id":"https:\/\/viarelli.com\/sv\/produkt\/toppbox-34l-svart-komplett-med-monteringssats-lpi\/","url":"https:\/\/viarelli.com\/sv\/produkt\/toppbox-34l-svart-komplett-med-monteringssats-lpi\/","name":"Toppbox 34L Svart Komplett Med Monteringssats (LPI) - Viarelli","isPartOf":{"@id":"https:\/\/viarelli.com\/#website"},"primaryImageOfPage":{"@id":"https:\/\/viarelli.com\/sv\/produkt\/toppbox-34l-svart-komplett-med-monteringssats-lpi\/#primaryimage"},"image":{"@id":"https:\/\/viarelli.com\/sv\/produkt\/toppbox-34l-svart-komplett-med-monteringssats-lpi\/#primaryimage"},"thumbnailUrl":"https:\/\/viarelli.com\/wp-content\/uploads\/2023\/02\/00-1010170_10.jpg","datePublished":"2023-02-16T10:04:44+00:00","dateModified":"2024-03-18T12:31:25+00:00","breadcrumb":{"@id":"https:\/\/viarelli.com\/sv\/produkt\/toppbox-34l-svart-komplett-med-monteringssats-lpi\/#breadcrumb"},"inLanguage":"sv-SE","potentialAction":[{"@type":"ReadAction","target":["https:\/\/viarelli.com\/sv\/produkt\/toppbox-34l-svart-komplett-med-monteringssats-lpi\/"]}]},{"@type":"ImageObject","inLanguage":"sv-SE","@id":"https:\/\/viarelli.com\/sv\/produkt\/toppbox-34l-svart-komplett-med-monteringssats-lpi\/#primaryimage","url":"https:\/\/viarelli.com\/wp-content\/uploads\/2023\/02\/00-1010170_10.jpg","contentUrl":"https:\/\/viarelli.com\/wp-content\/uploads\/2023\/02\/00-1010170_10.jpg","width":632,"height":536},{"@type":"BreadcrumbList","@id":"https:\/\/viarelli.com\/sv\/produkt\/toppbox-34l-svart-komplett-med-monteringssats-lpi\/#breadcrumb","itemListElement":[{"@type":"ListItem","position":1,"name":"Start","item":"https:\/\/viarelli.com\/sv\/"},{"@type":"ListItem","position":2,"name":"Products","item":"https:\/\/viarelli.com\/sv\/shop\/"},{"@type":"ListItem","position":3,"name":"Toppbox 34L Svart Komplett Med Monteringssats (LPI)"}]},{"@type":"WebSite","@id":"https:\/\/viarelli.com\/#website","url":"https:\/\/viarelli.com\/","name":"Viarelli","description":"","potentialAction":[{"@type":"SearchAction","target":{"@type":"EntryPoint","urlTemplate":"https:\/\/viarelli.com\/?s={search_term_string}"},"query-input":{"@type":"PropertyValueSpecification","valueRequired":true,"valueName":"search_term_string"}}],"inLanguage":"sv-SE"}]}},"_links":{"self":[{"href":"https:\/\/viarelli.com\/sv\/wp-json\/wp\/v2\/product\/6733","targetHints":{"allow":["GET"]}}],"collection":[{"href":"https:\/\/viarelli.com\/sv\/wp-json\/wp\/v2\/product"}],"about":[{"href":"https:\/\/viarelli.com\/sv\/wp-json\/wp\/v2\/types\/product"}],"wp:featuredmedia":[{"embeddable":true,"href":"https:\/\/viarelli.com\/sv\/wp-json\/wp\/v2\/media\/6734"}],"wp:attachment":[{"href":"https:\/\/viarelli.com\/sv\/wp-json\/wp\/v2\/media?parent=6733"}],"wp:term":[{"taxonomy":"product_brand","embeddable":true,"href":"https:\/\/viarelli.com\/sv\/wp-json\/wp\/v2\/product_brand?post=6733"},{"taxonomy":"product_cat","embeddable":true,"href":"https:\/\/viarelli.com\/sv\/wp-json\/wp\/v2\/product_cat?post=6733"},{"taxonomy":"product_tag","embeddable":true,"href":"https:\/\/viarelli.com\/sv\/wp-json\/wp\/v2\/product_tag?post=6733"}],"curies":[{"name":"wp","href":"https:\/\/api.w.org\/{rel}","templated":true}]}}