{"id":6697,"date":"2023-02-16T10:47:39","date_gmt":"2023-02-16T09:47:39","guid":{"rendered":"https:\/\/viarelli.com\/?post_type=product&#038;p=6697"},"modified":"2024-03-18T13:26:18","modified_gmt":"2024-03-18T12:26:18","slug":"atran-velo-ladkorg-bakery","status":"publish","type":"product","link":"https:\/\/viarelli.com\/sv\/produkt\/atran-velo-ladkorg-bakery\/","title":{"rendered":"Atran Velo L\u00e5dkorg BAKERY"},"content":{"rendered":"<p>Atran Velo Bakery \u00e4r en robust lastkorg med det smidiga AVS-systemet.<\/p>\n<p>Lastkorgen \u00e4r tillverkad i st\u00f6tt\u00e5lig och slitstark alumium och har en lika delar stilren och lika delar funktionell botten i bambu f\u00f6r s\u00e4ker transport.<\/p>\n<p><a href=\"https:\/\/motorsweden.se\/newrack-1-adaptor-for-avs-black-8000096\">Med hj\u00e4lp av Atran Velo Adapter<\/a>\u00a0f\u00e4ster du den p\u00e5 i stort sett vilken paketh\u00e5llare du vill.<\/p>\n","protected":false},"excerpt":{"rendered":"<table border=\"0\" cellspacing=\"3\" cellpadding=\"3\">\n<tbody>\n<tr>\n<td>Maxlast:<\/td>\n<td>10 kg.<\/td>\n<\/tr>\n<tr bgcolor=\"#dfdfdf\">\n<td>M\u00e5tt:<\/td>\n<td>B45 x H15 X D35.<\/td>\n<\/tr>\n<tr>\n<td>Vikt:<\/td>\n<td>2,20 kg inkl system<\/td>\n<\/tr>\n<tr bgcolor=\"#dfdfdf\">\n<td>Volym:<\/td>\n<td>15 L.<\/td>\n<\/tr>\n<\/tbody>\n<\/table>\n","protected":false},"featured_media":6698,"template":"","meta":{"_acf_changed":false},"product_brand":[],"product_cat":[134,113],"product_tag":[],"class_list":{"0":"post-6697","1":"product","2":"type-product","3":"status-publish","4":"has-post-thumbnail","6":"product_cat-elcykeltillbehor","7":"product_cat-tillbehor","9":"first","10":"instock","11":"taxable","12":"shipping-taxable","13":"product-type-simple"},"acf":[],"yoast_head":"<!-- This site is optimized with the Yoast SEO plugin v27.5 - https:\/\/yoast.com\/product\/yoast-seo-wordpress\/ -->\n<title>Atran Velo L\u00e5dkorg BAKERY - Viarelli<\/title>\n<meta name=\"robots\" content=\"index, follow, max-snippet:-1, max-image-preview:large, max-video-preview:-1\" \/>\n<link rel=\"canonical\" href=\"https:\/\/viarelli.com\/sv\/produkt\/atran-velo-ladkorg-bakery\/\" \/>\n<meta property=\"og:locale\" content=\"sv_SE\" \/>\n<meta property=\"og:type\" content=\"article\" \/>\n<meta property=\"og:title\" content=\"Atran Velo L\u00e5dkorg BAKERY - Viarelli\" \/>\n<meta property=\"og:description\" content=\"Maxlast: 10 kg.   M\u00e5tt: B45 x H15 X D35.   Vikt: 2,20 kg inkl system   Volym: 15 L.\" \/>\n<meta property=\"og:url\" content=\"https:\/\/viarelli.com\/sv\/produkt\/atran-velo-ladkorg-bakery\/\" \/>\n<meta property=\"og:site_name\" content=\"Viarelli\" \/>\n<meta property=\"article:modified_time\" content=\"2024-03-18T12:26:18+00:00\" \/>\n<meta property=\"og:image\" content=\"https:\/\/viarelli.com\/wp-content\/uploads\/2023\/02\/bakery_vector.png\" \/>\n\t<meta property=\"og:image:width\" content=\"632\" \/>\n\t<meta property=\"og:image:height\" content=\"474\" \/>\n\t<meta property=\"og:image:type\" content=\"image\/png\" \/>\n<meta name=\"twitter:card\" content=\"summary_large_image\" \/>\n<script type=\"application\/ld+json\" class=\"yoast-schema-graph\">{\"@context\":\"https:\\\/\\\/schema.org\",\"@graph\":[{\"@type\":\"WebPage\",\"@id\":\"https:\\\/\\\/viarelli.com\\\/sv\\\/produkt\\\/atran-velo-ladkorg-bakery\\\/\",\"url\":\"https:\\\/\\\/viarelli.com\\\/sv\\\/produkt\\\/atran-velo-ladkorg-bakery\\\/\",\"name\":\"Atran Velo L\u00e5dkorg BAKERY - Viarelli\",\"isPartOf\":{\"@id\":\"https:\\\/\\\/viarelli.com\\\/#website\"},\"primaryImageOfPage\":{\"@id\":\"https:\\\/\\\/viarelli.com\\\/sv\\\/produkt\\\/atran-velo-ladkorg-bakery\\\/#primaryimage\"},\"image\":{\"@id\":\"https:\\\/\\\/viarelli.com\\\/sv\\\/produkt\\\/atran-velo-ladkorg-bakery\\\/#primaryimage\"},\"thumbnailUrl\":\"https:\\\/\\\/viarelli.com\\\/wp-content\\\/uploads\\\/2023\\\/02\\\/bakery_vector.png\",\"datePublished\":\"2023-02-16T09:47:39+00:00\",\"dateModified\":\"2024-03-18T12:26:18+00:00\",\"breadcrumb\":{\"@id\":\"https:\\\/\\\/viarelli.com\\\/sv\\\/produkt\\\/atran-velo-ladkorg-bakery\\\/#breadcrumb\"},\"inLanguage\":\"sv-SE\",\"potentialAction\":[{\"@type\":\"ReadAction\",\"target\":[\"https:\\\/\\\/viarelli.com\\\/sv\\\/produkt\\\/atran-velo-ladkorg-bakery\\\/\"]}]},{\"@type\":\"ImageObject\",\"inLanguage\":\"sv-SE\",\"@id\":\"https:\\\/\\\/viarelli.com\\\/sv\\\/produkt\\\/atran-velo-ladkorg-bakery\\\/#primaryimage\",\"url\":\"https:\\\/\\\/viarelli.com\\\/wp-content\\\/uploads\\\/2023\\\/02\\\/bakery_vector.png\",\"contentUrl\":\"https:\\\/\\\/viarelli.com\\\/wp-content\\\/uploads\\\/2023\\\/02\\\/bakery_vector.png\",\"width\":632,\"height\":474},{\"@type\":\"BreadcrumbList\",\"@id\":\"https:\\\/\\\/viarelli.com\\\/sv\\\/produkt\\\/atran-velo-ladkorg-bakery\\\/#breadcrumb\",\"itemListElement\":[{\"@type\":\"ListItem\",\"position\":1,\"name\":\"Start\",\"item\":\"https:\\\/\\\/viarelli.com\\\/sv\\\/\"},{\"@type\":\"ListItem\",\"position\":2,\"name\":\"Products\",\"item\":\"https:\\\/\\\/viarelli.com\\\/sv\\\/shop\\\/\"},{\"@type\":\"ListItem\",\"position\":3,\"name\":\"Atran Velo L\u00e5dkorg BAKERY\"}]},{\"@type\":\"WebSite\",\"@id\":\"https:\\\/\\\/viarelli.com\\\/#website\",\"url\":\"https:\\\/\\\/viarelli.com\\\/\",\"name\":\"Viarelli\",\"description\":\"\",\"potentialAction\":[{\"@type\":\"SearchAction\",\"target\":{\"@type\":\"EntryPoint\",\"urlTemplate\":\"https:\\\/\\\/viarelli.com\\\/?s={search_term_string}\"},\"query-input\":{\"@type\":\"PropertyValueSpecification\",\"valueRequired\":true,\"valueName\":\"search_term_string\"}}],\"inLanguage\":\"sv-SE\"}]}<\/script>\n<!-- \/ Yoast SEO plugin. -->","yoast_head_json":{"title":"Atran Velo L\u00e5dkorg BAKERY - Viarelli","robots":{"index":"index","follow":"follow","max-snippet":"max-snippet:-1","max-image-preview":"max-image-preview:large","max-video-preview":"max-video-preview:-1"},"canonical":"https:\/\/viarelli.com\/sv\/produkt\/atran-velo-ladkorg-bakery\/","og_locale":"sv_SE","og_type":"article","og_title":"Atran Velo L\u00e5dkorg BAKERY - Viarelli","og_description":"Maxlast: 10 kg.   M\u00e5tt: B45 x H15 X D35.   Vikt: 2,20 kg inkl system   Volym: 15 L.","og_url":"https:\/\/viarelli.com\/sv\/produkt\/atran-velo-ladkorg-bakery\/","og_site_name":"Viarelli","article_modified_time":"2024-03-18T12:26:18+00:00","og_image":[{"width":632,"height":474,"url":"https:\/\/viarelli.com\/wp-content\/uploads\/2023\/02\/bakery_vector.png","type":"image\/png"}],"twitter_card":"summary_large_image","schema":{"@context":"https:\/\/schema.org","@graph":[{"@type":"WebPage","@id":"https:\/\/viarelli.com\/sv\/produkt\/atran-velo-ladkorg-bakery\/","url":"https:\/\/viarelli.com\/sv\/produkt\/atran-velo-ladkorg-bakery\/","name":"Atran Velo L\u00e5dkorg BAKERY - Viarelli","isPartOf":{"@id":"https:\/\/viarelli.com\/#website"},"primaryImageOfPage":{"@id":"https:\/\/viarelli.com\/sv\/produkt\/atran-velo-ladkorg-bakery\/#primaryimage"},"image":{"@id":"https:\/\/viarelli.com\/sv\/produkt\/atran-velo-ladkorg-bakery\/#primaryimage"},"thumbnailUrl":"https:\/\/viarelli.com\/wp-content\/uploads\/2023\/02\/bakery_vector.png","datePublished":"2023-02-16T09:47:39+00:00","dateModified":"2024-03-18T12:26:18+00:00","breadcrumb":{"@id":"https:\/\/viarelli.com\/sv\/produkt\/atran-velo-ladkorg-bakery\/#breadcrumb"},"inLanguage":"sv-SE","potentialAction":[{"@type":"ReadAction","target":["https:\/\/viarelli.com\/sv\/produkt\/atran-velo-ladkorg-bakery\/"]}]},{"@type":"ImageObject","inLanguage":"sv-SE","@id":"https:\/\/viarelli.com\/sv\/produkt\/atran-velo-ladkorg-bakery\/#primaryimage","url":"https:\/\/viarelli.com\/wp-content\/uploads\/2023\/02\/bakery_vector.png","contentUrl":"https:\/\/viarelli.com\/wp-content\/uploads\/2023\/02\/bakery_vector.png","width":632,"height":474},{"@type":"BreadcrumbList","@id":"https:\/\/viarelli.com\/sv\/produkt\/atran-velo-ladkorg-bakery\/#breadcrumb","itemListElement":[{"@type":"ListItem","position":1,"name":"Start","item":"https:\/\/viarelli.com\/sv\/"},{"@type":"ListItem","position":2,"name":"Products","item":"https:\/\/viarelli.com\/sv\/shop\/"},{"@type":"ListItem","position":3,"name":"Atran Velo L\u00e5dkorg BAKERY"}]},{"@type":"WebSite","@id":"https:\/\/viarelli.com\/#website","url":"https:\/\/viarelli.com\/","name":"Viarelli","description":"","potentialAction":[{"@type":"SearchAction","target":{"@type":"EntryPoint","urlTemplate":"https:\/\/viarelli.com\/?s={search_term_string}"},"query-input":{"@type":"PropertyValueSpecification","valueRequired":true,"valueName":"search_term_string"}}],"inLanguage":"sv-SE"}]}},"_links":{"self":[{"href":"https:\/\/viarelli.com\/sv\/wp-json\/wp\/v2\/product\/6697","targetHints":{"allow":["GET"]}}],"collection":[{"href":"https:\/\/viarelli.com\/sv\/wp-json\/wp\/v2\/product"}],"about":[{"href":"https:\/\/viarelli.com\/sv\/wp-json\/wp\/v2\/types\/product"}],"wp:featuredmedia":[{"embeddable":true,"href":"https:\/\/viarelli.com\/sv\/wp-json\/wp\/v2\/media\/6698"}],"wp:attachment":[{"href":"https:\/\/viarelli.com\/sv\/wp-json\/wp\/v2\/media?parent=6697"}],"wp:term":[{"taxonomy":"product_brand","embeddable":true,"href":"https:\/\/viarelli.com\/sv\/wp-json\/wp\/v2\/product_brand?post=6697"},{"taxonomy":"product_cat","embeddable":true,"href":"https:\/\/viarelli.com\/sv\/wp-json\/wp\/v2\/product_cat?post=6697"},{"taxonomy":"product_tag","embeddable":true,"href":"https:\/\/viarelli.com\/sv\/wp-json\/wp\/v2\/product_tag?post=6697"}],"curies":[{"name":"wp","href":"https:\/\/api.w.org\/{rel}","templated":true}]}}