{"id":6545,"date":"2023-02-16T10:00:16","date_gmt":"2023-02-16T09:00:16","guid":{"rendered":"https:\/\/viarelli.com\/?post_type=product&#038;p=6545"},"modified":"2024-09-30T10:52:40","modified_gmt":"2024-09-30T09:52:40","slug":"atv-viarelli-agrezza-250cc","status":"publish","type":"product","link":"https:\/\/viarelli.com\/sv\/produkt\/atv-viarelli-agrezza-250cc\/","title":{"rendered":"ATV Viarelli Agrezza &#8211; 250cc"},"content":{"rendered":"<h2>Agrezza 250<\/h2>\n<p>V\u00e5r helt nya AGREZZA 250 \u00e4r en imponerande och kraftfull 250cc QUAD utrustad med en 4-takts luftkyld en-cylindrig bensinmotor. AGREZZA 250 levererar mer kraft \u00e4n du beh\u00f6ver,<br \/>\nmer effekt \u00e4n du kan hatera och roar \u00e4ven de mest erfarna crossf\u00f6rarna. Med ett vridstyvt chassi, l\u00e5g vikt och rej\u00e4lt dimensionerade bromsar samt andra<br \/>\nkomponenter \u00e4mnade f\u00f6r h\u00e5rd och provocerande k\u00f6rning. Med AGREZZA 250 f\u00e5r du f\u00f6rutom kungligt roligt en racinginspirerad modell t\u00e5lig nog f\u00f6r att hanteras p\u00e5 motocrossbanan.<\/p>\n<p>Detta \u00e4r en h\u00f6gprestandamaskin som levererar mycket kraft, och som kr\u00e4ver att du klarar av att hantera kraften. \u00c4r storleksm\u00e4ssigt lika stor som lillebror AGREZZA 125 men<br \/>\nAGREZZA 250 har st\u00f6rre hjul, mer effekt\/vrid och en starkare ram och mer avancerad fj\u00e4dring.<\/p>\n  <div class=\"banner-grid-wrapper\">\n  <div id=\"banner-grid-54295048\" class=\"banner-grid row row-grid row-small\" data-packery-options=\"\">\n                      \n<div class=\"col grid-col large-6 grid-col-1\" ><div class=\"col-inner\">\n\t<div class=\"img has-hover x md-x lg-x y md-y lg-y\" id=\"image_371963073\">\n\t\t\t\t\t\t\t\t<div class=\"img-inner dark\" >\n\t\t\t<img loading=\"lazy\" decoding=\"async\" width=\"1020\" height=\"680\" src=\"https:\/\/viarelli.com\/wp-content\/uploads\/2023\/02\/viarelli_agrezza250_milj_-39-1.jpg\" class=\"attachment-large size-large\" alt=\"\" srcset=\"https:\/\/viarelli.com\/wp-content\/uploads\/2023\/02\/viarelli_agrezza250_milj_-39-1.jpg 1600w, https:\/\/viarelli.com\/wp-content\/uploads\/2023\/02\/viarelli_agrezza250_milj_-39-1-960x640.jpg 960w, https:\/\/viarelli.com\/wp-content\/uploads\/2023\/02\/viarelli_agrezza250_milj_-39-1-480x320.jpg 480w, https:\/\/viarelli.com\/wp-content\/uploads\/2023\/02\/viarelli_agrezza250_milj_-39-1-768x512.jpg 768w, https:\/\/viarelli.com\/wp-content\/uploads\/2023\/02\/viarelli_agrezza250_milj_-39-1-1536x1024.jpg 1536w, https:\/\/viarelli.com\/wp-content\/uploads\/2023\/02\/viarelli_agrezza250_milj_-39-1-1000x667.jpg 1000w\" sizes=\"auto, (max-width: 1020px) 100vw, 1020px\" \/>\t\t\t\t\t\t\n\t\t\t\t\t<\/div>\n\t\t\t\t\t\t\t\t\n<style>\n#image_371963073 {\n  width: 100%;\n}\n<\/style>\n\t<\/div>\n\t\n<\/div><\/div>\n<div class=\"col grid-col large-3 grid-col-1\" ><div class=\"col-inner\">\n\t<div class=\"img has-hover x md-x lg-x y md-y lg-y\" id=\"image_967215240\">\n\t\t\t\t\t\t\t\t<div class=\"img-inner dark\" >\n\t\t\t<img loading=\"lazy\" decoding=\"async\" width=\"1020\" height=\"680\" src=\"https:\/\/viarelli.com\/wp-content\/uploads\/2023\/02\/viarelli_agrezza_250cc_detalj-1.jpg\" class=\"attachment-large size-large\" alt=\"\" srcset=\"https:\/\/viarelli.com\/wp-content\/uploads\/2023\/02\/viarelli_agrezza_250cc_detalj-1.jpg 1600w, https:\/\/viarelli.com\/wp-content\/uploads\/2023\/02\/viarelli_agrezza_250cc_detalj-1-960x640.jpg 960w, https:\/\/viarelli.com\/wp-content\/uploads\/2023\/02\/viarelli_agrezza_250cc_detalj-1-480x320.jpg 480w, https:\/\/viarelli.com\/wp-content\/uploads\/2023\/02\/viarelli_agrezza_250cc_detalj-1-768x512.jpg 768w, https:\/\/viarelli.com\/wp-content\/uploads\/2023\/02\/viarelli_agrezza_250cc_detalj-1-1536x1024.jpg 1536w, https:\/\/viarelli.com\/wp-content\/uploads\/2023\/02\/viarelli_agrezza_250cc_detalj-1-1000x667.jpg 1000w\" sizes=\"auto, (max-width: 1020px) 100vw, 1020px\" \/>\t\t\t\t\t\t\n\t\t\t\t\t<\/div>\n\t\t\t\t\t\t\t\t\n<style>\n#image_967215240 {\n  width: 100%;\n}\n<\/style>\n\t<\/div>\n\t\n<\/div><\/div>\n<div class=\"col grid-col large-3 grid-col-1-2\" ><div class=\"col-inner\">\n\t<div class=\"img has-hover x md-x lg-x y md-y lg-y\" id=\"image_1690603936\">\n\t\t\t\t\t\t\t\t<div class=\"img-inner dark\" >\n\t\t\t<img loading=\"lazy\" decoding=\"async\" width=\"1020\" height=\"680\" src=\"https:\/\/viarelli.com\/wp-content\/uploads\/2023\/02\/viarelli_agrezza_250cc_detalj-5-1.jpg\" class=\"attachment-large size-large\" alt=\"\" srcset=\"https:\/\/viarelli.com\/wp-content\/uploads\/2023\/02\/viarelli_agrezza_250cc_detalj-5-1.jpg 1600w, https:\/\/viarelli.com\/wp-content\/uploads\/2023\/02\/viarelli_agrezza_250cc_detalj-5-1-960x640.jpg 960w, https:\/\/viarelli.com\/wp-content\/uploads\/2023\/02\/viarelli_agrezza_250cc_detalj-5-1-480x320.jpg 480w, https:\/\/viarelli.com\/wp-content\/uploads\/2023\/02\/viarelli_agrezza_250cc_detalj-5-1-768x512.jpg 768w, https:\/\/viarelli.com\/wp-content\/uploads\/2023\/02\/viarelli_agrezza_250cc_detalj-5-1-1536x1024.jpg 1536w, https:\/\/viarelli.com\/wp-content\/uploads\/2023\/02\/viarelli_agrezza_250cc_detalj-5-1-1000x667.jpg 1000w\" sizes=\"auto, (max-width: 1020px) 100vw, 1020px\" \/>\t\t\t\t\t\t\n\t\t\t\t\t<\/div>\n\t\t\t\t\t\t\t\t\n<style>\n#image_1690603936 {\n  width: 100%;\n}\n<\/style>\n\t<\/div>\n\t\n<\/div><\/div>\n<div class=\"col grid-col large-3 grid-col-1-2\" ><div class=\"col-inner\">\n\t<div class=\"img has-hover x md-x lg-x y md-y lg-y\" id=\"image_1173306115\">\n\t\t\t\t\t\t\t\t<div class=\"img-inner dark\" >\n\t\t\t<img loading=\"lazy\" decoding=\"async\" width=\"1020\" height=\"680\" src=\"https:\/\/viarelli.com\/wp-content\/uploads\/2023\/02\/viarelli_agrezza_250cc_detalj-7-1.jpg\" class=\"attachment-large size-large\" alt=\"\" srcset=\"https:\/\/viarelli.com\/wp-content\/uploads\/2023\/02\/viarelli_agrezza_250cc_detalj-7-1.jpg 1600w, https:\/\/viarelli.com\/wp-content\/uploads\/2023\/02\/viarelli_agrezza_250cc_detalj-7-1-960x640.jpg 960w, https:\/\/viarelli.com\/wp-content\/uploads\/2023\/02\/viarelli_agrezza_250cc_detalj-7-1-480x320.jpg 480w, https:\/\/viarelli.com\/wp-content\/uploads\/2023\/02\/viarelli_agrezza_250cc_detalj-7-1-768x512.jpg 768w, https:\/\/viarelli.com\/wp-content\/uploads\/2023\/02\/viarelli_agrezza_250cc_detalj-7-1-1536x1024.jpg 1536w, https:\/\/viarelli.com\/wp-content\/uploads\/2023\/02\/viarelli_agrezza_250cc_detalj-7-1-1000x667.jpg 1000w\" sizes=\"auto, (max-width: 1020px) 100vw, 1020px\" \/>\t\t\t\t\t\t\n\t\t\t\t\t<\/div>\n\t\t\t\t\t\t\t\t\n<style>\n#image_1173306115 {\n  width: 100%;\n}\n<\/style>\n\t<\/div>\n\t\n<\/div><\/div>\n            <\/div>\n    <style>\n    #banner-grid-54295048 .grid-col-1{height: 600px}\n    #banner-grid-54295048 .grid-col-1-2{height: 300px}\n    #banner-grid-54295048 .grid-col-1-3{height:200px}\n    #banner-grid-54295048 .grid-col-2-3{height: 400px}\n    #banner-grid-54295048 .grid-col-1-4{height: 150px}\n    #banner-grid-54295048 .grid-col-3-4{height: 450px}\n\n\n    \n    \n\n  <\/style>\n    <\/div>\n  \n<h3>Motor<\/h3>\n<p>AGREZZA har en kraftfull st\u00e5ende luftkyld 4-taktsmotor (av Honda typ) som ger bra prestanda, bottendrag och toppeffekt. Motor tillverkas av Loncin, v\u00e4lk\u00e4nda f\u00f6r sin h\u00f6ga kvalitet, slitt\u00e5lighet och sitt effektuttag.<br \/>\nMed hela 17 hk l\u00e4mnar AGREZZA effekt nog f\u00f6r en h\u00e4rlig \u00a0acceleration. Avgasr\u00f6ret ger ett kraftfullt och m\u00e4ktigt ljud men \u00e4nd\u00e5 d\u00e4mpat nog att inte v\u00e4cka grannar och omkringboende.<br \/>\nEn v\u00e4rmesk\u00f6ld skyddar dina ben fr\u00e5n hettan fr\u00e5n avgasr\u00f6ret. Startar g\u00f6r du enkelt med en enkel knapptryckning.<\/p>\n<h3>Transmission<\/h3>\n<p>Den manuella v\u00e4xell\u00e5dan med koppling har 4 v\u00e4xlar fram\u00e5t och 1 backv\u00e4xel. V\u00e4xlar g\u00f6r du med foten och du har d\u00e4rmed full kontroll under f\u00e4rd \u00f6ver v\u00e4xlingen.<br \/>\nKedjedrift tillser att optimalt med kraft tillf\u00f6rs till den \u00f6verdimensionerade bakaxeln.<\/p>\n<h3>Hjul<\/h3>\n<p>Med 10&#8243; hjul fram f\u00e5r du optimalt med styrf\u00f6rm\u00e5ga och en stabil g\u00e5ng n\u00e4r det sv\u00e4nger och v\u00e4gen \u00e4r allt annat \u00e4n rak. 9&#8243; hjul bak tillser att du har vridmoment och bett nog n\u00e4r underlaget \u00e4r som s\u00e4mst.<br \/>\nDe grova &#8221;nabb&#8221; d\u00e4cken ser till att greppet finns d\u00e4r, att kraften inte g\u00e5r f\u00f6rlorad och att k\u00f6regenskaperna \u00e4r optimala \u00e4ven n\u00e4r v\u00e4gf\u00f6rh\u00e5llandena l\u00e4mnar mer att \u00f6nska.<\/p>\n<h3>Bromsar<\/h3>\n<p>Med dubbla skivbromsar fram och enkelskiva bak f\u00e5r du b\u00e4st m\u00f6jliga bromsverkan \u00e4ven d\u00e5 det \u00e4r v\u00e5tt och lerigt. Ventilerade bromsskivor och enkelkolvs ger dig nog med bromseffekt f\u00f6r att passa kraften fr\u00e5n motorn.<\/p>\n<h3>Fj\u00e4dring<\/h3>\n<p>Tuffa underlag kr\u00e4ver bra fj\u00e4dring och att AGREZZA 250 utrustats med en avancerad luftassisterad hydraulisk d\u00e4mpning fram och hydraulisk st\u00f6td\u00e4mpning bak g\u00f6r att du hela tiden har en optimal d\u00e4mpning och att s\u00e4mre underlag inte ger n\u00e5gon st\u00f6rre inverkan p\u00e5 k\u00f6regenskaperna. Fj\u00e4dringen \u00e4r justerbar d\u00e4mpningsm\u00e4ssigt med enkla verktyg.<\/p>\n<h3>Ram<\/h3>\n<p>Med en vridstyv r\u00f6r-ram i CrMo f\u00e5r du en stabil men \u00e4nd\u00e5 flexibel ram som hj\u00e4lper till att sv\u00e4lja oj\u00e4mnheter och dessutom h\u00e5lla kraften nere i marken nog f\u00f6r att f\u00e5 det d\u00e4cksf\u00e4ste som den rej\u00e4la motorkraften beh\u00f6ver.<\/p>\n<h3>Instrument<\/h3>\n<p>Din QUAD \u00e4r utrustad med tv\u00e5 kraftiga lampor som indikerar n\u00e4r \u00a0neutrall\u00e4ge lagts i och n\u00e4r motorn \u00e4r redo f\u00f6r start.<\/p>\n<h3>Drivlina<\/h3>\n<p>En kraftig O-rings kedja ser till att kraften \u00f6verf\u00f6rs till den \u00f6verdimensionerade bakaxeln. AGREZZA 250 \u00e4r utrustad med en 4-1 v\u00e4xell\u00e5da som ger dig kraft i det varvtalsregister den b\u00e4st beh\u00f6vs i.<br \/>\nBacken g\u00f6r det l\u00e4tt att hantera din maskin n\u00e4r begr\u00e4nsat utrymme finns.<\/p>\n<h3>Komfort<\/h3>\n<p>AGREZZA \u00e4r byggd f\u00f6r att vara sportigt kompakt. Du sitter svagt fram\u00e5tlutad och har gott om r\u00f6relseutrymme s\u00e5 du med kroppsvikten kan kompensera f\u00f6r de krafter som inverkar under h\u00e5rd och tuff k\u00f6rning.<br \/>\nSadeln \u00e4r gjord i en gummi foam som g\u00f6r att du sitter stadigt, men \u00e4nd\u00e5 komfortabelt under f\u00e4rg. De slitt\u00e5liga yt-materialet p\u00e5 sadeln t\u00e5ler l\u00e5ngvarigt slitage och st\u00f6ter ifr\u00e5n smuts och v\u00e4ta.<br \/>\nStora fotpinnar i taggat st\u00e5l med skyddsn\u00e4t ger gott om plats f\u00f6r f\u00f6tterna och eventuell r\u00f6relse under h\u00e5rd k\u00f6rning.<\/p>\n<h3>Belysning<\/h3>\n<p>AGREZZA \u00e4r utrustats med dubbel belysning fram som ger en bra ljusbild under m\u00f6rkrets infall. Bakbelysningen \u00e4r byggd p\u00e5 led teknik och indikerar vid inbromsning och under f\u00e4rd.<\/p>\n<h3>\u00d6vrigt<\/h3>\n<p><strong>Gl\u00f6m inte att k\u00f6pa till olja!<\/strong>\u00a0ATV \u00b4n levereras med en transportolja som ska bytas efter en kortare ink\u00f6rning. L\u00e5t motorn g\u00e5 p\u00e5 tomg\u00e5ng s\u00e5 att oljan f\u00e5r jobba runt i motorn. L\u00e5t sedan motorn bli kall och byt oljan till ny. V<br \/>\ni rekommenderar 4-takts olja delsyntet 10W\/40 (artikelnummer 10-000031).\u00a0<strong>VIKTIGT<\/strong>\u00a0att oljan \u00e4r avsedd f\u00f6r v\u00e5t-koppling (MC-olja) om ni k\u00f6per oljan p\u00e5 annat st\u00e4lle.<\/p>\n<p>Det \u00e5tg\u00e5r strax under 1 liter vid oljebyte, exakt oljem\u00e4ngd framg\u00e5r i den medf\u00f6ljande manualen.<\/p>\n","protected":false},"excerpt":{"rendered":"<p>Agrezza 250 V\u00e5r helt nya AGREZZA 250 \u00e4r en imponerande och kraftfull 250cc QUAD utrustad med en 4-takts luftkyld en-cylindrig bensinmotor. AGREZZA 250 levererar mer kraft \u00e4n du beh\u00f6ver, mer effekt \u00e4n du kan hatera och roar \u00e4ven de mest erfarna crossf\u00f6rarna. Med ett vridstyvt chassi, l\u00e5g vikt och rej\u00e4lt dimensionerade bromsar samt andra komponenter [&#8230;]\n","protected":false},"featured_media":7259,"template":"","meta":{"_acf_changed":false},"product_brand":[],"product_cat":[74],"product_tag":[],"class_list":{"0":"post-6545","1":"product","2":"type-product","3":"status-publish","4":"has-post-thumbnail","6":"product_cat-off-road","8":"first","9":"outofstock","10":"taxable","11":"shipping-taxable","12":"product-type-simple"},"acf":[],"yoast_head":"<!-- This site is optimized with the Yoast SEO plugin v27.4 - https:\/\/yoast.com\/product\/yoast-seo-wordpress\/ -->\n<title>ATV Viarelli Agrezza - 250cc - Viarelli<\/title>\n<meta name=\"description\" content=\"Uppt\u00e4ck Viarelli AGREZZA 250cc - En kraftfull 250cc ATV med imponerande prestanda. Erbjuder \u00f6verfl\u00f6d av kraft och utmanar \u00e4ven erfarna f\u00f6rare.\" \/>\n<meta name=\"robots\" content=\"index, follow, max-snippet:-1, max-image-preview:large, max-video-preview:-1\" \/>\n<link rel=\"canonical\" href=\"https:\/\/viarelli.com\/sv\/produkt\/atv-viarelli-agrezza-250cc\/\" \/>\n<meta property=\"og:locale\" content=\"sv_SE\" \/>\n<meta property=\"og:type\" content=\"article\" \/>\n<meta property=\"og:title\" content=\"ATV Viarelli Agrezza - 250cc - Viarelli\" \/>\n<meta property=\"og:description\" content=\"Uppt\u00e4ck Viarelli AGREZZA 250cc - En kraftfull 250cc ATV med imponerande prestanda. Erbjuder \u00f6verfl\u00f6d av kraft och utmanar \u00e4ven erfarna f\u00f6rare.\" \/>\n<meta property=\"og:url\" content=\"https:\/\/viarelli.com\/sv\/produkt\/atv-viarelli-agrezza-250cc\/\" \/>\n<meta property=\"og:site_name\" content=\"Viarelli\" \/>\n<meta property=\"article:modified_time\" content=\"2024-09-30T09:52:40+00:00\" \/>\n<meta property=\"og:image\" content=\"https:\/\/viarelli.com\/wp-content\/uploads\/2023\/02\/agrezza-250cc-main.png\" \/>\n\t<meta property=\"og:image:width\" content=\"1015\" \/>\n\t<meta property=\"og:image:height\" content=\"826\" \/>\n\t<meta property=\"og:image:type\" content=\"image\/png\" \/>\n<meta name=\"twitter:card\" content=\"summary_large_image\" \/>\n<meta name=\"twitter:label1\" content=\"Ber\u00e4knad l\u00e4stid\" \/>\n\t<meta name=\"twitter:data1\" content=\"4 minuter\" \/>\n<script type=\"application\/ld+json\" class=\"yoast-schema-graph\">{\"@context\":\"https:\\\/\\\/schema.org\",\"@graph\":[{\"@type\":\"WebPage\",\"@id\":\"https:\\\/\\\/viarelli.com\\\/sv\\\/produkt\\\/atv-viarelli-agrezza-250cc\\\/\",\"url\":\"https:\\\/\\\/viarelli.com\\\/sv\\\/produkt\\\/atv-viarelli-agrezza-250cc\\\/\",\"name\":\"ATV Viarelli Agrezza - 250cc - Viarelli\",\"isPartOf\":{\"@id\":\"https:\\\/\\\/viarelli.com\\\/#website\"},\"primaryImageOfPage\":{\"@id\":\"https:\\\/\\\/viarelli.com\\\/sv\\\/produkt\\\/atv-viarelli-agrezza-250cc\\\/#primaryimage\"},\"image\":{\"@id\":\"https:\\\/\\\/viarelli.com\\\/sv\\\/produkt\\\/atv-viarelli-agrezza-250cc\\\/#primaryimage\"},\"thumbnailUrl\":\"https:\\\/\\\/viarelli.com\\\/wp-content\\\/uploads\\\/2023\\\/02\\\/agrezza-250cc-main.png\",\"datePublished\":\"2023-02-16T09:00:16+00:00\",\"dateModified\":\"2024-09-30T09:52:40+00:00\",\"description\":\"Uppt\u00e4ck Viarelli AGREZZA 250cc - En kraftfull 250cc ATV med imponerande prestanda. Erbjuder \u00f6verfl\u00f6d av kraft och utmanar \u00e4ven erfarna f\u00f6rare.\",\"breadcrumb\":{\"@id\":\"https:\\\/\\\/viarelli.com\\\/sv\\\/produkt\\\/atv-viarelli-agrezza-250cc\\\/#breadcrumb\"},\"inLanguage\":\"sv-SE\",\"potentialAction\":[{\"@type\":\"ReadAction\",\"target\":[\"https:\\\/\\\/viarelli.com\\\/sv\\\/produkt\\\/atv-viarelli-agrezza-250cc\\\/\"]}]},{\"@type\":\"ImageObject\",\"inLanguage\":\"sv-SE\",\"@id\":\"https:\\\/\\\/viarelli.com\\\/sv\\\/produkt\\\/atv-viarelli-agrezza-250cc\\\/#primaryimage\",\"url\":\"https:\\\/\\\/viarelli.com\\\/wp-content\\\/uploads\\\/2023\\\/02\\\/agrezza-250cc-main.png\",\"contentUrl\":\"https:\\\/\\\/viarelli.com\\\/wp-content\\\/uploads\\\/2023\\\/02\\\/agrezza-250cc-main.png\",\"width\":1015,\"height\":826},{\"@type\":\"BreadcrumbList\",\"@id\":\"https:\\\/\\\/viarelli.com\\\/sv\\\/produkt\\\/atv-viarelli-agrezza-250cc\\\/#breadcrumb\",\"itemListElement\":[{\"@type\":\"ListItem\",\"position\":1,\"name\":\"Start\",\"item\":\"https:\\\/\\\/viarelli.com\\\/sv\\\/\"},{\"@type\":\"ListItem\",\"position\":2,\"name\":\"Products\",\"item\":\"https:\\\/\\\/viarelli.com\\\/sv\\\/shop\\\/\"},{\"@type\":\"ListItem\",\"position\":3,\"name\":\"ATV Viarelli Agrezza &#8211; 250cc\"}]},{\"@type\":\"WebSite\",\"@id\":\"https:\\\/\\\/viarelli.com\\\/#website\",\"url\":\"https:\\\/\\\/viarelli.com\\\/\",\"name\":\"Viarelli\",\"description\":\"\",\"potentialAction\":[{\"@type\":\"SearchAction\",\"target\":{\"@type\":\"EntryPoint\",\"urlTemplate\":\"https:\\\/\\\/viarelli.com\\\/?s={search_term_string}\"},\"query-input\":{\"@type\":\"PropertyValueSpecification\",\"valueRequired\":true,\"valueName\":\"search_term_string\"}}],\"inLanguage\":\"sv-SE\"}]}<\/script>\n<!-- \/ Yoast SEO plugin. -->","yoast_head_json":{"title":"ATV Viarelli Agrezza - 250cc - Viarelli","description":"Uppt\u00e4ck Viarelli AGREZZA 250cc - En kraftfull 250cc ATV med imponerande prestanda. Erbjuder \u00f6verfl\u00f6d av kraft och utmanar \u00e4ven erfarna f\u00f6rare.","robots":{"index":"index","follow":"follow","max-snippet":"max-snippet:-1","max-image-preview":"max-image-preview:large","max-video-preview":"max-video-preview:-1"},"canonical":"https:\/\/viarelli.com\/sv\/produkt\/atv-viarelli-agrezza-250cc\/","og_locale":"sv_SE","og_type":"article","og_title":"ATV Viarelli Agrezza - 250cc - Viarelli","og_description":"Uppt\u00e4ck Viarelli AGREZZA 250cc - En kraftfull 250cc ATV med imponerande prestanda. Erbjuder \u00f6verfl\u00f6d av kraft och utmanar \u00e4ven erfarna f\u00f6rare.","og_url":"https:\/\/viarelli.com\/sv\/produkt\/atv-viarelli-agrezza-250cc\/","og_site_name":"Viarelli","article_modified_time":"2024-09-30T09:52:40+00:00","og_image":[{"width":1015,"height":826,"url":"https:\/\/viarelli.com\/wp-content\/uploads\/2023\/02\/agrezza-250cc-main.png","type":"image\/png"}],"twitter_card":"summary_large_image","twitter_misc":{"Ber\u00e4knad l\u00e4stid":"4 minuter"},"schema":{"@context":"https:\/\/schema.org","@graph":[{"@type":"WebPage","@id":"https:\/\/viarelli.com\/sv\/produkt\/atv-viarelli-agrezza-250cc\/","url":"https:\/\/viarelli.com\/sv\/produkt\/atv-viarelli-agrezza-250cc\/","name":"ATV Viarelli Agrezza - 250cc - Viarelli","isPartOf":{"@id":"https:\/\/viarelli.com\/#website"},"primaryImageOfPage":{"@id":"https:\/\/viarelli.com\/sv\/produkt\/atv-viarelli-agrezza-250cc\/#primaryimage"},"image":{"@id":"https:\/\/viarelli.com\/sv\/produkt\/atv-viarelli-agrezza-250cc\/#primaryimage"},"thumbnailUrl":"https:\/\/viarelli.com\/wp-content\/uploads\/2023\/02\/agrezza-250cc-main.png","datePublished":"2023-02-16T09:00:16+00:00","dateModified":"2024-09-30T09:52:40+00:00","description":"Uppt\u00e4ck Viarelli AGREZZA 250cc - En kraftfull 250cc ATV med imponerande prestanda. Erbjuder \u00f6verfl\u00f6d av kraft och utmanar \u00e4ven erfarna f\u00f6rare.","breadcrumb":{"@id":"https:\/\/viarelli.com\/sv\/produkt\/atv-viarelli-agrezza-250cc\/#breadcrumb"},"inLanguage":"sv-SE","potentialAction":[{"@type":"ReadAction","target":["https:\/\/viarelli.com\/sv\/produkt\/atv-viarelli-agrezza-250cc\/"]}]},{"@type":"ImageObject","inLanguage":"sv-SE","@id":"https:\/\/viarelli.com\/sv\/produkt\/atv-viarelli-agrezza-250cc\/#primaryimage","url":"https:\/\/viarelli.com\/wp-content\/uploads\/2023\/02\/agrezza-250cc-main.png","contentUrl":"https:\/\/viarelli.com\/wp-content\/uploads\/2023\/02\/agrezza-250cc-main.png","width":1015,"height":826},{"@type":"BreadcrumbList","@id":"https:\/\/viarelli.com\/sv\/produkt\/atv-viarelli-agrezza-250cc\/#breadcrumb","itemListElement":[{"@type":"ListItem","position":1,"name":"Start","item":"https:\/\/viarelli.com\/sv\/"},{"@type":"ListItem","position":2,"name":"Products","item":"https:\/\/viarelli.com\/sv\/shop\/"},{"@type":"ListItem","position":3,"name":"ATV Viarelli Agrezza &#8211; 250cc"}]},{"@type":"WebSite","@id":"https:\/\/viarelli.com\/#website","url":"https:\/\/viarelli.com\/","name":"Viarelli","description":"","potentialAction":[{"@type":"SearchAction","target":{"@type":"EntryPoint","urlTemplate":"https:\/\/viarelli.com\/?s={search_term_string}"},"query-input":{"@type":"PropertyValueSpecification","valueRequired":true,"valueName":"search_term_string"}}],"inLanguage":"sv-SE"}]}},"_links":{"self":[{"href":"https:\/\/viarelli.com\/sv\/wp-json\/wp\/v2\/product\/6545","targetHints":{"allow":["GET"]}}],"collection":[{"href":"https:\/\/viarelli.com\/sv\/wp-json\/wp\/v2\/product"}],"about":[{"href":"https:\/\/viarelli.com\/sv\/wp-json\/wp\/v2\/types\/product"}],"wp:featuredmedia":[{"embeddable":true,"href":"https:\/\/viarelli.com\/sv\/wp-json\/wp\/v2\/media\/7259"}],"wp:attachment":[{"href":"https:\/\/viarelli.com\/sv\/wp-json\/wp\/v2\/media?parent=6545"}],"wp:term":[{"taxonomy":"product_brand","embeddable":true,"href":"https:\/\/viarelli.com\/sv\/wp-json\/wp\/v2\/product_brand?post=6545"},{"taxonomy":"product_cat","embeddable":true,"href":"https:\/\/viarelli.com\/sv\/wp-json\/wp\/v2\/product_cat?post=6545"},{"taxonomy":"product_tag","embeddable":true,"href":"https:\/\/viarelli.com\/sv\/wp-json\/wp\/v2\/product_tag?post=6545"}],"curies":[{"name":"wp","href":"https:\/\/api.w.org\/{rel}","templated":true}]}}