{"id":6472,"date":"2023-02-16T09:37:06","date_gmt":"2023-02-16T08:37:06","guid":{"rendered":"https:\/\/viarelli.com\/?post_type=product&#038;p=6472"},"modified":"2024-09-30T10:52:57","modified_gmt":"2024-09-30T09:52:57","slug":"atv-viarelli-hunter-200l","status":"publish","type":"product","link":"https:\/\/viarelli.com\/sv\/produkt\/atv-viarelli-hunter-200l\/","title":{"rendered":"ATV Viarelli Hunter 200L"},"content":{"rendered":"<h2>ATV Viarelli Hunter 200L<\/h2>\n<p>Mycket vatten har runnit under Viarelli\u00b4s broar sedan vi lanserade Hunter-serien f\u00f6r 5 \u00e5r sedan. Den togs emot v\u00e4l fr\u00e5n b\u00f6rjan och har blivit ett v\u00e4lkommet inslag i b\u00e5de jaktlag som p\u00e5 g\u00e5rdar runt om i Skandinavien.<br \/>\nNu \u00e4r det \u00e4ntligen dags f\u00f6r ett ytterligare tillskott i famliljen!<\/p>\n<h3>Motor<span data-ccp-props=\"{&quot;134233117&quot;:true,&quot;134233118&quot;:true,&quot;201341983&quot;:0,&quot;335559739&quot;:165,&quot;335559740&quot;:240}\">\u00a0<\/span><\/h3>\n<p><span data-contrast=\"auto\">Viarelli\u00a0Hunter 200L anv\u00e4nder sig av samma nyutvecklade motor som sin lillebror\u00a0Viarelli\u00a0Hunter 150cc. Motorn \u00e4r v\u00e4l bepr\u00f6vad och testad, den \u00e4r med sin drifts\u00e4kerhet och sina kraftfulla egenskaper ett glatt tillskott i denna maskin. Med hela\u00a07,3kW\u00a0motoreffekt ger den luftkylda 4-taktsmotor extremt mycket kraft i alla l\u00e4gen. Gott om kraft f\u00f6r att klara av de allra tuffaste uppgifterna p\u00e5 g\u00e5rden, klara branta backar, sv\u00e5r terr\u00e4ngk\u00f6rning och samtidigt ge maximal k\u00f6rgl\u00e4dje.\u00a0<\/span><span data-ccp-props=\"{&quot;134233117&quot;:true,&quot;134233118&quot;:true,&quot;201341983&quot;:0,&quot;335559739&quot;:165,&quot;335559740&quot;:240}\">\u00a0<\/span><\/p>\n<p><span data-contrast=\"auto\">Avgassystemet som ger ett h\u00e4rligt motorljud utan att vara st\u00f6rande \u00e4r snyggt placerat under sadel, l\u00e5ngt borta fr\u00e5n stock &amp; sten.<\/span><span data-ccp-props=\"{&quot;134233117&quot;:true,&quot;134233118&quot;:true,&quot;201341983&quot;:0,&quot;335559739&quot;:165,&quot;335559740&quot;:240}\">\u00a0<\/span><\/p>\n<h3>Transmission<\/h3>\n<p><span data-contrast=\"auto\">Viarelli\u00a0Hunter 200L kommer med en t\u00e5lig &amp; drifts\u00e4ker CVT Automatl\u00e5da av senaste sort. Automatl\u00e5dan ger dig smidiga k\u00f6regenskaper, bra driv och \u00e4r strykt\u00e5lig och den \u00e4r med sina segdragningsegenskaper mycket uppskattad i d\u00e5lig terr\u00e4ng och med tung last.<\/span><span data-ccp-props=\"{&quot;134233117&quot;:true,&quot;134233118&quot;:true,&quot;201341983&quot;:0,&quot;335559739&quot;:165,&quot;335559740&quot;:240}\">\u00a0<\/span><\/p>\n<h3>Hjul<\/h3>\n<p><span data-contrast=\"auto\">Du kommer l\u00e4tt \u00f6ver b\u00e5de stock &amp; sten n\u00e4r du \u00e4r ute och k\u00f6r med de grovt m\u00f6nstrade\u00a022\u201d d\u00e4cken med hela 220mm d\u00e4cksbredd p\u00e5 de drivande hjulen g\u00f6r att du \u00e4ven under s\u00e4mre v\u00e4der har maximal kontakt med v\u00e4gbanan.<\/span><span data-ccp-props=\"{&quot;134233117&quot;:true,&quot;134233118&quot;:true,&quot;201341983&quot;:0,&quot;335559739&quot;:165,&quot;335559740&quot;:240}\">\u00a0<\/span><\/p>\n<h3>Bromsar<\/h3>\n<p><span data-contrast=\"auto\">Viarelli\u00a0Hunter 200L ATV \u00e4r utrustad med rej\u00e4la\u00a0<\/span><span data-contrast=\"auto\">bromsok\u00a0fram &amp; bak p\u00e5 de redan \u00f6verdimensionerade bromsskivorna. Det tillsammans ger dig ett par bromsar kraftfulla att ge en maximal bromseffekt &amp; kortare bromsl\u00e4ngd \u00e4ven p\u00e5 bl\u00f6ta &amp; smutsiga v\u00e4gbanor.\u00a0<\/span><span data-ccp-props=\"{&quot;134233117&quot;:true,&quot;134233118&quot;:true,&quot;201341983&quot;:0,&quot;335559739&quot;:165,&quot;335559740&quot;:240}\">\u00a0<\/span><\/p>\n<h3>Fj\u00e4dring<\/h3>\n<p><span data-contrast=\"auto\">Viarelli Hunter \u00e4r utrustad med hydrauliska d\u00e4mpare fram &amp; bak.\u00a0Detta g\u00f6r Hunter 200L till den perfekta partnern \u00e4ven i den tuffaste terr\u00e4ngen. Denna ATV\u00b4s d\u00e4mpning ger en behaglig komfort som sv\u00e4ljer \u00e4ven de st\u00f6rsta hacken i v\u00e4gen och g\u00f6r att du \u00e4ven med last &amp; passagerare beh\u00e5ller dina stabila k\u00f6regenskaper.<\/span><span data-ccp-props=\"{&quot;134233117&quot;:true,&quot;134233118&quot;:true,&quot;201341983&quot;:0,&quot;335559739&quot;:165,&quot;335559740&quot;:240}\">\u00a0<\/span><\/p>\n<h3>Ram<span data-ccp-props=\"{&quot;134233117&quot;:true,&quot;134233118&quot;:true,&quot;201341983&quot;:0,&quot;335559739&quot;:165,&quot;335559740&quot;:240}\">\u00a0<\/span><\/h3>\n<p><span data-contrast=\"auto\">Den robusta &amp; strykt\u00e5liga ramen ger en \u00f6verl\u00e4gsen stabilitet \u00e4ven i h\u00f6gre farter &amp; grov terr\u00e4ng.\u00a0<\/span><span data-ccp-props=\"{&quot;134233117&quot;:true,&quot;134233118&quot;:true,&quot;201341983&quot;:0,&quot;335559739&quot;:165,&quot;335559740&quot;:240}\">\u00a0<\/span><\/p>\n<h3>Instrumentering<\/h3>\n<p><span data-contrast=\"auto\">Den stora &amp; tydliga displayen ger dig info om automatl\u00e5dans l\u00e4ge, hel &amp; halvljus samt n\u00e4r det \u00e4r dags att fylla p\u00e5 tanken.<\/span><span data-ccp-props=\"{&quot;134233117&quot;:true,&quot;134233118&quot;:true,&quot;201341983&quot;:0,&quot;335559739&quot;:165,&quot;335559740&quot;:240}\">\u00a0<\/span><\/p>\n<h3>F\u00f6rvaring<\/h3>\n<p><span data-contrast=\"auto\">Viarelli\u00a0Hunter \u00e4r utrustad med rej\u00e4la\u00a0lastytor.\u00a0Lastgallret\u00a0fram &amp; bak ger dig goda m\u00f6jligheter att lasta b\u00e5de s\u00e4kert &amp; mycket.\u00a0Finns behovet att dra \u00e4n mer last kopplar du l\u00e4tt p\u00e5 en k\u00e4rra p\u00e5 den integrerade dragkroken.<\/span><span data-ccp-props=\"{&quot;134233117&quot;:true,&quot;134233118&quot;:true,&quot;201341983&quot;:0,&quot;335559739&quot;:165,&quot;335559740&quot;:240}\">\u00a0<\/span><\/p>\n<h3>Komfort<\/h3>\n<p><span data-contrast=\"auto\">Sittst\u00e4llningen \u00e4r bekv\u00e4mt uppr\u00e4tt och de st\u00f6tar som g\u00e5r igenom den hydrauliska fj\u00e4dringen tas l\u00e4tt om hand av den mjukt stoppade sadeln i vattenavvisande material. Du f\u00e5r en behagligt sk\u00f6n sittst\u00e4llning d\u00e4r du utan problem kan k\u00f6ra en l\u00e4ngre stund utan att f\u00e5 tr\u00e4smak i rumpan. De stora perforerade fotplattorna g\u00f6r att du har ett fast grepp &amp; inte riskerar att halka ens med de jordigaste st\u00f6vlarna p\u00e5.<\/span><span data-ccp-props=\"{&quot;134233117&quot;:true,&quot;134233118&quot;:true,&quot;201341983&quot;:0,&quot;335559739&quot;:165,&quot;335559740&quot;:240}\">\u00a0<\/span><\/p>\n<h3>Belysning<\/h3>\n<p><span data-contrast=\"auto\">Viarelli\u00a0Hunter 200L \u00e4r utrustad med kraftfull LED-belysning i Angel Eyes-stuk framtill som lyser upp \u00e4ven de m\u00f6rkaste kv\u00e4llarna.\u00a0<\/span><span data-ccp-props=\"{&quot;134233117&quot;:true,&quot;134233118&quot;:true,&quot;201341983&quot;:0,&quot;335559739&quot;:165,&quot;335559740&quot;:240}\">\u00a0<\/span><\/p>\n<h3>\u00d6vrigt<span data-ccp-props=\"{&quot;134233117&quot;:true,&quot;134233118&quot;:true,&quot;201341983&quot;:0,&quot;335559739&quot;:165,&quot;335559740&quot;:240}\">\u00a0<\/span><\/h3>\n<p><span data-contrast=\"auto\"><strong>Gl\u00f6m inte att k\u00f6pa till olja!<\/strong><\/span><span data-contrast=\"auto\">\u00a0ATV\u00b4n\u00a0levereras med en transportolja som ska bytas efter en kortare ink\u00f6rning. L\u00e5t motorn g\u00e5 p\u00e5 tomg\u00e5ng s\u00e5 att oljan f\u00e5r jobba runt i motorn. L\u00e5t sedan motorn bli kall och byt oljan till ny. Vi rekommenderar 4-takts olja delsyntet 10W\/40 (artikelnummer\u00a010-000031).\u00a0VIKTIGT\u00a0att oljan \u00e4r avsedd f\u00f6r\u00a0v\u00e5tkoppling\u00a0(MC-olja) om ni k\u00f6per oljan p\u00e5 annat st\u00e4lle.<\/span><span data-ccp-props=\"{&quot;134233117&quot;:true,&quot;134233118&quot;:true,&quot;201341983&quot;:0,&quot;335559739&quot;:165,&quot;335559740&quot;:240}\">\u00a0<\/span><\/p>\n<p><span data-contrast=\"auto\">Det \u00e5tg\u00e5r strax under 1 liter vid oljebyte, exakt oljem\u00e4ngd framg\u00e5r i den medf\u00f6ljande manualen.<\/span><span data-ccp-props=\"{&quot;134233117&quot;:true,&quot;134233118&quot;:true,&quot;201341983&quot;:0,&quot;335559739&quot;:165,&quot;335559740&quot;:240}\">\u00a0<\/span><\/p>\n<p><span data-contrast=\"auto\">HUNTER ATV\u00ae kr\u00e4ver viss montering. Du beh\u00f6ver bland annat montera hjul, styre &amp; backspeglar, exakt anvisning hittar du i monteringsmanualen. HUNTER ATV\u00ae levereras med svensk manual<\/span><span data-ccp-props=\"{&quot;134233117&quot;:true,&quot;134233118&quot;:true,&quot;201341983&quot;:0,&quot;335559739&quot;:165,&quot;335559740&quot;:240}\">\u00a0<\/span><\/p>\n","protected":false},"excerpt":{"rendered":"<p>ATV Viarelli Hunter 200L Mycket vatten har runnit under Viarelli\u00b4s broar sedan vi lanserade Hunter-serien f\u00f6r 5 \u00e5r sedan. Den togs emot v\u00e4l fr\u00e5n b\u00f6rjan och har blivit ett v\u00e4lkommet inslag i b\u00e5de jaktlag som p\u00e5 g\u00e5rdar runt om i Skandinavien. Nu \u00e4r det \u00e4ntligen dags f\u00f6r ett ytterligare tillskott i famliljen! Motor\u00a0 Viarelli\u00a0Hunter 200L [&#8230;]\n","protected":false},"featured_media":7360,"template":"","meta":{"_acf_changed":false},"product_brand":[],"product_cat":[74],"product_tag":[],"class_list":{"0":"post-6472","1":"product","2":"type-product","3":"status-publish","4":"has-post-thumbnail","6":"product_cat-off-road","8":"first","9":"outofstock","10":"taxable","11":"shipping-taxable","12":"product-type-simple"},"acf":[],"yoast_head":"<!-- This site is optimized with the Yoast SEO plugin v27.3 - https:\/\/yoast.com\/product\/yoast-seo-wordpress\/ -->\n<title>ATV Viarelli Hunter 200L - Viarelli<\/title>\n<meta name=\"description\" content=\"Utforska Viarelli Hunter 200L - det senaste tillskottet i v\u00e5r popul\u00e4ra ATV-serie. Perfekt f\u00f6r jaktlag och g\u00e5rdar i Skandinavien.\" \/>\n<meta name=\"robots\" content=\"index, follow, max-snippet:-1, max-image-preview:large, max-video-preview:-1\" \/>\n<link rel=\"canonical\" href=\"https:\/\/viarelli.com\/sv\/produkt\/atv-viarelli-hunter-200l\/\" \/>\n<meta property=\"og:locale\" content=\"sv_SE\" \/>\n<meta property=\"og:type\" content=\"article\" \/>\n<meta property=\"og:title\" content=\"ATV Viarelli Hunter 200L - Viarelli\" \/>\n<meta property=\"og:description\" content=\"Utforska Viarelli Hunter 200L - det senaste tillskottet i v\u00e5r popul\u00e4ra ATV-serie. Perfekt f\u00f6r jaktlag och g\u00e5rdar i Skandinavien.\" \/>\n<meta property=\"og:url\" content=\"https:\/\/viarelli.com\/sv\/produkt\/atv-viarelli-hunter-200l\/\" \/>\n<meta property=\"og:site_name\" content=\"Viarelli\" \/>\n<meta property=\"article:modified_time\" content=\"2024-09-30T09:52:57+00:00\" \/>\n<meta property=\"og:image\" content=\"https:\/\/viarelli.com\/wp-content\/uploads\/2023\/02\/hunter-200l-main-1.png\" \/>\n\t<meta property=\"og:image:width\" content=\"1015\" \/>\n\t<meta property=\"og:image:height\" content=\"826\" \/>\n\t<meta property=\"og:image:type\" content=\"image\/png\" \/>\n<meta name=\"twitter:card\" content=\"summary_large_image\" \/>\n<meta name=\"twitter:label1\" content=\"Ber\u00e4knad l\u00e4stid\" \/>\n\t<meta name=\"twitter:data1\" content=\"4 minuter\" \/>\n<script type=\"application\/ld+json\" class=\"yoast-schema-graph\">{\"@context\":\"https:\\\/\\\/schema.org\",\"@graph\":[{\"@type\":\"WebPage\",\"@id\":\"https:\\\/\\\/viarelli.com\\\/sv\\\/produkt\\\/atv-viarelli-hunter-200l\\\/\",\"url\":\"https:\\\/\\\/viarelli.com\\\/sv\\\/produkt\\\/atv-viarelli-hunter-200l\\\/\",\"name\":\"ATV Viarelli Hunter 200L - Viarelli\",\"isPartOf\":{\"@id\":\"https:\\\/\\\/viarelli.com\\\/#website\"},\"primaryImageOfPage\":{\"@id\":\"https:\\\/\\\/viarelli.com\\\/sv\\\/produkt\\\/atv-viarelli-hunter-200l\\\/#primaryimage\"},\"image\":{\"@id\":\"https:\\\/\\\/viarelli.com\\\/sv\\\/produkt\\\/atv-viarelli-hunter-200l\\\/#primaryimage\"},\"thumbnailUrl\":\"https:\\\/\\\/viarelli.com\\\/wp-content\\\/uploads\\\/2023\\\/02\\\/hunter-200l-main-1.png\",\"datePublished\":\"2023-02-16T08:37:06+00:00\",\"dateModified\":\"2024-09-30T09:52:57+00:00\",\"description\":\"Utforska Viarelli Hunter 200L - det senaste tillskottet i v\u00e5r popul\u00e4ra ATV-serie. Perfekt f\u00f6r jaktlag och g\u00e5rdar i Skandinavien.\",\"breadcrumb\":{\"@id\":\"https:\\\/\\\/viarelli.com\\\/sv\\\/produkt\\\/atv-viarelli-hunter-200l\\\/#breadcrumb\"},\"inLanguage\":\"sv-SE\",\"potentialAction\":[{\"@type\":\"ReadAction\",\"target\":[\"https:\\\/\\\/viarelli.com\\\/sv\\\/produkt\\\/atv-viarelli-hunter-200l\\\/\"]}]},{\"@type\":\"ImageObject\",\"inLanguage\":\"sv-SE\",\"@id\":\"https:\\\/\\\/viarelli.com\\\/sv\\\/produkt\\\/atv-viarelli-hunter-200l\\\/#primaryimage\",\"url\":\"https:\\\/\\\/viarelli.com\\\/wp-content\\\/uploads\\\/2023\\\/02\\\/hunter-200l-main-1.png\",\"contentUrl\":\"https:\\\/\\\/viarelli.com\\\/wp-content\\\/uploads\\\/2023\\\/02\\\/hunter-200l-main-1.png\",\"width\":1015,\"height\":826},{\"@type\":\"BreadcrumbList\",\"@id\":\"https:\\\/\\\/viarelli.com\\\/sv\\\/produkt\\\/atv-viarelli-hunter-200l\\\/#breadcrumb\",\"itemListElement\":[{\"@type\":\"ListItem\",\"position\":1,\"name\":\"Start\",\"item\":\"https:\\\/\\\/viarelli.com\\\/sv\\\/\"},{\"@type\":\"ListItem\",\"position\":2,\"name\":\"Products\",\"item\":\"https:\\\/\\\/viarelli.com\\\/sv\\\/shop\\\/\"},{\"@type\":\"ListItem\",\"position\":3,\"name\":\"ATV Viarelli Hunter 200L\"}]},{\"@type\":\"WebSite\",\"@id\":\"https:\\\/\\\/viarelli.com\\\/#website\",\"url\":\"https:\\\/\\\/viarelli.com\\\/\",\"name\":\"Viarelli\",\"description\":\"\",\"potentialAction\":[{\"@type\":\"SearchAction\",\"target\":{\"@type\":\"EntryPoint\",\"urlTemplate\":\"https:\\\/\\\/viarelli.com\\\/?s={search_term_string}\"},\"query-input\":{\"@type\":\"PropertyValueSpecification\",\"valueRequired\":true,\"valueName\":\"search_term_string\"}}],\"inLanguage\":\"sv-SE\"}]}<\/script>\n<!-- \/ Yoast SEO plugin. -->","yoast_head_json":{"title":"ATV Viarelli Hunter 200L - Viarelli","description":"Utforska Viarelli Hunter 200L - det senaste tillskottet i v\u00e5r popul\u00e4ra ATV-serie. Perfekt f\u00f6r jaktlag och g\u00e5rdar i Skandinavien.","robots":{"index":"index","follow":"follow","max-snippet":"max-snippet:-1","max-image-preview":"max-image-preview:large","max-video-preview":"max-video-preview:-1"},"canonical":"https:\/\/viarelli.com\/sv\/produkt\/atv-viarelli-hunter-200l\/","og_locale":"sv_SE","og_type":"article","og_title":"ATV Viarelli Hunter 200L - Viarelli","og_description":"Utforska Viarelli Hunter 200L - det senaste tillskottet i v\u00e5r popul\u00e4ra ATV-serie. Perfekt f\u00f6r jaktlag och g\u00e5rdar i Skandinavien.","og_url":"https:\/\/viarelli.com\/sv\/produkt\/atv-viarelli-hunter-200l\/","og_site_name":"Viarelli","article_modified_time":"2024-09-30T09:52:57+00:00","og_image":[{"width":1015,"height":826,"url":"https:\/\/viarelli.com\/wp-content\/uploads\/2023\/02\/hunter-200l-main-1.png","type":"image\/png"}],"twitter_card":"summary_large_image","twitter_misc":{"Ber\u00e4knad l\u00e4stid":"4 minuter"},"schema":{"@context":"https:\/\/schema.org","@graph":[{"@type":"WebPage","@id":"https:\/\/viarelli.com\/sv\/produkt\/atv-viarelli-hunter-200l\/","url":"https:\/\/viarelli.com\/sv\/produkt\/atv-viarelli-hunter-200l\/","name":"ATV Viarelli Hunter 200L - Viarelli","isPartOf":{"@id":"https:\/\/viarelli.com\/#website"},"primaryImageOfPage":{"@id":"https:\/\/viarelli.com\/sv\/produkt\/atv-viarelli-hunter-200l\/#primaryimage"},"image":{"@id":"https:\/\/viarelli.com\/sv\/produkt\/atv-viarelli-hunter-200l\/#primaryimage"},"thumbnailUrl":"https:\/\/viarelli.com\/wp-content\/uploads\/2023\/02\/hunter-200l-main-1.png","datePublished":"2023-02-16T08:37:06+00:00","dateModified":"2024-09-30T09:52:57+00:00","description":"Utforska Viarelli Hunter 200L - det senaste tillskottet i v\u00e5r popul\u00e4ra ATV-serie. Perfekt f\u00f6r jaktlag och g\u00e5rdar i Skandinavien.","breadcrumb":{"@id":"https:\/\/viarelli.com\/sv\/produkt\/atv-viarelli-hunter-200l\/#breadcrumb"},"inLanguage":"sv-SE","potentialAction":[{"@type":"ReadAction","target":["https:\/\/viarelli.com\/sv\/produkt\/atv-viarelli-hunter-200l\/"]}]},{"@type":"ImageObject","inLanguage":"sv-SE","@id":"https:\/\/viarelli.com\/sv\/produkt\/atv-viarelli-hunter-200l\/#primaryimage","url":"https:\/\/viarelli.com\/wp-content\/uploads\/2023\/02\/hunter-200l-main-1.png","contentUrl":"https:\/\/viarelli.com\/wp-content\/uploads\/2023\/02\/hunter-200l-main-1.png","width":1015,"height":826},{"@type":"BreadcrumbList","@id":"https:\/\/viarelli.com\/sv\/produkt\/atv-viarelli-hunter-200l\/#breadcrumb","itemListElement":[{"@type":"ListItem","position":1,"name":"Start","item":"https:\/\/viarelli.com\/sv\/"},{"@type":"ListItem","position":2,"name":"Products","item":"https:\/\/viarelli.com\/sv\/shop\/"},{"@type":"ListItem","position":3,"name":"ATV Viarelli Hunter 200L"}]},{"@type":"WebSite","@id":"https:\/\/viarelli.com\/#website","url":"https:\/\/viarelli.com\/","name":"Viarelli","description":"","potentialAction":[{"@type":"SearchAction","target":{"@type":"EntryPoint","urlTemplate":"https:\/\/viarelli.com\/?s={search_term_string}"},"query-input":{"@type":"PropertyValueSpecification","valueRequired":true,"valueName":"search_term_string"}}],"inLanguage":"sv-SE"}]}},"_links":{"self":[{"href":"https:\/\/viarelli.com\/sv\/wp-json\/wp\/v2\/product\/6472","targetHints":{"allow":["GET"]}}],"collection":[{"href":"https:\/\/viarelli.com\/sv\/wp-json\/wp\/v2\/product"}],"about":[{"href":"https:\/\/viarelli.com\/sv\/wp-json\/wp\/v2\/types\/product"}],"wp:featuredmedia":[{"embeddable":true,"href":"https:\/\/viarelli.com\/sv\/wp-json\/wp\/v2\/media\/7360"}],"wp:attachment":[{"href":"https:\/\/viarelli.com\/sv\/wp-json\/wp\/v2\/media?parent=6472"}],"wp:term":[{"taxonomy":"product_brand","embeddable":true,"href":"https:\/\/viarelli.com\/sv\/wp-json\/wp\/v2\/product_brand?post=6472"},{"taxonomy":"product_cat","embeddable":true,"href":"https:\/\/viarelli.com\/sv\/wp-json\/wp\/v2\/product_cat?post=6472"},{"taxonomy":"product_tag","embeddable":true,"href":"https:\/\/viarelli.com\/sv\/wp-json\/wp\/v2\/product_tag?post=6472"}],"curies":[{"name":"wp","href":"https:\/\/api.w.org\/{rel}","templated":true}]}}