{"id":6254,"date":"2023-02-15T15:56:36","date_gmt":"2023-02-15T14:56:36","guid":{"rendered":"https:\/\/viarelli.com\/?post_type=product&#038;p=6254"},"modified":"2024-03-18T11:52:39","modified_gmt":"2024-03-18T10:52:39","slug":"moped-klass-1-viarelli-rivetto","status":"publish","type":"product","link":"https:\/\/viarelli.com\/sv\/produkt\/moped-klass-1-viarelli-rivetto\/","title":{"rendered":"Moped Klass 1 Viarelli Rivetto"},"content":{"rendered":"<p>En m\u00e4sterligt utformad scooter \u00e4mnad f\u00f6r dig med stora krav p\u00e5 prestanda som s\u00f6ker den senaste unika designen. Med en str\u00f6mlinjeformad k\u00e5pa som leder luften r\u00e4tt f\u00f6r att kyla motorn och samtidigt skydda f\u00f6raren fr\u00e5n den v\u00e4rsta fartvinden. V\u00e5r senaste scooter i premiumsegmentet har alla de tekniska l\u00f6sningarna som de dyrare varum\u00e4rkena har. Helt enkelt f\u00e5r du mest valuta f\u00f6r pengarna i sadeln p\u00e5 din nya RIVETTO. Perfekt i stan, snabb nog f\u00f6r l\u00e5nga landsv\u00e4gar och roligast n\u00e4r v\u00e4gen sv\u00e4nger.<\/p>\n<h3>Motor<\/h3>\n<p>RIVETTO \u00e4r utrustad med den senaste versionen av GY-6 motorer, godk\u00e4nda enligt de nya str\u00e4nga Euro-kraven vilket inneb\u00e4r minimal utsl\u00e4ppsp\u00e5verkan p\u00e5 milj\u00f6 och omgivning. Motortypen \u00e4r k\u00e4nd f\u00f6r sin civiliserade motorg\u00e5ng, sin slitt\u00e5lighet och sin rej\u00e4la toppeffekt. Startar g\u00f6r du enkelt med ett tryck p\u00e5 startknappen och skulle oturen vara framme och batterier g\u00e5r tomt kan du enkelt kicka ig\u00e5ng din RIVETTO med hj\u00e4lp av den inf\u00e4llda kicken.<\/p>\n<h3>F\u00f6rbrukning<\/h3>\n<p>Din RIVETTO har en br\u00e4nsleoptimerad motor enligt de senaste Euro-kraven\u00a0vilket inneb\u00e4r halverade utsl\u00e4ppsv\u00e4rde mot f\u00f6reg\u00e5ngarna. Br\u00e4nslef\u00f6rbrukningen stannar oftast p\u00e5 l\u00e5ga 0,2 L per mil vilket g\u00f6r att du kommer n\u00e4rmre 26 mil p\u00e5 en tankning. L\u00e5g br\u00e4nslef\u00f6rbrukning inneb\u00e4r l\u00e5ga br\u00e4nslekostnader och minimal p\u00e5verkan p\u00e5 milj\u00f6n. Alla vinner p\u00e5 den nya Euro IV godk\u00e4nda tekniken.<\/p>\n<h3>Avgassystem<\/h3>\n<p>Med ett tystg\u00e5ende avgassystem utrustat med en skyddande v\u00e4rmesk\u00f6ld, v\u00e4cker du inte grannarna.<\/p>\n<h3>Transmission<\/h3>\n<p>RIVETTO \u00e4r utrustad med den senaste typen av CVT v\u00e4xell\u00e5da som automatiskt v\u00e4xlar och ger dig optimalt med vrid n\u00e4rhelst du beh\u00f6ver det.\u00a0Enkelt, smidigt och fullt hanterbart \u00e4ven i en hektisk stadsmilj\u00f6.<strong>\u00a0<\/strong><\/p>\n<h3>Hjul<\/h3>\n<p>12-tumshjul ger bra k\u00f6regenskaper och bra grepp n\u00e4r v\u00e4gunderlaget \u00e4r s\u00e4mre. F\u00e4lgarna i 3-ekersdesign \u00e4r gjutna i ett stycke aluminium och t\u00e5ler h\u00e5rd och aktiv k\u00f6rning utan att mattas. D\u00e4ckens sportiga profil ger ett optimalt v\u00e4ggrepp \u00e4ven n\u00e4r det handlar om mer intensiv k\u00f6rning.<\/p>\n<h3>Bromsar<\/h3>\n<p>Med ventilerade bromsskivor f\u00e5r du en optimal bromsverkan och en j\u00e4mnare inbromsning. De kraftiga en-kolvsoken g\u00f6r att du l\u00e4tt doserar bromskraften utan st\u00f6rre anstr\u00e4ngning. Bak har du en integrerad trumbroms som t\u00e5ler v\u00e4ta och kyla utan att mattas och f\u00f6rs\u00e4mra bromsegenskaperna vid h\u00e5rd inbromsning.<\/p>\n<h3>Fj\u00e4dring<\/h3>\n<p>RIVETTO \u00e4r utrustad med en 4 l\u00e4ges justerbar mono shock d\u00e4mpare bak utvalda f\u00f6r att ge en komfortablare k\u00f6rning utan att begr\u00e4nsa lastf\u00f6rm\u00e5gan. Du klarar med l\u00e4tthet b\u00e5de last och passagerare utan att tappa de positiva k\u00f6regenskaperna. Framtill sitter tv\u00e5 oljed\u00e4mpade och l\u00e5ngslagiga st\u00f6td\u00e4mpare som med enkelhet hanterar oj\u00e4mna underlag utan att tappa de goda k\u00f6regenskaperna.<\/p>\n<h3>Ram<\/h3>\n<p>Med en vridfast och styv r\u00f6rram i h\u00f6gh\u00e5llfast st\u00e5l uppn\u00e5r du en optimalt stabil k\u00f6rk\u00e4nsla \u00e4ven\u00a0i h\u00f6gre hastigheter och under h\u00e5rd k\u00f6rning. RIVETTO \u00e4r sportig och l\u00e4tt. Med en vikt p\u00e5 endast 92 kg \u00e4r den mycket l\u00e4tt att hantera, \u00e4ven f\u00f6r dig som \u00e4r n\u00e5got kortare och tycker det k\u00e4nns sv\u00e5rt att hantera en scooter under sn\u00e4va f\u00f6rh\u00e5llanden.<\/p>\n<h3>Instrument<\/h3>\n<p>Med stora \u00f6versk\u00e5dliga analoga instrument f\u00e5r du enkelt information g\u00e4llande hastighet och br\u00e4nslem\u00e4ngd. Tripp-m\u00e4tarens centrala placering g\u00f6r det l\u00e4tt att avl\u00e4sa k\u00f6rd str\u00e4cka. Varningslampor f\u00f6r de viktigaste parametrarna och blinkersindikatorer syns tydligt under k\u00f6rning.<\/p>\n<h3>F\u00f6rvaring<\/h3>\n<p>Under den med nyckel enkelt \u00f6ppningsbara sadeln har du gott om plats f\u00f6r det n\u00f6dv\u00e4ndigaste. En hj\u00e4lmkrok under styret g\u00f6r att du tillf\u00e4lligt kan h\u00e4nga din hj\u00e4lm skyddat fr\u00e5n st\u00f6tar och skrapm\u00e4rken.<\/p>\n<h3>Komfort<\/h3>\n<p>P\u00e5 RIVETTO sitter f\u00f6raren utstr\u00e4ckt men \u00e4nd\u00e5 n\u00e5got uppr\u00e4tt och bekv\u00e4mt. Du har en sportig sittst\u00e4llning som p\u00e5 grund av den mjukt stoppade och vattenavvisande sadeln ger dig en sk\u00f6nt avslappnad k\u00f6rst\u00e4llning som g\u00f6r att du klarar m\u00e5nga mil i sadeln. RIVETTO tillh\u00f6r n\u00e5gra av de st\u00f6rre scooters vi har i sortimentet trots sina kompakta ytterm\u00e5tt. Du sitter lite h\u00f6gre \u00e4n normalt och f\u00e5r extra bra \u00f6verblick \u00f6ver trafiken.<\/p>\n<h3>Belysning<\/h3>\n<p>Rivetto har en starkare Halogen belysning fram \u00e4n vad som \u00e4r brukligt p\u00e5 andra scooters. Runt om har du positionsljus i senaste led-teknik, modernt designad ledbelysning bak och kraftiga sidovinklade led-blinkers som g\u00f6r att du syns bra i trafiken. Led belysningen ger ett snyggare utseende och f\u00f6ljer den senaste ledljustrend som bilbranschen startat.<\/p>\n","protected":false},"excerpt":{"rendered":"<p>En m\u00e4sterligt utformad scooter \u00e4mnad f\u00f6r dig med stora krav p\u00e5 prestanda som s\u00f6ker den senaste unika designen. Med en str\u00f6mlinjeformad k\u00e5pa som leder luften r\u00e4tt f\u00f6r att kyla motorn och samtidigt skydda f\u00f6raren fr\u00e5n den v\u00e4rsta fartvinden. V\u00e5r senaste scooter i premiumsegmentet har alla de tekniska l\u00f6sningarna som de dyrare varum\u00e4rkena har. Helt enkelt [&#8230;]\n","protected":false},"featured_media":8280,"template":"","meta":{"_acf_changed":false},"product_brand":[],"product_cat":[72,111],"product_tag":[],"class_list":{"0":"post-6254","1":"product","2":"type-product","3":"status-publish","4":"has-post-thumbnail","6":"product_cat-moped","7":"product_cat-moped-klass-1","9":"first","10":"instock","11":"taxable","12":"shipping-taxable","13":"product-type-variable","14":"has-default-attributes"},"acf":[],"yoast_head":"<!-- This site is optimized with the Yoast SEO plugin v27.5 - https:\/\/yoast.com\/product\/yoast-seo-wordpress\/ -->\n<title>Moped Klass 1 Viarelli Rivetto - Viarelli<\/title>\n<meta name=\"robots\" content=\"index, follow, max-snippet:-1, max-image-preview:large, max-video-preview:-1\" \/>\n<link rel=\"canonical\" href=\"https:\/\/viarelli.com\/sv\/produkt\/moped-klass-1-viarelli-rivetto\/\" \/>\n<meta property=\"og:locale\" content=\"sv_SE\" \/>\n<meta property=\"og:type\" content=\"article\" \/>\n<meta property=\"og:title\" content=\"Moped Klass 1 Viarelli Rivetto - Viarelli\" \/>\n<meta property=\"og:description\" content=\"En m\u00e4sterligt utformad scooter \u00e4mnad f\u00f6r dig med stora krav p\u00e5 prestanda som s\u00f6ker den senaste unika designen. Med en str\u00f6mlinjeformad k\u00e5pa som leder luften r\u00e4tt f\u00f6r att kyla motorn och samtidigt skydda f\u00f6raren fr\u00e5n den v\u00e4rsta fartvinden. V\u00e5r senaste scooter i premiumsegmentet har alla de tekniska l\u00f6sningarna som de dyrare varum\u00e4rkena har. Helt enkelt [...]\" \/>\n<meta property=\"og:url\" content=\"https:\/\/viarelli.com\/sv\/produkt\/moped-klass-1-viarelli-rivetto\/\" \/>\n<meta property=\"og:site_name\" content=\"Viarelli\" \/>\n<meta property=\"article:modified_time\" content=\"2024-03-18T10:52:39+00:00\" \/>\n<meta property=\"og:image\" content=\"https:\/\/viarelli.com\/wp-content\/uploads\/2023\/02\/Rivetto-svart-4.png\" \/>\n\t<meta property=\"og:image:width\" content=\"1920\" \/>\n\t<meta property=\"og:image:height\" content=\"1728\" \/>\n\t<meta property=\"og:image:type\" content=\"image\/png\" \/>\n<meta name=\"twitter:card\" content=\"summary_large_image\" \/>\n<meta name=\"twitter:label1\" content=\"Ber\u00e4knad l\u00e4stid\" \/>\n\t<meta name=\"twitter:data1\" content=\"4 minuter\" \/>\n<script type=\"application\/ld+json\" class=\"yoast-schema-graph\">{\"@context\":\"https:\\\/\\\/schema.org\",\"@graph\":[{\"@type\":\"WebPage\",\"@id\":\"https:\\\/\\\/viarelli.com\\\/sv\\\/produkt\\\/moped-klass-1-viarelli-rivetto\\\/\",\"url\":\"https:\\\/\\\/viarelli.com\\\/sv\\\/produkt\\\/moped-klass-1-viarelli-rivetto\\\/\",\"name\":\"Moped Klass 1 Viarelli Rivetto - Viarelli\",\"isPartOf\":{\"@id\":\"https:\\\/\\\/viarelli.com\\\/#website\"},\"primaryImageOfPage\":{\"@id\":\"https:\\\/\\\/viarelli.com\\\/sv\\\/produkt\\\/moped-klass-1-viarelli-rivetto\\\/#primaryimage\"},\"image\":{\"@id\":\"https:\\\/\\\/viarelli.com\\\/sv\\\/produkt\\\/moped-klass-1-viarelli-rivetto\\\/#primaryimage\"},\"thumbnailUrl\":\"https:\\\/\\\/viarelli.com\\\/wp-content\\\/uploads\\\/2023\\\/02\\\/Rivetto-svart-4.png\",\"datePublished\":\"2023-02-15T14:56:36+00:00\",\"dateModified\":\"2024-03-18T10:52:39+00:00\",\"breadcrumb\":{\"@id\":\"https:\\\/\\\/viarelli.com\\\/sv\\\/produkt\\\/moped-klass-1-viarelli-rivetto\\\/#breadcrumb\"},\"inLanguage\":\"sv-SE\",\"potentialAction\":[{\"@type\":\"ReadAction\",\"target\":[\"https:\\\/\\\/viarelli.com\\\/sv\\\/produkt\\\/moped-klass-1-viarelli-rivetto\\\/\"]}]},{\"@type\":\"ImageObject\",\"inLanguage\":\"sv-SE\",\"@id\":\"https:\\\/\\\/viarelli.com\\\/sv\\\/produkt\\\/moped-klass-1-viarelli-rivetto\\\/#primaryimage\",\"url\":\"https:\\\/\\\/viarelli.com\\\/wp-content\\\/uploads\\\/2023\\\/02\\\/Rivetto-svart-4.png\",\"contentUrl\":\"https:\\\/\\\/viarelli.com\\\/wp-content\\\/uploads\\\/2023\\\/02\\\/Rivetto-svart-4.png\",\"width\":1920,\"height\":1728},{\"@type\":\"BreadcrumbList\",\"@id\":\"https:\\\/\\\/viarelli.com\\\/sv\\\/produkt\\\/moped-klass-1-viarelli-rivetto\\\/#breadcrumb\",\"itemListElement\":[{\"@type\":\"ListItem\",\"position\":1,\"name\":\"Start\",\"item\":\"https:\\\/\\\/viarelli.com\\\/sv\\\/\"},{\"@type\":\"ListItem\",\"position\":2,\"name\":\"Products\",\"item\":\"https:\\\/\\\/viarelli.com\\\/sv\\\/shop\\\/\"},{\"@type\":\"ListItem\",\"position\":3,\"name\":\"Moped Klass 1 Viarelli Rivetto\"}]},{\"@type\":\"WebSite\",\"@id\":\"https:\\\/\\\/viarelli.com\\\/#website\",\"url\":\"https:\\\/\\\/viarelli.com\\\/\",\"name\":\"Viarelli\",\"description\":\"\",\"potentialAction\":[{\"@type\":\"SearchAction\",\"target\":{\"@type\":\"EntryPoint\",\"urlTemplate\":\"https:\\\/\\\/viarelli.com\\\/?s={search_term_string}\"},\"query-input\":{\"@type\":\"PropertyValueSpecification\",\"valueRequired\":true,\"valueName\":\"search_term_string\"}}],\"inLanguage\":\"sv-SE\"}]}<\/script>\n<!-- \/ Yoast SEO plugin. -->","yoast_head_json":{"title":"Moped Klass 1 Viarelli Rivetto - Viarelli","robots":{"index":"index","follow":"follow","max-snippet":"max-snippet:-1","max-image-preview":"max-image-preview:large","max-video-preview":"max-video-preview:-1"},"canonical":"https:\/\/viarelli.com\/sv\/produkt\/moped-klass-1-viarelli-rivetto\/","og_locale":"sv_SE","og_type":"article","og_title":"Moped Klass 1 Viarelli Rivetto - Viarelli","og_description":"En m\u00e4sterligt utformad scooter \u00e4mnad f\u00f6r dig med stora krav p\u00e5 prestanda som s\u00f6ker den senaste unika designen. Med en str\u00f6mlinjeformad k\u00e5pa som leder luften r\u00e4tt f\u00f6r att kyla motorn och samtidigt skydda f\u00f6raren fr\u00e5n den v\u00e4rsta fartvinden. V\u00e5r senaste scooter i premiumsegmentet har alla de tekniska l\u00f6sningarna som de dyrare varum\u00e4rkena har. Helt enkelt [...]","og_url":"https:\/\/viarelli.com\/sv\/produkt\/moped-klass-1-viarelli-rivetto\/","og_site_name":"Viarelli","article_modified_time":"2024-03-18T10:52:39+00:00","og_image":[{"width":1920,"height":1728,"url":"https:\/\/viarelli.com\/wp-content\/uploads\/2023\/02\/Rivetto-svart-4.png","type":"image\/png"}],"twitter_card":"summary_large_image","twitter_misc":{"Ber\u00e4knad l\u00e4stid":"4 minuter"},"schema":{"@context":"https:\/\/schema.org","@graph":[{"@type":"WebPage","@id":"https:\/\/viarelli.com\/sv\/produkt\/moped-klass-1-viarelli-rivetto\/","url":"https:\/\/viarelli.com\/sv\/produkt\/moped-klass-1-viarelli-rivetto\/","name":"Moped Klass 1 Viarelli Rivetto - Viarelli","isPartOf":{"@id":"https:\/\/viarelli.com\/#website"},"primaryImageOfPage":{"@id":"https:\/\/viarelli.com\/sv\/produkt\/moped-klass-1-viarelli-rivetto\/#primaryimage"},"image":{"@id":"https:\/\/viarelli.com\/sv\/produkt\/moped-klass-1-viarelli-rivetto\/#primaryimage"},"thumbnailUrl":"https:\/\/viarelli.com\/wp-content\/uploads\/2023\/02\/Rivetto-svart-4.png","datePublished":"2023-02-15T14:56:36+00:00","dateModified":"2024-03-18T10:52:39+00:00","breadcrumb":{"@id":"https:\/\/viarelli.com\/sv\/produkt\/moped-klass-1-viarelli-rivetto\/#breadcrumb"},"inLanguage":"sv-SE","potentialAction":[{"@type":"ReadAction","target":["https:\/\/viarelli.com\/sv\/produkt\/moped-klass-1-viarelli-rivetto\/"]}]},{"@type":"ImageObject","inLanguage":"sv-SE","@id":"https:\/\/viarelli.com\/sv\/produkt\/moped-klass-1-viarelli-rivetto\/#primaryimage","url":"https:\/\/viarelli.com\/wp-content\/uploads\/2023\/02\/Rivetto-svart-4.png","contentUrl":"https:\/\/viarelli.com\/wp-content\/uploads\/2023\/02\/Rivetto-svart-4.png","width":1920,"height":1728},{"@type":"BreadcrumbList","@id":"https:\/\/viarelli.com\/sv\/produkt\/moped-klass-1-viarelli-rivetto\/#breadcrumb","itemListElement":[{"@type":"ListItem","position":1,"name":"Start","item":"https:\/\/viarelli.com\/sv\/"},{"@type":"ListItem","position":2,"name":"Products","item":"https:\/\/viarelli.com\/sv\/shop\/"},{"@type":"ListItem","position":3,"name":"Moped Klass 1 Viarelli Rivetto"}]},{"@type":"WebSite","@id":"https:\/\/viarelli.com\/#website","url":"https:\/\/viarelli.com\/","name":"Viarelli","description":"","potentialAction":[{"@type":"SearchAction","target":{"@type":"EntryPoint","urlTemplate":"https:\/\/viarelli.com\/?s={search_term_string}"},"query-input":{"@type":"PropertyValueSpecification","valueRequired":true,"valueName":"search_term_string"}}],"inLanguage":"sv-SE"}]}},"_links":{"self":[{"href":"https:\/\/viarelli.com\/sv\/wp-json\/wp\/v2\/product\/6254","targetHints":{"allow":["GET"]}}],"collection":[{"href":"https:\/\/viarelli.com\/sv\/wp-json\/wp\/v2\/product"}],"about":[{"href":"https:\/\/viarelli.com\/sv\/wp-json\/wp\/v2\/types\/product"}],"wp:featuredmedia":[{"embeddable":true,"href":"https:\/\/viarelli.com\/sv\/wp-json\/wp\/v2\/media\/8280"}],"wp:attachment":[{"href":"https:\/\/viarelli.com\/sv\/wp-json\/wp\/v2\/media?parent=6254"}],"wp:term":[{"taxonomy":"product_brand","embeddable":true,"href":"https:\/\/viarelli.com\/sv\/wp-json\/wp\/v2\/product_brand?post=6254"},{"taxonomy":"product_cat","embeddable":true,"href":"https:\/\/viarelli.com\/sv\/wp-json\/wp\/v2\/product_cat?post=6254"},{"taxonomy":"product_tag","embeddable":true,"href":"https:\/\/viarelli.com\/sv\/wp-json\/wp\/v2\/product_tag?post=6254"}],"curies":[{"name":"wp","href":"https:\/\/api.w.org\/{rel}","templated":true}]}}