{"id":6209,"date":"2023-02-15T15:45:45","date_gmt":"2023-02-15T14:45:45","guid":{"rendered":"https:\/\/viarelli.com\/?post_type=product&#038;p=6209"},"modified":"2024-09-30T09:47:59","modified_gmt":"2024-09-30T08:47:59","slug":"moped-klass-1-viarelli-matador","status":"publish","type":"product","link":"https:\/\/viarelli.com\/sv\/produkt\/moped-klass-1-viarelli-matador\/","title":{"rendered":"Moped Klass 1 Viarelli Matador"},"content":{"rendered":"<p>Med den senaste designen och modernaste Euro tekniken \u00e4r v\u00e5r Viarelli Matador, scootern f\u00f6r dig som inte n\u00f6jer dig med annat \u00e4n det b\u00e4sta. F\u00f6rst\u00e4rkt fj\u00e4dring, senaste LED-tekniken, extra kraftiga bromsar, l\u00e4ttmetallf\u00e4lgar och en mycket drifts\u00e4ker motor med EFI (Electric Fuel Injection) insprutning \u00e4r bara n\u00e5gra av detaljer som g\u00f6r att Matador blivit en av Sveriges mest s\u00e5lda sportmodeller. Matador \u00e4r \u00e4mnad f\u00f6r dig som s\u00f6ker prestanda och funktion utan att g\u00f6ra avkall p\u00e5 designen.<\/p>\n<h3>Motor<\/h3>\n<p>Matador \u00e4r utrustad med en drifts\u00e4ker 4-taktsmotor av GY-6 typ utrustad med EFI (Electric Fuel Injection) insprutning. En v\u00e4lbepr\u00f6vad motortyp som nu uppgraderats i enlighet med de nya Euro kraven som ger Matador en l\u00e4gre br\u00e4nslef\u00f6rbrukning och mindre p\u00e5verkan p\u00e5 milj\u00f6n trots att den levererar hela 2.4 kW vid 7500 varv och hela 3.0 Nm redan vid l\u00e5ga 5000 varv. EFI motorn drivs av vanlig ren bensin och levererar kraft och effekt i ett brett vridregister, speciellt uppskattat av de som k\u00f6r under kr\u00e4vande stadsf\u00f6rh\u00e5llanden d\u00e4r motorns prestanda beh\u00f6vs f\u00f6r att g\u00f6ra f\u00e4rden s\u00e4ker och trygg.<\/p>\n<h3>F\u00f6rbrukning<\/h3>\n<p>Matador drar ca. 0,25 L bensin per mil och utrustad med en tank p\u00e5 4.5 L n\u00e5r du d\u00e4rmed n\u00e4rmre 18 mil per tankning under rimliga f\u00f6rh\u00e5llanden.<\/p>\n<h3>Transmission<\/h3>\n<p>Matador \u00e4r utrustad med en CVT (Automat) v\u00e4xell\u00e5da som g\u00f6r k\u00f6rningen enkel. M\u00e5nga f\u00f6rare uppskattar denna typ av v\u00e4xell\u00e5da d\u00e5 den levererar \u00f6verl\u00e4gsen kraft utan st\u00f6rre f\u00f6rluster utan behov av manuell v\u00e4xling. De smidiga k\u00f6regenskaperna som erh\u00e5lls beror b\u00e5de p\u00e5 det h\u00f6ga vridmomentet och den optimerade v\u00e4xell\u00e5dan vilket uppskattas fr\u00e4mst under kr\u00e4vande k\u00f6rning i stadsf\u00f6rh\u00e5llanden.<\/p>\n<h3>Hjul<\/h3>\n<p>Med sina 3-ekrade 12\u201d f\u00e4lgar i l\u00e4ttviktsaluminium och sportiga l\u00e5gprofild\u00e4ck f\u00e5r Matador ett optimalt v\u00e4g f\u00e4ste \u00e4ven under utmanande och anstr\u00e4ngande k\u00f6rning.<\/p>\n<h3>Bromsar<\/h3>\n<p>Med hydrauliska dubbelverkande skivbromsar och dubbel kolvs ok fram, \u00f6verdimensionerad och ventilerad wave skiva har du optimal bromseffekt oavsett r\u00e5dande k\u00f6rf\u00f6rh\u00e5llanden.<\/p>\n<h3>Fj\u00e4dring<\/h3>\n<p>Till skillnad fr\u00e5n m\u00e5nga andra enklare scootrar p\u00e5 marknaden har Matador dubbla st\u00f6td\u00e4mpare bak vilket inte bara ger en oslagbar fj\u00e4dringskomfort utan g\u00f6r \u00e4ven hela mopeden mycket stabil och vridfast i konstruktionen vilket m\u00e4rks p\u00e5 v\u00e4gh\u00e5llningen n\u00e4r man testar den till det yttersta. Matador \u00e4r utrustad med en p\u00e5kostad dubbelsidig och dubbelverkande hydraulisk d\u00e4mparkonstruktion framtill som ger en mycket god fj\u00e4dringskomfort<\/p>\n<h3>Ram<\/h3>\n<p>Matador v\u00e4ger l\u00e5ga 90 kg och kombinerat med konstruktionen och effekten g\u00f6r att den k\u00e4nns kraftfull nog att klara de lite tuffare utmaningarna utan att avmattas. Ramen \u00e4r tillverkad i vridstyvt kvalitetsst\u00e5l som ger en \u00f6verl\u00e4gsen stabilitet i h\u00f6gre farter och under h\u00e5rdare belastning.<\/p>\n<h3>Instrument<\/h3>\n<p>Instrumenteringen \u00e4r stilfullt designad och l\u00e4ttl\u00e4st med hastighetsm\u00e4tare, br\u00e4nslem\u00e4tare samt indikeringslampor f\u00f6r blinkers och hel- och halvljus.<\/p>\n<h3>F\u00f6rvaring<\/h3>\n<p>Matador har ett rymligt f\u00f6rvaringsfack under sadeln, stort nog att rymma det allra n\u00f6dv\u00e4ndigaste. Utrymmet \u00f6ppnas\/l\u00e5ses enkelt och smidigt med samma nyckel som du startar med. Toppbox finns ocks\u00e5 som tillbeh\u00f6r om \u00e4nnu mer lastutrymme \u00f6nskas.<\/p>\n<h3>Komfort<\/h3>\n<p>Matador \u00e4r stor nog att klara \u00e4ven passagerare som sitter bra och har bra fotst\u00f6d med hj\u00e4lp av de snyggt inf\u00e4llbara fotpinnarna. Den sektionsindelade sadeln ger sportigare men \u00e4nd\u00e5 bekv\u00e4m och komfortabel sittst\u00e4llning. Sadelns Condura\u2122 liknande yttermaterial \u00e4r vattenavst\u00f6tande ock t\u00e5ligt nog att klara m\u00e5nga \u00e5rs sol och v\u00e4ta.<\/p>\n<h3>Belysning<\/h3>\n<p>Kraftigt tilltagen belysning med dubbla halogenlampor i str\u00e5lkastaren framtill garanterar en god synlighet i trafiken. Utrustad med LED-teknik i b\u00e5de positionsljus, blinkers och bakljus garanteras du god synlighet under m\u00f6rkrets inbrott.<\/p>\n","protected":false},"excerpt":{"rendered":"<p>Med den senaste designen och modernaste Euro tekniken \u00e4r v\u00e5r Viarelli Matador, scootern f\u00f6r dig som inte n\u00f6jer dig med annat \u00e4n det b\u00e4sta. F\u00f6rst\u00e4rkt fj\u00e4dring, senaste LED-tekniken, extra kraftiga bromsar, l\u00e4ttmetallf\u00e4lgar och en mycket drifts\u00e4ker motor med EFI (Electric Fuel Injection) insprutning \u00e4r bara n\u00e5gra av detaljer som g\u00f6r att Matador blivit en av [&#8230;]\n","protected":false},"featured_media":7721,"template":"","meta":{"_acf_changed":false},"product_brand":[],"product_cat":[72,111],"product_tag":[],"class_list":{"0":"post-6209","1":"product","2":"type-product","3":"status-publish","4":"has-post-thumbnail","6":"product_cat-moped","7":"product_cat-moped-klass-1","9":"first","10":"instock","11":"taxable","12":"shipping-taxable","13":"product-type-variable","14":"has-default-attributes"},"acf":[],"yoast_head":"<!-- This site is optimized with the Yoast SEO plugin v27.4 - https:\/\/yoast.com\/product\/yoast-seo-wordpress\/ -->\n<title>Moped Klass 1 Viarelli Matador - Viarelli<\/title>\n<meta name=\"robots\" content=\"index, follow, max-snippet:-1, max-image-preview:large, max-video-preview:-1\" \/>\n<link rel=\"canonical\" href=\"https:\/\/viarelli.com\/sv\/produkt\/moped-klass-1-viarelli-matador\/\" \/>\n<meta property=\"og:locale\" content=\"sv_SE\" \/>\n<meta property=\"og:type\" content=\"article\" \/>\n<meta property=\"og:title\" content=\"Moped Klass 1 Viarelli Matador - Viarelli\" \/>\n<meta property=\"og:description\" content=\"Med den senaste designen och modernaste Euro tekniken \u00e4r v\u00e5r Viarelli Matador, scootern f\u00f6r dig som inte n\u00f6jer dig med annat \u00e4n det b\u00e4sta. F\u00f6rst\u00e4rkt fj\u00e4dring, senaste LED-tekniken, extra kraftiga bromsar, l\u00e4ttmetallf\u00e4lgar och en mycket drifts\u00e4ker motor med EFI (Electric Fuel Injection) insprutning \u00e4r bara n\u00e5gra av detaljer som g\u00f6r att Matador blivit en av [...]\" \/>\n<meta property=\"og:url\" content=\"https:\/\/viarelli.com\/sv\/produkt\/moped-klass-1-viarelli-matador\/\" \/>\n<meta property=\"og:site_name\" content=\"Viarelli\" \/>\n<meta property=\"article:modified_time\" content=\"2024-09-30T08:47:59+00:00\" \/>\n<meta property=\"og:image\" content=\"https:\/\/viarelli.com\/wp-content\/uploads\/2023\/02\/viarelli_matador_svart_main.png\" \/>\n\t<meta property=\"og:image:width\" content=\"1344\" \/>\n\t<meta property=\"og:image:height\" content=\"1200\" \/>\n\t<meta property=\"og:image:type\" content=\"image\/png\" \/>\n<meta name=\"twitter:card\" content=\"summary_large_image\" \/>\n<meta name=\"twitter:label1\" content=\"Ber\u00e4knad l\u00e4stid\" \/>\n\t<meta name=\"twitter:data1\" content=\"3 minuter\" \/>\n<script type=\"application\/ld+json\" class=\"yoast-schema-graph\">{\"@context\":\"https:\\\/\\\/schema.org\",\"@graph\":[{\"@type\":\"WebPage\",\"@id\":\"https:\\\/\\\/viarelli.com\\\/sv\\\/produkt\\\/moped-klass-1-viarelli-matador\\\/\",\"url\":\"https:\\\/\\\/viarelli.com\\\/sv\\\/produkt\\\/moped-klass-1-viarelli-matador\\\/\",\"name\":\"Moped Klass 1 Viarelli Matador - Viarelli\",\"isPartOf\":{\"@id\":\"https:\\\/\\\/viarelli.com\\\/#website\"},\"primaryImageOfPage\":{\"@id\":\"https:\\\/\\\/viarelli.com\\\/sv\\\/produkt\\\/moped-klass-1-viarelli-matador\\\/#primaryimage\"},\"image\":{\"@id\":\"https:\\\/\\\/viarelli.com\\\/sv\\\/produkt\\\/moped-klass-1-viarelli-matador\\\/#primaryimage\"},\"thumbnailUrl\":\"https:\\\/\\\/viarelli.com\\\/wp-content\\\/uploads\\\/2023\\\/02\\\/viarelli_matador_svart_main.png\",\"datePublished\":\"2023-02-15T14:45:45+00:00\",\"dateModified\":\"2024-09-30T08:47:59+00:00\",\"breadcrumb\":{\"@id\":\"https:\\\/\\\/viarelli.com\\\/sv\\\/produkt\\\/moped-klass-1-viarelli-matador\\\/#breadcrumb\"},\"inLanguage\":\"sv-SE\",\"potentialAction\":[{\"@type\":\"ReadAction\",\"target\":[\"https:\\\/\\\/viarelli.com\\\/sv\\\/produkt\\\/moped-klass-1-viarelli-matador\\\/\"]}]},{\"@type\":\"ImageObject\",\"inLanguage\":\"sv-SE\",\"@id\":\"https:\\\/\\\/viarelli.com\\\/sv\\\/produkt\\\/moped-klass-1-viarelli-matador\\\/#primaryimage\",\"url\":\"https:\\\/\\\/viarelli.com\\\/wp-content\\\/uploads\\\/2023\\\/02\\\/viarelli_matador_svart_main.png\",\"contentUrl\":\"https:\\\/\\\/viarelli.com\\\/wp-content\\\/uploads\\\/2023\\\/02\\\/viarelli_matador_svart_main.png\",\"width\":1344,\"height\":1200},{\"@type\":\"BreadcrumbList\",\"@id\":\"https:\\\/\\\/viarelli.com\\\/sv\\\/produkt\\\/moped-klass-1-viarelli-matador\\\/#breadcrumb\",\"itemListElement\":[{\"@type\":\"ListItem\",\"position\":1,\"name\":\"Start\",\"item\":\"https:\\\/\\\/viarelli.com\\\/sv\\\/\"},{\"@type\":\"ListItem\",\"position\":2,\"name\":\"Products\",\"item\":\"https:\\\/\\\/viarelli.com\\\/sv\\\/shop\\\/\"},{\"@type\":\"ListItem\",\"position\":3,\"name\":\"Moped Klass 1 Viarelli Matador\"}]},{\"@type\":\"WebSite\",\"@id\":\"https:\\\/\\\/viarelli.com\\\/#website\",\"url\":\"https:\\\/\\\/viarelli.com\\\/\",\"name\":\"Viarelli\",\"description\":\"\",\"potentialAction\":[{\"@type\":\"SearchAction\",\"target\":{\"@type\":\"EntryPoint\",\"urlTemplate\":\"https:\\\/\\\/viarelli.com\\\/?s={search_term_string}\"},\"query-input\":{\"@type\":\"PropertyValueSpecification\",\"valueRequired\":true,\"valueName\":\"search_term_string\"}}],\"inLanguage\":\"sv-SE\"}]}<\/script>\n<!-- \/ Yoast SEO plugin. -->","yoast_head_json":{"title":"Moped Klass 1 Viarelli Matador - Viarelli","robots":{"index":"index","follow":"follow","max-snippet":"max-snippet:-1","max-image-preview":"max-image-preview:large","max-video-preview":"max-video-preview:-1"},"canonical":"https:\/\/viarelli.com\/sv\/produkt\/moped-klass-1-viarelli-matador\/","og_locale":"sv_SE","og_type":"article","og_title":"Moped Klass 1 Viarelli Matador - Viarelli","og_description":"Med den senaste designen och modernaste Euro tekniken \u00e4r v\u00e5r Viarelli Matador, scootern f\u00f6r dig som inte n\u00f6jer dig med annat \u00e4n det b\u00e4sta. F\u00f6rst\u00e4rkt fj\u00e4dring, senaste LED-tekniken, extra kraftiga bromsar, l\u00e4ttmetallf\u00e4lgar och en mycket drifts\u00e4ker motor med EFI (Electric Fuel Injection) insprutning \u00e4r bara n\u00e5gra av detaljer som g\u00f6r att Matador blivit en av [...]","og_url":"https:\/\/viarelli.com\/sv\/produkt\/moped-klass-1-viarelli-matador\/","og_site_name":"Viarelli","article_modified_time":"2024-09-30T08:47:59+00:00","og_image":[{"width":1344,"height":1200,"url":"https:\/\/viarelli.com\/wp-content\/uploads\/2023\/02\/viarelli_matador_svart_main.png","type":"image\/png"}],"twitter_card":"summary_large_image","twitter_misc":{"Ber\u00e4knad l\u00e4stid":"3 minuter"},"schema":{"@context":"https:\/\/schema.org","@graph":[{"@type":"WebPage","@id":"https:\/\/viarelli.com\/sv\/produkt\/moped-klass-1-viarelli-matador\/","url":"https:\/\/viarelli.com\/sv\/produkt\/moped-klass-1-viarelli-matador\/","name":"Moped Klass 1 Viarelli Matador - Viarelli","isPartOf":{"@id":"https:\/\/viarelli.com\/#website"},"primaryImageOfPage":{"@id":"https:\/\/viarelli.com\/sv\/produkt\/moped-klass-1-viarelli-matador\/#primaryimage"},"image":{"@id":"https:\/\/viarelli.com\/sv\/produkt\/moped-klass-1-viarelli-matador\/#primaryimage"},"thumbnailUrl":"https:\/\/viarelli.com\/wp-content\/uploads\/2023\/02\/viarelli_matador_svart_main.png","datePublished":"2023-02-15T14:45:45+00:00","dateModified":"2024-09-30T08:47:59+00:00","breadcrumb":{"@id":"https:\/\/viarelli.com\/sv\/produkt\/moped-klass-1-viarelli-matador\/#breadcrumb"},"inLanguage":"sv-SE","potentialAction":[{"@type":"ReadAction","target":["https:\/\/viarelli.com\/sv\/produkt\/moped-klass-1-viarelli-matador\/"]}]},{"@type":"ImageObject","inLanguage":"sv-SE","@id":"https:\/\/viarelli.com\/sv\/produkt\/moped-klass-1-viarelli-matador\/#primaryimage","url":"https:\/\/viarelli.com\/wp-content\/uploads\/2023\/02\/viarelli_matador_svart_main.png","contentUrl":"https:\/\/viarelli.com\/wp-content\/uploads\/2023\/02\/viarelli_matador_svart_main.png","width":1344,"height":1200},{"@type":"BreadcrumbList","@id":"https:\/\/viarelli.com\/sv\/produkt\/moped-klass-1-viarelli-matador\/#breadcrumb","itemListElement":[{"@type":"ListItem","position":1,"name":"Start","item":"https:\/\/viarelli.com\/sv\/"},{"@type":"ListItem","position":2,"name":"Products","item":"https:\/\/viarelli.com\/sv\/shop\/"},{"@type":"ListItem","position":3,"name":"Moped Klass 1 Viarelli Matador"}]},{"@type":"WebSite","@id":"https:\/\/viarelli.com\/#website","url":"https:\/\/viarelli.com\/","name":"Viarelli","description":"","potentialAction":[{"@type":"SearchAction","target":{"@type":"EntryPoint","urlTemplate":"https:\/\/viarelli.com\/?s={search_term_string}"},"query-input":{"@type":"PropertyValueSpecification","valueRequired":true,"valueName":"search_term_string"}}],"inLanguage":"sv-SE"}]}},"_links":{"self":[{"href":"https:\/\/viarelli.com\/sv\/wp-json\/wp\/v2\/product\/6209","targetHints":{"allow":["GET"]}}],"collection":[{"href":"https:\/\/viarelli.com\/sv\/wp-json\/wp\/v2\/product"}],"about":[{"href":"https:\/\/viarelli.com\/sv\/wp-json\/wp\/v2\/types\/product"}],"wp:featuredmedia":[{"embeddable":true,"href":"https:\/\/viarelli.com\/sv\/wp-json\/wp\/v2\/media\/7721"}],"wp:attachment":[{"href":"https:\/\/viarelli.com\/sv\/wp-json\/wp\/v2\/media?parent=6209"}],"wp:term":[{"taxonomy":"product_brand","embeddable":true,"href":"https:\/\/viarelli.com\/sv\/wp-json\/wp\/v2\/product_brand?post=6209"},{"taxonomy":"product_cat","embeddable":true,"href":"https:\/\/viarelli.com\/sv\/wp-json\/wp\/v2\/product_cat?post=6209"},{"taxonomy":"product_tag","embeddable":true,"href":"https:\/\/viarelli.com\/sv\/wp-json\/wp\/v2\/product_tag?post=6209"}],"curies":[{"name":"wp","href":"https:\/\/api.w.org\/{rel}","templated":true}]}}