{"id":6194,"date":"2023-02-15T15:38:42","date_gmt":"2023-02-15T14:38:42","guid":{"rendered":"https:\/\/viarelli.com\/?post_type=product&#038;p=6194"},"modified":"2024-09-30T09:51:49","modified_gmt":"2024-09-30T08:51:49","slug":"moped-klass-1-viarelli-motard","status":"publish","type":"product","link":"https:\/\/viarelli.com\/sv\/produkt\/moped-klass-1-viarelli-motard\/","title":{"rendered":"Moped Klass 1 Viarelli Motard"},"content":{"rendered":"<h2>Viarelli Motard<\/h2>\n<p><strong>JUST NU &#8211; F\u00e5 ett specialdesignat limited edition dekalkit p\u00e5 k\u00f6pet fr\u00e5n Bold Desinz<\/strong><br \/>\nMarknaden f\u00f6r Motarder har \u00f6kat kraftigt de senaste \u00e5ren. Inte konstigt n\u00e4r man v\u00e4l testar hur m\u00e5ngsidig och underh\u00e5llande en Motard \u00e4r i trafiken. V\u00e5r nya MOTARD \u00e4r en h\u00f6gpresterande\u00a0<a class=\"crosslink\" title=\"\" href=\"https:\/\/motorsweden.se\/moped\" target=\"_self\" rel=\"noopener\">moped<\/a>\u00a0som tack vare den l\u00e5ga vikten g\u00f6r den extremt l\u00e4tthanterlig. En MOTARD \u00e4r i grund och botten en motocross- eller endurocykel, med liknande chassi och motor. En motard skiljer sig dock fr\u00e5n sina offroad-syskon d\u00e5 sl\u00e4tare landsv\u00e4gsd\u00e4ck, s\u00e5 kallade slicks anv\u00e4nds ist\u00e4llet f\u00f6r grova offroadd\u00e4ck. I sadeln p\u00e5 en MOTARD har du ett &#8221;lekfordon&#8221; f\u00f6r motorcyklister som gillar den h\u00f6ga effekten i st\u00f6rre \u00a0sporthojar. MOTARDENS snabba acceleration och kraftiga bromsar g\u00f6r dem perfekta f\u00f6r b\u00e5de bakhjuls\u00e5kning och stoppies, kanske inget f\u00f6r de som pendlar l\u00e4ngre str\u00e4ckor. I h\u00f6gre fart hj\u00e4lper dig den sm\u00e4ckra frontk\u00e5pan att h\u00e5lla st\u00f6rande fartvind till ett minimum och en bekv\u00e4m sadel g\u00f6r att sittst\u00e4llningen p\u00e5 MOTARD passar bra \u00e4ven f\u00f6r l\u00e4ngre turer. I stadstrafik fungerar MOTARD mycket bra, d\u00e5 den \u00e4r relativt kompakt och l\u00e4tt att baxa runt i t\u00e4t trafik.<\/p>\n<h3>Motor<\/h3>\n<p>Motorn \u00e4r utvecklad med erfarenhet fr\u00e5n offroadv\u00e4rlden men \u00e4r modifierade f\u00f6r att b\u00e4ttre passa andra mer vardagliga omst\u00e4ndigheter. Motorn \u00e4r \u00a0en vattenkyld encylindrig tv\u00e5taktsmotor p\u00e5 49,3 cc av AM 6 typ med gott om bottendrag och toppeffekt. Redan vid 6500 varv k\u00e4nner du av toppeffekten som \u00e4r p\u00e5 hela 3,5 kW. Vattenkylningen ser till att h\u00e5lla motorn optimerad s\u00e5 att MOTARD f\u00e5r b\u00e4st m\u00f6jliga effektuttag utan att g\u00e5 varm. Det snyggt integrerade avgassystemet i h\u00f6gh\u00e5llfasta material ger ett bra sound samtidigt som det ger f\u00f6ruts\u00e4ttningar f\u00f6r r\u00e4tt effekt. Den \u00f6verdimensionerade br\u00e4nsletanken p\u00e5 hela 7,3 liter ger dig m\u00f6jlighet att f\u00e4rdas l\u00e4nge utan att beh\u00f6va tanka.<\/p>\n<h3>Transmission<\/h3>\n<p>Med en 6-v\u00e4xlad manuell sekventiell v\u00e4xell\u00e5da har du kraft nog i hela registret oavsett om det \u00e4r backigt eller sl\u00e4t v\u00e4g. V\u00e4xlar g\u00f6r du enkelt med v\u00e4nsterfoten och den eleganta fotv\u00e4xel-spaken med ruggade fotytor \u00e4r konstruerad att se l\u00e4cker ut och samtidigt vara extremt t\u00e5lig.<\/p>\n<h3>Hjul<\/h3>\n<p>De helgjutna f\u00e4lgarna tillverkade i starkaste aluminium \u00e4r anpassade f\u00f6r den h\u00e5rda asfalten. 17&#8243; anv\u00e4nds b\u00e5de fram och bak f\u00f6r att g\u00f6ra cykeln mer l\u00e4ttsv\u00e4ngd och l\u00e4tthanterlig. D\u00e4cken \u00e4r av senaste typ och har en sportigare profil som ger dig optimalt f\u00e4sta p\u00e5 sl\u00e4t asfalt.<\/p>\n<h3>Bromsar<\/h3>\n<p>V\u00e5r MOTARD \u00e4r byggd f\u00f6r att klara h\u00f6ga hastigheter vilket kr\u00e4ver rej\u00e4la bromsar f\u00f6r att kunna g\u00f6ra snabba inbromsningar. En stor oversize och vawe formad bromsskiva fram kompletteras med rej\u00e4la tv\u00e5kolvsok som kommna fr\u00e5n Sporthojsv\u00e4rlden. Bak har du en tv\u00e5kolvs wave-formad bromsskiva, snyggt integrerat med bakhjulet.<\/p>\n<h3>Fj\u00e4dring<\/h3>\n<p>En MOTARD har oftast en styvare fj\u00e4dring samt kortare fj\u00e4dringsv\u00e4g f\u00f6r att passa ett j\u00e4mnare underlag. Fj\u00e4rdringen \u00e4r justerbar i flera dimensioner, du har f\u00f6rsp\u00e4nningsjustering samt returd\u00e4mpningsjustering. P\u00e5 s\u00e5 vis justerar du enkelt \u00a0de upp-och-ner v\u00e4nda d\u00e4mparna fram oc h enkelkolven bak. En exklusiv d\u00e4mparl\u00f6sning du s\u00e4llan hittar p\u00e5 MOTARDER i denna prisklass.<\/p>\n<h3>Ram<\/h3>\n<p>Ramen \u00e4r tillverkad i h\u00f6gh\u00e5llfasthets st\u00e5l och \u00e4r byggd i en fackverkskonstruktion, konstuerad med betydligt dyrare sporthojar som f\u00f6rebild. De snygga svetsarna, den bastanta konstruktionen och den snyggs dragna ramlinjen ger hela MOTARD ett kompetent utseende som lockar samtidigt som den \u00e4r oerh\u00f6rt vridstyv, stark och \u00e4nd\u00e5 l\u00e4tt. Aluminiumsvingen \u00e4r bearbetad ur ett rej\u00e4lt stycka aluminium och \u00e4r en konstruktion som du oftast bara hittar p\u00e5 betydligt dyrare superhojar.<\/p>\n<h3>Instrument<\/h3>\n<p>Med LCD teknik och bakgrundsbelysning ger dig den komakt integrerade intrumenteringen god \u00f6verblick och ser till att du har all viktig information l\u00e4tt tillg\u00e4nglig. Rej\u00e4lt tilltagna varnings lampor och indikatorer f\u00f6rst\u00e4rker \u00f6verblicken och det \u00e4r inga problem att se hastighet osv \u00e4ven n\u00e4r det \u00e4r m\u00f6rk.<\/p>\n<h3>Drivlina<\/h3>\n<p>Den \u00f6verdimensionerade o-ringskedjan och de v\u00e4l tilltagna dreven ser till att kraften \u00f6verf\u00f6rs effektivast m\u00f6jligt.<\/p>\n<h3>F\u00f6rvaring<\/h3>\n<p>F\u00f6rvaringen p\u00e5 MOTARD \u00e4r begr\u00e4nsad, men under sadeln finns plats f\u00f6r det mest ves\u00e4ntliga och en liten verktygssats.<\/p>\n<h3>Komfort<\/h3>\n<p>Den uppr\u00e4tta k\u00f6rst\u00e4llningen och den \u00f6ppna f\u00f6rarmilj\u00f6n ger f\u00f6raren en god \u00f6verblick \u00f6ver trafiken. Den mjuka men \u00e4nd\u00e5 fasta foam stoppningen i sadeln g\u00f6r att du kan f\u00e4rdas l\u00e4nge utan st\u00f6rre obehag. De bakre inf\u00e4llda fotpinnarna i aluminium ger ett snyggt intryck samtidigt som de t\u00e5ler bra med belastning.<\/p>\n<h3>Belysning<\/h3>\n<p>Med den senaste LED tekniken kan du vara s\u00e4ker p\u00e5 att ha en optimal ljusbild \u00e4ven i de m\u00f6rkaste milj\u00f6erna. P\u00e5 en MOTARD syns du bra i trafiken och den h\u00f6gre konstruktionen ger dig god synlighet j\u00e4mf\u00f6rt med betydligt l\u00e4gre scooters.<\/p>\n<h3>\u00d6vrigt<\/h3>\n<p>Vi tar hand om all administration kring \u00e4garbyte och registrering. Det enda du beh\u00f6ver t\u00e4nka p\u00e5 n\u00e4r du f\u00e5tt hem din nya\u00a0<a class=\"crosslink\" title=\"\" href=\"https:\/\/motorsweden.se\/moped\" target=\"_self\" rel=\"noopener\">moped<\/a>\u00a0\u00e4r att teckna en f\u00f6rs\u00e4kring samt st\u00e4lla p\u00e5 mopeden sen \u00e4r du redo att ge dig ut p\u00e5 v\u00e4garna. Mopeden levereras komplett med manual och servicebok samt ett litet verktygskit.<\/p>\n","protected":false},"excerpt":{"rendered":"<p>Viarelli Motard JUST NU &#8211; F\u00e5 ett specialdesignat limited edition dekalkit p\u00e5 k\u00f6pet fr\u00e5n Bold Desinz Marknaden f\u00f6r Motarder har \u00f6kat kraftigt de senaste \u00e5ren. Inte konstigt n\u00e4r man v\u00e4l testar hur m\u00e5ngsidig och underh\u00e5llande en Motard \u00e4r i trafiken. V\u00e5r nya MOTARD \u00e4r en h\u00f6gpresterande\u00a0moped\u00a0som tack vare den l\u00e5ga vikten g\u00f6r den extremt l\u00e4tthanterlig. [&#8230;]\n","protected":false},"featured_media":8557,"template":"","meta":{"_acf_changed":false},"product_brand":[],"product_cat":[72,111],"product_tag":[],"class_list":{"0":"post-6194","1":"product","2":"type-product","3":"status-publish","4":"has-post-thumbnail","6":"product_cat-moped","7":"product_cat-moped-klass-1","9":"first","10":"instock","11":"taxable","12":"shipping-taxable","13":"product-type-simple"},"acf":[],"yoast_head":"<!-- This site is optimized with the Yoast SEO plugin v27.4 - https:\/\/yoast.com\/product\/yoast-seo-wordpress\/ -->\n<title>Moped Klass 1 Viarelli Motard - Viarelli<\/title>\n<meta name=\"robots\" content=\"index, follow, max-snippet:-1, max-image-preview:large, max-video-preview:-1\" \/>\n<link rel=\"canonical\" href=\"https:\/\/viarelli.com\/sv\/produkt\/moped-klass-1-viarelli-motard\/\" \/>\n<meta property=\"og:locale\" content=\"sv_SE\" \/>\n<meta property=\"og:type\" content=\"article\" \/>\n<meta property=\"og:title\" content=\"Moped Klass 1 Viarelli Motard - Viarelli\" \/>\n<meta property=\"og:description\" content=\"Viarelli Motard JUST NU &#8211; F\u00e5 ett specialdesignat limited edition dekalkit p\u00e5 k\u00f6pet fr\u00e5n Bold Desinz Marknaden f\u00f6r Motarder har \u00f6kat kraftigt de senaste \u00e5ren. Inte konstigt n\u00e4r man v\u00e4l testar hur m\u00e5ngsidig och underh\u00e5llande en Motard \u00e4r i trafiken. V\u00e5r nya MOTARD \u00e4r en h\u00f6gpresterande\u00a0moped\u00a0som tack vare den l\u00e5ga vikten g\u00f6r den extremt l\u00e4tthanterlig. [...]\" \/>\n<meta property=\"og:url\" content=\"https:\/\/viarelli.com\/sv\/produkt\/moped-klass-1-viarelli-motard\/\" \/>\n<meta property=\"og:site_name\" content=\"Viarelli\" \/>\n<meta property=\"article:modified_time\" content=\"2024-09-30T08:51:49+00:00\" \/>\n<meta property=\"og:image\" content=\"https:\/\/viarelli.com\/wp-content\/uploads\/2023\/02\/Motard-Bold-1.png\" \/>\n\t<meta property=\"og:image:width\" content=\"1020\" \/>\n\t<meta property=\"og:image:height\" content=\"893\" \/>\n\t<meta property=\"og:image:type\" content=\"image\/png\" \/>\n<meta name=\"twitter:card\" content=\"summary_large_image\" \/>\n<meta name=\"twitter:label1\" content=\"Ber\u00e4knad l\u00e4stid\" \/>\n\t<meta name=\"twitter:data1\" content=\"5 minuter\" \/>\n<script type=\"application\/ld+json\" class=\"yoast-schema-graph\">{\"@context\":\"https:\\\/\\\/schema.org\",\"@graph\":[{\"@type\":\"WebPage\",\"@id\":\"https:\\\/\\\/viarelli.com\\\/sv\\\/produkt\\\/moped-klass-1-viarelli-motard\\\/\",\"url\":\"https:\\\/\\\/viarelli.com\\\/sv\\\/produkt\\\/moped-klass-1-viarelli-motard\\\/\",\"name\":\"Moped Klass 1 Viarelli Motard - Viarelli\",\"isPartOf\":{\"@id\":\"https:\\\/\\\/viarelli.com\\\/#website\"},\"primaryImageOfPage\":{\"@id\":\"https:\\\/\\\/viarelli.com\\\/sv\\\/produkt\\\/moped-klass-1-viarelli-motard\\\/#primaryimage\"},\"image\":{\"@id\":\"https:\\\/\\\/viarelli.com\\\/sv\\\/produkt\\\/moped-klass-1-viarelli-motard\\\/#primaryimage\"},\"thumbnailUrl\":\"https:\\\/\\\/viarelli.com\\\/wp-content\\\/uploads\\\/2023\\\/02\\\/Motard-Bold-1.png\",\"datePublished\":\"2023-02-15T14:38:42+00:00\",\"dateModified\":\"2024-09-30T08:51:49+00:00\",\"breadcrumb\":{\"@id\":\"https:\\\/\\\/viarelli.com\\\/sv\\\/produkt\\\/moped-klass-1-viarelli-motard\\\/#breadcrumb\"},\"inLanguage\":\"sv-SE\",\"potentialAction\":[{\"@type\":\"ReadAction\",\"target\":[\"https:\\\/\\\/viarelli.com\\\/sv\\\/produkt\\\/moped-klass-1-viarelli-motard\\\/\"]}]},{\"@type\":\"ImageObject\",\"inLanguage\":\"sv-SE\",\"@id\":\"https:\\\/\\\/viarelli.com\\\/sv\\\/produkt\\\/moped-klass-1-viarelli-motard\\\/#primaryimage\",\"url\":\"https:\\\/\\\/viarelli.com\\\/wp-content\\\/uploads\\\/2023\\\/02\\\/Motard-Bold-1.png\",\"contentUrl\":\"https:\\\/\\\/viarelli.com\\\/wp-content\\\/uploads\\\/2023\\\/02\\\/Motard-Bold-1.png\",\"width\":1920,\"height\":1680},{\"@type\":\"BreadcrumbList\",\"@id\":\"https:\\\/\\\/viarelli.com\\\/sv\\\/produkt\\\/moped-klass-1-viarelli-motard\\\/#breadcrumb\",\"itemListElement\":[{\"@type\":\"ListItem\",\"position\":1,\"name\":\"Start\",\"item\":\"https:\\\/\\\/viarelli.com\\\/sv\\\/\"},{\"@type\":\"ListItem\",\"position\":2,\"name\":\"Products\",\"item\":\"https:\\\/\\\/viarelli.com\\\/sv\\\/shop\\\/\"},{\"@type\":\"ListItem\",\"position\":3,\"name\":\"Moped Klass 1 Viarelli Motard\"}]},{\"@type\":\"WebSite\",\"@id\":\"https:\\\/\\\/viarelli.com\\\/#website\",\"url\":\"https:\\\/\\\/viarelli.com\\\/\",\"name\":\"Viarelli\",\"description\":\"\",\"potentialAction\":[{\"@type\":\"SearchAction\",\"target\":{\"@type\":\"EntryPoint\",\"urlTemplate\":\"https:\\\/\\\/viarelli.com\\\/?s={search_term_string}\"},\"query-input\":{\"@type\":\"PropertyValueSpecification\",\"valueRequired\":true,\"valueName\":\"search_term_string\"}}],\"inLanguage\":\"sv-SE\"}]}<\/script>\n<!-- \/ Yoast SEO plugin. -->","yoast_head_json":{"title":"Moped Klass 1 Viarelli Motard - Viarelli","robots":{"index":"index","follow":"follow","max-snippet":"max-snippet:-1","max-image-preview":"max-image-preview:large","max-video-preview":"max-video-preview:-1"},"canonical":"https:\/\/viarelli.com\/sv\/produkt\/moped-klass-1-viarelli-motard\/","og_locale":"sv_SE","og_type":"article","og_title":"Moped Klass 1 Viarelli Motard - Viarelli","og_description":"Viarelli Motard JUST NU &#8211; F\u00e5 ett specialdesignat limited edition dekalkit p\u00e5 k\u00f6pet fr\u00e5n Bold Desinz Marknaden f\u00f6r Motarder har \u00f6kat kraftigt de senaste \u00e5ren. Inte konstigt n\u00e4r man v\u00e4l testar hur m\u00e5ngsidig och underh\u00e5llande en Motard \u00e4r i trafiken. V\u00e5r nya MOTARD \u00e4r en h\u00f6gpresterande\u00a0moped\u00a0som tack vare den l\u00e5ga vikten g\u00f6r den extremt l\u00e4tthanterlig. [...]","og_url":"https:\/\/viarelli.com\/sv\/produkt\/moped-klass-1-viarelli-motard\/","og_site_name":"Viarelli","article_modified_time":"2024-09-30T08:51:49+00:00","og_image":[{"url":"https:\/\/viarelli.com\/wp-content\/uploads\/2023\/02\/Motard-Bold-1.png","width":1020,"height":893,"type":"image\/png"}],"twitter_card":"summary_large_image","twitter_misc":{"Ber\u00e4knad l\u00e4stid":"5 minuter"},"schema":{"@context":"https:\/\/schema.org","@graph":[{"@type":"WebPage","@id":"https:\/\/viarelli.com\/sv\/produkt\/moped-klass-1-viarelli-motard\/","url":"https:\/\/viarelli.com\/sv\/produkt\/moped-klass-1-viarelli-motard\/","name":"Moped Klass 1 Viarelli Motard - Viarelli","isPartOf":{"@id":"https:\/\/viarelli.com\/#website"},"primaryImageOfPage":{"@id":"https:\/\/viarelli.com\/sv\/produkt\/moped-klass-1-viarelli-motard\/#primaryimage"},"image":{"@id":"https:\/\/viarelli.com\/sv\/produkt\/moped-klass-1-viarelli-motard\/#primaryimage"},"thumbnailUrl":"https:\/\/viarelli.com\/wp-content\/uploads\/2023\/02\/Motard-Bold-1.png","datePublished":"2023-02-15T14:38:42+00:00","dateModified":"2024-09-30T08:51:49+00:00","breadcrumb":{"@id":"https:\/\/viarelli.com\/sv\/produkt\/moped-klass-1-viarelli-motard\/#breadcrumb"},"inLanguage":"sv-SE","potentialAction":[{"@type":"ReadAction","target":["https:\/\/viarelli.com\/sv\/produkt\/moped-klass-1-viarelli-motard\/"]}]},{"@type":"ImageObject","inLanguage":"sv-SE","@id":"https:\/\/viarelli.com\/sv\/produkt\/moped-klass-1-viarelli-motard\/#primaryimage","url":"https:\/\/viarelli.com\/wp-content\/uploads\/2023\/02\/Motard-Bold-1.png","contentUrl":"https:\/\/viarelli.com\/wp-content\/uploads\/2023\/02\/Motard-Bold-1.png","width":1920,"height":1680},{"@type":"BreadcrumbList","@id":"https:\/\/viarelli.com\/sv\/produkt\/moped-klass-1-viarelli-motard\/#breadcrumb","itemListElement":[{"@type":"ListItem","position":1,"name":"Start","item":"https:\/\/viarelli.com\/sv\/"},{"@type":"ListItem","position":2,"name":"Products","item":"https:\/\/viarelli.com\/sv\/shop\/"},{"@type":"ListItem","position":3,"name":"Moped Klass 1 Viarelli Motard"}]},{"@type":"WebSite","@id":"https:\/\/viarelli.com\/#website","url":"https:\/\/viarelli.com\/","name":"Viarelli","description":"","potentialAction":[{"@type":"SearchAction","target":{"@type":"EntryPoint","urlTemplate":"https:\/\/viarelli.com\/?s={search_term_string}"},"query-input":{"@type":"PropertyValueSpecification","valueRequired":true,"valueName":"search_term_string"}}],"inLanguage":"sv-SE"}]}},"_links":{"self":[{"href":"https:\/\/viarelli.com\/sv\/wp-json\/wp\/v2\/product\/6194","targetHints":{"allow":["GET"]}}],"collection":[{"href":"https:\/\/viarelli.com\/sv\/wp-json\/wp\/v2\/product"}],"about":[{"href":"https:\/\/viarelli.com\/sv\/wp-json\/wp\/v2\/types\/product"}],"wp:featuredmedia":[{"embeddable":true,"href":"https:\/\/viarelli.com\/sv\/wp-json\/wp\/v2\/media\/8557"}],"wp:attachment":[{"href":"https:\/\/viarelli.com\/sv\/wp-json\/wp\/v2\/media?parent=6194"}],"wp:term":[{"taxonomy":"product_brand","embeddable":true,"href":"https:\/\/viarelli.com\/sv\/wp-json\/wp\/v2\/product_brand?post=6194"},{"taxonomy":"product_cat","embeddable":true,"href":"https:\/\/viarelli.com\/sv\/wp-json\/wp\/v2\/product_cat?post=6194"},{"taxonomy":"product_tag","embeddable":true,"href":"https:\/\/viarelli.com\/sv\/wp-json\/wp\/v2\/product_tag?post=6194"}],"curies":[{"name":"wp","href":"https:\/\/api.w.org\/{rel}","templated":true}]}}