{"id":5985,"date":"2023-02-14T16:16:30","date_gmt":"2023-02-14T15:16:30","guid":{"rendered":"https:\/\/viarelli.com\/?post_type=product&#038;p=5985"},"modified":"2024-03-18T11:50:23","modified_gmt":"2024-03-18T10:50:23","slug":"elmoped-klass-1-viarelli-monztro","status":"publish","type":"product","link":"https:\/\/viarelli.com\/sv\/produkt\/elmoped-klass-1-viarelli-monztro\/","title":{"rendered":"Elmoped Klass 1 Viarelli Monztro"},"content":{"rendered":"<p>Monztro \u00e4r v\u00e5r fr\u00e4msta premiumscooter sedan tidigare och kommer nu i en helt ny elektrisk variant med portabelt litiumbatteri, fullt kapabel att ge bensinscooters en tuff match. Med eldrift f\u00e5r du en mycket h\u00f6g prestanda, en aggressivare design och mycket k\u00f6rgl\u00e4dje. Att vara milj\u00f6v\u00e4nlig, smart och kostnadseffektiv beh\u00f6ver inte betyda att man \u00e4r tr\u00e5kig. V\u00e5r helt nya Monztro Electric \u00e4r ju allt annat \u00e4n tr\u00e5kig. Allt finns i \u00f6verfl\u00f6d, design, prestanda, v\u00e4gh\u00e5llning och sportighet! Allt f\u00f6rpackat i en modern dress d\u00e4r de dj\u00e4rva linjerna indikerar hastighet och fart, d\u00e4r valet av komponenter garanterar sp\u00e4n\u00adning och samtidigt s\u00e4kerhet.<\/p>\n<p>Den komfortabla sadeln, de gener\u00f6sa f\u00f6rvaringsutrymmena och den stadiga v\u00e4gh\u00e5llningen g\u00f6r f\u00e4rden till ett n\u00f6je. Monztro Electric \u00e4r f\u00f6rsedd med ett kraftigt litiumbatteri p\u00e5 20 Ah vilket tar dig upp till 60 km per laddning. Monztro Electric \u00e4r en prestandam\u00adaskin av klass, en v\u00e4gmaskin av rang som ger bensinvarianterna en match och \u00e4r en l\u00e4mplig scooter f\u00f6r den som gillar fart, prestanda och kurvor&#8230;<\/p>\n<h3>Motor<\/h3>\n<p>Med en snyggt integrerad elmotor fr\u00e5n BOSCH av senaste typ har Monztro Electric vrid, varvvillighet och bottenstyrka nog att piska de flesta bensinscooters av Euro IV typ. Motorn \u00e4r en av marknadens mest drifts\u00e4kra elmotorer, vilket g\u00f6r att du f\u00e5r ut maximal k\u00f6rstr\u00e4cka och kan fokusera mer p\u00e5 k\u00f6rningen ist\u00e4llet f\u00f6r att spendera tid och pengar p\u00e5 en massa kostsamma verkstadsbes\u00f6k. Den kraftiga 3000 watts elmotorn levererar sin kraft redan vid l\u00e4gre varvtal, n\u00e5got som uppskattas i t\u00e4t trafik och vid f\u00e4rd med passagerare\/last. Monztro Electric imponerar stort med en motor som klarar l\u00e4mna ett max vrid om 3.1 Nm vilket g\u00f6r att den \u00e4r rappare i accelerationen och kraftfullare under belastning \u00e4n m\u00e5nga andra bensindrivna scooters.<\/p>\n<h3>Batteri<\/h3>\n<p>Med ett 72 volts batteri p\u00e5 20Ah och med en 3000 watts elmotor n\u00e5r du ca. 6 mil per laddning. Funderar du p\u00e5 driftskostnaden st\u00e5r elf\u00f6rbrukningen f\u00f6r knappa 2 kr vid full laddning. K\u00f6r du 6 mil blir kostnaden s\u00e5 l\u00e5g som 40 \u00f6re per mil.<\/p>\n<p>Monztro Electric levereras med ett h\u00f6geffekts 20 Ah batteri av litium-typ. Batteriet tar du l\u00e4tt med dig n\u00e4r du \u00e4r framme vid din destination f\u00f6r att l\u00e4tt fylla p\u00e5 och g\u00f6ra den mindre st\u00f6ldbeg\u00e4rlig.<\/p>\n<h3>Transmission<\/h3>\n<p>Monztro Electric \u00e4r utrustad med direktdrivning av modernaste typ, n\u00e5got som m\u00e5nga f\u00f6rare uppskattar d\u00e5 den levererar \u00f6verl\u00e4gsen kraft utan st\u00f6rre f\u00f6rluster. Speciellt de smidiga k\u00f6regenskaperna som beror p\u00e5 vridmomentet uppskattas i stadsf\u00f6rh\u00e5llanden.<\/p>\n<h3>Hjul<\/h3>\n<p>Med sina 3-ekrade 12\u201d f\u00e4lgar i l\u00e4ttviktsaluminium och sportiga d\u00e4ck ger Monztro Electric f\u00f6raren en \u00f6verl\u00e4gsen k\u00e4nsla \u00e4ven under provocerande och kr\u00e4vande k\u00f6rning.<\/p>\n<h3>Bromsar<\/h3>\n<p>Med hydrauliska dubbelverkande skivbromsar fram och bak, dubbelkolvs ok och \u00f6verdimensionerade ventilerade wave skivor har du optimal bromseffekt oavsett r\u00e5dande k\u00f6rf\u00f6rh\u00e5llanden.<\/p>\n<h3>Fj\u00e4dring<\/h3>\n<p>Ut\u00f6ver fj\u00e4dringskomforten g\u00f6r st\u00f6td\u00e4mparna mopeden vridfast och stabil i vilket m\u00e4rks vid h\u00e5rd kurvtagning i lite h\u00f6gre hastigheter. Monztro Electric \u00e4r utrustad med en p\u00e5kostad dubbelsidig och dubbelverkande hydraulisk d\u00e4mparkonstruktion framtill som ger en mycket god fj\u00e4dringskomfort. Den bakre mono d\u00e4mparna g\u00f6r att Monztro klarar h\u00f6gre belastningar utan att tappa prestanda.<\/p>\n<h3>Ram<\/h3>\n<p>Monztro Electric v\u00e4ger in p\u00e5 l\u00e4tta 88 kg och batteriet som v\u00e4ger 41 kg tynger inte ner scootern avsev\u00e4rt d\u00e5 konstruktionen och effekten g\u00f6r att den k\u00e4nns kraftfull nog att klara de lite tuffare utmaningarna med glans. Ramen \u00e4r tillverkad i vridstyvt kvalitetsst\u00e5l som ger en \u00f6verl\u00e4gsen stabilitet i h\u00f6gre farter och under h\u00e5rdare belastning.<\/p>\n<h3>Instrument<\/h3>\n<p>Den kompakta kombi instrumenteringen (analog\/digital) har en framtr\u00e4dande plats bakom den vind och vatten skyddande toppk\u00e5pan. Kombi instrumenten inneh\u00e5ller bl.a. hastighetsm\u00e4tare, batteriniv\u00e5m\u00e4tare samt en upps\u00e4ttning indikeringslampor f\u00f6r blinkers, hel- och halvljus. Du kan enkelt justera och \u00e4ndra f\u00e4rg p\u00e5 instrumentet och nollst\u00e4lla trippm\u00e4taren med n\u00e5gra knapptryckningar. Marknadens kanske snyggaste och mest effektiva backspeglar ger optimal sikt \u00e4ven bak\u00e5t.<\/p>\n<h3>F\u00f6rvaring<\/h3>\n<p>Monztro Electric har ett v\u00e4l tilltaget f\u00f6rvaringsfack under sadeln, stort nog att rymma det n\u00f6dv\u00e4ndigaste, som \u00f6ppnas via t\u00e4ndningsl\u00e5set.<\/p>\n<h3>Komfort<\/h3>\n<p>Monztro Electric \u00e4r stor nog att klara \u00e4ven passagerare som sitter bra och har bra fotst\u00f6d med hj\u00e4lp av de snyggt inf\u00e4llbara fotpinnarna. Den sektionsindelade sadeln ger sportigare men \u00e4nd\u00e5 bekv\u00e4m och komfortabel sittst\u00e4llning. Sadelns Condura\u2122 liknande yttermaterial \u00e4r vattenavst\u00f6tande ock t\u00e5ligt nog att klara m\u00e5nga \u00e5rs sol och v\u00e4ta.<\/p>\n<h3>Belysning<\/h3>\n<p>Kraftigt tilltagen belysning i blinkers och baklampa tillsammans med dubbla halogenlampor i str\u00e5lkastaren framtill garanterar en god synlighet i trafiken. Blinkers och positionsljus \u00e4r elegant integrerade strax under toppk\u00e5pan ytterkanter i h\u00f6jd med bromshandtagen.<\/p>\n","protected":false},"excerpt":{"rendered":"<p>Monztro \u00e4r v\u00e5r fr\u00e4msta premiumscooter sedan tidigare och kommer nu i en helt ny elektrisk variant med portabelt litiumbatteri, fullt kapabel att ge bensinscooters en tuff match. Med eldrift f\u00e5r du en mycket h\u00f6g prestanda, en aggressivare design och mycket k\u00f6rgl\u00e4dje. Att vara milj\u00f6v\u00e4nlig, smart och kostnadseffektiv beh\u00f6ver inte betyda att man \u00e4r tr\u00e5kig. V\u00e5r [&#8230;]\n","protected":false},"featured_media":8342,"template":"","meta":{"_acf_changed":false},"product_brand":[],"product_cat":[73,141],"product_tag":[],"class_list":{"0":"post-5985","1":"product","2":"type-product","3":"status-publish","4":"has-post-thumbnail","6":"product_cat-elmoped","7":"product_cat-elmoped-klass-1","9":"first","10":"instock","11":"taxable","12":"shipping-taxable","13":"product-type-simple"},"acf":[],"yoast_head":"<!-- This site is optimized with the Yoast SEO plugin v27.5 - https:\/\/yoast.com\/product\/yoast-seo-wordpress\/ -->\n<title>Elmoped Klass 1 Viarelli Monztro - Viarelli<\/title>\n<meta name=\"robots\" content=\"index, follow, max-snippet:-1, max-image-preview:large, max-video-preview:-1\" \/>\n<link rel=\"canonical\" href=\"https:\/\/viarelli.com\/sv\/produkt\/elmoped-klass-1-viarelli-monztro\/\" \/>\n<meta property=\"og:locale\" content=\"sv_SE\" \/>\n<meta property=\"og:type\" content=\"article\" \/>\n<meta property=\"og:title\" content=\"Elmoped Klass 1 Viarelli Monztro - Viarelli\" \/>\n<meta property=\"og:description\" content=\"Monztro \u00e4r v\u00e5r fr\u00e4msta premiumscooter sedan tidigare och kommer nu i en helt ny elektrisk variant med portabelt litiumbatteri, fullt kapabel att ge bensinscooters en tuff match. Med eldrift f\u00e5r du en mycket h\u00f6g prestanda, en aggressivare design och mycket k\u00f6rgl\u00e4dje. Att vara milj\u00f6v\u00e4nlig, smart och kostnadseffektiv beh\u00f6ver inte betyda att man \u00e4r tr\u00e5kig. V\u00e5r [...]\" \/>\n<meta property=\"og:url\" content=\"https:\/\/viarelli.com\/sv\/produkt\/elmoped-klass-1-viarelli-monztro\/\" \/>\n<meta property=\"og:site_name\" content=\"Viarelli\" \/>\n<meta property=\"article:modified_time\" content=\"2024-03-18T10:50:23+00:00\" \/>\n<meta property=\"og:image\" content=\"https:\/\/viarelli.com\/wp-content\/uploads\/2023\/02\/Monztro-EL-5.png\" \/>\n\t<meta property=\"og:image:width\" content=\"1020\" \/>\n\t<meta property=\"og:image:height\" content=\"918\" \/>\n\t<meta property=\"og:image:type\" content=\"image\/png\" \/>\n<meta name=\"twitter:card\" content=\"summary_large_image\" \/>\n<meta name=\"twitter:label1\" content=\"Ber\u00e4knad l\u00e4stid\" \/>\n\t<meta name=\"twitter:data1\" content=\"4 minuter\" \/>\n<script type=\"application\/ld+json\" class=\"yoast-schema-graph\">{\"@context\":\"https:\\\/\\\/schema.org\",\"@graph\":[{\"@type\":\"WebPage\",\"@id\":\"https:\\\/\\\/viarelli.com\\\/sv\\\/produkt\\\/elmoped-klass-1-viarelli-monztro\\\/\",\"url\":\"https:\\\/\\\/viarelli.com\\\/sv\\\/produkt\\\/elmoped-klass-1-viarelli-monztro\\\/\",\"name\":\"Elmoped Klass 1 Viarelli Monztro - Viarelli\",\"isPartOf\":{\"@id\":\"https:\\\/\\\/viarelli.com\\\/#website\"},\"primaryImageOfPage\":{\"@id\":\"https:\\\/\\\/viarelli.com\\\/sv\\\/produkt\\\/elmoped-klass-1-viarelli-monztro\\\/#primaryimage\"},\"image\":{\"@id\":\"https:\\\/\\\/viarelli.com\\\/sv\\\/produkt\\\/elmoped-klass-1-viarelli-monztro\\\/#primaryimage\"},\"thumbnailUrl\":\"https:\\\/\\\/viarelli.com\\\/wp-content\\\/uploads\\\/2023\\\/02\\\/Monztro-EL-5.png\",\"datePublished\":\"2023-02-14T15:16:30+00:00\",\"dateModified\":\"2024-03-18T10:50:23+00:00\",\"breadcrumb\":{\"@id\":\"https:\\\/\\\/viarelli.com\\\/sv\\\/produkt\\\/elmoped-klass-1-viarelli-monztro\\\/#breadcrumb\"},\"inLanguage\":\"sv-SE\",\"potentialAction\":[{\"@type\":\"ReadAction\",\"target\":[\"https:\\\/\\\/viarelli.com\\\/sv\\\/produkt\\\/elmoped-klass-1-viarelli-monztro\\\/\"]}]},{\"@type\":\"ImageObject\",\"inLanguage\":\"sv-SE\",\"@id\":\"https:\\\/\\\/viarelli.com\\\/sv\\\/produkt\\\/elmoped-klass-1-viarelli-monztro\\\/#primaryimage\",\"url\":\"https:\\\/\\\/viarelli.com\\\/wp-content\\\/uploads\\\/2023\\\/02\\\/Monztro-EL-5.png\",\"contentUrl\":\"https:\\\/\\\/viarelli.com\\\/wp-content\\\/uploads\\\/2023\\\/02\\\/Monztro-EL-5.png\",\"width\":1920,\"height\":1728},{\"@type\":\"BreadcrumbList\",\"@id\":\"https:\\\/\\\/viarelli.com\\\/sv\\\/produkt\\\/elmoped-klass-1-viarelli-monztro\\\/#breadcrumb\",\"itemListElement\":[{\"@type\":\"ListItem\",\"position\":1,\"name\":\"Start\",\"item\":\"https:\\\/\\\/viarelli.com\\\/sv\\\/\"},{\"@type\":\"ListItem\",\"position\":2,\"name\":\"Products\",\"item\":\"https:\\\/\\\/viarelli.com\\\/sv\\\/shop\\\/\"},{\"@type\":\"ListItem\",\"position\":3,\"name\":\"Elmoped Klass 1 Viarelli Monztro\"}]},{\"@type\":\"WebSite\",\"@id\":\"https:\\\/\\\/viarelli.com\\\/#website\",\"url\":\"https:\\\/\\\/viarelli.com\\\/\",\"name\":\"Viarelli\",\"description\":\"\",\"potentialAction\":[{\"@type\":\"SearchAction\",\"target\":{\"@type\":\"EntryPoint\",\"urlTemplate\":\"https:\\\/\\\/viarelli.com\\\/?s={search_term_string}\"},\"query-input\":{\"@type\":\"PropertyValueSpecification\",\"valueRequired\":true,\"valueName\":\"search_term_string\"}}],\"inLanguage\":\"sv-SE\"}]}<\/script>\n<!-- \/ Yoast SEO plugin. -->","yoast_head_json":{"title":"Elmoped Klass 1 Viarelli Monztro - Viarelli","robots":{"index":"index","follow":"follow","max-snippet":"max-snippet:-1","max-image-preview":"max-image-preview:large","max-video-preview":"max-video-preview:-1"},"canonical":"https:\/\/viarelli.com\/sv\/produkt\/elmoped-klass-1-viarelli-monztro\/","og_locale":"sv_SE","og_type":"article","og_title":"Elmoped Klass 1 Viarelli Monztro - Viarelli","og_description":"Monztro \u00e4r v\u00e5r fr\u00e4msta premiumscooter sedan tidigare och kommer nu i en helt ny elektrisk variant med portabelt litiumbatteri, fullt kapabel att ge bensinscooters en tuff match. Med eldrift f\u00e5r du en mycket h\u00f6g prestanda, en aggressivare design och mycket k\u00f6rgl\u00e4dje. Att vara milj\u00f6v\u00e4nlig, smart och kostnadseffektiv beh\u00f6ver inte betyda att man \u00e4r tr\u00e5kig. V\u00e5r [...]","og_url":"https:\/\/viarelli.com\/sv\/produkt\/elmoped-klass-1-viarelli-monztro\/","og_site_name":"Viarelli","article_modified_time":"2024-03-18T10:50:23+00:00","og_image":[{"url":"https:\/\/viarelli.com\/wp-content\/uploads\/2023\/02\/Monztro-EL-5.png","width":1020,"height":918,"type":"image\/png"}],"twitter_card":"summary_large_image","twitter_misc":{"Ber\u00e4knad l\u00e4stid":"4 minuter"},"schema":{"@context":"https:\/\/schema.org","@graph":[{"@type":"WebPage","@id":"https:\/\/viarelli.com\/sv\/produkt\/elmoped-klass-1-viarelli-monztro\/","url":"https:\/\/viarelli.com\/sv\/produkt\/elmoped-klass-1-viarelli-monztro\/","name":"Elmoped Klass 1 Viarelli Monztro - Viarelli","isPartOf":{"@id":"https:\/\/viarelli.com\/#website"},"primaryImageOfPage":{"@id":"https:\/\/viarelli.com\/sv\/produkt\/elmoped-klass-1-viarelli-monztro\/#primaryimage"},"image":{"@id":"https:\/\/viarelli.com\/sv\/produkt\/elmoped-klass-1-viarelli-monztro\/#primaryimage"},"thumbnailUrl":"https:\/\/viarelli.com\/wp-content\/uploads\/2023\/02\/Monztro-EL-5.png","datePublished":"2023-02-14T15:16:30+00:00","dateModified":"2024-03-18T10:50:23+00:00","breadcrumb":{"@id":"https:\/\/viarelli.com\/sv\/produkt\/elmoped-klass-1-viarelli-monztro\/#breadcrumb"},"inLanguage":"sv-SE","potentialAction":[{"@type":"ReadAction","target":["https:\/\/viarelli.com\/sv\/produkt\/elmoped-klass-1-viarelli-monztro\/"]}]},{"@type":"ImageObject","inLanguage":"sv-SE","@id":"https:\/\/viarelli.com\/sv\/produkt\/elmoped-klass-1-viarelli-monztro\/#primaryimage","url":"https:\/\/viarelli.com\/wp-content\/uploads\/2023\/02\/Monztro-EL-5.png","contentUrl":"https:\/\/viarelli.com\/wp-content\/uploads\/2023\/02\/Monztro-EL-5.png","width":1920,"height":1728},{"@type":"BreadcrumbList","@id":"https:\/\/viarelli.com\/sv\/produkt\/elmoped-klass-1-viarelli-monztro\/#breadcrumb","itemListElement":[{"@type":"ListItem","position":1,"name":"Start","item":"https:\/\/viarelli.com\/sv\/"},{"@type":"ListItem","position":2,"name":"Products","item":"https:\/\/viarelli.com\/sv\/shop\/"},{"@type":"ListItem","position":3,"name":"Elmoped Klass 1 Viarelli Monztro"}]},{"@type":"WebSite","@id":"https:\/\/viarelli.com\/#website","url":"https:\/\/viarelli.com\/","name":"Viarelli","description":"","potentialAction":[{"@type":"SearchAction","target":{"@type":"EntryPoint","urlTemplate":"https:\/\/viarelli.com\/?s={search_term_string}"},"query-input":{"@type":"PropertyValueSpecification","valueRequired":true,"valueName":"search_term_string"}}],"inLanguage":"sv-SE"}]}},"_links":{"self":[{"href":"https:\/\/viarelli.com\/sv\/wp-json\/wp\/v2\/product\/5985","targetHints":{"allow":["GET"]}}],"collection":[{"href":"https:\/\/viarelli.com\/sv\/wp-json\/wp\/v2\/product"}],"about":[{"href":"https:\/\/viarelli.com\/sv\/wp-json\/wp\/v2\/types\/product"}],"wp:featuredmedia":[{"embeddable":true,"href":"https:\/\/viarelli.com\/sv\/wp-json\/wp\/v2\/media\/8342"}],"wp:attachment":[{"href":"https:\/\/viarelli.com\/sv\/wp-json\/wp\/v2\/media?parent=5985"}],"wp:term":[{"taxonomy":"product_brand","embeddable":true,"href":"https:\/\/viarelli.com\/sv\/wp-json\/wp\/v2\/product_brand?post=5985"},{"taxonomy":"product_cat","embeddable":true,"href":"https:\/\/viarelli.com\/sv\/wp-json\/wp\/v2\/product_cat?post=5985"},{"taxonomy":"product_tag","embeddable":true,"href":"https:\/\/viarelli.com\/sv\/wp-json\/wp\/v2\/product_tag?post=5985"}],"curies":[{"name":"wp","href":"https:\/\/api.w.org\/{rel}","templated":true}]}}