{"id":5968,"date":"2023-02-14T16:08:39","date_gmt":"2023-02-14T15:08:39","guid":{"rendered":"https:\/\/viarelli.com\/?post_type=product&#038;p=5968"},"modified":"2024-03-18T11:50:00","modified_gmt":"2024-03-18T10:50:00","slug":"elmoped-klass1-viarelli-potenza","status":"publish","type":"product","link":"https:\/\/viarelli.com\/sv\/produkt\/elmoped-klass1-viarelli-potenza\/","title":{"rendered":"Elmoped Klass1 Viarelli Potenza"},"content":{"rendered":"<h3>Viarelli Potenza<\/h3>\n<p>Potenza \u00e4r en elmoped med mycket &#8221;bang for the bucks&#8221;. Med det avtagbara litiumbatteriet p\u00e5 hela 60V och den borstl\u00f6sa elmotorn fr\u00e5n BOSCH p\u00e5 3kW f\u00e5r du en kraftfull &amp; kvick elmoped f\u00f6r en skaplig peng.<br \/>\nElmopeden med sin tysta motor och brist p\u00e5 avgaslukt har varit mer f\u00f6r den \u00e4ldre generationen. Med Viarelli Potenza vill vi p\u00e5st\u00e5 att den platsar in \u00e4ven p\u00e5 skolg\u00e5rden i \u00e4go av den nyblivna 15-\u00e5ringen. De dirtekverkande skivbromsarna fram &amp; bak g\u00f6r att f\u00e4rden \u00e4ven vid tuffare k\u00f6rning blir s\u00e4krare.<\/p>\n<p>BOSCH-motorn p\u00e5 3kW accelererar ifr\u00e5n alla kompisarna utan problem och med en r\u00e4ckvidd p\u00e5 upp till 50km p\u00e5 en laddning s\u00e5 \u00e4r det inte n\u00e5gra problem att klara av f\u00e4rden till skolan och tillbaka. Med det avtagbara litiumbatteriet \u00e4r det enkelt att ta med in &amp; ladda. S\u00e5 var du \u00e4n \u00e4r kan du \u00e5ka d\u00e4rifr\u00e5n med en fulladdad elmoped.<\/p>\n","protected":false},"excerpt":{"rendered":"<p>Viarelli Potenza Potenza \u00e4r en elmoped med mycket &#8221;bang for the bucks&#8221;. Med det avtagbara litiumbatteriet p\u00e5 hela 60V och den borstl\u00f6sa elmotorn fr\u00e5n BOSCH p\u00e5 3kW f\u00e5r du en kraftfull &amp; kvick elmoped f\u00f6r en skaplig peng. Elmopeden med sin tysta motor och brist p\u00e5 avgaslukt har varit mer f\u00f6r den \u00e4ldre generationen. Med [&#8230;]\n","protected":false},"featured_media":7551,"template":"","meta":{"_acf_changed":false},"product_brand":[],"product_cat":[73,141],"product_tag":[],"class_list":{"0":"post-5968","1":"product","2":"type-product","3":"status-publish","4":"has-post-thumbnail","6":"product_cat-elmoped","7":"product_cat-elmoped-klass-1","9":"first","10":"instock","11":"taxable","12":"shipping-taxable","13":"product-type-simple"},"acf":[],"yoast_head":"<!-- This site is optimized with the Yoast SEO plugin v27.4 - https:\/\/yoast.com\/product\/yoast-seo-wordpress\/ -->\n<title>Elmoped Klass1 Viarelli Potenza - Viarelli<\/title>\n<meta name=\"robots\" content=\"index, follow, max-snippet:-1, max-image-preview:large, max-video-preview:-1\" \/>\n<link rel=\"canonical\" href=\"https:\/\/viarelli.com\/sv\/produkt\/elmoped-klass1-viarelli-potenza\/\" \/>\n<meta property=\"og:locale\" content=\"sv_SE\" \/>\n<meta property=\"og:type\" content=\"article\" \/>\n<meta property=\"og:title\" content=\"Elmoped Klass1 Viarelli Potenza - Viarelli\" \/>\n<meta property=\"og:description\" content=\"Viarelli Potenza Potenza \u00e4r en elmoped med mycket &#8221;bang for the bucks&#8221;. Med det avtagbara litiumbatteriet p\u00e5 hela 60V och den borstl\u00f6sa elmotorn fr\u00e5n BOSCH p\u00e5 3kW f\u00e5r du en kraftfull &amp; kvick elmoped f\u00f6r en skaplig peng. Elmopeden med sin tysta motor och brist p\u00e5 avgaslukt har varit mer f\u00f6r den \u00e4ldre generationen. Med [...]\" \/>\n<meta property=\"og:url\" content=\"https:\/\/viarelli.com\/sv\/produkt\/elmoped-klass1-viarelli-potenza\/\" \/>\n<meta property=\"og:site_name\" content=\"Viarelli\" \/>\n<meta property=\"article:modified_time\" content=\"2024-03-18T10:50:00+00:00\" \/>\n<meta property=\"og:image\" content=\"https:\/\/viarelli.com\/wp-content\/uploads\/2023\/02\/viarelli_potenza_gra_01_main.png\" \/>\n\t<meta property=\"og:image:width\" content=\"1344\" \/>\n\t<meta property=\"og:image:height\" content=\"1200\" \/>\n\t<meta property=\"og:image:type\" content=\"image\/png\" \/>\n<meta name=\"twitter:card\" content=\"summary_large_image\" \/>\n<meta name=\"twitter:label1\" content=\"Ber\u00e4knad l\u00e4stid\" \/>\n\t<meta name=\"twitter:data1\" content=\"1 minut\" \/>\n<script type=\"application\/ld+json\" class=\"yoast-schema-graph\">{\"@context\":\"https:\\\/\\\/schema.org\",\"@graph\":[{\"@type\":\"WebPage\",\"@id\":\"https:\\\/\\\/viarelli.com\\\/sv\\\/produkt\\\/elmoped-klass1-viarelli-potenza\\\/\",\"url\":\"https:\\\/\\\/viarelli.com\\\/sv\\\/produkt\\\/elmoped-klass1-viarelli-potenza\\\/\",\"name\":\"Elmoped Klass1 Viarelli Potenza - Viarelli\",\"isPartOf\":{\"@id\":\"https:\\\/\\\/viarelli.com\\\/#website\"},\"primaryImageOfPage\":{\"@id\":\"https:\\\/\\\/viarelli.com\\\/sv\\\/produkt\\\/elmoped-klass1-viarelli-potenza\\\/#primaryimage\"},\"image\":{\"@id\":\"https:\\\/\\\/viarelli.com\\\/sv\\\/produkt\\\/elmoped-klass1-viarelli-potenza\\\/#primaryimage\"},\"thumbnailUrl\":\"https:\\\/\\\/viarelli.com\\\/wp-content\\\/uploads\\\/2023\\\/02\\\/viarelli_potenza_gra_01_main.png\",\"datePublished\":\"2023-02-14T15:08:39+00:00\",\"dateModified\":\"2024-03-18T10:50:00+00:00\",\"breadcrumb\":{\"@id\":\"https:\\\/\\\/viarelli.com\\\/sv\\\/produkt\\\/elmoped-klass1-viarelli-potenza\\\/#breadcrumb\"},\"inLanguage\":\"sv-SE\",\"potentialAction\":[{\"@type\":\"ReadAction\",\"target\":[\"https:\\\/\\\/viarelli.com\\\/sv\\\/produkt\\\/elmoped-klass1-viarelli-potenza\\\/\"]}]},{\"@type\":\"ImageObject\",\"inLanguage\":\"sv-SE\",\"@id\":\"https:\\\/\\\/viarelli.com\\\/sv\\\/produkt\\\/elmoped-klass1-viarelli-potenza\\\/#primaryimage\",\"url\":\"https:\\\/\\\/viarelli.com\\\/wp-content\\\/uploads\\\/2023\\\/02\\\/viarelli_potenza_gra_01_main.png\",\"contentUrl\":\"https:\\\/\\\/viarelli.com\\\/wp-content\\\/uploads\\\/2023\\\/02\\\/viarelli_potenza_gra_01_main.png\",\"width\":1344,\"height\":1200},{\"@type\":\"BreadcrumbList\",\"@id\":\"https:\\\/\\\/viarelli.com\\\/sv\\\/produkt\\\/elmoped-klass1-viarelli-potenza\\\/#breadcrumb\",\"itemListElement\":[{\"@type\":\"ListItem\",\"position\":1,\"name\":\"Start\",\"item\":\"https:\\\/\\\/viarelli.com\\\/sv\\\/\"},{\"@type\":\"ListItem\",\"position\":2,\"name\":\"Products\",\"item\":\"https:\\\/\\\/viarelli.com\\\/sv\\\/shop\\\/\"},{\"@type\":\"ListItem\",\"position\":3,\"name\":\"Elmoped Klass1 Viarelli Potenza\"}]},{\"@type\":\"WebSite\",\"@id\":\"https:\\\/\\\/viarelli.com\\\/#website\",\"url\":\"https:\\\/\\\/viarelli.com\\\/\",\"name\":\"Viarelli\",\"description\":\"\",\"potentialAction\":[{\"@type\":\"SearchAction\",\"target\":{\"@type\":\"EntryPoint\",\"urlTemplate\":\"https:\\\/\\\/viarelli.com\\\/?s={search_term_string}\"},\"query-input\":{\"@type\":\"PropertyValueSpecification\",\"valueRequired\":true,\"valueName\":\"search_term_string\"}}],\"inLanguage\":\"sv-SE\"}]}<\/script>\n<!-- \/ Yoast SEO plugin. -->","yoast_head_json":{"title":"Elmoped Klass1 Viarelli Potenza - Viarelli","robots":{"index":"index","follow":"follow","max-snippet":"max-snippet:-1","max-image-preview":"max-image-preview:large","max-video-preview":"max-video-preview:-1"},"canonical":"https:\/\/viarelli.com\/sv\/produkt\/elmoped-klass1-viarelli-potenza\/","og_locale":"sv_SE","og_type":"article","og_title":"Elmoped Klass1 Viarelli Potenza - Viarelli","og_description":"Viarelli Potenza Potenza \u00e4r en elmoped med mycket &#8221;bang for the bucks&#8221;. Med det avtagbara litiumbatteriet p\u00e5 hela 60V och den borstl\u00f6sa elmotorn fr\u00e5n BOSCH p\u00e5 3kW f\u00e5r du en kraftfull &amp; kvick elmoped f\u00f6r en skaplig peng. Elmopeden med sin tysta motor och brist p\u00e5 avgaslukt har varit mer f\u00f6r den \u00e4ldre generationen. Med [...]","og_url":"https:\/\/viarelli.com\/sv\/produkt\/elmoped-klass1-viarelli-potenza\/","og_site_name":"Viarelli","article_modified_time":"2024-03-18T10:50:00+00:00","og_image":[{"width":1344,"height":1200,"url":"https:\/\/viarelli.com\/wp-content\/uploads\/2023\/02\/viarelli_potenza_gra_01_main.png","type":"image\/png"}],"twitter_card":"summary_large_image","twitter_misc":{"Ber\u00e4knad l\u00e4stid":"1 minut"},"schema":{"@context":"https:\/\/schema.org","@graph":[{"@type":"WebPage","@id":"https:\/\/viarelli.com\/sv\/produkt\/elmoped-klass1-viarelli-potenza\/","url":"https:\/\/viarelli.com\/sv\/produkt\/elmoped-klass1-viarelli-potenza\/","name":"Elmoped Klass1 Viarelli Potenza - Viarelli","isPartOf":{"@id":"https:\/\/viarelli.com\/#website"},"primaryImageOfPage":{"@id":"https:\/\/viarelli.com\/sv\/produkt\/elmoped-klass1-viarelli-potenza\/#primaryimage"},"image":{"@id":"https:\/\/viarelli.com\/sv\/produkt\/elmoped-klass1-viarelli-potenza\/#primaryimage"},"thumbnailUrl":"https:\/\/viarelli.com\/wp-content\/uploads\/2023\/02\/viarelli_potenza_gra_01_main.png","datePublished":"2023-02-14T15:08:39+00:00","dateModified":"2024-03-18T10:50:00+00:00","breadcrumb":{"@id":"https:\/\/viarelli.com\/sv\/produkt\/elmoped-klass1-viarelli-potenza\/#breadcrumb"},"inLanguage":"sv-SE","potentialAction":[{"@type":"ReadAction","target":["https:\/\/viarelli.com\/sv\/produkt\/elmoped-klass1-viarelli-potenza\/"]}]},{"@type":"ImageObject","inLanguage":"sv-SE","@id":"https:\/\/viarelli.com\/sv\/produkt\/elmoped-klass1-viarelli-potenza\/#primaryimage","url":"https:\/\/viarelli.com\/wp-content\/uploads\/2023\/02\/viarelli_potenza_gra_01_main.png","contentUrl":"https:\/\/viarelli.com\/wp-content\/uploads\/2023\/02\/viarelli_potenza_gra_01_main.png","width":1344,"height":1200},{"@type":"BreadcrumbList","@id":"https:\/\/viarelli.com\/sv\/produkt\/elmoped-klass1-viarelli-potenza\/#breadcrumb","itemListElement":[{"@type":"ListItem","position":1,"name":"Start","item":"https:\/\/viarelli.com\/sv\/"},{"@type":"ListItem","position":2,"name":"Products","item":"https:\/\/viarelli.com\/sv\/shop\/"},{"@type":"ListItem","position":3,"name":"Elmoped Klass1 Viarelli Potenza"}]},{"@type":"WebSite","@id":"https:\/\/viarelli.com\/#website","url":"https:\/\/viarelli.com\/","name":"Viarelli","description":"","potentialAction":[{"@type":"SearchAction","target":{"@type":"EntryPoint","urlTemplate":"https:\/\/viarelli.com\/?s={search_term_string}"},"query-input":{"@type":"PropertyValueSpecification","valueRequired":true,"valueName":"search_term_string"}}],"inLanguage":"sv-SE"}]}},"_links":{"self":[{"href":"https:\/\/viarelli.com\/sv\/wp-json\/wp\/v2\/product\/5968","targetHints":{"allow":["GET"]}}],"collection":[{"href":"https:\/\/viarelli.com\/sv\/wp-json\/wp\/v2\/product"}],"about":[{"href":"https:\/\/viarelli.com\/sv\/wp-json\/wp\/v2\/types\/product"}],"wp:featuredmedia":[{"embeddable":true,"href":"https:\/\/viarelli.com\/sv\/wp-json\/wp\/v2\/media\/7551"}],"wp:attachment":[{"href":"https:\/\/viarelli.com\/sv\/wp-json\/wp\/v2\/media?parent=5968"}],"wp:term":[{"taxonomy":"product_brand","embeddable":true,"href":"https:\/\/viarelli.com\/sv\/wp-json\/wp\/v2\/product_brand?post=5968"},{"taxonomy":"product_cat","embeddable":true,"href":"https:\/\/viarelli.com\/sv\/wp-json\/wp\/v2\/product_cat?post=5968"},{"taxonomy":"product_tag","embeddable":true,"href":"https:\/\/viarelli.com\/sv\/wp-json\/wp\/v2\/product_tag?post=5968"}],"curies":[{"name":"wp","href":"https:\/\/api.w.org\/{rel}","templated":true}]}}