{"id":5936,"date":"2023-02-14T15:36:42","date_gmt":"2023-02-14T14:36:42","guid":{"rendered":"https:\/\/viarelli.com\/?post_type=product&#038;p=5936"},"modified":"2024-03-18T12:51:09","modified_gmt":"2024-03-18T11:51:09","slug":"elmoped-klass-1-viarelli-vincero-litium","status":"publish","type":"product","link":"https:\/\/viarelli.com\/sv\/produkt\/elmoped-klass-1-viarelli-vincero-litium\/","title":{"rendered":"Elmoped Klass 1 Viarelli Vincero Litium"},"content":{"rendered":"<p>\u00c4r milj\u00f6v\u00e4nlighet, prestanda, ekonomi och stil n\u00e5got du s\u00f6ker efter i valet av Scooter? Is\u00e5fall \u00e4r v\u00e5r helt nya VINCERO Electric Lithium det perfekta valet. Den komfortabla sadeln, de gener\u00f6sa f\u00f6rvaringsutrymmena, det l\u00e5ga servicebehovet och den stadiga v\u00e4gh\u00e5llningen gl\u00e4djer dig som \u00e4gare. De klassiskt eleganta formerna f\u00f6rf\u00f6r och h\u00e4nf\u00f6r \u00e4ven den mest inbitne scooteren\u00adtusiasten. Vincero Electric Lithium har utrustats med marknadens kraftfullaste batterier med Lithium teknologi f\u00f6r att n\u00e5 h\u00f6gsta m\u00f6jliga prestanda. Lithium batterierna fungerar perfekt ihop med den kraftiga 3000 W motorn och du har tillg\u00e5ng till effekt nog att piska de flesta bensindrivna scooters b\u00e5de i acceleration och i ren kraft. Innanf\u00f6r skalet har du en h\u00f6gteknologisk kvalitetsmaskin med extremt god prestanda, helt enkelt en \u00f6verl\u00e4gsen\u00a0<a class=\"crosslink\" title=\"Electric Scooter\" href=\"https:\/\/motorsweden.se\/elscooter\" target=\"_self\" rel=\"noopener\">elscooter<\/a>\u00a0f\u00f6r de med h\u00f6ga krav p\u00e5 god totalekonomi, prestanda och kvalitet&#8230;<\/p>\n<h3>Motor<\/h3>\n<p>Vincero Electric har utrustats med marknadens kanske mest bepr\u00f6vade elmotor, godk\u00e4nd enligt de h\u00e5rda Euro IV milj\u00f6kraven och en motor snyggt integrerad i bakhjulet. Vincero Electric \u00e4r en prestanda scooter som levererar vrid, varvvillighet och bottenstyrka nog att piska de flesta bensinscooters. Den kraftiga 3000 watts elmotorn levererar sin kraft redan vid l\u00e4gre varvtal, n\u00e5got som uppskattas i t\u00e4t trafik och vid f\u00e4rd med passagerare\/last. Vincero Electric imponerar stort med en motor som klarar l\u00e4mna ett max vrid om 3.1 Nm vilket g\u00f6r att den \u00e4r rappare i accelerationen och kraftfullare under belastning \u00e4n m\u00e5nga andra bensindrivna scooters.<\/p>\n<h3>F\u00f6rbrukning<\/h3>\n<p>Att motorn \u00e4r en av marknadens mest drifts\u00e4kra elmotorer, g\u00f6r att du f\u00e5r en optimal totalekonomi, en maximerad k\u00f6rstr\u00e4cka och du kan med anledning av den drifts\u00e4kra kvaliteten fokusera mer p\u00e5 k\u00f6rning och mindre tid och pengar p\u00e5 kostsamma verkstadsbes\u00f6k. Vincero Electric f\u00f6rbrukar minimalt med energi och utrustad med ett 28 Ah batteri n\u00e5r du d\u00e4rmed n\u00e4stan 6 mil per laddning under realistiska f\u00f6rh\u00e5llanden. Kostnaden per laddning blir endast ~ 2 kr och milkostnaden endast 40 \u00f6re per mil<\/p>\n<h3>Batteri<\/h3>\n<p>Vincero Electric Lithium levereras med ett slimmat och godk\u00e4nt h\u00f6geffekts 28 Ah batteri av Litium typ. Ett Litium batteri har \u00f6verl\u00e4gsna egenskaper, men kostar n\u00e5got mer.\u00a0 Batteriet har f\u00f6rsetts med aktiva \u00f6vervakningskretsar som hj\u00e4lper till att \u00f6vervaka och skydda batteriet samt optimera kraftf\u00f6rdelningen. V\u00e5r nya premium elmoped, Viarelli Vincero Litium \u00e4r utrustad med ett l\u00f6stagbart batteri som ger dig m\u00f6jlighet att med den medf\u00f6ljande laddaren ladda inomhus i t.ex. hallen eller l\u00e4genheten. Du slipper d\u00e4rmed ta med mopeden till uttaget, det r\u00e4cker med att enkelt ta loss batteriet och ladda det p\u00e5 valfri plats. En indikator p\u00e5 batteriet ger dig indikation p\u00e5 batteriets laddstatus.<\/p>\n<p><strong>OBS!<\/strong>\u00a0Ett batteri tar skada &amp; tappar kapacitet\/livsl\u00e4ngd av att \u00f6verladdas, anv\u00e4nd d\u00e4rf\u00f6r en timer f\u00f6r att undvika detta.\u00a0Vi rekommenderar att man anv\u00e4nder sig av en timer som st\u00e4nger av sig senast efter 8 timmar.<\/p>\n<h3>Transmission<\/h3>\n<p>Vincero Electric har en direktdriven motor integrerad i bakhjulet vilket g\u00f6r att ingen v\u00e4xell\u00e5da beh\u00f6vs. Minimalt med slitage, l\u00e4gre vikt och enkel service \u00e4r bara n\u00e5gra av f\u00f6rdelarna med denna teknik. Det \u00e4r bara att gasa och k\u00f6ra. En direktdriven\u00a0<a class=\"crosslink\" title=\"Electric Scooter\" href=\"https:\/\/motorsweden.se\/elscooter\" target=\"_self\" rel=\"noopener\">elscooter<\/a>\u00a0uppskattas av m\u00e5nga i och med att den levererar en \u00f6verl\u00e4gsen kraft utan st\u00f6rre f\u00f6rluster. De goda k\u00f6regenskaper som erh\u00e5lls h\u00e4nger samman med att Vincero Electric Lithium har ett optimalt vridmoment genererat av direktdriften, vilket ger dig en pendlingsscooter som klarar av kr\u00e4vande k\u00f6rning \u00e4ven i kyla och under mer kr\u00e4vande f\u00f6rh\u00e5llanden.<\/p>\n<h3>Hjul<\/h3>\n<p>Med sina turbin ekrade 12\u201d f\u00e4lgar i l\u00e4ttviktsaluminium och t\u00e5liga l\u00e5gprofild\u00e4ck har Vincero Electric b\u00e4sta m\u00f6jliga f\u00e4ste \u00e4ven p\u00e5 lite s\u00e4mre v\u00e4glag och vid provocerande k\u00f6rning under p\u00e5frestande f\u00f6rh\u00e5llanden.<\/p>\n<h3>Bromsar<\/h3>\n<p>Utrustad med \u00f6verdimensionerade hydrauliska dubbelverkande skivbromsar och dubbel kolvs ok fram\/bak och med ventilerad wave formade bromsskivor f\u00e5r du full bromseffekt oavsett k\u00f6rf\u00f6rh\u00e5llanden. Skivbromsarna ger \u00f6verl\u00e4gsen bromseffekt \u00e4ven under s\u00e4mre f\u00f6rh\u00e5llanden och ger trots v\u00e4ta och kyla ger en v\u00e4ldoserad inbromsning.<\/p>\n<h3>Fj\u00e4dring<\/h3>\n<p>Med dubbla justerbara st\u00f6td\u00e4mpare bak f\u00e5r du en o\u00f6vertr\u00e4ffad fj\u00e4dringskomfort vilket ocks\u00e5 g\u00f6r hela mopeden stabil och s\u00e4ker vilket tydligt m\u00e4rks p\u00e5 v\u00e4gh\u00e5llningen n\u00e4r man testar den till sitt yttersta. Vincero Electric \u00e4r ocks\u00e5 utrustad med en dubbelsidig och dubbelverkande hydraulisk d\u00e4mpare framtill som ger en mycket god fj\u00e4dringskomfort<\/p>\n<h3>Ram<\/h3>\n<p>Ramen \u00e4r tillverkad i vridstyvt kvalitetsst\u00e5l som ger en \u00f6verl\u00e4gsen stabilitet i h\u00f6gre farter och klarar av b\u00e5de passagerare och h\u00e5rdare belastning. Trots sina stora ytterm\u00e5tt v\u00e4ger Vincero Electric in sig p\u00e5 l\u00e5ga 88 kg, en vikt som g\u00f6r Vincero kraftfull nog att klara av viken fr\u00e5n Lithium batterierna p\u00e5 13 kg utan att bli prestandasvag.<\/p>\n<h3>Instrument<\/h3>\n<p>Med en stilfullt designad instrumentering f\u00e5r du full \u00f6verblick \u00f6ver de v\u00e4sentligaste indikatorerna med hastighetsm\u00e4tare, batterim\u00e4tare samt indikeringslampor f\u00f6r blinkers och hel- och halvljus i tydlig fokus.<\/p>\n<h3>F\u00f6rvaring<\/h3>\n<p>Vincero Electric har ett rymligt f\u00f6rvaringsfack under sadeln, stort nog att rymma det allra n\u00f6dv\u00e4ndigaste s\u00e5som jacka, v\u00e4ska, kedjel\u00e5s eller ett par extra skor. Utrymmet under sadeln \u00f6ppnas\/l\u00e5ses enkelt och smidigt med din startnyckel.<\/p>\n<h3>Komfort<\/h3>\n<p>Vincero Electric \u00e4r designad f\u00f6r att vara n\u00e5got rymligare och st\u00f6rre i ytterm\u00e5tten. Att ha en st\u00f6rre scooter inneb\u00e4r att den \u00e4r stor nog att klara \u00e4ven passagerare som sitter bra och har bra fotst\u00f6d med hj\u00e4lp av de snyggt integrerade fotpinnarna. Den stora breda \u00a0sadeln ger en extremt bekv\u00e4m sittst\u00e4llning som kan anses vara mycket komfortabel. Sadelns foamstoppning anpassar sig efter dina f\u00f6ruts\u00e4ttningar och dess Condura\u2122 liknande yttermaterial \u00e4r vattenavst\u00f6tande och klarar m\u00e5nga \u00e5rs sol och v\u00e4ta.<\/p>\n<h3>Belysning<\/h3>\n<p>Med en n\u00e5got st\u00f6rre nydesignad frontbelysning med en kraftig halogenlampa framtill garanteras en god synlighet i trafiken och belysningens utformning g\u00f6r n\u00e4stan natt till dag. Utrustad med LED-teknik i b\u00e5de positionsljus, blinkers och bakljus garanteras du god synlighet \u00e4ven n\u00e4r det \u00e4r som m\u00f6rkast.<\/p>\n<p><em>Laddsladden p\u00e5 bilden \u00e4r endast till f\u00f6r illustrativt syfte. Sladden som medf\u00f6ljer mopeden \u00e4r svart, har en transformator och \u00e4r anpassad f\u00f6r laddning via ett helt vanligt v\u00e4gguttag inomhus eller i ditt garage.<\/em><\/p>\n","protected":false},"excerpt":{"rendered":"<p>\u00c4r milj\u00f6v\u00e4nlighet, prestanda, ekonomi och stil n\u00e5got du s\u00f6ker efter i valet av Scooter? Is\u00e5fall \u00e4r v\u00e5r helt nya VINCERO Electric Lithium det perfekta valet. Den komfortabla sadeln, de gener\u00f6sa f\u00f6rvaringsutrymmena, det l\u00e5ga servicebehovet och den stadiga v\u00e4gh\u00e5llningen gl\u00e4djer dig som \u00e4gare. De klassiskt eleganta formerna f\u00f6rf\u00f6r och h\u00e4nf\u00f6r \u00e4ven den mest inbitne scooteren\u00adtusiasten. Vincero [&#8230;]\n","protected":false},"featured_media":8131,"template":"","meta":{"_acf_changed":false},"product_brand":[],"product_cat":[73,141],"product_tag":[],"class_list":{"0":"post-5936","1":"product","2":"type-product","3":"status-publish","4":"has-post-thumbnail","6":"product_cat-elmoped","7":"product_cat-elmoped-klass-1","9":"first","10":"instock","11":"taxable","12":"shipping-taxable","13":"product-type-variable","14":"has-default-attributes"},"acf":[],"yoast_head":"<!-- This site is optimized with the Yoast SEO plugin v27.4 - https:\/\/yoast.com\/product\/yoast-seo-wordpress\/ -->\n<title>Elmoped Klass 1 Viarelli Vincero Litium - Viarelli<\/title>\n<meta name=\"robots\" content=\"index, follow, max-snippet:-1, max-image-preview:large, max-video-preview:-1\" \/>\n<link rel=\"canonical\" href=\"https:\/\/viarelli.com\/sv\/produkt\/elmoped-klass-1-viarelli-vincero-litium\/\" \/>\n<meta property=\"og:locale\" content=\"sv_SE\" \/>\n<meta property=\"og:type\" content=\"article\" \/>\n<meta property=\"og:title\" content=\"Elmoped Klass 1 Viarelli Vincero Litium - Viarelli\" \/>\n<meta property=\"og:description\" content=\"\u00c4r milj\u00f6v\u00e4nlighet, prestanda, ekonomi och stil n\u00e5got du s\u00f6ker efter i valet av Scooter? Is\u00e5fall \u00e4r v\u00e5r helt nya VINCERO Electric Lithium det perfekta valet. Den komfortabla sadeln, de gener\u00f6sa f\u00f6rvaringsutrymmena, det l\u00e5ga servicebehovet och den stadiga v\u00e4gh\u00e5llningen gl\u00e4djer dig som \u00e4gare. De klassiskt eleganta formerna f\u00f6rf\u00f6r och h\u00e4nf\u00f6r \u00e4ven den mest inbitne scooteren\u00adtusiasten. Vincero [...]\" \/>\n<meta property=\"og:url\" content=\"https:\/\/viarelli.com\/sv\/produkt\/elmoped-klass-1-viarelli-vincero-litium\/\" \/>\n<meta property=\"og:site_name\" content=\"Viarelli\" \/>\n<meta property=\"article:modified_time\" content=\"2024-03-18T11:51:09+00:00\" \/>\n<meta property=\"og:image\" content=\"https:\/\/viarelli.com\/wp-content\/uploads\/2023\/02\/Vincero-Electric-svart-4.png\" \/>\n\t<meta property=\"og:image:width\" content=\"1020\" \/>\n\t<meta property=\"og:image:height\" content=\"918\" \/>\n\t<meta property=\"og:image:type\" content=\"image\/png\" \/>\n<meta name=\"twitter:card\" content=\"summary_large_image\" \/>\n<meta name=\"twitter:label1\" content=\"Ber\u00e4knad l\u00e4stid\" \/>\n\t<meta name=\"twitter:data1\" content=\"6 minuter\" \/>\n<script type=\"application\/ld+json\" class=\"yoast-schema-graph\">{\"@context\":\"https:\\\/\\\/schema.org\",\"@graph\":[{\"@type\":\"WebPage\",\"@id\":\"https:\\\/\\\/viarelli.com\\\/sv\\\/produkt\\\/elmoped-klass-1-viarelli-vincero-litium\\\/\",\"url\":\"https:\\\/\\\/viarelli.com\\\/sv\\\/produkt\\\/elmoped-klass-1-viarelli-vincero-litium\\\/\",\"name\":\"Elmoped Klass 1 Viarelli Vincero Litium - Viarelli\",\"isPartOf\":{\"@id\":\"https:\\\/\\\/viarelli.com\\\/#website\"},\"primaryImageOfPage\":{\"@id\":\"https:\\\/\\\/viarelli.com\\\/sv\\\/produkt\\\/elmoped-klass-1-viarelli-vincero-litium\\\/#primaryimage\"},\"image\":{\"@id\":\"https:\\\/\\\/viarelli.com\\\/sv\\\/produkt\\\/elmoped-klass-1-viarelli-vincero-litium\\\/#primaryimage\"},\"thumbnailUrl\":\"https:\\\/\\\/viarelli.com\\\/wp-content\\\/uploads\\\/2023\\\/02\\\/Vincero-Electric-svart-4.png\",\"datePublished\":\"2023-02-14T14:36:42+00:00\",\"dateModified\":\"2024-03-18T11:51:09+00:00\",\"breadcrumb\":{\"@id\":\"https:\\\/\\\/viarelli.com\\\/sv\\\/produkt\\\/elmoped-klass-1-viarelli-vincero-litium\\\/#breadcrumb\"},\"inLanguage\":\"sv-SE\",\"potentialAction\":[{\"@type\":\"ReadAction\",\"target\":[\"https:\\\/\\\/viarelli.com\\\/sv\\\/produkt\\\/elmoped-klass-1-viarelli-vincero-litium\\\/\"]}]},{\"@type\":\"ImageObject\",\"inLanguage\":\"sv-SE\",\"@id\":\"https:\\\/\\\/viarelli.com\\\/sv\\\/produkt\\\/elmoped-klass-1-viarelli-vincero-litium\\\/#primaryimage\",\"url\":\"https:\\\/\\\/viarelli.com\\\/wp-content\\\/uploads\\\/2023\\\/02\\\/Vincero-Electric-svart-4.png\",\"contentUrl\":\"https:\\\/\\\/viarelli.com\\\/wp-content\\\/uploads\\\/2023\\\/02\\\/Vincero-Electric-svart-4.png\",\"width\":1920,\"height\":1728},{\"@type\":\"BreadcrumbList\",\"@id\":\"https:\\\/\\\/viarelli.com\\\/sv\\\/produkt\\\/elmoped-klass-1-viarelli-vincero-litium\\\/#breadcrumb\",\"itemListElement\":[{\"@type\":\"ListItem\",\"position\":1,\"name\":\"Start\",\"item\":\"https:\\\/\\\/viarelli.com\\\/sv\\\/\"},{\"@type\":\"ListItem\",\"position\":2,\"name\":\"Products\",\"item\":\"https:\\\/\\\/viarelli.com\\\/sv\\\/shop\\\/\"},{\"@type\":\"ListItem\",\"position\":3,\"name\":\"Elmoped Klass 1 Viarelli Vincero Litium\"}]},{\"@type\":\"WebSite\",\"@id\":\"https:\\\/\\\/viarelli.com\\\/#website\",\"url\":\"https:\\\/\\\/viarelli.com\\\/\",\"name\":\"Viarelli\",\"description\":\"\",\"potentialAction\":[{\"@type\":\"SearchAction\",\"target\":{\"@type\":\"EntryPoint\",\"urlTemplate\":\"https:\\\/\\\/viarelli.com\\\/?s={search_term_string}\"},\"query-input\":{\"@type\":\"PropertyValueSpecification\",\"valueRequired\":true,\"valueName\":\"search_term_string\"}}],\"inLanguage\":\"sv-SE\"}]}<\/script>\n<!-- \/ Yoast SEO plugin. -->","yoast_head_json":{"title":"Elmoped Klass 1 Viarelli Vincero Litium - Viarelli","robots":{"index":"index","follow":"follow","max-snippet":"max-snippet:-1","max-image-preview":"max-image-preview:large","max-video-preview":"max-video-preview:-1"},"canonical":"https:\/\/viarelli.com\/sv\/produkt\/elmoped-klass-1-viarelli-vincero-litium\/","og_locale":"sv_SE","og_type":"article","og_title":"Elmoped Klass 1 Viarelli Vincero Litium - Viarelli","og_description":"\u00c4r milj\u00f6v\u00e4nlighet, prestanda, ekonomi och stil n\u00e5got du s\u00f6ker efter i valet av Scooter? Is\u00e5fall \u00e4r v\u00e5r helt nya VINCERO Electric Lithium det perfekta valet. Den komfortabla sadeln, de gener\u00f6sa f\u00f6rvaringsutrymmena, det l\u00e5ga servicebehovet och den stadiga v\u00e4gh\u00e5llningen gl\u00e4djer dig som \u00e4gare. De klassiskt eleganta formerna f\u00f6rf\u00f6r och h\u00e4nf\u00f6r \u00e4ven den mest inbitne scooteren\u00adtusiasten. Vincero [...]","og_url":"https:\/\/viarelli.com\/sv\/produkt\/elmoped-klass-1-viarelli-vincero-litium\/","og_site_name":"Viarelli","article_modified_time":"2024-03-18T11:51:09+00:00","og_image":[{"url":"https:\/\/viarelli.com\/wp-content\/uploads\/2023\/02\/Vincero-Electric-svart-4.png","width":1020,"height":918,"type":"image\/png"}],"twitter_card":"summary_large_image","twitter_misc":{"Ber\u00e4knad l\u00e4stid":"6 minuter"},"schema":{"@context":"https:\/\/schema.org","@graph":[{"@type":"WebPage","@id":"https:\/\/viarelli.com\/sv\/produkt\/elmoped-klass-1-viarelli-vincero-litium\/","url":"https:\/\/viarelli.com\/sv\/produkt\/elmoped-klass-1-viarelli-vincero-litium\/","name":"Elmoped Klass 1 Viarelli Vincero Litium - Viarelli","isPartOf":{"@id":"https:\/\/viarelli.com\/#website"},"primaryImageOfPage":{"@id":"https:\/\/viarelli.com\/sv\/produkt\/elmoped-klass-1-viarelli-vincero-litium\/#primaryimage"},"image":{"@id":"https:\/\/viarelli.com\/sv\/produkt\/elmoped-klass-1-viarelli-vincero-litium\/#primaryimage"},"thumbnailUrl":"https:\/\/viarelli.com\/wp-content\/uploads\/2023\/02\/Vincero-Electric-svart-4.png","datePublished":"2023-02-14T14:36:42+00:00","dateModified":"2024-03-18T11:51:09+00:00","breadcrumb":{"@id":"https:\/\/viarelli.com\/sv\/produkt\/elmoped-klass-1-viarelli-vincero-litium\/#breadcrumb"},"inLanguage":"sv-SE","potentialAction":[{"@type":"ReadAction","target":["https:\/\/viarelli.com\/sv\/produkt\/elmoped-klass-1-viarelli-vincero-litium\/"]}]},{"@type":"ImageObject","inLanguage":"sv-SE","@id":"https:\/\/viarelli.com\/sv\/produkt\/elmoped-klass-1-viarelli-vincero-litium\/#primaryimage","url":"https:\/\/viarelli.com\/wp-content\/uploads\/2023\/02\/Vincero-Electric-svart-4.png","contentUrl":"https:\/\/viarelli.com\/wp-content\/uploads\/2023\/02\/Vincero-Electric-svart-4.png","width":1920,"height":1728},{"@type":"BreadcrumbList","@id":"https:\/\/viarelli.com\/sv\/produkt\/elmoped-klass-1-viarelli-vincero-litium\/#breadcrumb","itemListElement":[{"@type":"ListItem","position":1,"name":"Start","item":"https:\/\/viarelli.com\/sv\/"},{"@type":"ListItem","position":2,"name":"Products","item":"https:\/\/viarelli.com\/sv\/shop\/"},{"@type":"ListItem","position":3,"name":"Elmoped Klass 1 Viarelli Vincero Litium"}]},{"@type":"WebSite","@id":"https:\/\/viarelli.com\/#website","url":"https:\/\/viarelli.com\/","name":"Viarelli","description":"","potentialAction":[{"@type":"SearchAction","target":{"@type":"EntryPoint","urlTemplate":"https:\/\/viarelli.com\/?s={search_term_string}"},"query-input":{"@type":"PropertyValueSpecification","valueRequired":true,"valueName":"search_term_string"}}],"inLanguage":"sv-SE"}]}},"_links":{"self":[{"href":"https:\/\/viarelli.com\/sv\/wp-json\/wp\/v2\/product\/5936","targetHints":{"allow":["GET"]}}],"collection":[{"href":"https:\/\/viarelli.com\/sv\/wp-json\/wp\/v2\/product"}],"about":[{"href":"https:\/\/viarelli.com\/sv\/wp-json\/wp\/v2\/types\/product"}],"wp:featuredmedia":[{"embeddable":true,"href":"https:\/\/viarelli.com\/sv\/wp-json\/wp\/v2\/media\/8131"}],"wp:attachment":[{"href":"https:\/\/viarelli.com\/sv\/wp-json\/wp\/v2\/media?parent=5936"}],"wp:term":[{"taxonomy":"product_brand","embeddable":true,"href":"https:\/\/viarelli.com\/sv\/wp-json\/wp\/v2\/product_brand?post=5936"},{"taxonomy":"product_cat","embeddable":true,"href":"https:\/\/viarelli.com\/sv\/wp-json\/wp\/v2\/product_cat?post=5936"},{"taxonomy":"product_tag","embeddable":true,"href":"https:\/\/viarelli.com\/sv\/wp-json\/wp\/v2\/product_tag?post=5936"}],"curies":[{"name":"wp","href":"https:\/\/api.w.org\/{rel}","templated":true}]}}