{"id":5842,"date":"2023-02-10T14:01:41","date_gmt":"2023-02-10T13:01:41","guid":{"rendered":"https:\/\/viarelli.com\/?post_type=product&#038;p=5842"},"modified":"2025-05-07T08:21:23","modified_gmt":"2025-05-07T07:21:23","slug":"elmoped-klass-2-viarelli-piccolo-li","status":"publish","type":"product","link":"https:\/\/viarelli.com\/sv\/produkt\/elmoped-klass-2-viarelli-piccolo-li\/","title":{"rendered":"Elmoped Klass 2 Viarelli Piccolo LI"},"content":{"rendered":"<p>Att \u00e4ga en\u00a0<a class=\"crosslink\" title=\"Electric Scooter\" href=\"https:\/\/motorsweden.se\/elscooter\" target=\"_self\" rel=\"noopener\">elscooter<\/a>\u00a0av senaste modell beh\u00f6ver inte betyda att den \u00e4r stor och klumpig. Piccolo \u00e4r ett bra val f\u00f6r dig som s\u00e4ker en smidig, l\u00e4tt och hanterbar\u00a0<a class=\"crosslink\" title=\"Electric Scooter\" href=\"https:\/\/motorsweden.se\/elscooter\" target=\"_self\" rel=\"noopener\">elscooter<\/a>\u00a0som \u00e4r utrustad med alla tekniska finesser du beh\u00f6ver. Piccolo LI Klass 2 har utrustats med ett litiumbatteri p\u00e5 hela 20 Ah som fungerar perfekt ihop med den kraftiga 1000 W motorn och du f\u00e5r en prestanda som \u00e4r kraftfull nog att h\u00e5lla j\u00e4mt med de flesta bensindrivna scooters. Piccolo \u00e4r en smidig &amp; cool klass 2 elmoped som g\u00e4rna tar platsen efter din cykel. F\u00f6rdelarna med en klass 2 elmoped j\u00e4mf\u00f6rt med en cykel eller elcykel \u00e4r m\u00e5nga och Viarelli Piccolo LI klass 2 besvarar dom direkt.<\/p>\n<h3>Motor<\/h3>\n<p>Piccolo \u00e4r f\u00f6rsedd med en av de mest bepr\u00f6vade elmotorerna fr\u00e5n BOSCH och \u00e4r integrerad i bakhjulet vilket skyddar f\u00f6r st\u00f6rre slitage. Den kraftiga 1000 watts elmotorn levererar sin kraft redan vid l\u00e4gre varvtal, n\u00e5got som uppskattas i t\u00e4t trafik och vid f\u00e4rd med passagerare\/last. Piccolo imponerar genom att l\u00e4mna ett h\u00e4rligt vrid vilket g\u00f6r den rapp och kraftfull \u00e4ven under belastning.<\/p>\n<h3>F\u00f6rbrukning<\/h3>\n<p>Viarelli Piccolo Klass 2 \u00e4r en billig elmoped att \u00e4ga. Med driftskostnader s\u00e5 l\u00e5ga som ca 30 \u00f6re milen kostar en full laddning knappa 2kr. Med en l\u00e5g driftkostnad &amp; maximerad r\u00e4ckvidd p\u00e5 ca 60km f\u00e5r du inte bara en smidig elmoped utan \u00e4ven en billig. Alla komponenter \u00e4r av h\u00f6g kvalit\u00e9 vilket g\u00f6r att du sparar in p\u00e5 kostsamma verkstadsbes\u00f6k.<\/p>\n<h3>Batteri<\/h3>\n<p>Utrustad med ett slimmat och godk\u00e4nt h\u00f6geffekts 20 Ah litiumbatteri med tv\u00e5 \u00e5rs garanti.<\/p>\n<h3>Transmission<\/h3>\n<p>En direktdriven motor har integrerats i bakhjulet vilket g\u00f6r att ingen v\u00e4xell\u00e5da beh\u00f6vs. Minimalt med slitage, l\u00e4gre vikt och enkel service \u00e4r bara n\u00e5gra av f\u00f6rdelarna med denna teknik. Det \u00e4r bara att gasa och k\u00f6ra. De goda k\u00f6regenskaperna kommer fr\u00e5n ett optimalt vridmoment genererat av direktdriften, vilket ger dig en pendlingsscooter som klarar av kr\u00e4vande k\u00f6rning \u00e4ven i kyla och under mer kr\u00e4vande f\u00f6rh\u00e5llanden.<\/p>\n<h3>Hjul<\/h3>\n<p>Med sina turbinekrade 10\u201d f\u00e4lgar i l\u00e4ttviktsaluminium och t\u00e5liga l\u00e5gprofild\u00e4ck har Piccolo samma bra f\u00e4ste som sina st\u00f6rre kollegor &amp; motst\u00e5ndare.<\/p>\n<h3>Bromsar<\/h3>\n<p>Utrustad med hydrauliska skivbromsar med ventilerade bromsskivor och enkel kolvs-ok fram och f\u00e5r du full bromseffekt oavsett k\u00f6rf\u00f6rh\u00e5llanden. Skivbromsarna ger \u00f6verl\u00e4gsen bromseffekt \u00e4ven under s\u00e4mre f\u00f6rh\u00e5llanden och ger tillsammans med den kapslade trumbromsen bak en behaglig och v\u00e4ldoserad inbromsning trots v\u00e4ta och kyla.<\/p>\n<h3>Fj\u00e4dring<\/h3>\n<p>Med dubbla justerbara st\u00f6td\u00e4mpare bak f\u00e5r du en i s\u00e4rklass god fj\u00e4dringskomfort vilket ocks\u00e5 g\u00f6r hela mopeden stabil och s\u00e4ker vilket tydligt m\u00e4rks p\u00e5 v\u00e4gh\u00e5llningen trots b\u00e5de passagerare och last. Piccolo \u00e4r utrustad med en dubbelsidig och dubbelverkande hydraulisk d\u00e4mpare framtill f\u00f6r optimal fj\u00e4dringsprestanda.<\/p>\n<h3>Ram<\/h3>\n<p>Ramen \u00e4r tillverkad i vridstyvt kvalitetsst\u00e5l som ger en \u00f6verl\u00e4gsen stabilitet i h\u00f6gre farter och klarar av b\u00e5de passagerare och h\u00e5rdare belastning. Trots sina sm\u00e5 ytterm\u00e5tt v\u00e4ger in sig p\u00e5 n\u00e4tta 68 kg, vilket g\u00f6r den l\u00e4tt att k\u00f6ra p\u00e5 b\u00e5de landsv\u00e4g som inne i city.<\/p>\n<h3>Instrument<\/h3>\n<p>Med en heldigital instrumentering f\u00e5r du full \u00f6verblick \u00f6ver de v\u00e4sentligaste indikatorerna med hastighetsm\u00e4tare, batterim\u00e4tare samt indikeringslampor f\u00f6r blinkers och hel- och halvljus i tydlig fokus.<\/p>\n<h3>F\u00f6rvaring<\/h3>\n<p>Piccolo har ett mindre f\u00f6rvaringsfack under sadeln f\u00f6r det allra n\u00f6dv\u00e4ndigaste s\u00e5som en tr\u00f6ja, v\u00e4ska, kedjel\u00e5s eller ett par extra skor. Utrymmet under sadeln \u00f6ppnas\/l\u00e5ses enkelt och smidigt med din startnyckel.<\/p>\n<h3>Komfort<\/h3>\n<p>Piccolo \u00e4r trots sina mindre ytterm\u00e5tt ett s\u00e4kert och stabilt fordon skapat f\u00f6r att t\u00e5la daglig anv\u00e4ndning \u00e5ret runt. Den \u00e4r stor nog att klara \u00e4ven passagerare som sitter bra och har bra fotst\u00f6d med hj\u00e4lp av de snyggt integrerade fotpinnarna. Den mjuka sadeln ger en bekv\u00e4mt uppr\u00e4tt sittst\u00e4llning som kan anses vara mycket komfortabel. Sadelns foam stoppning anpassar sig efter dina f\u00f6ruts\u00e4ttningar och dess Condura\u2122 liknande yttermaterial \u00e4r vattenavst\u00f6tande och klarar m\u00e5nga \u00e5rs sol och v\u00e4ta.<\/p>\n<h3>Belysning<\/h3>\n<p>Med en hel ledbelysning garanteras en god synlighet i trafiken och belysningens utformning sticker ut i m\u00e4ngden d\u00e5 den designats f\u00f6r att ge ett modern intryck utan att tumma p\u00e5 ljusm\u00e4ngden s\u00e5 att du f\u00e5r god synlighet \u00e4ven n\u00e4r det \u00e4r som m\u00f6rkast.<\/p>\n","protected":false},"excerpt":{"rendered":"<p>Att \u00e4ga en\u00a0elscooter\u00a0av senaste modell beh\u00f6ver inte betyda att den \u00e4r stor och klumpig. Piccolo \u00e4r ett bra val f\u00f6r dig som s\u00e4ker en smidig, l\u00e4tt och hanterbar\u00a0elscooter\u00a0som \u00e4r utrustad med alla tekniska finesser du beh\u00f6ver. Piccolo LI Klass 2 har utrustats med ett litiumbatteri p\u00e5 hela 20 Ah som fungerar perfekt ihop med den [&#8230;]\n","protected":false},"featured_media":8803,"template":"","meta":{"_acf_changed":false},"product_brand":[],"product_cat":[73,142],"product_tag":[],"class_list":{"0":"post-5842","1":"product","2":"type-product","3":"status-publish","4":"has-post-thumbnail","6":"product_cat-elmoped","7":"product_cat-elmoped-klass-2","9":"first","10":"instock","11":"taxable","12":"shipping-taxable","13":"product-type-simple"},"acf":[],"yoast_head":"<!-- This site is optimized with the Yoast SEO plugin v27.4 - https:\/\/yoast.com\/product\/yoast-seo-wordpress\/ -->\n<title>Elmoped Klass 2 Viarelli Piccolo LI - Viarelli<\/title>\n<meta name=\"robots\" content=\"index, follow, max-snippet:-1, max-image-preview:large, max-video-preview:-1\" \/>\n<link rel=\"canonical\" href=\"https:\/\/viarelli.com\/sv\/produkt\/elmoped-klass-2-viarelli-piccolo-li\/\" \/>\n<meta property=\"og:locale\" content=\"sv_SE\" \/>\n<meta property=\"og:type\" content=\"article\" \/>\n<meta property=\"og:title\" content=\"Elmoped Klass 2 Viarelli Piccolo LI - Viarelli\" \/>\n<meta property=\"og:description\" content=\"Att \u00e4ga en\u00a0elscooter\u00a0av senaste modell beh\u00f6ver inte betyda att den \u00e4r stor och klumpig. Piccolo \u00e4r ett bra val f\u00f6r dig som s\u00e4ker en smidig, l\u00e4tt och hanterbar\u00a0elscooter\u00a0som \u00e4r utrustad med alla tekniska finesser du beh\u00f6ver. Piccolo LI Klass 2 har utrustats med ett litiumbatteri p\u00e5 hela 20 Ah som fungerar perfekt ihop med den [...]\" \/>\n<meta property=\"og:url\" content=\"https:\/\/viarelli.com\/sv\/produkt\/elmoped-klass-2-viarelli-piccolo-li\/\" \/>\n<meta property=\"og:site_name\" content=\"Viarelli\" \/>\n<meta property=\"article:modified_time\" content=\"2025-05-07T07:21:23+00:00\" \/>\n<meta property=\"og:image\" content=\"https:\/\/viarelli.com\/wp-content\/uploads\/2023\/02\/Piccolo-1.png\" \/>\n\t<meta property=\"og:image:width\" content=\"1920\" \/>\n\t<meta property=\"og:image:height\" content=\"1728\" \/>\n\t<meta property=\"og:image:type\" content=\"image\/png\" \/>\n<meta name=\"twitter:card\" content=\"summary_large_image\" \/>\n<meta name=\"twitter:label1\" content=\"Ber\u00e4knad l\u00e4stid\" \/>\n\t<meta name=\"twitter:data1\" content=\"4 minuter\" \/>\n<script type=\"application\/ld+json\" class=\"yoast-schema-graph\">{\"@context\":\"https:\\\/\\\/schema.org\",\"@graph\":[{\"@type\":\"WebPage\",\"@id\":\"https:\\\/\\\/viarelli.com\\\/sv\\\/produkt\\\/elmoped-klass-2-viarelli-piccolo-li\\\/\",\"url\":\"https:\\\/\\\/viarelli.com\\\/sv\\\/produkt\\\/elmoped-klass-2-viarelli-piccolo-li\\\/\",\"name\":\"Elmoped Klass 2 Viarelli Piccolo LI - Viarelli\",\"isPartOf\":{\"@id\":\"https:\\\/\\\/viarelli.com\\\/#website\"},\"primaryImageOfPage\":{\"@id\":\"https:\\\/\\\/viarelli.com\\\/sv\\\/produkt\\\/elmoped-klass-2-viarelli-piccolo-li\\\/#primaryimage\"},\"image\":{\"@id\":\"https:\\\/\\\/viarelli.com\\\/sv\\\/produkt\\\/elmoped-klass-2-viarelli-piccolo-li\\\/#primaryimage\"},\"thumbnailUrl\":\"https:\\\/\\\/viarelli.com\\\/wp-content\\\/uploads\\\/2023\\\/02\\\/Piccolo-1.png\",\"datePublished\":\"2023-02-10T13:01:41+00:00\",\"dateModified\":\"2025-05-07T07:21:23+00:00\",\"breadcrumb\":{\"@id\":\"https:\\\/\\\/viarelli.com\\\/sv\\\/produkt\\\/elmoped-klass-2-viarelli-piccolo-li\\\/#breadcrumb\"},\"inLanguage\":\"sv-SE\",\"potentialAction\":[{\"@type\":\"ReadAction\",\"target\":[\"https:\\\/\\\/viarelli.com\\\/sv\\\/produkt\\\/elmoped-klass-2-viarelli-piccolo-li\\\/\"]}]},{\"@type\":\"ImageObject\",\"inLanguage\":\"sv-SE\",\"@id\":\"https:\\\/\\\/viarelli.com\\\/sv\\\/produkt\\\/elmoped-klass-2-viarelli-piccolo-li\\\/#primaryimage\",\"url\":\"https:\\\/\\\/viarelli.com\\\/wp-content\\\/uploads\\\/2023\\\/02\\\/Piccolo-1.png\",\"contentUrl\":\"https:\\\/\\\/viarelli.com\\\/wp-content\\\/uploads\\\/2023\\\/02\\\/Piccolo-1.png\",\"width\":1920,\"height\":1728},{\"@type\":\"BreadcrumbList\",\"@id\":\"https:\\\/\\\/viarelli.com\\\/sv\\\/produkt\\\/elmoped-klass-2-viarelli-piccolo-li\\\/#breadcrumb\",\"itemListElement\":[{\"@type\":\"ListItem\",\"position\":1,\"name\":\"Start\",\"item\":\"https:\\\/\\\/viarelli.com\\\/sv\\\/\"},{\"@type\":\"ListItem\",\"position\":2,\"name\":\"Products\",\"item\":\"https:\\\/\\\/viarelli.com\\\/sv\\\/shop\\\/\"},{\"@type\":\"ListItem\",\"position\":3,\"name\":\"Elmoped Klass 2 Viarelli Piccolo LI\"}]},{\"@type\":\"WebSite\",\"@id\":\"https:\\\/\\\/viarelli.com\\\/#website\",\"url\":\"https:\\\/\\\/viarelli.com\\\/\",\"name\":\"Viarelli\",\"description\":\"\",\"potentialAction\":[{\"@type\":\"SearchAction\",\"target\":{\"@type\":\"EntryPoint\",\"urlTemplate\":\"https:\\\/\\\/viarelli.com\\\/?s={search_term_string}\"},\"query-input\":{\"@type\":\"PropertyValueSpecification\",\"valueRequired\":true,\"valueName\":\"search_term_string\"}}],\"inLanguage\":\"sv-SE\"}]}<\/script>\n<!-- \/ Yoast SEO plugin. -->","yoast_head_json":{"title":"Elmoped Klass 2 Viarelli Piccolo LI - Viarelli","robots":{"index":"index","follow":"follow","max-snippet":"max-snippet:-1","max-image-preview":"max-image-preview:large","max-video-preview":"max-video-preview:-1"},"canonical":"https:\/\/viarelli.com\/sv\/produkt\/elmoped-klass-2-viarelli-piccolo-li\/","og_locale":"sv_SE","og_type":"article","og_title":"Elmoped Klass 2 Viarelli Piccolo LI - Viarelli","og_description":"Att \u00e4ga en\u00a0elscooter\u00a0av senaste modell beh\u00f6ver inte betyda att den \u00e4r stor och klumpig. Piccolo \u00e4r ett bra val f\u00f6r dig som s\u00e4ker en smidig, l\u00e4tt och hanterbar\u00a0elscooter\u00a0som \u00e4r utrustad med alla tekniska finesser du beh\u00f6ver. Piccolo LI Klass 2 har utrustats med ett litiumbatteri p\u00e5 hela 20 Ah som fungerar perfekt ihop med den [...]","og_url":"https:\/\/viarelli.com\/sv\/produkt\/elmoped-klass-2-viarelli-piccolo-li\/","og_site_name":"Viarelli","article_modified_time":"2025-05-07T07:21:23+00:00","og_image":[{"width":1920,"height":1728,"url":"https:\/\/viarelli.com\/wp-content\/uploads\/2023\/02\/Piccolo-1.png","type":"image\/png"}],"twitter_card":"summary_large_image","twitter_misc":{"Ber\u00e4knad l\u00e4stid":"4 minuter"},"schema":{"@context":"https:\/\/schema.org","@graph":[{"@type":"WebPage","@id":"https:\/\/viarelli.com\/sv\/produkt\/elmoped-klass-2-viarelli-piccolo-li\/","url":"https:\/\/viarelli.com\/sv\/produkt\/elmoped-klass-2-viarelli-piccolo-li\/","name":"Elmoped Klass 2 Viarelli Piccolo LI - Viarelli","isPartOf":{"@id":"https:\/\/viarelli.com\/#website"},"primaryImageOfPage":{"@id":"https:\/\/viarelli.com\/sv\/produkt\/elmoped-klass-2-viarelli-piccolo-li\/#primaryimage"},"image":{"@id":"https:\/\/viarelli.com\/sv\/produkt\/elmoped-klass-2-viarelli-piccolo-li\/#primaryimage"},"thumbnailUrl":"https:\/\/viarelli.com\/wp-content\/uploads\/2023\/02\/Piccolo-1.png","datePublished":"2023-02-10T13:01:41+00:00","dateModified":"2025-05-07T07:21:23+00:00","breadcrumb":{"@id":"https:\/\/viarelli.com\/sv\/produkt\/elmoped-klass-2-viarelli-piccolo-li\/#breadcrumb"},"inLanguage":"sv-SE","potentialAction":[{"@type":"ReadAction","target":["https:\/\/viarelli.com\/sv\/produkt\/elmoped-klass-2-viarelli-piccolo-li\/"]}]},{"@type":"ImageObject","inLanguage":"sv-SE","@id":"https:\/\/viarelli.com\/sv\/produkt\/elmoped-klass-2-viarelli-piccolo-li\/#primaryimage","url":"https:\/\/viarelli.com\/wp-content\/uploads\/2023\/02\/Piccolo-1.png","contentUrl":"https:\/\/viarelli.com\/wp-content\/uploads\/2023\/02\/Piccolo-1.png","width":1920,"height":1728},{"@type":"BreadcrumbList","@id":"https:\/\/viarelli.com\/sv\/produkt\/elmoped-klass-2-viarelli-piccolo-li\/#breadcrumb","itemListElement":[{"@type":"ListItem","position":1,"name":"Start","item":"https:\/\/viarelli.com\/sv\/"},{"@type":"ListItem","position":2,"name":"Products","item":"https:\/\/viarelli.com\/sv\/shop\/"},{"@type":"ListItem","position":3,"name":"Elmoped Klass 2 Viarelli Piccolo LI"}]},{"@type":"WebSite","@id":"https:\/\/viarelli.com\/#website","url":"https:\/\/viarelli.com\/","name":"Viarelli","description":"","potentialAction":[{"@type":"SearchAction","target":{"@type":"EntryPoint","urlTemplate":"https:\/\/viarelli.com\/?s={search_term_string}"},"query-input":{"@type":"PropertyValueSpecification","valueRequired":true,"valueName":"search_term_string"}}],"inLanguage":"sv-SE"}]}},"_links":{"self":[{"href":"https:\/\/viarelli.com\/sv\/wp-json\/wp\/v2\/product\/5842","targetHints":{"allow":["GET"]}}],"collection":[{"href":"https:\/\/viarelli.com\/sv\/wp-json\/wp\/v2\/product"}],"about":[{"href":"https:\/\/viarelli.com\/sv\/wp-json\/wp\/v2\/types\/product"}],"wp:featuredmedia":[{"embeddable":true,"href":"https:\/\/viarelli.com\/sv\/wp-json\/wp\/v2\/media\/8803"}],"wp:attachment":[{"href":"https:\/\/viarelli.com\/sv\/wp-json\/wp\/v2\/media?parent=5842"}],"wp:term":[{"taxonomy":"product_brand","embeddable":true,"href":"https:\/\/viarelli.com\/sv\/wp-json\/wp\/v2\/product_brand?post=5842"},{"taxonomy":"product_cat","embeddable":true,"href":"https:\/\/viarelli.com\/sv\/wp-json\/wp\/v2\/product_cat?post=5842"},{"taxonomy":"product_tag","embeddable":true,"href":"https:\/\/viarelli.com\/sv\/wp-json\/wp\/v2\/product_tag?post=5842"}],"curies":[{"name":"wp","href":"https:\/\/api.w.org\/{rel}","templated":true}]}}