{"id":4330,"date":"2022-08-18T16:39:06","date_gmt":"2022-08-18T15:39:06","guid":{"rendered":"https:\/\/viarelli.com\/?page_id=4330"},"modified":"2024-11-19T15:57:11","modified_gmt":"2024-11-19T14:57:11","slug":"garantier","status":"publish","type":"page","link":"https:\/\/viarelli.com\/sv\/garantier\/","title":{"rendered":"Garantier"},"content":{"rendered":"\n\n\t<section class=\"section\" id=\"section_169363621\">\n\t\t<div class=\"section-bg fill\" >\n\t\t\t\t\t\t\t\t\t\n\t\t\t\n\n\t\t<\/div>\n\n\t\t\n\n\t\t<div class=\"section-content relative\">\n\t\t\t\n\n\t<div id=\"gap-731164159\" class=\"gap-element clearfix\" style=\"display:block; height:auto;\">\n\t\t\n<style>\n#gap-731164159 {\n  padding-top: 90px;\n}\n<\/style>\n\t<\/div>\n\t\n\n<div class=\"row row-large align-center\"  id=\"row-1121317924\">\n\n\n\t<div id=\"col-55665243\" class=\"col small-12 large-12\"  >\n\t\t\t\t<div class=\"col-inner\"  >\n\t\t\t\n\t\t\t\n\n<h1>Garantier<\/h1>\n<h3>1. Fordonsgaranti<\/h3>\n<p>Viarelli erbjuder garanti p\u00e5 alla sina fordon enligt de villkor som anges nedan. Garantin g\u00e4ller f\u00f6r fel som uppst\u00e5r under garantiperioden.\u00a0<\/p>\n<h3>1.1 Mopeder-, Elmoped &amp; MC<\/h3>\n<p>Viarelli erbjuder en 2-\u00e5rig garanti f\u00f6r mopeder, elmopder och MC. Dessa best\u00e4mmelser g\u00e4ller vid f\u00f6rs\u00e4ljning till konsument (f\u00f6r att anv\u00e4ndas f\u00f6r enskilt bruk) av i nyskick serietillverkade fordon. Garantiperioden b\u00f6rjar fr\u00e5n det datum d\u00e5 mopeden k\u00f6ps och varar i 2 \u00e5r. Garantin g\u00e4ller max 6000 km eller enligt f\u00f6reskriven tid vid uppvisande av korrekt ifylld garanti-\/servicebok. Vid\u00a0 fordonsleverans skall kunden erh\u00e5llas anv\u00e4ndarmanual samt servicebok.<\/p>\n<p>Mopeder, elmopeder och MC omfattas \u00e4ven av en 2-\u00e5rig motorgaranti. Motorgarantin skyddar dig mot fel p\u00e5 motorn som kan h\u00e4rledas till fabrikations- eller ursprungsfel. F\u00f6r att garantin ska g\u00e4lla ska fordonet ha servats regelbundet. Garantin g\u00e4ller i 2 \u00e5r r\u00e4knat fr\u00e5n ink\u00f6psdatum.<\/p>\n<h3>1.2 ATV<\/h3>\n<p>Fyrhjulingar eller ATV fr\u00e5n Viarelli omfattas av en 6 m\u00e5naders motorgaranti. Motorgarantin skyddar dig mot fel p\u00e5 motorn som kan h\u00e4rledas till fabrikations- eller ursprungsfel. F\u00f6r att garantin ska g\u00e4lla ska fordonet ha servats regelbundet. Garantin g\u00e4ller i 6 m\u00e5nader r\u00e4knat fr\u00e5n ink\u00f6psdatum.<\/p>\n<h3>1.3 Elcyklar<\/h3>\n<p>Alla elcyklar fr\u00e5n Viarelli omfattas av en 1-\u00e5rig garanti. Denna garanti t\u00e4cker fel i konstruktionen och\/eller materialfel i batteriet. Dessa best\u00e4mmelser g\u00e4ller vid f\u00f6rs\u00e4ljning till konsumenter (f\u00f6r individuell anv\u00e4ndning) av helt nya cyklar. Garantiperioden b\u00f6rjar fr\u00e5n ink\u00f6psdatum och varar i 1 \u00e5r. Garantin g\u00e4ller endast f\u00f6r den f\u00f6rsta \u00e4garen och kan inte \u00f6verf\u00f6ras till en annan person.<\/p>\n<h3>2. Garantiernas omfattning<\/h3>\n<p>Motorgarantin omfattar inre motordelar s\u00e5 som vevaxel, lager, ventiler och ventilstyrningar (exklusive inslipning och justering), ventillyftare, ventilbrygga, vipparmar, oljepump, oljepumpsdrev, vevstake, kolv, kolvbult, kolvringar, bussningar, kamaxel, kamkedja, kamdrev, transmissionsdrev och transmissionslager.<\/p>\n<h3>3. Garantiernas undantag<\/h3>\n<h3>3.1 Garanti<\/h3>\n<p>Viarelli f\u00f6rbeh\u00e5ller sig r\u00e4tten att v\u00e4gra utf\u00f6ra avgiftsfri garanti\u00e5tg\u00e4rd om beg\u00e4rd dokumentation ej kan presenteras eller om informationen \u00e4r ofullst\u00e4ndig.<\/p>\n<p>Viarelli undantar sig ansvar f\u00f6r garantier om kunden under f\u00f6ljande omst\u00e4ndigheter:<\/p>\n<p>a) Skada beroende p\u00e5 eftersatt periodiskt underh\u00e5ll\/service, t.ex. kontrollerat fryspunkten i kylv\u00e4tskan, (om motorn \u00e4r v\u00e4tskekyld), tillsett att det alltid finns tillr\u00e4ckligt med olja i oljetanken \u00e4ven om varningslampan inte lyser etc.<br \/>b) Skada som beror p\u00e5 reparation, justering eller underh\u00e5ll som gjorts enligt andra metoder \u00e4n det tillverkaren f\u00f6reskriver.<br \/>c) All skada beroende p\u00e5 \u201ch\u00e5rd\u201d eller onormal k\u00f6rning s\u00e5 som trimmat fordon eller terr\u00e4ngk\u00f6rning eller om fordonet anv\u00e4nds i t\u00e4vlingssammanhang som produkten ej \u00e4r avsedd f\u00f6r.<br \/>d) Alla skador beroende p\u00e5 anv\u00e4ndning ut\u00f6ver vad tillverkaren avser som normal anv\u00e4ndning som t.ex. \u00f6verlastning, d\u00e5lig k\u00f6rskicklighet och k\u00f6rning under onormala f\u00f6rh\u00e5llanden.<br \/>e) Alla skador eller f\u00f6ljdfel som uppst\u00e5tt d\u00e5 f\u00f6rorenat eller felaktigt br\u00e4nsle anv\u00e4nts<br \/>f) Alla skador n\u00e4r man inte anv\u00e4nt originaldelar vid reparation eller tillbeh\u00f6r som ej \u00e4r original eller olja, sm\u00f6rjmedel som ej \u00e4r av den kvalit\u00e9 som tillverkaren specificerar.<br \/>g) All skada som beror p\u00e5 \u00e4ndring av fordonet s\u00e5som \u201ctrimning\u201d<br \/>h) All skada som \u00e4r tidsberoende (normal blekning av f\u00e4rgade ytor, dekaler som ev. lossnar, oxidation av kromade eller m\u00e5lade ytor), samt anv\u00e4ndning av felaktigt reng\u00f6ringsmedel eller vaxer.<br \/>i) Alla skador som beror p\u00e5 avvikande anv\u00e4ndning fr\u00e5n vad som s\u00e4gs i instruktionsboken.<br \/>j) Extrema v\u00e4derfenomen som p\u00e5verkar prestanda\/funktion hos produkten eller produktens utseende.<br \/>k) Utbytesdelar. Delar som har normal f\u00f6rslitning s\u00e5som t\u00e4ndstift, kedjor eller f\u00f6rslitningsdelar i variatorn, luftrenare, brombel\u00e4gg, bromsskivor, kopplingsskivor, variatordelar, gl\u00f6dlampor, batterier, s\u00e4kringar, gummidelar, drivremmar, d\u00e4ck eller slangar, oljor, br\u00e4nslefilter, variatorvikter, kylv\u00e4tska.<br \/>l) Skada beroende p\u00e5 felaktig f\u00f6rvaring och transport.<br \/>m) Skada beroende p\u00e5 reparation, underh\u00e5ll, justering som utf\u00f6rs av annan \u00e4n\u00a0 n\u00e5gon av v\u00e5ra auktoriserade verkst\u00e4der\/\u00e5terf\u00f6rs\u00e4ljare.<br \/>n) Skada beroende p\u00e5 yttre omst\u00e4ndigheter utanf\u00f6r tillverkarens kontroll s\u00e5som naturkatastrofer, brand, trafikolycka, st\u00f6ld etc.<br \/>o) All skada beroende p\u00e5 olja eller r\u00f6k, kemikaliska produkter, f\u00e5gelspillning eller liknande yttre omst\u00e4ndigheter.<br \/>p) Fordonets garanti g\u00e4ller endast vid korrekt ifylld service-\/garantibok med st\u00e4mplar f\u00f6r service vid r\u00e4tt intervall.<br \/>q) Servicen skall vara gjord hos en av v\u00e5ra auktoriserade \u00e5terf\u00f6rs\u00e4ljare f\u00f6r giltig garanti<br \/>r) Garantitiden f\u00f6r yrkesm\u00e4ssigt bruk, dvs ej enskilt bruk \u00e4r 6 m\u00e5nader.<br \/>s) I den h\u00e4ndelse fordonet trimmats eller f\u00f6r\u00e4ndrats fr\u00e5n original bortfaller all r\u00e4tt \u00a0till garantianspr\u00e5k.<br \/>t) I den h\u00e4ndelse vinterf\u00f6rvaring ej skett enligt v\u00e5r 10 punkts vinterf\u00f6rvaring s\u00e5 bortfaller all r\u00e4tt till garantianspr\u00e5k.<br \/>u) Om fordonet varit utsatt f\u00f6r djurangrepp p\u00e5 sladdar, slangar och dylikt.<\/p>\n<h3>3.2 Motorgaranti<\/h3>\n<p>Motorgarantin omfattar inte:<\/p>\n<p>a) Yttre komponenter som t.ex. f\u00f6rgasare, insugningsr\u00f6r, avgassystem, kickpedal och v\u00e4xelf\u00f6rare.<\/p>\n<p>b) El-komponenter som t.ex. elsystem, t\u00e4ndspole, batteri, CDI-box, statorplatta och startmotor.<\/p>\n<p>c) Slitagedelar som t.ex. variatorrem, kedja, kedjedrev, variator, gaswire och br\u00e4nsleledningar.<\/p>\n<p>d) Oxid eller rost p\u00e5 motordelar eller fel som orsakats av anv\u00e4ndande av felaktigt, gammalt eller f\u00f6rorenat br\u00e4nsle.<\/p>\n<p>e) Fel som orsakats av bristf\u00e4lligt underh\u00e5ll, trimning, v\u00e5rdsl\u00f6s k\u00f6rning eller andra fel som orsakats av oaktsamhet eller vanv\u00e5rd.<\/p>\n<h3>3.3 batterigaranti<\/h3>\n<p>Vidare tar Viarelli ej ansvar f\u00f6r skada p\u00e5 batteriet som orsakats av nedan och i fall l\u00e4mnas ingen garanti:\u00a0<br \/>a) Vid ovarsam behandling av batteriet.<br \/>b) Vid underl\u00e5tande att sk\u00f6ta batteriet enligt anv\u00e4ndarhandboken\/servicemanualen.<br \/>c) Vid reparationer eller modifieringar ej utf\u00f6rda av fackkunnig personal.<br \/>d) Om senare monterade delar ej i \u00f6verensst\u00e4mmelse med de tekniska specifikationer som \u00e4r g\u00e4llande f\u00f6r batteri, eller delar\/tillbeh\u00f6r som ej \u00e4r monterade i enlighet med monteringsanvisningen.<br \/>e) Om batteriet ej \u00e4r laddat\/underh\u00e5llet i enlighet med kraven i anv\u00e4ndarhandboken\/ servicemanualen.<br \/>f) Vid felaktig f\u00f6rvaring, upphettning och\/eller missk\u00f6tsel<br \/>g) Vid onormal anv\u00e4ndning (t.ex. t\u00e4vling)<br \/>h) Om annan \u00e4n endam\u00e5lsenlig och utprovad\u00a0 laddare anv\u00e4nds<\/p>\n<h3>4. Garantiansvar<\/h3>\n<p>Viarelli f\u00f6rbeh\u00e5ller sig r\u00e4tten att reparera eller ers\u00e4tta felaktiga delar p\u00e5 mopeden. Om reparation eller ers\u00e4ttning kr\u00e4vs, kommer detta att g\u00f6ras utan extra kostnad f\u00f6r kunden.<\/p>\n<h3>5. Garantif\u00f6rfarande<\/h3>\n<p>Vid eventuella garantianspr\u00e5k ska kunden kontakta Viarelli genom de angivna kontaktuppgifterna p\u00e5 deras webbplats. Kunden m\u00e5ste tillhandah\u00e5lla n\u00f6dv\u00e4ndiga dokument, s\u00e5som k\u00f6pbevis och garantibevis, f\u00f6r att styrka garantianspr\u00e5ket.<\/p>\n<h3>6. Garantins begr\u00e4nsingar<\/h3>\n<p>Garantin t\u00e4cker inte skador som orsakats av felaktig anv\u00e4ndning, olyckor, f\u00f6rsumlighet, otill\u00e5ten modifiering, felaktig underh\u00e5ll eller normalt slitage. Garantin t\u00e4cker inte heller eventuella kosmetiska skador som inte p\u00e5verkar mopedens funktion.<\/p>\n<h3>7. Force majeure<\/h3>\n<p>Vid fel eller skador uppkomna p\u00e5 grund av naturkatastrofer eller orsaker utanf\u00f6r Viarellis eller kundens kontroll har Viarelli r\u00e4tt att inte fullf\u00f6lja sina \u00e5taganden.<\/p>\n\n\n\t\t<\/div>\n\t\t\t\t\t<\/div>\n\n\t\n\n<\/div>\n\n\t\t<\/div>\n\n\t\t\n<style>\n#section_169363621 {\n  padding-top: 30px;\n  padding-bottom: 30px;\n}\n<\/style>\n\t<\/section>\n\t\n\n","protected":false},"excerpt":{"rendered":"","protected":false},"author":1,"featured_media":4835,"parent":0,"menu_order":0,"comment_status":"closed","ping_status":"closed","template":"page-transparent-header-light.php","meta":{"_acf_changed":false,"footnotes":""},"class_list":["post-4330","page","type-page","status-publish","has-post-thumbnail","hentry"],"acf":[],"yoast_head":"<!-- This site is optimized with the Yoast SEO plugin v27.4 - https:\/\/yoast.com\/product\/yoast-seo-wordpress\/ -->\n<title>Garantier - Viarelli<\/title>\n<meta name=\"robots\" content=\"index, follow, max-snippet:-1, max-image-preview:large, max-video-preview:-1\" \/>\n<link rel=\"canonical\" href=\"https:\/\/viarelli.com\/sv\/garantier\/\" \/>\n<meta property=\"og:locale\" content=\"sv_SE\" \/>\n<meta property=\"og:type\" content=\"article\" \/>\n<meta property=\"og:title\" content=\"Garantier - Viarelli\" \/>\n<meta property=\"og:url\" content=\"https:\/\/viarelli.com\/sv\/garantier\/\" \/>\n<meta property=\"og:site_name\" content=\"Viarelli\" \/>\n<meta property=\"article:modified_time\" content=\"2024-11-19T14:57:11+00:00\" \/>\n<meta property=\"og:image\" content=\"https:\/\/viarelli.com\/wp-content\/uploads\/2022\/08\/IMG_9914-2-scaled.jpg\" \/>\n\t<meta property=\"og:image:width\" content=\"2560\" \/>\n\t<meta property=\"og:image:height\" content=\"1707\" \/>\n\t<meta property=\"og:image:type\" content=\"image\/jpeg\" \/>\n<meta name=\"twitter:card\" content=\"summary_large_image\" \/>\n<meta name=\"twitter:label1\" content=\"Ber\u00e4knad l\u00e4stid\" \/>\n\t<meta name=\"twitter:data1\" content=\"2 minuter\" \/>\n<script type=\"application\/ld+json\" class=\"yoast-schema-graph\">{\"@context\":\"https:\\\/\\\/schema.org\",\"@graph\":[{\"@type\":\"WebPage\",\"@id\":\"https:\\\/\\\/viarelli.com\\\/sv\\\/garantier\\\/\",\"url\":\"https:\\\/\\\/viarelli.com\\\/sv\\\/garantier\\\/\",\"name\":\"Garantier - Viarelli\",\"isPartOf\":{\"@id\":\"https:\\\/\\\/viarelli.com\\\/#website\"},\"primaryImageOfPage\":{\"@id\":\"https:\\\/\\\/viarelli.com\\\/sv\\\/garantier\\\/#primaryimage\"},\"image\":{\"@id\":\"https:\\\/\\\/viarelli.com\\\/sv\\\/garantier\\\/#primaryimage\"},\"thumbnailUrl\":\"https:\\\/\\\/viarelli.com\\\/wp-content\\\/uploads\\\/2022\\\/08\\\/IMG_9914-2-scaled.jpg\",\"datePublished\":\"2022-08-18T15:39:06+00:00\",\"dateModified\":\"2024-11-19T14:57:11+00:00\",\"breadcrumb\":{\"@id\":\"https:\\\/\\\/viarelli.com\\\/sv\\\/garantier\\\/#breadcrumb\"},\"inLanguage\":\"sv-SE\",\"potentialAction\":[{\"@type\":\"ReadAction\",\"target\":[\"https:\\\/\\\/viarelli.com\\\/sv\\\/garantier\\\/\"]}]},{\"@type\":\"ImageObject\",\"inLanguage\":\"sv-SE\",\"@id\":\"https:\\\/\\\/viarelli.com\\\/sv\\\/garantier\\\/#primaryimage\",\"url\":\"https:\\\/\\\/viarelli.com\\\/wp-content\\\/uploads\\\/2022\\\/08\\\/IMG_9914-2-scaled.jpg\",\"contentUrl\":\"https:\\\/\\\/viarelli.com\\\/wp-content\\\/uploads\\\/2022\\\/08\\\/IMG_9914-2-scaled.jpg\",\"width\":2560,\"height\":1707},{\"@type\":\"BreadcrumbList\",\"@id\":\"https:\\\/\\\/viarelli.com\\\/sv\\\/garantier\\\/#breadcrumb\",\"itemListElement\":[{\"@type\":\"ListItem\",\"position\":1,\"name\":\"Start\",\"item\":\"https:\\\/\\\/viarelli.com\\\/sv\\\/\"},{\"@type\":\"ListItem\",\"position\":2,\"name\":\"Garantier\"}]},{\"@type\":\"WebSite\",\"@id\":\"https:\\\/\\\/viarelli.com\\\/#website\",\"url\":\"https:\\\/\\\/viarelli.com\\\/\",\"name\":\"Viarelli\",\"description\":\"\",\"potentialAction\":[{\"@type\":\"SearchAction\",\"target\":{\"@type\":\"EntryPoint\",\"urlTemplate\":\"https:\\\/\\\/viarelli.com\\\/?s={search_term_string}\"},\"query-input\":{\"@type\":\"PropertyValueSpecification\",\"valueRequired\":true,\"valueName\":\"search_term_string\"}}],\"inLanguage\":\"sv-SE\"}]}<\/script>\n<!-- \/ Yoast SEO plugin. -->","yoast_head_json":{"title":"Garantier - Viarelli","robots":{"index":"index","follow":"follow","max-snippet":"max-snippet:-1","max-image-preview":"max-image-preview:large","max-video-preview":"max-video-preview:-1"},"canonical":"https:\/\/viarelli.com\/sv\/garantier\/","og_locale":"sv_SE","og_type":"article","og_title":"Garantier - Viarelli","og_url":"https:\/\/viarelli.com\/sv\/garantier\/","og_site_name":"Viarelli","article_modified_time":"2024-11-19T14:57:11+00:00","og_image":[{"width":2560,"height":1707,"url":"https:\/\/viarelli.com\/wp-content\/uploads\/2022\/08\/IMG_9914-2-scaled.jpg","type":"image\/jpeg"}],"twitter_card":"summary_large_image","twitter_misc":{"Ber\u00e4knad l\u00e4stid":"2 minuter"},"schema":{"@context":"https:\/\/schema.org","@graph":[{"@type":"WebPage","@id":"https:\/\/viarelli.com\/sv\/garantier\/","url":"https:\/\/viarelli.com\/sv\/garantier\/","name":"Garantier - Viarelli","isPartOf":{"@id":"https:\/\/viarelli.com\/#website"},"primaryImageOfPage":{"@id":"https:\/\/viarelli.com\/sv\/garantier\/#primaryimage"},"image":{"@id":"https:\/\/viarelli.com\/sv\/garantier\/#primaryimage"},"thumbnailUrl":"https:\/\/viarelli.com\/wp-content\/uploads\/2022\/08\/IMG_9914-2-scaled.jpg","datePublished":"2022-08-18T15:39:06+00:00","dateModified":"2024-11-19T14:57:11+00:00","breadcrumb":{"@id":"https:\/\/viarelli.com\/sv\/garantier\/#breadcrumb"},"inLanguage":"sv-SE","potentialAction":[{"@type":"ReadAction","target":["https:\/\/viarelli.com\/sv\/garantier\/"]}]},{"@type":"ImageObject","inLanguage":"sv-SE","@id":"https:\/\/viarelli.com\/sv\/garantier\/#primaryimage","url":"https:\/\/viarelli.com\/wp-content\/uploads\/2022\/08\/IMG_9914-2-scaled.jpg","contentUrl":"https:\/\/viarelli.com\/wp-content\/uploads\/2022\/08\/IMG_9914-2-scaled.jpg","width":2560,"height":1707},{"@type":"BreadcrumbList","@id":"https:\/\/viarelli.com\/sv\/garantier\/#breadcrumb","itemListElement":[{"@type":"ListItem","position":1,"name":"Start","item":"https:\/\/viarelli.com\/sv\/"},{"@type":"ListItem","position":2,"name":"Garantier"}]},{"@type":"WebSite","@id":"https:\/\/viarelli.com\/#website","url":"https:\/\/viarelli.com\/","name":"Viarelli","description":"","potentialAction":[{"@type":"SearchAction","target":{"@type":"EntryPoint","urlTemplate":"https:\/\/viarelli.com\/?s={search_term_string}"},"query-input":{"@type":"PropertyValueSpecification","valueRequired":true,"valueName":"search_term_string"}}],"inLanguage":"sv-SE"}]}},"_links":{"self":[{"href":"https:\/\/viarelli.com\/sv\/wp-json\/wp\/v2\/pages\/4330","targetHints":{"allow":["GET"]}}],"collection":[{"href":"https:\/\/viarelli.com\/sv\/wp-json\/wp\/v2\/pages"}],"about":[{"href":"https:\/\/viarelli.com\/sv\/wp-json\/wp\/v2\/types\/page"}],"author":[{"embeddable":true,"href":"https:\/\/viarelli.com\/sv\/wp-json\/wp\/v2\/users\/1"}],"replies":[{"embeddable":true,"href":"https:\/\/viarelli.com\/sv\/wp-json\/wp\/v2\/comments?post=4330"}],"version-history":[{"count":15,"href":"https:\/\/viarelli.com\/sv\/wp-json\/wp\/v2\/pages\/4330\/revisions"}],"predecessor-version":[{"id":8747,"href":"https:\/\/viarelli.com\/sv\/wp-json\/wp\/v2\/pages\/4330\/revisions\/8747"}],"wp:featuredmedia":[{"embeddable":true,"href":"https:\/\/viarelli.com\/sv\/wp-json\/wp\/v2\/media\/4835"}],"wp:attachment":[{"href":"https:\/\/viarelli.com\/sv\/wp-json\/wp\/v2\/media?parent=4330"}],"curies":[{"name":"wp","href":"https:\/\/api.w.org\/{rel}","templated":true}]}}