{"id":4323,"date":"2022-08-18T16:29:15","date_gmt":"2022-08-18T15:29:15","guid":{"rendered":"https:\/\/viarelli.com\/?page_id=4323"},"modified":"2026-04-08T10:57:38","modified_gmt":"2026-04-08T09:57:38","slug":"kundtjanst","status":"publish","type":"page","link":"https:\/\/viarelli.com\/sv\/kundtjanst\/","title":{"rendered":"Kundtj\u00e4nst"},"content":{"rendered":"\n\n  <div class=\"banner has-hover\" id=\"banner-921536224\">\n          <div class=\"banner-inner fill\">\n        <div class=\"banner-bg fill\" >\n            <img loading=\"lazy\" decoding=\"async\" width=\"1020\" height=\"680\" src=\"https:\/\/viarelli.com\/wp-content\/uploads\/2022\/08\/IMG_0671-1920x1280.jpg\" class=\"bg attachment-large size-large\" alt=\"\" \/>                        <div class=\"overlay\"><\/div>            \n                    <\/div>\n\t\t\n        <div class=\"banner-layers container\">\n            <div class=\"fill banner-link\"><\/div>            \n\n   <div id=\"text-box-1762332871\" class=\"text-box banner-layer x50 md-x50 lg-x50 y70 md-y65 lg-y50 res-text\">\n                                <div class=\"text-box-content text dark\">\n              \n              <div class=\"text-inner text-left\">\n                  \n\n<h1 style=\"text-align: center;\">Kundtj\u00e4nst<\/h1>\n\n              <\/div>\n           <\/div>\n                            \n<style>\n#text-box-1762332871 {\n  width: 80%;\n}\n#text-box-1762332871 .text-box-content {\n  font-size: 140%;\n}\n@media (min-width:550px) {\n  #text-box-1762332871 .text-box-content {\n    font-size: 130%;\n  }\n}\n@media (min-width:850px) {\n  #text-box-1762332871 {\n    width: 60%;\n  }\n  #text-box-1762332871 .text-box-content {\n    font-size: 170%;\n  }\n}\n<\/style>\n    <\/div>\n \n\n        <\/div>\n      <\/div>\n\n            \n<style>\n#banner-921536224 {\n  padding-top: 350px;\n}\n#banner-921536224 .overlay {\n  background-color: rgba(0, 0, 0, 0.4);\n}\n#banner-921536224 .banner-bg img {\n  object-position: 46% 39%;\n}\n@media (min-width:550px) {\n  #banner-921536224 {\n    padding-top: 400px;\n  }\n}\n@media (min-width:850px) {\n  #banner-921536224 {\n    padding-top: 600px;\n  }\n}\n<\/style>\n  <\/div>\n\n\n\n\t<section class=\"section\" id=\"section_824284999\">\n\t\t<div class=\"section-bg fill\" >\n\t\t\t\t\t\t\t\t\t\n\t\t\t\n\n\t\t<\/div>\n\n\t\t\n\n\t\t<div class=\"section-content relative\">\n\t\t\t\n\n\t<div id=\"gap-985162220\" class=\"gap-element clearfix\" style=\"display:block; height:auto;\">\n\t\t\n<style>\n#gap-985162220 {\n  padding-top: 45px;\n}\n@media (min-width:550px) {\n  #gap-985162220 {\n    padding-top: 60px;\n  }\n}\n@media (min-width:850px) {\n  #gap-985162220 {\n    padding-top: 60px;\n  }\n}\n<\/style>\n\t<\/div>\n\t\n\n<div class=\"row align-center\"  id=\"row-1108819158\">\n\n\n\t<div id=\"col-673879050\" class=\"col medium-11 small-12 large-8\"  >\n\t\t\t\t<div class=\"col-inner\"  >\n\t\t\t\n\t\t\t\n\n<h2 style=\"text-align: center;\">Kontakta Viarelli<\/h2>\n<p style=\"text-align: center;\">Vill du komma i kontakt med oss? Skicka ett meddelande via formul\u00e4ret nedan, ring eller maila \u2013 s\u00e5 h\u00f6r vi av oss!<\/p>\n\n\t\t<\/div>\n\t\t\t\t\t<\/div>\n\n\t\n\n<\/div>\n<div class=\"row row-small align-center\"  id=\"row-1960178559\">\n\n\n\t<div id=\"col-819179032\" class=\"col medium-8 small-12 large-8\"  >\n\t\t\t\t<div class=\"col-inner\"  >\n\t\t\t\n\t\t\t\n\n\n<div class=\"wpcf7 no-js\" id=\"wpcf7-f3186-o1\" lang=\"sv-SE\" dir=\"ltr\" data-wpcf7-id=\"3186\">\n<div class=\"screen-reader-response\"><p role=\"status\" aria-live=\"polite\" aria-atomic=\"true\"><\/p> <ul><\/ul><\/div>\n<form action=\"\/sv\/wp-json\/wp\/v2\/pages\/4323#wpcf7-f3186-o1\" method=\"post\" class=\"wpcf7-form init\" aria-label=\"Kontaktformul\u00e4r\" novalidate=\"novalidate\" data-status=\"init\">\n<fieldset class=\"hidden-fields-container\"><input type=\"hidden\" name=\"_wpcf7\" value=\"3186\" \/><input type=\"hidden\" name=\"_wpcf7_version\" value=\"6.1.5\" \/><input type=\"hidden\" name=\"_wpcf7_locale\" value=\"sv_SE\" \/><input type=\"hidden\" name=\"_wpcf7_unit_tag\" value=\"wpcf7-f3186-o1\" \/><input type=\"hidden\" name=\"_wpcf7_container_post\" value=\"0\" \/><input type=\"hidden\" name=\"_wpcf7_posted_data_hash\" value=\"\" \/><input type=\"hidden\" name=\"_wpcf7_recaptcha_response\" value=\"\" \/>\n<\/fieldset>\n<div class=\"form-flat\">\n\t<p><span class=\"wpcf7-form-control-wrap\" data-name=\"your-name\"><input size=\"40\" maxlength=\"400\" class=\"wpcf7-form-control wpcf7-text wpcf7-validates-as-required\" aria-required=\"true\" aria-invalid=\"false\" placeholder=\"Namn\" value=\"\" type=\"text\" name=\"your-name\" \/><\/span>\n\t<\/p>\n\t<p><span class=\"wpcf7-form-control-wrap\" data-name=\"your-email\"><input size=\"40\" maxlength=\"400\" class=\"wpcf7-form-control wpcf7-email wpcf7-validates-as-required wpcf7-text wpcf7-validates-as-email\" aria-required=\"true\" aria-invalid=\"false\" placeholder=\"E-post\" value=\"\" type=\"email\" name=\"your-email\" \/><\/span>\n\t<\/p>\n\t<p><span class=\"wpcf7-form-control-wrap\" data-name=\"your-message\"><textarea cols=\"40\" rows=\"10\" maxlength=\"2000\" class=\"wpcf7-form-control wpcf7-textarea\" aria-invalid=\"false\" placeholder=\"Meddelande\" name=\"your-message\"><\/textarea><\/span>\n\t<\/p>\n\t<p><input class=\"wpcf7-form-control wpcf7-submit has-spinner\" type=\"submit\" value=\"Skicka\" \/>\n\t<\/p>\n\t<p style=\"font-size:80%;\">Genom att skicka formul\u00e4ret godk\u00e4nner du att vi anv\u00e4nder informationen till att kontakta dig.\n\t<\/p>\n\t<p\/>\n\t<\/p>\n<\/div><p style=\"display: none !important;\" class=\"akismet-fields-container\" data-prefix=\"_wpcf7_ak_\"><label>&#916;<textarea name=\"_wpcf7_ak_hp_textarea\" cols=\"45\" rows=\"8\" maxlength=\"100\"><\/textarea><\/label><input type=\"hidden\" id=\"ak_js_1\" name=\"_wpcf7_ak_js\" value=\"129\"\/><script>document.getElementById( \"ak_js_1\" ).setAttribute( \"value\", ( new Date() ).getTime() );<\/script><\/p><div class=\"wpcf7-response-output\" aria-hidden=\"true\"><\/div>\n<\/form>\n<\/div>\n\n\n\t<div id=\"gap-686247602\" class=\"gap-element clearfix\" style=\"display:block; height:auto;\">\n\t\t\n<style>\n#gap-686247602 {\n  padding-top: 10px;\n}\n<\/style>\n\t<\/div>\n\t\n\n<div class=\"is-divider divider clearfix\" style=\"margin-top:0px;margin-bottom:0px;max-width:100%;height:1px;\"><\/div>\n\n\t<div id=\"gap-1997008449\" class=\"gap-element clearfix\" style=\"display:block; height:auto;\">\n\t\t\n<style>\n#gap-1997008449 {\n  padding-top: 10px;\n}\n<\/style>\n\t<\/div>\n\t\n\n<p><strong>Email<\/strong>: hello@viarelli.com<\/p>\n<p><strong>North European Trust AB<br \/><\/strong>Ji-Te gatan 2<br \/>265 38 \u00c5storp<\/p>\n\n\n\t\t<\/div>\n\t\t\t\t\t<\/div>\n\n\t\n\n<\/div>\n\n\t\t<\/div>\n\n\t\t\n<style>\n#section_824284999 {\n  padding-top: 0px;\n  padding-bottom: 0px;\n}\n<\/style>\n\t<\/section>\n\t\n\t<div id=\"gap-1288917712\" class=\"gap-element clearfix\" style=\"display:block; height:auto;\">\n\t\t\n<style>\n#gap-1288917712 {\n  padding-top: 45px;\n}\n@media (min-width:550px) {\n  #gap-1288917712 {\n    padding-top: 60px;\n  }\n}\n@media (min-width:850px) {\n  #gap-1288917712 {\n    padding-top: 60px;\n  }\n}\n<\/style>\n\t<\/div>\n\t\n\n<div class=\"is-divider divider clearfix\" style=\"margin-top:0em;margin-bottom:0em;max-width:100%;height:1px;\"><\/div>\n\n\n\t<section class=\"section\" id=\"section_308767371\">\n\t\t<div class=\"section-bg fill\" >\n\t\t\t\t\t\t\t\t\t\n\t\t\t\n\n\t\t<\/div>\n\n\t\t\n\n\t\t<div class=\"section-content relative\">\n\t\t\t\n\n<div class=\"row row-collapse row-full-width align-middle align-center\"  id=\"row-1848065201\">\n\n\n\t<div id=\"col-967132615\" class=\"col medium-12 small-12 large-6 medium-col-first\"  >\n\t\t\t\t<div class=\"col-inner\"  >\n\t\t\t\n\t\t\t\n\n\n  <div class=\"banner has-hover\" id=\"banner-1056004671\">\n          <div class=\"banner-inner fill\">\n        <div class=\"banner-bg fill\" >\n            <img loading=\"lazy\" decoding=\"async\" width=\"960\" height=\"640\" src=\"https:\/\/viarelli.com\/wp-content\/uploads\/2022\/08\/IMG_0647-960x640.jpg\" class=\"bg attachment-medium size-medium\" alt=\"\" \/>                                    \n                    <\/div>\n\t\t\n        <div class=\"banner-layers container\">\n            <div class=\"fill banner-link\"><\/div>            \n\n\n        <\/div>\n      <\/div>\n\n            \n<style>\n#banner-1056004671 {\n  padding-top: 70%;\n}\n#banner-1056004671 .banner-bg img {\n  object-position: 48% 51%;\n}\n@media (min-width:550px) {\n  #banner-1056004671 {\n    padding-top: 50%;\n  }\n}\n@media (min-width:850px) {\n  #banner-1056004671 {\n    padding-top: 56.25%;\n  }\n}\n<\/style>\n  <\/div>\n\n\n\n\t\t<\/div>\n\t\t\t\t\t<\/div>\n\n\t\n\n\t<div id=\"col-344604897\" class=\"col medium-12 small-12 large-6\"  >\n\t\t\t\t<div class=\"col-inner text-left\"  >\n\t\t\t\n\t\t\t\n\n<div class=\"row align-center\"  id=\"row-419022546\">\n\n\n\t<div id=\"col-1722609628\" class=\"col medium-12 small-12 large-9\"  >\n\t\t\t\t<div class=\"col-inner\"  >\n\t\t\t\n\t\t\t\n\n\t<div id=\"gap-778015081\" class=\"gap-element clearfix hide-for-medium\" style=\"display:block; height:auto;\">\n\t\t\n<style>\n#gap-778015081 {\n  padding-top: 30px;\n}\n<\/style>\n\t<\/div>\n\t\n\n<h3 class=\"bolder\">Lifestyle<\/h3>\n<p>Vi ger dig frihet - vem du \u00e4n \u00e4r, vart du \u00e4n ska.<\/p>\n<p>V\u00e4lkommen till en ny livsstil.<\/p>\n<a href=\"\/sv\/lifestyle\/\" class=\"button white is-smaller buttonlength\"  style=\"padding:10px 0px 10px 0px;\">\n\t\t<span>L\u00e4s mer<\/span>\n\t<\/a>\n\n\n\n\t\t<\/div>\n\t\t\t\t\t<\/div>\n\n\t\n\n\n<style>\n#row-419022546 > .col > .col-inner {\n  padding: 20px 30px 15px 30px;\n}\n@media (min-width:850px) {\n  #row-419022546 > .col > .col-inner {\n    padding: 5% 15% 5% 15%;\n  }\n}\n<\/style>\n<\/div>\n\n\t\t<\/div>\n\t\t\t\t\t<\/div>\n\n\t\n\n<\/div>\n\n\t\t<\/div>\n\n\t\t\n<style>\n#section_308767371 {\n  padding-top: 0px;\n  padding-bottom: 0px;\n}\n<\/style>\n\t<\/section>\n\t\n\n\n\t<section class=\"section\" id=\"section_1506749354\">\n\t\t<div class=\"section-bg fill\" >\n\t\t\t\t\t\t\t\t\t\n\t\t\t\n\n\t\t<\/div>\n\n\t\t\n\n\t\t<div class=\"section-content relative\">\n\t\t\t\r\n\r\n<div class=\"row row-collapse row-full-width align-middle align-center\"  id=\"row-1681613665\">\r\n\r\n\n\t<div id=\"col-375338360\" class=\"col medium-12 small-12 large-6\"  >\n\t\t\t\t<div class=\"col-inner text-left\"  >\n\t\t\t\n\t\t\t\r\n\r\n<div class=\"row align-center\"  id=\"row-1934120993\">\r\n\r\n\n\t<div id=\"col-1145153754\" class=\"col medium-12 small-12 large-9\"  >\n\t\t\t\t<div class=\"col-inner\"  >\n\t\t\t\n\t\t\t\r\n\r\n\t<div id=\"gap-599468671\" class=\"gap-element clearfix hide-for-medium\" style=\"display:block; height:auto;\">\n\t\t\n<style>\n#gap-599468671 {\n  padding-top: 30px;\n}\n<\/style>\n\t<\/div>\n\t\r\n\r\n<h3 class=\"bolder\">FAQ<\/h3>\r\n<p>Livet som Viarelli-\u00e4gare v\u00e4ntar p\u00e5 dig! Vi ger svar p\u00e5 allt du beh\u00f6ver veta f\u00f6r att b\u00f6rja din nya livsstil.<\/p>\r\n<a href=\"\/sv\/faq-moped-offroad\/\" class=\"button white is-smaller buttonlength\"  style=\"padding:10px 0px 10px 0px;\">\n\t\t<span>FAQ<\/span>\n\t<\/a>\n\r\n\r\n\r\n\t\t<\/div>\n\t\t\t\t\t<\/div>\n\n\t\r\n\r\n\n<style>\n#row-1934120993 > .col > .col-inner {\n  padding: 20px 30px 15px 30px;\n}\n@media (min-width:850px) {\n  #row-1934120993 > .col > .col-inner {\n    padding: 5% 15% 5% 15%;\n  }\n}\n<\/style>\n<\/div>\r\n\r\n\t\t<\/div>\n\t\t\t\t\t<\/div>\n\n\t\r\n\n\t<div id=\"col-404758406\" class=\"col medium-12 small-12 large-6 medium-col-first\"  >\n\t\t\t\t<div class=\"col-inner\"  >\n\t\t\t\n\t\t\t\r\n\r\n\n  <div class=\"banner has-hover\" id=\"banner-888561334\">\n          <div class=\"banner-inner fill\">\n        <div class=\"banner-bg fill\" >\n            <img loading=\"lazy\" decoding=\"async\" width=\"960\" height=\"640\" src=\"https:\/\/viarelli.com\/wp-content\/uploads\/2022\/08\/IMG_9909-2-960x640.jpg\" class=\"bg attachment-medium size-medium\" alt=\"\" \/>                                    \n                    <\/div>\n\t\t\n        <div class=\"banner-layers container\">\n            <div class=\"fill banner-link\"><\/div>            \r\n\r\n\r\n        <\/div>\n      <\/div>\n\n            \n<style>\n#banner-888561334 {\n  padding-top: 70%;\n}\n#banner-888561334 .banner-bg img {\n  object-position: 55% 100%;\n}\n@media (min-width:550px) {\n  #banner-888561334 {\n    padding-top: 50%;\n  }\n}\n@media (min-width:850px) {\n  #banner-888561334 {\n    padding-top: 56.25%;\n  }\n}\n<\/style>\n  <\/div>\n\n\r\n\r\n\t\t<\/div>\n\t\t\t\t\t<\/div>\n\n\t\r\n\r\n<\/div>\r\n\r\n\t\t<\/div>\n\n\t\t\n<style>\n#section_1506749354 {\n  padding-top: 0px;\n  padding-bottom: 0px;\n}\n<\/style>\n\t<\/section>\n\t\n\n\n","protected":false},"excerpt":{"rendered":"","protected":false},"author":1,"featured_media":4883,"parent":0,"menu_order":0,"comment_status":"closed","ping_status":"closed","template":"page-transparent-header-light.php","meta":{"_acf_changed":false,"footnotes":""},"class_list":["post-4323","page","type-page","status-publish","has-post-thumbnail","hentry"],"acf":[],"yoast_head":"<!-- This site is optimized with the Yoast SEO plugin v27.4 - https:\/\/yoast.com\/product\/yoast-seo-wordpress\/ -->\n<title>Kontakt - Viarelli<\/title>\n<meta name=\"description\" content=\"Vill du komma i kontakt med oss? Klicka h\u00e4r och skicka ett meddelande via v\u00e5rt formul\u00e4r, s\u00e5 h\u00f6r vi av oss. V\u00e4lkommen!\" \/>\n<meta name=\"robots\" content=\"index, follow, max-snippet:-1, max-image-preview:large, max-video-preview:-1\" \/>\n<link rel=\"canonical\" href=\"https:\/\/viarelli.com\/sv\/kundtjanst\/\" \/>\n<meta property=\"og:locale\" content=\"sv_SE\" \/>\n<meta property=\"og:type\" content=\"article\" \/>\n<meta property=\"og:title\" content=\"Kontakt - Viarelli\" \/>\n<meta property=\"og:description\" content=\"Vill du komma i kontakt med oss? Klicka h\u00e4r och skicka ett meddelande via v\u00e5rt formul\u00e4r, s\u00e5 h\u00f6r vi av oss. V\u00e4lkommen!\" \/>\n<meta property=\"og:url\" content=\"https:\/\/viarelli.com\/sv\/kundtjanst\/\" \/>\n<meta property=\"og:site_name\" content=\"Viarelli\" \/>\n<meta property=\"article:modified_time\" content=\"2026-04-08T09:57:38+00:00\" \/>\n<meta property=\"og:image\" content=\"https:\/\/viarelli.com\/wp-content\/uploads\/2022\/08\/IMG_0671-scaled.jpg\" \/>\n\t<meta property=\"og:image:width\" content=\"2560\" \/>\n\t<meta property=\"og:image:height\" content=\"1707\" \/>\n\t<meta property=\"og:image:type\" content=\"image\/jpeg\" \/>\n<meta name=\"twitter:card\" content=\"summary_large_image\" \/>\n<meta name=\"twitter:label1\" content=\"Ber\u00e4knad l\u00e4stid\" \/>\n\t<meta name=\"twitter:data1\" content=\"1 minut\" \/>\n<script type=\"application\/ld+json\" class=\"yoast-schema-graph\">{\"@context\":\"https:\\\/\\\/schema.org\",\"@graph\":[{\"@type\":\"WebPage\",\"@id\":\"https:\\\/\\\/viarelli.com\\\/sv\\\/kundtjanst\\\/\",\"url\":\"https:\\\/\\\/viarelli.com\\\/sv\\\/kundtjanst\\\/\",\"name\":\"Kontakt - Viarelli\",\"isPartOf\":{\"@id\":\"https:\\\/\\\/viarelli.com\\\/#website\"},\"primaryImageOfPage\":{\"@id\":\"https:\\\/\\\/viarelli.com\\\/sv\\\/kundtjanst\\\/#primaryimage\"},\"image\":{\"@id\":\"https:\\\/\\\/viarelli.com\\\/sv\\\/kundtjanst\\\/#primaryimage\"},\"thumbnailUrl\":\"https:\\\/\\\/viarelli.com\\\/wp-content\\\/uploads\\\/2022\\\/08\\\/IMG_0671-scaled.jpg\",\"datePublished\":\"2022-08-18T15:29:15+00:00\",\"dateModified\":\"2026-04-08T09:57:38+00:00\",\"description\":\"Vill du komma i kontakt med oss? Klicka h\u00e4r och skicka ett meddelande via v\u00e5rt formul\u00e4r, s\u00e5 h\u00f6r vi av oss. V\u00e4lkommen!\",\"breadcrumb\":{\"@id\":\"https:\\\/\\\/viarelli.com\\\/sv\\\/kundtjanst\\\/#breadcrumb\"},\"inLanguage\":\"sv-SE\",\"potentialAction\":[{\"@type\":\"ReadAction\",\"target\":[\"https:\\\/\\\/viarelli.com\\\/sv\\\/kundtjanst\\\/\"]}]},{\"@type\":\"ImageObject\",\"inLanguage\":\"sv-SE\",\"@id\":\"https:\\\/\\\/viarelli.com\\\/sv\\\/kundtjanst\\\/#primaryimage\",\"url\":\"https:\\\/\\\/viarelli.com\\\/wp-content\\\/uploads\\\/2022\\\/08\\\/IMG_0671-scaled.jpg\",\"contentUrl\":\"https:\\\/\\\/viarelli.com\\\/wp-content\\\/uploads\\\/2022\\\/08\\\/IMG_0671-scaled.jpg\",\"width\":2560,\"height\":1707},{\"@type\":\"BreadcrumbList\",\"@id\":\"https:\\\/\\\/viarelli.com\\\/sv\\\/kundtjanst\\\/#breadcrumb\",\"itemListElement\":[{\"@type\":\"ListItem\",\"position\":1,\"name\":\"Start\",\"item\":\"https:\\\/\\\/viarelli.com\\\/sv\\\/\"},{\"@type\":\"ListItem\",\"position\":2,\"name\":\"Kundtj\u00e4nst\"}]},{\"@type\":\"WebSite\",\"@id\":\"https:\\\/\\\/viarelli.com\\\/#website\",\"url\":\"https:\\\/\\\/viarelli.com\\\/\",\"name\":\"Viarelli\",\"description\":\"\",\"potentialAction\":[{\"@type\":\"SearchAction\",\"target\":{\"@type\":\"EntryPoint\",\"urlTemplate\":\"https:\\\/\\\/viarelli.com\\\/?s={search_term_string}\"},\"query-input\":{\"@type\":\"PropertyValueSpecification\",\"valueRequired\":true,\"valueName\":\"search_term_string\"}}],\"inLanguage\":\"sv-SE\"}]}<\/script>\n<!-- \/ Yoast SEO plugin. -->","yoast_head_json":{"title":"Kontakt - Viarelli","description":"Vill du komma i kontakt med oss? Klicka h\u00e4r och skicka ett meddelande via v\u00e5rt formul\u00e4r, s\u00e5 h\u00f6r vi av oss. V\u00e4lkommen!","robots":{"index":"index","follow":"follow","max-snippet":"max-snippet:-1","max-image-preview":"max-image-preview:large","max-video-preview":"max-video-preview:-1"},"canonical":"https:\/\/viarelli.com\/sv\/kundtjanst\/","og_locale":"sv_SE","og_type":"article","og_title":"Kontakt - Viarelli","og_description":"Vill du komma i kontakt med oss? Klicka h\u00e4r och skicka ett meddelande via v\u00e5rt formul\u00e4r, s\u00e5 h\u00f6r vi av oss. V\u00e4lkommen!","og_url":"https:\/\/viarelli.com\/sv\/kundtjanst\/","og_site_name":"Viarelli","article_modified_time":"2026-04-08T09:57:38+00:00","og_image":[{"width":2560,"height":1707,"url":"https:\/\/viarelli.com\/wp-content\/uploads\/2022\/08\/IMG_0671-scaled.jpg","type":"image\/jpeg"}],"twitter_card":"summary_large_image","twitter_misc":{"Ber\u00e4knad l\u00e4stid":"1 minut"},"schema":{"@context":"https:\/\/schema.org","@graph":[{"@type":"WebPage","@id":"https:\/\/viarelli.com\/sv\/kundtjanst\/","url":"https:\/\/viarelli.com\/sv\/kundtjanst\/","name":"Kontakt - Viarelli","isPartOf":{"@id":"https:\/\/viarelli.com\/#website"},"primaryImageOfPage":{"@id":"https:\/\/viarelli.com\/sv\/kundtjanst\/#primaryimage"},"image":{"@id":"https:\/\/viarelli.com\/sv\/kundtjanst\/#primaryimage"},"thumbnailUrl":"https:\/\/viarelli.com\/wp-content\/uploads\/2022\/08\/IMG_0671-scaled.jpg","datePublished":"2022-08-18T15:29:15+00:00","dateModified":"2026-04-08T09:57:38+00:00","description":"Vill du komma i kontakt med oss? Klicka h\u00e4r och skicka ett meddelande via v\u00e5rt formul\u00e4r, s\u00e5 h\u00f6r vi av oss. V\u00e4lkommen!","breadcrumb":{"@id":"https:\/\/viarelli.com\/sv\/kundtjanst\/#breadcrumb"},"inLanguage":"sv-SE","potentialAction":[{"@type":"ReadAction","target":["https:\/\/viarelli.com\/sv\/kundtjanst\/"]}]},{"@type":"ImageObject","inLanguage":"sv-SE","@id":"https:\/\/viarelli.com\/sv\/kundtjanst\/#primaryimage","url":"https:\/\/viarelli.com\/wp-content\/uploads\/2022\/08\/IMG_0671-scaled.jpg","contentUrl":"https:\/\/viarelli.com\/wp-content\/uploads\/2022\/08\/IMG_0671-scaled.jpg","width":2560,"height":1707},{"@type":"BreadcrumbList","@id":"https:\/\/viarelli.com\/sv\/kundtjanst\/#breadcrumb","itemListElement":[{"@type":"ListItem","position":1,"name":"Start","item":"https:\/\/viarelli.com\/sv\/"},{"@type":"ListItem","position":2,"name":"Kundtj\u00e4nst"}]},{"@type":"WebSite","@id":"https:\/\/viarelli.com\/#website","url":"https:\/\/viarelli.com\/","name":"Viarelli","description":"","potentialAction":[{"@type":"SearchAction","target":{"@type":"EntryPoint","urlTemplate":"https:\/\/viarelli.com\/?s={search_term_string}"},"query-input":{"@type":"PropertyValueSpecification","valueRequired":true,"valueName":"search_term_string"}}],"inLanguage":"sv-SE"}]}},"_links":{"self":[{"href":"https:\/\/viarelli.com\/sv\/wp-json\/wp\/v2\/pages\/4323","targetHints":{"allow":["GET"]}}],"collection":[{"href":"https:\/\/viarelli.com\/sv\/wp-json\/wp\/v2\/pages"}],"about":[{"href":"https:\/\/viarelli.com\/sv\/wp-json\/wp\/v2\/types\/page"}],"author":[{"embeddable":true,"href":"https:\/\/viarelli.com\/sv\/wp-json\/wp\/v2\/users\/1"}],"replies":[{"embeddable":true,"href":"https:\/\/viarelli.com\/sv\/wp-json\/wp\/v2\/comments?post=4323"}],"version-history":[{"count":14,"href":"https:\/\/viarelli.com\/sv\/wp-json\/wp\/v2\/pages\/4323\/revisions"}],"predecessor-version":[{"id":8528,"href":"https:\/\/viarelli.com\/sv\/wp-json\/wp\/v2\/pages\/4323\/revisions\/8528"}],"wp:featuredmedia":[{"embeddable":true,"href":"https:\/\/viarelli.com\/sv\/wp-json\/wp\/v2\/media\/4883"}],"wp:attachment":[{"href":"https:\/\/viarelli.com\/sv\/wp-json\/wp\/v2\/media?parent=4323"}],"curies":[{"name":"wp","href":"https:\/\/api.w.org\/{rel}","templated":true}]}}