{"id":4317,"date":"2022-08-18T16:23:26","date_gmt":"2022-08-18T15:23:26","guid":{"rendered":"https:\/\/viarelli.com\/?page_id=4317"},"modified":"2023-08-28T09:15:52","modified_gmt":"2023-08-28T08:15:52","slug":"lifestyle","status":"publish","type":"page","link":"https:\/\/viarelli.com\/sv\/lifestyle\/","title":{"rendered":"Lifestyle"},"content":{"rendered":"\n\n  <div class=\"banner has-hover\" id=\"banner-1546920735\">\n          <div class=\"banner-inner fill\">\n        <div class=\"banner-bg fill\" >\n            <img loading=\"lazy\" decoding=\"async\" width=\"1020\" height=\"680\" src=\"https:\/\/viarelli.com\/wp-content\/uploads\/2022\/08\/IMG_0647-1920x1280.jpg\" class=\"bg attachment-large size-large\" alt=\"\" \/>                        <div class=\"overlay\"><\/div>            \n                    <\/div>\n\t\t\n        <div class=\"banner-layers container\">\n            <div class=\"fill banner-link\"><\/div>            \n\n   <div id=\"text-box-1607153228\" class=\"text-box banner-layer x50 md-x50 lg-x50 y70 md-y65 lg-y50 res-text\">\n                                <div class=\"text-box-content text dark\">\n              \n              <div class=\"text-inner text-left\">\n                  \n\n<h1 style=\"text-align: center;\">Lifestyle<\/h1>\n\n              <\/div>\n           <\/div>\n                            \n<style>\n#text-box-1607153228 {\n  width: 80%;\n}\n#text-box-1607153228 .text-box-content {\n  font-size: 140%;\n}\n@media (min-width:550px) {\n  #text-box-1607153228 .text-box-content {\n    font-size: 130%;\n  }\n}\n@media (min-width:850px) {\n  #text-box-1607153228 {\n    width: 60%;\n  }\n  #text-box-1607153228 .text-box-content {\n    font-size: 170%;\n  }\n}\n<\/style>\n    <\/div>\n \n\n        <\/div>\n      <\/div>\n\n            \n<style>\n#banner-1546920735 {\n  padding-top: 350px;\n}\n#banner-1546920735 .overlay {\n  background-color: rgba(0, 0, 0, 0.4);\n}\n#banner-1546920735 .banner-bg img {\n  object-position: 47% 56%;\n}\n@media (min-width:550px) {\n  #banner-1546920735 {\n    padding-top: 400px;\n  }\n}\n@media (min-width:850px) {\n  #banner-1546920735 {\n    padding-top: 600px;\n  }\n}\n<\/style>\n  <\/div>\n\n\n\n\t<section class=\"section\" id=\"section_1517908901\">\n\t\t<div class=\"section-bg fill\" >\n\t\t\t\t\t\t\t\t\t\n\t\t\t\n\n\t\t<\/div>\n\n\t\t\n\n\t\t<div class=\"section-content relative\">\n\t\t\t\n\n\t<div id=\"gap-1482124955\" class=\"gap-element clearfix\" style=\"display:block; height:auto;\">\n\t\t\n<style>\n#gap-1482124955 {\n  padding-top: 45px;\n}\n@media (min-width:550px) {\n  #gap-1482124955 {\n    padding-top: 60px;\n  }\n}\n@media (min-width:850px) {\n  #gap-1482124955 {\n    padding-top: 60px;\n  }\n}\n<\/style>\n\t<\/div>\n\t\n\n<div class=\"row align-center\"  id=\"row-604758626\">\n\n\n\t<div id=\"col-582601920\" class=\"col medium-11 small-12 large-8\"  >\n\t\t\t\t<div class=\"col-inner\"  >\n\t\t\t\n\t\t\t\n\n<h2 style=\"text-align: center;\">Mer \u00e4n bara ett fordon<\/h2>\n<p style=\"text-align: center;\">Med v\u00e5r vision om att alltid erbjuda mopeder med den senaste tekniken i tidsenlig design forts\u00e4tter vi att bana v\u00e4g f\u00f6r kvalitativ och stils\u00e4ker k\u00f6rning. B\u00e5de f\u00f6r dig som vill uppleva k\u00f6rgl\u00e4dje fr\u00e5n 15 \u00e5rs \u00e5lder och f\u00f6r dig som vill ha ett vinnande alternativ till bilen. Med en moped fr\u00e5n Viarelli ger du dig sj\u00e4lv frihet, r\u00f6rlighet och inte minst n\u00f6je.<\/p>\n<p style=\"text-align: center;\">V\u00e4lkommen till en ny livsstil.<\/p>\n\n\t\t<\/div>\n\t\t\t\t\t<\/div>\n\n\t\n\n<\/div>\n\n\t\t<\/div>\n\n\t\t\n<style>\n#section_1517908901 {\n  padding-top: 0px;\n  padding-bottom: 0px;\n}\n<\/style>\n\t<\/section>\n\t\n\n\t<section class=\"section\" id=\"section_534818930\">\n\t\t<div class=\"section-bg fill\" >\n\t\t\t\t\t\t\t\t\t\n\t\t\t\n\n\t\t<\/div>\n\n\t\t\n\n\t\t<div class=\"section-content relative\">\n\t\t\t\n\n<div class=\"row row-small\"  id=\"row-535123645\">\n\n\n\t<div id=\"col-1045779264\" class=\"col medium-6 small-12 large-6\"  >\n\t\t\t\t<div class=\"col-inner\"  >\n\t\t\t\n\t\t\t\n\n\n  <div class=\"banner has-hover\" id=\"banner-693379203\">\n          <div class=\"banner-inner fill\">\n        <div class=\"banner-bg fill\" >\n            <img loading=\"lazy\" decoding=\"async\" width=\"960\" height=\"640\" src=\"https:\/\/viarelli.com\/wp-content\/uploads\/2022\/08\/IMG_0775-960x640.jpg\" class=\"bg attachment-medium size-medium\" alt=\"\" \/>                        <div class=\"overlay\"><\/div>            \n                    <\/div>\n\t\t\n        <div class=\"banner-layers container\">\n            <div class=\"fill banner-link\"><\/div>            \n\n   <div id=\"text-box-2101912279\" class=\"text-box banner-layer x50 md-x50 lg-x50 y50 md-y50 lg-y50 res-text\">\n                                <div class=\"text-box-content text dark\">\n              \n              <div class=\"text-inner text-center\">\n                  \n\n\t<div id=\"gap-1212828085\" class=\"gap-element clearfix\" style=\"display:block; height:auto;\">\n\t\t\n<style>\n#gap-1212828085 {\n  padding-top: 15px;\n}\n<\/style>\n\t<\/div>\n\t\n\n<h3 style=\"text-align: left;\"><strong>Upplev riktig k\u00f6rgl\u00e4dje<\/strong><\/h3>\n<p style=\"text-align: left;\">Underl\u00e4tta framkomligheten f\u00f6r dig sj\u00e4lv i trafiken. Med en moped lovar vi dig smidig och h\u00e4rlig k\u00f6rning, vart du \u00e4n ska.<\/p>\n\n              <\/div>\n           <\/div>\n                            \n<style>\n#text-box-2101912279 {\n  width: 75%;\n}\n#text-box-2101912279 .text-box-content {\n  font-size: 100%;\n}\n@media (min-width:550px) {\n  #text-box-2101912279 {\n    width: 60%;\n  }\n}\n<\/style>\n    <\/div>\n \n\n        <\/div>\n      <\/div>\n\n            \n<style>\n#banner-693379203 {\n  padding-top: 99%;\n}\n#banner-693379203 .overlay {\n  background-color: rgba(0, 0, 0, 0.5);\n}\n#banner-693379203 .banner-bg img {\n  object-position: 51% 36%;\n}\n@media (min-width:550px) {\n  #banner-693379203 {\n    padding-top: 99%;\n  }\n}\n@media (min-width:850px) {\n  #banner-693379203 {\n    padding-top: 56.25%;\n  }\n}\n<\/style>\n  <\/div>\n\n\n\n\t\t<\/div>\n\t\t\t\t\t<\/div>\n\n\t\n\n\t<div id=\"col-1830645310\" class=\"col medium-6 small-12 large-6\"  >\n\t\t\t\t<div class=\"col-inner\"  >\n\t\t\t\n\t\t\t\n\n\n  <div class=\"banner has-hover\" id=\"banner-1186568015\">\n          <div class=\"banner-inner fill\">\n        <div class=\"banner-bg fill\" >\n            <img loading=\"lazy\" decoding=\"async\" width=\"960\" height=\"640\" src=\"https:\/\/viarelli.com\/wp-content\/uploads\/2022\/08\/IMG_9884-2-960x640.jpg\" class=\"bg attachment-medium size-medium\" alt=\"\" \/>                        <div class=\"overlay\"><\/div>            \n                    <\/div>\n\t\t\n        <div class=\"banner-layers container\">\n            <div class=\"fill banner-link\"><\/div>            \n\n   <div id=\"text-box-1151535058\" class=\"text-box banner-layer x50 md-x50 lg-x50 y50 md-y50 lg-y50 res-text\">\n                                <div class=\"text-box-content text dark\">\n              \n              <div class=\"text-inner text-center\">\n                  \n\n\t<div id=\"gap-1128355867\" class=\"gap-element clearfix\" style=\"display:block; height:auto;\">\n\t\t\n<style>\n#gap-1128355867 {\n  padding-top: 15px;\n}\n<\/style>\n\t<\/div>\n\t\n\n<h3 style=\"text-align: left;\"><strong>Grunda innan B-k\u00f6rkortet<\/strong><\/h3>\n<p style=\"text-align: left;\">F\u00e5 koll p\u00e5 trafikens alla regler &#8211; i teorin och praktiken. Med AM-k\u00f6rkort och moped tj\u00e4nar du in flera \u00e5rs erfarenhet som i sin tur gynnar dig n\u00e4r B-k\u00f6rkortet n\u00e4rmar sig.<\/p>\n\n              <\/div>\n           <\/div>\n                            \n<style>\n#text-box-1151535058 {\n  width: 75%;\n}\n#text-box-1151535058 .text-box-content {\n  font-size: 100%;\n}\n@media (min-width:550px) {\n  #text-box-1151535058 {\n    width: 60%;\n  }\n}\n<\/style>\n    <\/div>\n \n\n        <\/div>\n      <\/div>\n\n            \n<style>\n#banner-1186568015 {\n  padding-top: 99%;\n}\n#banner-1186568015 .overlay {\n  background-color: rgba(0, 0, 0, 0.3);\n}\n#banner-1186568015 .banner-bg img {\n  object-position: 47% 45%;\n}\n@media (min-width:550px) {\n  #banner-1186568015 {\n    padding-top: 99%;\n  }\n}\n@media (min-width:850px) {\n  #banner-1186568015 {\n    padding-top: 56.25%;\n  }\n}\n<\/style>\n  <\/div>\n\n\n\n\t\t<\/div>\n\t\t\t\t\t<\/div>\n\n\t\n\n\t<div id=\"col-503784940\" class=\"col medium-6 small-12 large-6\"  >\n\t\t\t\t<div class=\"col-inner\"  >\n\t\t\t\n\t\t\t\n\n\n  <div class=\"banner has-hover\" id=\"banner-1799044512\">\n          <div class=\"banner-inner fill\">\n        <div class=\"banner-bg fill\" >\n            <img loading=\"lazy\" decoding=\"async\" width=\"600\" height=\"600\" src=\"https:\/\/viarelli.com\/wp-content\/uploads\/2020\/10\/eVenice03.jpg\" class=\"bg attachment-medium size-medium\" alt=\"\" \/>                        <div class=\"overlay\"><\/div>            \n                    <\/div>\n\t\t\n        <div class=\"banner-layers container\">\n            <div class=\"fill banner-link\"><\/div>            \n\n   <div id=\"text-box-1749874490\" class=\"text-box banner-layer x50 md-x50 lg-x50 y50 md-y50 lg-y50 res-text\">\n                                <div class=\"text-box-content text dark\">\n              \n              <div class=\"text-inner text-center\">\n                  \n\n\t<div id=\"gap-265214670\" class=\"gap-element clearfix\" style=\"display:block; height:auto;\">\n\t\t\n<style>\n#gap-265214670 {\n  padding-top: 15px;\n}\n<\/style>\n\t<\/div>\n\t\n\n<h3 style=\"text-align: left;\"><strong>En kostnadseffektiv livsstil<\/strong><\/h3>\n<p style=\"text-align: left;\">Driftskostnaderna \u00e4r l\u00e5ga, f\u00f6rs\u00e4kringen \u00e4r billig och du beh\u00f6ver inte oroa dig f\u00f6r n\u00e5gon tr\u00e4ngselskatt. Ett smart ekonomiskt val helt enkelt.<\/p>\n\n              <\/div>\n           <\/div>\n                            \n<style>\n#text-box-1749874490 {\n  width: 75%;\n}\n#text-box-1749874490 .text-box-content {\n  font-size: 100%;\n}\n@media (min-width:550px) {\n  #text-box-1749874490 {\n    width: 60%;\n  }\n}\n<\/style>\n    <\/div>\n \n\n        <\/div>\n      <\/div>\n\n            \n<style>\n#banner-1799044512 {\n  padding-top: 99%;\n}\n#banner-1799044512 .overlay {\n  background-color: rgba(0, 0, 0, 0.5);\n}\n#banner-1799044512 .banner-bg img {\n  object-position: 48% 19%;\n}\n@media (min-width:550px) {\n  #banner-1799044512 {\n    padding-top: 99%;\n  }\n}\n@media (min-width:850px) {\n  #banner-1799044512 {\n    padding-top: 56.25%;\n  }\n}\n<\/style>\n  <\/div>\n\n\n\n\t\t<\/div>\n\t\t\t\t\t<\/div>\n\n\t\n\n\t<div id=\"col-396941483\" class=\"col medium-6 small-12 large-6\"  >\n\t\t\t\t<div class=\"col-inner\"  >\n\t\t\t\n\t\t\t\n\n\n  <div class=\"banner has-hover\" id=\"banner-1452765559\">\n          <div class=\"banner-inner fill\">\n        <div class=\"banner-bg fill\" >\n            <img loading=\"lazy\" decoding=\"async\" width=\"960\" height=\"640\" src=\"https:\/\/viarelli.com\/wp-content\/uploads\/2022\/08\/DSC3191-960x640.jpg\" class=\"bg attachment-medium size-medium\" alt=\"\" \/>                        <div class=\"overlay\"><\/div>            \n                    <\/div>\n\t\t\n        <div class=\"banner-layers container\">\n            <div class=\"fill banner-link\"><\/div>            \n\n   <div id=\"text-box-768325279\" class=\"text-box banner-layer x50 md-x50 lg-x50 y50 md-y50 lg-y50 res-text\">\n                                <div class=\"text-box-content text dark\">\n              \n              <div class=\"text-inner text-center\">\n                  \n\n\t<div id=\"gap-959819626\" class=\"gap-element clearfix\" style=\"display:block; height:auto;\">\n\t\t\n<style>\n#gap-959819626 {\n  padding-top: 15px;\n}\n<\/style>\n\t<\/div>\n\t\n\n<h3 style=\"text-align: left;\"><strong>Vem du \u00e4n \u00e4r<\/strong><\/h3>\n<p style=\"text-align: left;\">En moped \u00e4r ett perfekt alternativ inte bara f\u00f6r ungdomar &#8211; utan \u00e4ven f\u00f6r dig som pendlar, dig som vill ta dig fram extra smidigt eller dig som v\u00e4rderar ett milj\u00f6v\u00e4nligt alternativ.<\/p>\n\n              <\/div>\n           <\/div>\n                            \n<style>\n#text-box-768325279 {\n  width: 75%;\n}\n#text-box-768325279 .text-box-content {\n  font-size: 100%;\n}\n@media (min-width:550px) {\n  #text-box-768325279 {\n    width: 60%;\n  }\n}\n<\/style>\n    <\/div>\n \n\n        <\/div>\n      <\/div>\n\n            \n<style>\n#banner-1452765559 {\n  padding-top: 99%;\n}\n#banner-1452765559 .overlay {\n  background-color: rgba(0, 0, 0, 0.4);\n}\n#banner-1452765559 .banner-bg img {\n  object-position: 48% 55%;\n}\n@media (min-width:550px) {\n  #banner-1452765559 {\n    padding-top: 99%;\n  }\n}\n@media (min-width:850px) {\n  #banner-1452765559 {\n    padding-top: 56.25%;\n  }\n}\n<\/style>\n  <\/div>\n\n\n\n\t\t<\/div>\n\t\t\t\t\t<\/div>\n\n\t\n\n<\/div>\n\n\t\t<\/div>\n\n\t\t\n<style>\n#section_534818930 {\n  padding-top: 0px;\n  padding-bottom: 0px;\n}\n<\/style>\n\t<\/section>\n\t\n\t<div id=\"gap-1962830777\" class=\"gap-element clearfix\" style=\"display:block; height:auto;\">\n\t\t\n<style>\n#gap-1962830777 {\n  padding-top: 45px;\n}\n@media (min-width:550px) {\n  #gap-1962830777 {\n    padding-top: 60px;\n  }\n}\n@media (min-width:850px) {\n  #gap-1962830777 {\n    padding-top: 60px;\n  }\n}\n<\/style>\n\t<\/div>\n\t\n\n\n\t<section class=\"section\" id=\"section_1460329198\">\n\t\t<div class=\"section-bg fill\" >\n\t\t\t\t\t\t\t\t\t\n\t\t\t\n\n\t\t<\/div>\n\n\t\t\n\n\t\t<div class=\"section-content relative\">\n\t\t\t\n\n<div class=\"is-divider divider clearfix\" style=\"margin-top:0.0em;margin-bottom:0.0em;max-width:100%;height:1px;\"><\/div>\n\n<div class=\"row row-collapse row-full-width align-middle align-center\"  id=\"row-1331230128\">\n\n\n\t<div id=\"col-517845828\" class=\"col medium-12 small-12 large-6 medium-col-first\"  >\n\t\t\t\t<div class=\"col-inner\"  >\n\t\t\t\n\t\t\t\n\n\n  <div class=\"banner has-hover\" id=\"banner-1072717138\">\n          <div class=\"banner-inner fill\">\n        <div class=\"banner-bg fill\" >\n            <img loading=\"lazy\" decoding=\"async\" width=\"960\" height=\"502\" src=\"https:\/\/viarelli.com\/wp-content\/uploads\/2022\/08\/Rivetto_08-960x502.jpg\" class=\"bg attachment-medium size-medium\" alt=\"\" \/>                                    \n                    <\/div>\n\t\t\n        <div class=\"banner-layers container\">\n            <div class=\"fill banner-link\"><\/div>            \n\n\n        <\/div>\n      <\/div>\n\n            \n<style>\n#banner-1072717138 {\n  padding-top: 70%;\n}\n#banner-1072717138 .banner-bg img {\n  object-position: 47% 83%;\n}\n@media (min-width:550px) {\n  #banner-1072717138 {\n    padding-top: 50%;\n  }\n}\n@media (min-width:850px) {\n  #banner-1072717138 {\n    padding-top: 56.25%;\n  }\n}\n<\/style>\n  <\/div>\n\n\n\n\t\t<\/div>\n\t\t\t\t\t<\/div>\n\n\t\n\n\t<div id=\"col-1823081356\" class=\"col medium-12 small-12 large-6\"  >\n\t\t\t\t<div class=\"col-inner text-left\"  >\n\t\t\t\n\t\t\t\n\n<div class=\"row align-center\"  id=\"row-515108446\">\n\n\n\t<div id=\"col-168640125\" class=\"col medium-12 small-12 large-9\"  >\n\t\t\t\t<div class=\"col-inner\"  >\n\t\t\t\n\t\t\t\n\n\t<div id=\"gap-1683565578\" class=\"gap-element clearfix hide-for-medium\" style=\"display:block; height:auto;\">\n\t\t\n<style>\n#gap-1683565578 {\n  padding-top: 30px;\n}\n<\/style>\n\t<\/div>\n\t\n\n<h3 class=\"bolder\">Hitta en Viarellihandlare<\/h3>\n<p>Hitta en Viarelli n\u00e4ra dig. V\u00e4lkommen till din \u00e5terf\u00f6rs\u00e4ljare.<\/p>\n<a href=\"\/sv\/aterforsaljare\/\" class=\"button white is-smaller buttonlength\"  style=\"padding:10px 0px 10px 0px;\">\n\t\t<span>Hitta \u00e5terf\u00f6rs\u00e4ljare<\/span>\n\t<\/a>\n\n\n\n\t\t<\/div>\n\t\t\t\t\t<\/div>\n\n\t\n\n\n<style>\n#row-515108446 > .col > .col-inner {\n  padding: 20px 30px 15px 30px;\n}\n@media (min-width:850px) {\n  #row-515108446 > .col > .col-inner {\n    padding: 5% 15% 5% 15%;\n  }\n}\n<\/style>\n<\/div>\n\n\t\t<\/div>\n\t\t\t\t\t<\/div>\n\n\t\n\n<\/div>\n\n\t\t<\/div>\n\n\t\t\n<style>\n#section_1460329198 {\n  padding-top: 0px;\n  padding-bottom: 0px;\n}\n<\/style>\n\t<\/section>\n\t\n\n\n\t<section class=\"section\" id=\"section_768318157\">\n\t\t<div class=\"section-bg fill\" >\n\t\t\t\t\t\t\t\t\t\n\t\t\t\n\n\t\t<\/div>\n\n\t\t\n\n\t\t<div class=\"section-content relative\">\n\t\t\t\r\n\r\n<div class=\"row row-collapse row-full-width align-middle align-center\"  id=\"row-1768930536\">\r\n\r\n\n\t<div id=\"col-1667733681\" class=\"col medium-12 small-12 large-6\"  >\n\t\t\t\t<div class=\"col-inner text-left\"  >\n\t\t\t\n\t\t\t\r\n\r\n<div class=\"row align-center\"  id=\"row-278591628\">\r\n\r\n\n\t<div id=\"col-30019375\" class=\"col medium-12 small-12 large-9\"  >\n\t\t\t\t<div class=\"col-inner\"  >\n\t\t\t\n\t\t\t\r\n\r\n\t<div id=\"gap-804708544\" class=\"gap-element clearfix hide-for-medium\" style=\"display:block; height:auto;\">\n\t\t\n<style>\n#gap-804708544 {\n  padding-top: 30px;\n}\n<\/style>\n\t<\/div>\n\t\r\n\r\n<h3 class=\"bolder\">FAQ<\/h3>\r\n<p>Livet som Viarelli-\u00e4gare v\u00e4ntar p\u00e5 dig! Vi ger svar p\u00e5 allt du beh\u00f6ver veta f\u00f6r att b\u00f6rja din nya livsstil.<\/p>\r\n<a href=\"\/sv\/faq-moped-offroad\/\" class=\"button white is-smaller buttonlength\"  style=\"padding:10px 0px 10px 0px;\">\n\t\t<span>FAQ<\/span>\n\t<\/a>\n\r\n\r\n\r\n\t\t<\/div>\n\t\t\t\t\t<\/div>\n\n\t\r\n\r\n\n<style>\n#row-278591628 > .col > .col-inner {\n  padding: 20px 30px 15px 30px;\n}\n@media (min-width:850px) {\n  #row-278591628 > .col > .col-inner {\n    padding: 5% 15% 5% 15%;\n  }\n}\n<\/style>\n<\/div>\r\n\r\n\t\t<\/div>\n\t\t\t\t\t<\/div>\n\n\t\r\n\n\t<div id=\"col-1131747787\" class=\"col medium-12 small-12 large-6 medium-col-first\"  >\n\t\t\t\t<div class=\"col-inner\"  >\n\t\t\t\n\t\t\t\r\n\r\n\n  <div class=\"banner has-hover\" id=\"banner-1940560735\">\n          <div class=\"banner-inner fill\">\n        <div class=\"banner-bg fill\" >\n            <img loading=\"lazy\" decoding=\"async\" width=\"960\" height=\"640\" src=\"https:\/\/viarelli.com\/wp-content\/uploads\/2022\/08\/IMG_9909-2-960x640.jpg\" class=\"bg attachment-medium size-medium\" alt=\"\" \/>                                    \n                    <\/div>\n\t\t\n        <div class=\"banner-layers container\">\n            <div class=\"fill banner-link\"><\/div>            \r\n\r\n\r\n        <\/div>\n      <\/div>\n\n            \n<style>\n#banner-1940560735 {\n  padding-top: 70%;\n}\n#banner-1940560735 .banner-bg img {\n  object-position: 55% 100%;\n}\n@media (min-width:550px) {\n  #banner-1940560735 {\n    padding-top: 50%;\n  }\n}\n@media (min-width:850px) {\n  #banner-1940560735 {\n    padding-top: 56.25%;\n  }\n}\n<\/style>\n  <\/div>\n\n\r\n\r\n\t\t<\/div>\n\t\t\t\t\t<\/div>\n\n\t\r\n\r\n<\/div>\r\n\r\n\t\t<\/div>\n\n\t\t\n<style>\n#section_768318157 {\n  padding-top: 0px;\n  padding-bottom: 0px;\n}\n<\/style>\n\t<\/section>\n\t\n\n\n","protected":false},"excerpt":{"rendered":"","protected":false},"author":1,"featured_media":4887,"parent":0,"menu_order":0,"comment_status":"closed","ping_status":"closed","template":"page-transparent-header-light.php","meta":{"_acf_changed":false,"footnotes":""},"class_list":["post-4317","page","type-page","status-publish","has-post-thumbnail","hentry"],"acf":[],"yoast_head":"<!-- This site is optimized with the Yoast SEO plugin v27.4 - https:\/\/yoast.com\/product\/yoast-seo-wordpress\/ -->\n<title>Lifestyle - Viarelli<\/title>\n<meta name=\"description\" content=\"Med en moped fr\u00e5n Viarelli ger du dig sj\u00e4lv frihet, r\u00f6rlighet och inte minst n\u00f6je. V\u00e4lkommen till en ny livsstil - mer \u00e4n bara ett fordon.\" \/>\n<meta name=\"robots\" content=\"index, follow, max-snippet:-1, max-image-preview:large, max-video-preview:-1\" \/>\n<link rel=\"canonical\" href=\"https:\/\/viarelli.com\/sv\/lifestyle\/\" \/>\n<meta property=\"og:locale\" content=\"sv_SE\" \/>\n<meta property=\"og:type\" content=\"article\" \/>\n<meta property=\"og:title\" content=\"Lifestyle - Viarelli\" \/>\n<meta property=\"og:description\" content=\"Med en moped fr\u00e5n Viarelli ger du dig sj\u00e4lv frihet, r\u00f6rlighet och inte minst n\u00f6je. V\u00e4lkommen till en ny livsstil - mer \u00e4n bara ett fordon.\" \/>\n<meta property=\"og:url\" content=\"https:\/\/viarelli.com\/sv\/lifestyle\/\" \/>\n<meta property=\"og:site_name\" content=\"Viarelli\" \/>\n<meta property=\"article:modified_time\" content=\"2023-08-28T08:15:52+00:00\" \/>\n<meta property=\"og:image\" content=\"https:\/\/viarelli.com\/wp-content\/uploads\/2022\/08\/IMG_0647-scaled.jpg\" \/>\n\t<meta property=\"og:image:width\" content=\"2560\" \/>\n\t<meta property=\"og:image:height\" content=\"1707\" \/>\n\t<meta property=\"og:image:type\" content=\"image\/jpeg\" \/>\n<meta name=\"twitter:card\" content=\"summary_large_image\" \/>\n<meta name=\"twitter:label1\" content=\"Ber\u00e4knad l\u00e4stid\" \/>\n\t<meta name=\"twitter:data1\" content=\"2 minuter\" \/>\n<script type=\"application\/ld+json\" class=\"yoast-schema-graph\">{\"@context\":\"https:\\\/\\\/schema.org\",\"@graph\":[{\"@type\":\"WebPage\",\"@id\":\"https:\\\/\\\/viarelli.com\\\/sv\\\/lifestyle\\\/\",\"url\":\"https:\\\/\\\/viarelli.com\\\/sv\\\/lifestyle\\\/\",\"name\":\"Lifestyle - Viarelli\",\"isPartOf\":{\"@id\":\"https:\\\/\\\/viarelli.com\\\/#website\"},\"primaryImageOfPage\":{\"@id\":\"https:\\\/\\\/viarelli.com\\\/sv\\\/lifestyle\\\/#primaryimage\"},\"image\":{\"@id\":\"https:\\\/\\\/viarelli.com\\\/sv\\\/lifestyle\\\/#primaryimage\"},\"thumbnailUrl\":\"https:\\\/\\\/viarelli.com\\\/wp-content\\\/uploads\\\/2022\\\/08\\\/IMG_0647-scaled.jpg\",\"datePublished\":\"2022-08-18T15:23:26+00:00\",\"dateModified\":\"2023-08-28T08:15:52+00:00\",\"description\":\"Med en moped fr\u00e5n Viarelli ger du dig sj\u00e4lv frihet, r\u00f6rlighet och inte minst n\u00f6je. V\u00e4lkommen till en ny livsstil - mer \u00e4n bara ett fordon.\",\"breadcrumb\":{\"@id\":\"https:\\\/\\\/viarelli.com\\\/sv\\\/lifestyle\\\/#breadcrumb\"},\"inLanguage\":\"sv-SE\",\"potentialAction\":[{\"@type\":\"ReadAction\",\"target\":[\"https:\\\/\\\/viarelli.com\\\/sv\\\/lifestyle\\\/\"]}]},{\"@type\":\"ImageObject\",\"inLanguage\":\"sv-SE\",\"@id\":\"https:\\\/\\\/viarelli.com\\\/sv\\\/lifestyle\\\/#primaryimage\",\"url\":\"https:\\\/\\\/viarelli.com\\\/wp-content\\\/uploads\\\/2022\\\/08\\\/IMG_0647-scaled.jpg\",\"contentUrl\":\"https:\\\/\\\/viarelli.com\\\/wp-content\\\/uploads\\\/2022\\\/08\\\/IMG_0647-scaled.jpg\",\"width\":2560,\"height\":1707},{\"@type\":\"BreadcrumbList\",\"@id\":\"https:\\\/\\\/viarelli.com\\\/sv\\\/lifestyle\\\/#breadcrumb\",\"itemListElement\":[{\"@type\":\"ListItem\",\"position\":1,\"name\":\"Start\",\"item\":\"https:\\\/\\\/viarelli.com\\\/sv\\\/\"},{\"@type\":\"ListItem\",\"position\":2,\"name\":\"Lifestyle\"}]},{\"@type\":\"WebSite\",\"@id\":\"https:\\\/\\\/viarelli.com\\\/#website\",\"url\":\"https:\\\/\\\/viarelli.com\\\/\",\"name\":\"Viarelli\",\"description\":\"\",\"potentialAction\":[{\"@type\":\"SearchAction\",\"target\":{\"@type\":\"EntryPoint\",\"urlTemplate\":\"https:\\\/\\\/viarelli.com\\\/?s={search_term_string}\"},\"query-input\":{\"@type\":\"PropertyValueSpecification\",\"valueRequired\":true,\"valueName\":\"search_term_string\"}}],\"inLanguage\":\"sv-SE\"}]}<\/script>\n<!-- \/ Yoast SEO plugin. -->","yoast_head_json":{"title":"Lifestyle - Viarelli","description":"Med en moped fr\u00e5n Viarelli ger du dig sj\u00e4lv frihet, r\u00f6rlighet och inte minst n\u00f6je. V\u00e4lkommen till en ny livsstil - mer \u00e4n bara ett fordon.","robots":{"index":"index","follow":"follow","max-snippet":"max-snippet:-1","max-image-preview":"max-image-preview:large","max-video-preview":"max-video-preview:-1"},"canonical":"https:\/\/viarelli.com\/sv\/lifestyle\/","og_locale":"sv_SE","og_type":"article","og_title":"Lifestyle - Viarelli","og_description":"Med en moped fr\u00e5n Viarelli ger du dig sj\u00e4lv frihet, r\u00f6rlighet och inte minst n\u00f6je. V\u00e4lkommen till en ny livsstil - mer \u00e4n bara ett fordon.","og_url":"https:\/\/viarelli.com\/sv\/lifestyle\/","og_site_name":"Viarelli","article_modified_time":"2023-08-28T08:15:52+00:00","og_image":[{"width":2560,"height":1707,"url":"https:\/\/viarelli.com\/wp-content\/uploads\/2022\/08\/IMG_0647-scaled.jpg","type":"image\/jpeg"}],"twitter_card":"summary_large_image","twitter_misc":{"Ber\u00e4knad l\u00e4stid":"2 minuter"},"schema":{"@context":"https:\/\/schema.org","@graph":[{"@type":"WebPage","@id":"https:\/\/viarelli.com\/sv\/lifestyle\/","url":"https:\/\/viarelli.com\/sv\/lifestyle\/","name":"Lifestyle - Viarelli","isPartOf":{"@id":"https:\/\/viarelli.com\/#website"},"primaryImageOfPage":{"@id":"https:\/\/viarelli.com\/sv\/lifestyle\/#primaryimage"},"image":{"@id":"https:\/\/viarelli.com\/sv\/lifestyle\/#primaryimage"},"thumbnailUrl":"https:\/\/viarelli.com\/wp-content\/uploads\/2022\/08\/IMG_0647-scaled.jpg","datePublished":"2022-08-18T15:23:26+00:00","dateModified":"2023-08-28T08:15:52+00:00","description":"Med en moped fr\u00e5n Viarelli ger du dig sj\u00e4lv frihet, r\u00f6rlighet och inte minst n\u00f6je. V\u00e4lkommen till en ny livsstil - mer \u00e4n bara ett fordon.","breadcrumb":{"@id":"https:\/\/viarelli.com\/sv\/lifestyle\/#breadcrumb"},"inLanguage":"sv-SE","potentialAction":[{"@type":"ReadAction","target":["https:\/\/viarelli.com\/sv\/lifestyle\/"]}]},{"@type":"ImageObject","inLanguage":"sv-SE","@id":"https:\/\/viarelli.com\/sv\/lifestyle\/#primaryimage","url":"https:\/\/viarelli.com\/wp-content\/uploads\/2022\/08\/IMG_0647-scaled.jpg","contentUrl":"https:\/\/viarelli.com\/wp-content\/uploads\/2022\/08\/IMG_0647-scaled.jpg","width":2560,"height":1707},{"@type":"BreadcrumbList","@id":"https:\/\/viarelli.com\/sv\/lifestyle\/#breadcrumb","itemListElement":[{"@type":"ListItem","position":1,"name":"Start","item":"https:\/\/viarelli.com\/sv\/"},{"@type":"ListItem","position":2,"name":"Lifestyle"}]},{"@type":"WebSite","@id":"https:\/\/viarelli.com\/#website","url":"https:\/\/viarelli.com\/","name":"Viarelli","description":"","potentialAction":[{"@type":"SearchAction","target":{"@type":"EntryPoint","urlTemplate":"https:\/\/viarelli.com\/?s={search_term_string}"},"query-input":{"@type":"PropertyValueSpecification","valueRequired":true,"valueName":"search_term_string"}}],"inLanguage":"sv-SE"}]}},"_links":{"self":[{"href":"https:\/\/viarelli.com\/sv\/wp-json\/wp\/v2\/pages\/4317","targetHints":{"allow":["GET"]}}],"collection":[{"href":"https:\/\/viarelli.com\/sv\/wp-json\/wp\/v2\/pages"}],"about":[{"href":"https:\/\/viarelli.com\/sv\/wp-json\/wp\/v2\/types\/page"}],"author":[{"embeddable":true,"href":"https:\/\/viarelli.com\/sv\/wp-json\/wp\/v2\/users\/1"}],"replies":[{"embeddable":true,"href":"https:\/\/viarelli.com\/sv\/wp-json\/wp\/v2\/comments?post=4317"}],"version-history":[{"count":11,"href":"https:\/\/viarelli.com\/sv\/wp-json\/wp\/v2\/pages\/4317\/revisions"}],"predecessor-version":[{"id":7185,"href":"https:\/\/viarelli.com\/sv\/wp-json\/wp\/v2\/pages\/4317\/revisions\/7185"}],"wp:featuredmedia":[{"embeddable":true,"href":"https:\/\/viarelli.com\/sv\/wp-json\/wp\/v2\/media\/4887"}],"wp:attachment":[{"href":"https:\/\/viarelli.com\/sv\/wp-json\/wp\/v2\/media?parent=4317"}],"curies":[{"name":"wp","href":"https:\/\/api.w.org\/{rel}","templated":true}]}}