{"id":3,"date":"2020-02-24T13:36:50","date_gmt":"2020-02-24T12:36:50","guid":{"rendered":"https:\/\/viarelli.com\/?page_id=3"},"modified":"2022-08-25T14:55:46","modified_gmt":"2022-08-25T13:55:46","slug":"integritetspolicy","status":"publish","type":"page","link":"https:\/\/viarelli.com\/sv\/integritetspolicy\/","title":{"rendered":"Integritetspolicy"},"content":{"rendered":"\n\n\t<section class=\"section\" id=\"section_1338706783\">\n\t\t<div class=\"section-bg fill\" >\n\t\t\t\t\t\t\t\t\t\n\t\t\t\n\n\t\t<\/div>\n\n\t\t\n\n\t\t<div class=\"section-content relative\">\n\t\t\t\n\n\t<div id=\"gap-1350411006\" class=\"gap-element clearfix\" style=\"display:block; height:auto;\">\n\t\t\n<style>\n#gap-1350411006 {\n  padding-top: 90px;\n}\n<\/style>\n\t<\/div>\n\t\n\n<div class=\"row\"  id=\"row-1163842996\">\n\n\n\t<div id=\"col-1389619033\" class=\"col small-12 large-12\"  >\n\t\t\t\t<div class=\"col-inner\"  >\n\t\t\t\n\t\t\t\n\n<h2>Integritetspolicy<\/h2>\n<p>Integritetspolicyn inneh\u00e5ller viktig information om hur vi som personuppgiftsansvarig behandlar v\u00e5ra bes\u00f6kares personuppgifter enligt den allm\u00e4nna dataskyddsf\u00f6rordningen (GDPR). Denna policy g\u00e4ller i situationer d\u00e4r Viarelli (\u201dViarelli\u201d, \u201dvi\u201d, \u201doss\u201d och \u201dv\u00e5r\u201d) behandlar personlig information som samlats in via v\u00e5r webbplats eller andra digitala kanaler d\u00e4r vi finns.<\/p>\n<p>Genom att anv\u00e4nda v\u00e5r webbplats och\/eller andra digitala kanaler d\u00e4r du aktivt skickar information till oss, godk\u00e4nner du att din personliga information behandlas i enlighet med denna integritetspolicy.<\/p>\n<p>Integritetspolicyn g\u00e4ller fr\u00e5n och med 2020-10-10 och ers\u00e4tter all tidigare information g\u00e4llande v\u00e5r hantering av personlig data.<\/p>\n<h2>Personuppgifter<\/h2>\n<h3>Vad \u00e4r personuppgifter?<\/h3>\n<p>Personuppgifter \u00e4r information som m\u00f6jligg\u00f6r identifiering av en fysisk person. En identifierbar fysisk person \u00e4r en person som indirekt eller direkt kan identifieras via namn, personnummer, platsdata, IP-adress eller annan faktor som m\u00f6jligg\u00f6r identifiering.<\/p>\n<h3>Personuppgifter som du l\u00e4mnar till oss<\/h3>\n<p>Som webbplatsbes\u00f6kare kan du i samband med att du kontaktar oss komma att l\u00e4mna personlig information till oss. Detta kan exempelvis g\u00e4lla namn, adress och kontaktuppgifter.<\/p>\n<h3>Personuppgifter som vi har samlat in fr\u00e5n dig eller en tredje part<\/h3>\n<p>Ingen personlig information samlas utan ditt medgivande. Du beh\u00f6ver aktivt skicka den till oss via exempelvis ett formul\u00e4r p\u00e5 v\u00e5r webbplats eller i andra digitala kanaler.<\/p>\n<h3>Syfte med behandling av dina personuppgifter<\/h3>\n<ul>\n<li>F\u00f6r att kunna fullf\u00f6lja eventuella \u00e5taganden gentemot dig.<\/li>\n<li>F\u00f6r att ge personlig service och f\u00f6rb\u00e4ttra v\u00e5r kundservice.<\/li>\n<li>I marknadsf\u00f6ringssyfte via din e-postadress.<\/li>\n<li>I marknadsf\u00f6ringssyfte genom att anv\u00e4nda cookies.<\/li>\n<\/ul>\n<h3>Mottagare av dina personuppgifter<\/h3>\n<p>Vi \u00f6verf\u00f6r inte personuppgifter till tredje part, med undantag f\u00f6r betrodda tredje parter som hj\u00e4lper oss driva v\u00e5r verksamhet, hanterar webbplatsen eller tillhandah\u00e5ller liknande tj\u00e4nster, om dessa parter \u00e4r \u00f6verens om att h\u00e5lla informationen konfidentiell och inte anv\u00e4nda den f\u00f6r andra \u00e4ndam\u00e5l \u00e4n deras \u00e5taganden gentemot oss.<\/p>\n<h3>Hur l\u00e4nge sparar vi dina personuppgifter<\/h3>\n<p>Vi sparar dina personuppgifter s\u00e5 l\u00e4nge syftet kvarst\u00e5r som de ursprungligen samlades in f\u00f6r. Syftet till insamling tydligg\u00f6rs i samband med ditt samtycke.<\/p>\n<h3>K\u00e4nsliga personuppgifter<\/h3>\n<p>Vi samlar inga k\u00e4nsliga personuppgifter om dig.<\/p>\n<h3>Dina R\u00e4ttigheter<\/h3>\n<ul>\n<li>Du har r\u00e4tt att \u00e5terkalla ett l\u00e4mnat samtycke.<\/li>\n<li>Du har r\u00e4tt att beg\u00e4ra information om vilka personuppgifter om dig som vi sparar. Du har m\u00f6jlighet att g\u00f6ra detta kostnadsfritt en g\u00e5ng om \u00e5ret.<\/li>\n<li>Du kan ocks\u00e5 beg\u00e4ra \u00e4ndringar i felaktiga personuppgifter vi har om dig samt beg\u00e4ra att vi tar bort den personliga information vi har om dig.<\/li>\n<li>Du har r\u00e4tt f\u00e5 dina personliga uppgifter som vi sparar raderade.<\/li>\n<li>Du har r\u00e4tt att inv\u00e4nda mot hur vi anv\u00e4nder dina personuppgifter.<\/li>\n<li>Du har r\u00e4tt att beg\u00e4ra att v\u00e5r behandling av dina personuppgifter begr\u00e4nsas.<\/li>\n<li>Du har r\u00e4tt att f\u00f6ra klagom\u00e5l g\u00e4llande v\u00e5r behandling av dina personuppgifter till Datainspektionen eller annan myndighet.<\/li>\n<\/ul>\n<h3>Tredjeparter<\/h3>\n<p>P\u00e5 webbplatsen kan Viarelli l\u00e4nka till eller publicera produkter fr\u00e5n tredjeparter. Dessa webbplatser \u00e4r oberoende fr\u00e5n oss.<\/p>\n<h3>\u00c4ndringar av integritetspolicyn<\/h3>\n<p>Viarelli f\u00f6rbeh\u00e5ller sig r\u00e4tten att g\u00f6ra \u00e4ndringar i denna policy.<\/p>\n<p>Senast uppdaterad: 2020-10-10<\/p>\n<h2>Kontakt<\/h2>\n<p>Om du har fr\u00e5gor om v\u00e5r integritetspolicy eller v\u00e5r behandling av personuppgifter \u00e4r du v\u00e4lkommen att kontakta oss via v\u00e5rt <a href=\"\/sv\/kundtjanst\/\">kontaktformul\u00e4r<\/a>.<\/p>\n\n\n\t\t<\/div>\n\t\t\t\t\t<\/div>\n\n\t\n\n<\/div>\n\n\t\t<\/div>\n\n\t\t\n<style>\n#section_1338706783 {\n  padding-top: 30px;\n  padding-bottom: 30px;\n}\n<\/style>\n\t<\/section>\n\t\n\n","protected":false},"excerpt":{"rendered":"","protected":false},"author":1,"featured_media":0,"parent":0,"menu_order":0,"comment_status":"closed","ping_status":"closed","template":"page-transparent-header.php","meta":{"_acf_changed":false,"footnotes":""},"class_list":["post-3","page","type-page","status-publish","hentry"],"acf":[],"yoast_head":"<!-- This site is optimized with the Yoast SEO plugin v27.4 - https:\/\/yoast.com\/product\/yoast-seo-wordpress\/ -->\n<title>Integritetspolicy - Viarelli<\/title>\n<meta name=\"description\" content=\"V\u00e5r integritetspolicyn inneh\u00e5ller viktig information om hur vi som personuppgiftsansvarig behandlar dina personuppgifter. L\u00e4s mer h\u00e4r.\" \/>\n<meta name=\"robots\" content=\"index, follow, max-snippet:-1, max-image-preview:large, max-video-preview:-1\" \/>\n<link rel=\"canonical\" href=\"https:\/\/viarelli.com\/sv\/integritetspolicy\/\" \/>\n<meta property=\"og:locale\" content=\"sv_SE\" \/>\n<meta property=\"og:type\" content=\"article\" \/>\n<meta property=\"og:title\" content=\"Integritetspolicy - Viarelli\" \/>\n<meta property=\"og:description\" content=\"V\u00e5r integritetspolicyn inneh\u00e5ller viktig information om hur vi som personuppgiftsansvarig behandlar dina personuppgifter. L\u00e4s mer h\u00e4r.\" \/>\n<meta property=\"og:url\" content=\"https:\/\/viarelli.com\/sv\/integritetspolicy\/\" \/>\n<meta property=\"og:site_name\" content=\"Viarelli\" \/>\n<meta property=\"article:modified_time\" content=\"2022-08-25T13:55:46+00:00\" \/>\n<meta name=\"twitter:card\" content=\"summary_large_image\" \/>\n<meta name=\"twitter:label1\" content=\"Ber\u00e4knad l\u00e4stid\" \/>\n\t<meta name=\"twitter:data1\" content=\"3 minuter\" \/>\n<script type=\"application\/ld+json\" class=\"yoast-schema-graph\">{\"@context\":\"https:\\\/\\\/schema.org\",\"@graph\":[{\"@type\":\"WebPage\",\"@id\":\"https:\\\/\\\/viarelli.com\\\/sv\\\/integritetspolicy\\\/\",\"url\":\"https:\\\/\\\/viarelli.com\\\/sv\\\/integritetspolicy\\\/\",\"name\":\"Integritetspolicy - Viarelli\",\"isPartOf\":{\"@id\":\"https:\\\/\\\/viarelli.com\\\/#website\"},\"datePublished\":\"2020-02-24T12:36:50+00:00\",\"dateModified\":\"2022-08-25T13:55:46+00:00\",\"description\":\"V\u00e5r integritetspolicyn inneh\u00e5ller viktig information om hur vi som personuppgiftsansvarig behandlar dina personuppgifter. L\u00e4s mer h\u00e4r.\",\"breadcrumb\":{\"@id\":\"https:\\\/\\\/viarelli.com\\\/sv\\\/integritetspolicy\\\/#breadcrumb\"},\"inLanguage\":\"sv-SE\",\"potentialAction\":[{\"@type\":\"ReadAction\",\"target\":[\"https:\\\/\\\/viarelli.com\\\/sv\\\/integritetspolicy\\\/\"]}]},{\"@type\":\"BreadcrumbList\",\"@id\":\"https:\\\/\\\/viarelli.com\\\/sv\\\/integritetspolicy\\\/#breadcrumb\",\"itemListElement\":[{\"@type\":\"ListItem\",\"position\":1,\"name\":\"Start\",\"item\":\"https:\\\/\\\/viarelli.com\\\/sv\\\/\"},{\"@type\":\"ListItem\",\"position\":2,\"name\":\"Integritetspolicy\"}]},{\"@type\":\"WebSite\",\"@id\":\"https:\\\/\\\/viarelli.com\\\/#website\",\"url\":\"https:\\\/\\\/viarelli.com\\\/\",\"name\":\"Viarelli\",\"description\":\"\",\"potentialAction\":[{\"@type\":\"SearchAction\",\"target\":{\"@type\":\"EntryPoint\",\"urlTemplate\":\"https:\\\/\\\/viarelli.com\\\/?s={search_term_string}\"},\"query-input\":{\"@type\":\"PropertyValueSpecification\",\"valueRequired\":true,\"valueName\":\"search_term_string\"}}],\"inLanguage\":\"sv-SE\"}]}<\/script>\n<!-- \/ Yoast SEO plugin. -->","yoast_head_json":{"title":"Integritetspolicy - Viarelli","description":"V\u00e5r integritetspolicyn inneh\u00e5ller viktig information om hur vi som personuppgiftsansvarig behandlar dina personuppgifter. L\u00e4s mer h\u00e4r.","robots":{"index":"index","follow":"follow","max-snippet":"max-snippet:-1","max-image-preview":"max-image-preview:large","max-video-preview":"max-video-preview:-1"},"canonical":"https:\/\/viarelli.com\/sv\/integritetspolicy\/","og_locale":"sv_SE","og_type":"article","og_title":"Integritetspolicy - Viarelli","og_description":"V\u00e5r integritetspolicyn inneh\u00e5ller viktig information om hur vi som personuppgiftsansvarig behandlar dina personuppgifter. L\u00e4s mer h\u00e4r.","og_url":"https:\/\/viarelli.com\/sv\/integritetspolicy\/","og_site_name":"Viarelli","article_modified_time":"2022-08-25T13:55:46+00:00","twitter_card":"summary_large_image","twitter_misc":{"Ber\u00e4knad l\u00e4stid":"3 minuter"},"schema":{"@context":"https:\/\/schema.org","@graph":[{"@type":"WebPage","@id":"https:\/\/viarelli.com\/sv\/integritetspolicy\/","url":"https:\/\/viarelli.com\/sv\/integritetspolicy\/","name":"Integritetspolicy - Viarelli","isPartOf":{"@id":"https:\/\/viarelli.com\/#website"},"datePublished":"2020-02-24T12:36:50+00:00","dateModified":"2022-08-25T13:55:46+00:00","description":"V\u00e5r integritetspolicyn inneh\u00e5ller viktig information om hur vi som personuppgiftsansvarig behandlar dina personuppgifter. L\u00e4s mer h\u00e4r.","breadcrumb":{"@id":"https:\/\/viarelli.com\/sv\/integritetspolicy\/#breadcrumb"},"inLanguage":"sv-SE","potentialAction":[{"@type":"ReadAction","target":["https:\/\/viarelli.com\/sv\/integritetspolicy\/"]}]},{"@type":"BreadcrumbList","@id":"https:\/\/viarelli.com\/sv\/integritetspolicy\/#breadcrumb","itemListElement":[{"@type":"ListItem","position":1,"name":"Start","item":"https:\/\/viarelli.com\/sv\/"},{"@type":"ListItem","position":2,"name":"Integritetspolicy"}]},{"@type":"WebSite","@id":"https:\/\/viarelli.com\/#website","url":"https:\/\/viarelli.com\/","name":"Viarelli","description":"","potentialAction":[{"@type":"SearchAction","target":{"@type":"EntryPoint","urlTemplate":"https:\/\/viarelli.com\/?s={search_term_string}"},"query-input":{"@type":"PropertyValueSpecification","valueRequired":true,"valueName":"search_term_string"}}],"inLanguage":"sv-SE"}]}},"_links":{"self":[{"href":"https:\/\/viarelli.com\/sv\/wp-json\/wp\/v2\/pages\/3","targetHints":{"allow":["GET"]}}],"collection":[{"href":"https:\/\/viarelli.com\/sv\/wp-json\/wp\/v2\/pages"}],"about":[{"href":"https:\/\/viarelli.com\/sv\/wp-json\/wp\/v2\/types\/page"}],"author":[{"embeddable":true,"href":"https:\/\/viarelli.com\/sv\/wp-json\/wp\/v2\/users\/1"}],"replies":[{"embeddable":true,"href":"https:\/\/viarelli.com\/sv\/wp-json\/wp\/v2\/comments?post=3"}],"version-history":[{"count":23,"href":"https:\/\/viarelli.com\/sv\/wp-json\/wp\/v2\/pages\/3\/revisions"}],"predecessor-version":[{"id":5437,"href":"https:\/\/viarelli.com\/sv\/wp-json\/wp\/v2\/pages\/3\/revisions\/5437"}],"wp:attachment":[{"href":"https:\/\/viarelli.com\/sv\/wp-json\/wp\/v2\/media?parent=3"}],"curies":[{"name":"wp","href":"https:\/\/api.w.org\/{rel}","templated":true}]}}